{"id":15645,"date":"2025-01-19T14:47:25","date_gmt":"2025-01-19T14:47:25","guid":{"rendered":"https:\/\/www.hydraulic-cylinders.net\/product\/bucket-cylinder-for-sdlg-small-excavator-lg685\/"},"modified":"2025-01-19T14:47:27","modified_gmt":"2025-01-19T14:47:27","slug":"bucket-cylinder-for-sdlg-small-excavator-lg685","status":"publish","type":"product","link":"https:\/\/www.hydraulic-cylinders.net\/et\/toode\/bucket-cylinder-for-sdlg-small-excavator-lg685\/","title":{"rendered":"Kopa silinder SDLG v\u00e4ikese ekskavaatori LG685 jaoks"},"content":{"rendered":"<h1>Kopa silinder SDLG v\u00e4ikese ekskavaatori LG685 jaoks<\/h1>\n<h2>Sissejuhatus<\/h2>\n<p>SDLG v\u00e4ikeekskavaatori LG685 kopa silinder on spetsiaalselt loodud h\u00fcdrauliline silinder, mida kasutatakse kopa liikumise juhtimiseks rasketes masinates, n\u00e4iteks ekskavaatorites, laadur-ekskavaatorites ja esilaadurites. Selle peamine \u00fclesanne on v\u00f5imaldada kopa t\u00f5stmist, langetamist ja kallutamist, muutes selle mugavaks mitmesuguste materjalik\u00e4itlust\u00f6\u00f6de jaoks. H\u00fcdraulikas\u00fcsteemis saavutab kopa silinder kopa t\u00e4pse juhtimise, kasutades \u00e4ra h\u00fcdraulika\u00f5li r\u00f5humuutusi, v\u00f5imaldades operaatoritel t\u00f5husalt k\u00e4sitseda raskeid koormaid ning kohaneda keerukate t\u00f6\u00f6keskkondade ja mitmekesiste t\u00f6\u00f6vajadustega.<\/p>\n<p><img decoding=\"async\" src=\"https:\/\/www.hydraulic-cylinders.net\/wp-content\/uploads\/2025\/01\/songte-company-2.webp\" alt=\"\u00c4mbri silindri pilt\"><\/p>\n<h2>Omadused<\/h2>\n<ul>\n<li>Suur tugevus ja vastupidavus: Tavaliselt valmistatud \u00fclitugevast terasest v\u00f5i alumiiniumist, talub k\u00f5rget r\u00f5hku ja suuri koormusi, kohandub karmide t\u00f6\u00f6keskkondadega ning on konstrueeritud kulumiskindlust ja korrosioonikindlust silmas pidades, et pikendada eluiga.<\/li>\n<li>T\u00f5hus h\u00fcdrauliline t\u00f6\u00f6: Kasutab h\u00fcdraulika\u00f5li r\u00f5hku sujuva pikendus- ja tagasit\u00f5mbamise saavutamiseks, reageerib kiiresti juhtimisk\u00e4sklustele, pakub v\u00f5imsaid t\u00f5uke- ja t\u00f5mbej\u00f5ude, sobib raskete koormate ja keerukate t\u00f6\u00f6\u00fclesannete k\u00e4sitsemiseks.<\/li>\n<li>Erinevad t\u00fc\u00fcbid: Vajadusel saab valida \u00fchetoimeliste (h\u00fcdrauliliselt ainult \u00fches suunas) v\u00f5i kahetoimeliste (h\u00fcdrauliliselt m\u00f5lemas suunas) silindritena, m\u00f5ned mudelid on teleskoopilised, v\u00f5imaldades suuremat pikendamist ilma v\u00e4lism\u00f5\u00f5tmeid suurendamata, sobides piiratud ruumiga rakenduste jaoks.<\/li>\n<li>Asendamise saadavus: Meie tooted saavad neid h\u00fcdrosilindreid ideaalselt asendada.<\/li>\n<\/ul>\n<p><img decoding=\"async\" src=\"https:\/\/www.hydraulic-cylinders.net\/wp-content\/uploads\/2025\/01\/songte-cylinder-head-with-all-kinds-excavator-models.webp\" alt=\"Toote pilt\"><\/p>\n<h2>Rakendused<\/h2>\n<p>SDLG v\u00e4ikeekskavaatori LG685 kopasilindrit leidub tavaliselt erinevates rakendustes, sealhulgas:<\/p>\n<h3>Ehitustehnika<\/h3>\n<p>Ekskavaatorites on need olulised kaevamisel, laadimisel ja pinnase v\u00f5i prahi teisaldamisel. Ekskavaator-laadurites aitab kopa silinder nii kaevamisel kui ka t\u00f5stmisel.<\/p>\n<h3>P\u00f5llumajandustehnika<\/h3>\n<p>Kasutatakse esilaadurites mulla, heina ja muude materjalide kopeerimiseks, t\u00f5stmiseks ja transportimiseks.<\/p>\n<h3>Ekskavaatorid<\/h3>\n<p>Kopa silinder v\u00f5imaldab kaevamist, lastes kopal pinnasesse tungida.<\/p>\n<h3>Laadurid<\/h3>\n<p>Esilaadurites aitavad need kaupu t\u00f5husalt t\u00f5sta ja maha laadida.<\/p>\n<p><img decoding=\"async\" src=\"https:\/\/www.hydraulic-cylinders.net\/wp-content\/uploads\/2025\/01\/songte-oil-pipes-and-spare-parts.webp\" alt=\"Toote pilt\"><\/p>\n<h2>Projekteerimiskaalutlused ja valikukriteeriumid<\/h2>\n<p>SDLG v\u00e4ikeekskavaatori LG685 kopasilindri projekteerimisel v\u00f5etakse arvesse mitmesuguseid tegureid ja valikukriteeriume:<\/p>\n<ul>\n<li>Kandev\u00f5ime<\/li>\n<li>Tihendust\u00f5husus<\/li>\n<li>Vastupidavus<\/li>\n<li>Ohutus<\/li>\n<li>Hooldatavus<\/li>\n<\/ul>\n<p><img decoding=\"async\" src=\"https:\/\/www.hydraulic-cylinders.net\/wp-content\/uploads\/2025\/01\/songte-chushion-collar.webp\" alt=\"Toote pilt\"><\/p>\n<h2>Tihendus ja m\u00e4\u00e4rimine<\/h2>\n<p>Kopasilindris kasutatakse mitmesuguseid tihenduskomponente, n\u00e4iteks kolvitihendeid ja vardatihendeid, mis on valmistatud kulumiskindlatest materjalidest, n\u00e4iteks pol\u00fcuretaanist ja nitriilkummist. Silindri korpus ja keermestatud otsad on kulumiskindluse suurendamiseks peenelt t\u00f6\u00f6deldud. Sujuva t\u00f6\u00f6 tagamiseks on vajalik regulaarne m\u00e4\u00e4rimine sobiva h\u00fcdraulika\u00f5liga.<\/p>\n<h2>Kontroll ja ennetav hooldus<\/h2>\n<p>Kopasilindri pikaealisuse tagamiseks on olulised regulaarsed kontrollid ja ennetav hooldus. M\u00f5ned soovitatavad meetmed on j\u00e4rgmised:<\/p>\n<ul>\n<li>Kontrollige \u00f5lilekke, kahjustuste v\u00f5i kulumise m\u00e4rke<\/li>\n<li>\u00d5ige m\u00e4\u00e4rimine optimaalse j\u00f5udluse tagamiseks<\/li>\n<li>Tihendi vahetamine ja kalibreerimise kontrollimine<\/li>\n<\/ul>\n<p><img decoding=\"async\" src=\"https:\/\/www.hydraulic-cylinders.net\/wp-content\/uploads\/2025\/01\/songte-bushings-with-all-kinds-of-excavator-models.webp\" alt=\"Toote pilt\"><\/p>\n<h2>Ohutuskaalutlused ja keskkonnategurid<\/h2>\n<p>Kopasilindri kasutamisel on ohutusmeetmete tagamine \u00e4\u00e4rmiselt oluline. \u00d5nnetuste ning seadmete ja keskkonna kahjustamise v\u00e4ltimiseks on oluline n\u00f5uetekohane paigaldamine, k\u00e4itamine ja hooldus.<\/p>\n<h2>Rikete diagnoosimine ja levinud probleemid<\/h2>\n<p>Kopasilindri kasutamisel on oluline olla teadlik v\u00f5imalikest riketest ja levinud probleemidest, mis v\u00f5ivad tekkida. M\u00f5ned n\u00e4pun\u00e4ited ja t\u00f5rkeotsingu meetodid on j\u00e4rgmised:<\/p>\n<ul>\n<li>Rikete s\u00fcmptomite tuvastamine<\/li>\n<li>Pakkudes lahendusi probleemide t\u00f5husaks diagnoosimiseks ja lahendamiseks<\/li>\n<li>Ennetavate meetmete soovitamine v\u00f5imalike probleemide minimeerimiseks<\/li>\n<\/ul>\n<p><img decoding=\"async\" src=\"https:\/\/www.hydraulic-cylinders.net\/wp-content\/uploads\/2025\/01\/songte-company-1.webp\" alt=\"Toote pilt\"><\/p>\n<h2>Meie ettev\u00f5ttest<\/h2>\n<p>Oleme asendush\u00fcdrauliliste silindrite tootja ning \u00fcks juhtivaid tootjaid ja hulgim\u00fc\u00fcjaid nii sise- kui ka rahvusvahelisel turul. Meie peenelt varustatud tootmist\u00f6\u00f6kodades j\u00e4rgime suurep\u00e4rase kvaliteedi p\u00f5him\u00f5tteid ja tugineme t\u00f6\u00f6stusliku tootmise juhtimise strateegiatele. Meie ettev\u00f5te t\u00e4iustab pidevalt tootmisplatvormi, t\u00e4iustab tootekvaliteedi tootmisprotsessi ja omab tugevaid loomingulisi v\u00f5imeid. K\u00f5rge efektiivsuse, t\u00e4psuse ja kvaliteediga vastame klientide mitmekesistele vajadustele.<\/p>\n<p><img decoding=\"async\" src=\"https:\/\/www.hydraulic-cylinders.net\/wp-content\/uploads\/2025\/01\/songte-company-3.webp\" alt=\"Ettev\u00f5tte kuvand\"><\/p>\n<h3>Professionaalsus<\/h3>\n<p>Meie tootmisprotsessi panustavate ekspertide ja tehnikute meeskonnas r\u00f5hutame professionaalsust, tagades toodete k\u00f5rge kvaliteedi.<\/p>\n<h3>Rahvusvaheline sertifitseerimine<\/h3>\n<p>Oleme omandanud rahvusvahelised sertifikaadid, mis n\u00e4itab meie p\u00fchendumust \u00fclemaailmsete standardite j\u00e4rgimisele ja klientide rahulolu tagamisele.<\/p>\n<h3>Kohandamise teenused<\/h3>\n<p>Pakume kohandamisteenuseid vastavalt konkreetsetele n\u00f5uetele, tagades, et meie tooted vastavad individuaalsetele vajadustele ja eelistustele.<\/p>\n<h3>Tootmisseadmed<\/h3>\n<p>Meie tootmist toetavad tipptasemel tootmisseadmed, mis suurendavad meie protsesside t\u00f5husust ja t\u00e4psust.<\/p>\n<h3>M\u00fc\u00fcgij\u00e4rgne teenindus<\/h3>\n<p>Pakume laiaulatuslikke m\u00fc\u00fcgij\u00e4rgseid teenuseid, sealhulgas varuosade vahetust ja taastamisteenuseid, et maksimeerida meie toodete eluiga ja rahuldada klientide vajadusi.<\/p>\n<p>Autor: lyl<\/p>","protected":false},"excerpt":{"rendered":"<p>Bucket Cylinder For SDLG Small Excavator LG685 Introduction The Bucket Cylinder for SDLG Small Excavator LG685 is a specially designed hydraulic cylinder used to control the movement of the bucket in heavy machinery such as excavators, backhoe loaders, and front-end loaders. Its main function is to enable the lifting, lowering, and tilting of the bucket, [&hellip;]<\/p>","protected":false},"featured_media":14785,"comment_status":"open","ping_status":"closed","template":"","meta":{"_et_pb_use_builder":"","_et_pb_old_content":"","_et_gb_content_width":""},"product_brand":[],"product_cat":[1494],"product_tag":[1495,1496],"class_list":{"0":"post-15645","1":"product","2":"type-product","3":"status-publish","4":"has-post-thumbnail","6":"product_cat-bucket-cylinders","7":"product_tag-bucket-cylinders","8":"product_tag-hydraulic-cylinders","10":"first","11":"instock","12":"shipping-taxable","13":"product-type-simple"},"amp_enabled":true,"_links":{"self":[{"href":"https:\/\/www.hydraulic-cylinders.net\/et\/wp-json\/wp\/v2\/product\/15645","targetHints":{"allow":["GET"]}}],"collection":[{"href":"https:\/\/www.hydraulic-cylinders.net\/et\/wp-json\/wp\/v2\/product"}],"about":[{"href":"https:\/\/www.hydraulic-cylinders.net\/et\/wp-json\/wp\/v2\/types\/product"}],"replies":[{"embeddable":true,"href":"https:\/\/www.hydraulic-cylinders.net\/et\/wp-json\/wp\/v2\/comments?post=15645"}],"wp:featuredmedia":[{"embeddable":true,"href":"https:\/\/www.hydraulic-cylinders.net\/et\/wp-json\/wp\/v2\/media\/14785"}],"wp:attachment":[{"href":"https:\/\/www.hydraulic-cylinders.net\/et\/wp-json\/wp\/v2\/media?parent=15645"}],"wp:term":[{"taxonomy":"product_brand","embeddable":true,"href":"https:\/\/www.hydraulic-cylinders.net\/et\/wp-json\/wp\/v2\/product_brand?post=15645"},{"taxonomy":"product_cat","embeddable":true,"href":"https:\/\/www.hydraulic-cylinders.net\/et\/wp-json\/wp\/v2\/product_cat?post=15645"},{"taxonomy":"product_tag","embeddable":true,"href":"https:\/\/www.hydraulic-cylinders.net\/et\/wp-json\/wp\/v2\/product_tag?post=15645"}],"curies":[{"name":"wp","href":"https:\/\/api.w.org\/{rel}","templated":true}]}}