{"id":15655,"date":"2025-01-19T14:48:13","date_gmt":"2025-01-19T14:48:13","guid":{"rendered":"https:\/\/www.hydraulic-cylinders.net\/product\/bucket-cylinder-for-sdlg-middle-excavator-lg6290e\/"},"modified":"2025-01-19T14:48:15","modified_gmt":"2025-01-19T14:48:15","slug":"bucket-cylinder-for-sdlg-middle-excavator-lg6290e","status":"publish","type":"product","link":"https:\/\/www.hydraulic-cylinders.net\/et\/toode\/bucket-cylinder-for-sdlg-middle-excavator-lg6290e\/","title":{"rendered":"Kopa silinder SDLG keskmise ekskavaatori LG6290E jaoks"},"content":{"rendered":"<p><!DOCTYPE html><br \/>\n<html><br \/>\n<head><br \/>\n\t<title>Kopa silinder SDLG keskmise ekskavaatori LG6290E jaoks<\/title><br \/>\n<\/head><br \/>\n<body><\/p>\n<h1>Kopa silinder SDLG keskmise ekskavaatori LG6290E jaoks<\/h1>\n<h2>Sissejuhatus<\/h2>\n<p>Kopa silinder on spetsiaalselt konstrueeritud h\u00fcdrauliline silinder, mida kasutatakse kopa liikumise juhtimiseks rasketes masinates, n\u00e4iteks ekskavaatorites, laadur-ekskavaatorites ja esilaadurites. Selle peamine \u00fclesanne on v\u00f5imaldada kopa t\u00f5stmist, langetamist ja kallutamist, h\u00f5lbustades mitmesuguseid materjali k\u00e4itlemise \u00fclesandeid. H\u00fcdraulilises s\u00fcsteemis saavutab kopa silinder kopa t\u00e4pse juhtimise h\u00fcdraulika\u00f5li r\u00f5humuutuste abil, v\u00f5imaldades operaatoritel t\u00f5husalt k\u00e4sitseda raskeid koormaid ning kohaneda keerukate t\u00f6\u00f6keskkondade ja mitmekesiste t\u00f6\u00f6n\u00f5uetega.<\/p>\n<p>\t<img decoding=\"async\" src=\"https:\/\/www.hydraulic-cylinders.net\/wp-content\/uploads\/2025\/01\/songte-company-2.webp\"><\/p>\n<h2>Omadused<\/h2>\n<ul>\n<li>Suur tugevus ja vastupidavus: Tavaliselt valmistatud \u00fclitugevast terasest v\u00f5i alumiiniumist, mis talub k\u00f5rget r\u00f5hku ja suuri koormusi, kohandub karmide t\u00f6\u00f6keskkondadega ning on konstrueeritud kulumiskindlust ja korrosioonikindlust silmas pidades, et pikendada selle eluiga.<\/li>\n<li>T\u00f5hus h\u00fcdrauliline t\u00f6\u00f6: Kasutab h\u00fcdraulika\u00f5li r\u00f5hku sujuvate teleskoopliikumiste saavutamiseks, reageerib kiiresti juhtimisk\u00e4sklustele, pakub v\u00f5imsaid t\u00f5uke- ja t\u00f5mbej\u00f5ude, sobib raskete koormate ja keerukate t\u00f6\u00f6\u00fclesannete k\u00e4sitsemiseks.<\/li>\n<li>Erinevad t\u00fc\u00fcbid: Vajadusel saab valida \u00fchetoimeliste (h\u00fcdraulilist r\u00f5hku kasutatakse ainult \u00fches suunas) v\u00f5i kahetoimeliste (h\u00fcdraulilist r\u00f5hku kasutatakse m\u00f5lemas suunas) silindritena, mis vastavad erinevatele t\u00f6\u00f6n\u00f5uetele. M\u00f5ned mudelid on teleskoopilised, v\u00f5imaldades suuremat pikendamist ilma v\u00e4lism\u00f5\u00f5tmeid suurendamata, sobides piiratud ruumiga rakenduste jaoks.<\/li>\n<li>T\u00e4iuslik asendus: Meie tooted suudavad neid h\u00fcdrosilindreid ideaalselt asendada.<\/li>\n<\/ul>\n<p>\t<img decoding=\"async\" src=\"https:\/\/www.hydraulic-cylinders.net\/wp-content\/uploads\/2025\/01\/songte-cylinder-head-with-all-kinds-excavator-models.webp\"><\/p>\n<h2>Rakendused<\/h2>\n<p>Kopasilindrid on olulised erinevates ehitus- ja p\u00f5llumajandustehnikates:<\/p>\n<ul>\n<li>Ehitustehnika: Neid leidub ekskavaatorites ning need on olulised kaevamisel, laadimisel ja pinnase v\u00f5i prahi teisaldamisel. Ekskavaatorlaadurites aitab kopa silinder nii kaevamisel kui ka t\u00f5stmisel.<\/li>\n<li>P\u00f5llumajandusmasinad: Kasutatakse esilaadurites mulla, heina ja muude materjalide k\u00fchveldamiseks, t\u00f5stmiseks ja transportimiseks.<\/li>\n<li>Ekskavaatorid: Kopa silinder v\u00f5imaldab kaevamist, lastes kopal pinnasesse tungida.<\/li>\n<li>Laadurid: Esilaadurites aitavad need kaupu t\u00f5husalt t\u00f5sta ja maha laadida.<\/li>\n<\/ul>\n<h2>Projekteerimiskaalutlused ja valikukriteeriumid<\/h2>\n<ul>\n<li>Kandev\u00f5ime: Arutage silindri koormust kandev\u00f5imet ja selle olulisust konstruktsioonis.<\/li>\n<li>Tihendid: Selgitage erinevaid kasutatavaid tihendeid, n\u00e4iteks kolvitihendeid ja varrastihendeid, mis on valmistatud kulumiskindlatest materjalidest, n\u00e4iteks pol\u00fcuretaanist ja nitriilkummist. T\u00f5stke esile korraliku tihenduse olulisust vastupidavuse tagamiseks.<\/li>\n<li>Vastupidavus: Arutage kulumiskindluse suurendamiseks v\u00f5etud meetmeid, n\u00e4iteks silindri korpuse ja keermestatud otste t\u00e4pne pinnat\u00f6\u00f6tlus.<\/li>\n<li>Ohutus: Selgitage ballooni konstruktsiooni ohutuskaalutlusi, tagades selle ohutu t\u00f6\u00f6 erinevates keskkondades.<\/li>\n<li>Hooldatavus: arutage hoolduse ja remondi lihtsust, sealhulgas varuosade ja remonditeenuste k\u00e4ttesaadavust ballooni eluea pikendamiseks.<\/li>\n<\/ul>\n<p>\t<img decoding=\"async\" src=\"https:\/\/www.hydraulic-cylinders.net\/wp-content\/uploads\/2025\/01\/songte-oil-pipes-and-spare-parts.webp\"><\/p>\n<h2>Tihendus ja m\u00e4\u00e4rimine<\/h2>\n<p>Kopasilindris kasutatakse mitmesuguseid tihendeid, n\u00e4iteks kolvitihendeid ja vardatihendeid, mis on valmistatud kulumiskindlatest materjalidest nagu pol\u00fcuretaan ja nitriilkummi. Silindri korpus ja keermestatud otsad on kulumiskindluse parandamiseks peenelt t\u00f6\u00f6deldud. Sujuva t\u00f6\u00f6 tagamiseks on vajalik regulaarne m\u00e4\u00e4rimine sobiva koguse h\u00fcdraulika\u00f5liga.<\/p>\n<h2>Regulaarne kontroll ja ennetav hooldus<\/h2>\n<ul>\n<li>Kontrollige silindrit regulaarselt lekete, kahjustuste v\u00f5i ebanormaalse kulumise suhtes.<\/li>\n<li>Tagage korralik m\u00e4\u00e4rimine ja vajadusel vahetage tihendid v\u00e4lja.<\/li>\n<li>Optimaalse j\u00f5udluse s\u00e4ilitamiseks tehke kalibreerimiskontrolle.<\/li>\n<\/ul>\n<h2>\u00d5ige paigaldusjuhend<\/h2>\n<p>\u00d5ige paigaldamine on kopasilindri toimivuse seisukohalt \u00fclioluline. Andke juhiseid silindri \u00f5igeks joondamiseks ja soovitage silindri kinnitamiseks sobivate paigaldusklambrite kasutamist. Pakkuge soovituslikke protseduure kontrollimiseks, parandamiseks ja vahetamiseks ning n\u00e4pun\u00e4iteid silindri eluea pikendamiseks.<\/p>\n<p>\t<img decoding=\"async\" src=\"https:\/\/www.hydraulic-cylinders.net\/wp-content\/uploads\/2025\/01\/songte-chushion-collar.webp\"><\/p>\n<h2>Ohutuskaalutlused ja keskkonnategurid<\/h2>\n<p>R\u00f5hutage ohutusmeetmete olulisust \u00e4mbrisilindri kasutamisel ja k\u00e4sitlege k\u00f5iki asjakohaseid keskkonnategureid, mida tuleb arvesse v\u00f5tta.<\/p>\n<h2>Veaotsing ja levinud probleemid<\/h2>\n<p>Arutage v\u00f5imalikke rikkeid ja levinud probleeme, mis v\u00f5ivad kopasilindri kasutamisel tekkida. Andke n\u00e4pun\u00e4iteid ja lahendusi, mis aitavad lugejatel probleeme t\u00f5husalt diagnoosida ja lahendada. Pakkuge ennetavaid meetmeid v\u00f5imalike probleemide minimeerimiseks.<\/p>\n<p>\t<img decoding=\"async\" src=\"https:\/\/www.hydraulic-cylinders.net\/wp-content\/uploads\/2025\/01\/songte-bushings-with-all-kinds-of-excavator-models.webp\"><\/p>\n<h2>Ettev\u00f5tte \u00fclevaade<\/h2>\n<p>Oleme asendush\u00fcdrauliliste silindrite tootja, pakkudes laia tootevalikut. Oleme saanud \u00fcheks juhtivaks h\u00fcdrosilindrite tootjaks ja hulgim\u00fc\u00fcjaks nii sise- kui ka rahvusvahelistel turgudel. Keskendudes suurep\u00e4rasele kvaliteedile ja t\u00e4iustatud tootmisv\u00f5imaluste kasutamisele, t\u00e4iustab meie ettev\u00f5te pidevalt tootmisplatvormi, et pakkuda klientide mitmekesiseid vajadusi rahuldavaid k\u00f5rge efektiivsusega, t\u00e4pseid ja kvaliteetseid tooteid.<\/p>\n<p>\t<img decoding=\"async\" src=\"https:\/\/hzpt.com\/wp-content\/uploads\/2024\/11\/songte-company-1.webp\"><\/p>\n<h3>Professionaalsus<\/h3>\n<p>Meie ettev\u00f5te r\u00f5hutab professionaalsust k\u00f5igis oma tegevuse aspektides, alates tootekujundusest kuni tootmise ja klienditeeninduseni.<\/p>\n<h3>Rahvusvaheline sertifitseerimine<\/h3>\n<p>Oleme omandanud vastavad rahvusvahelised sertifikaadid, mis tagavad meie toodete kvaliteedi ja usaldusv\u00e4\u00e4rsuse.<\/p>\n<h3>Kohandamise teenused<\/h3>\n<p>Pakume klientide ainulaadsete vajaduste rahuldamiseks kohandamisteenuseid.<\/p>\n<h3>Tootmisseadmed<\/h3>\n<p>Meie ettev\u00f5te on varustatud tipptasemel tootmisseadmetega, et tagada tootmisprotsesside t\u00e4psus ja t\u00f5husus.<\/p>\n<h3>M\u00fc\u00fcgij\u00e4rgne teenindus<\/h3>\n<p>Pakume klientidele igak\u00fclgset m\u00fc\u00fcgij\u00e4rgset teenindust, et aidata neil k\u00f5igi k\u00fcsimuste v\u00f5i probleemide korral.<\/p>\n<p>\t<img decoding=\"async\" src=\"https:\/\/www.hydraulic-cylinders.net\/wp-content\/uploads\/2025\/01\/songte-company-3.webp\"><\/p>\n<p>Autor: lyl<\/p>\n<p><\/body><br \/>\n<\/html><\/p>","protected":false},"excerpt":{"rendered":"<p>Bucket Cylinder For SDLG Middle Excavator LG6290E Bucket Cylinder For SDLG Middle Excavator LG6290E Introduction The bucket cylinder is a specially designed hydraulic cylinder used to control the movement of the bucket in heavy machinery such as excavators, backhoe loaders, and front-end loaders. Its main function is to enable the bucket to lift, lower, and [&hellip;]<\/p>","protected":false},"featured_media":14762,"comment_status":"open","ping_status":"closed","template":"","meta":{"_et_pb_use_builder":"","_et_pb_old_content":"","_et_gb_content_width":""},"product_brand":[],"product_cat":[1494],"product_tag":[1495,1496],"class_list":{"0":"post-15655","1":"product","2":"type-product","3":"status-publish","4":"has-post-thumbnail","6":"product_cat-bucket-cylinders","7":"product_tag-bucket-cylinders","8":"product_tag-hydraulic-cylinders","10":"first","11":"instock","12":"shipping-taxable","13":"product-type-simple"},"amp_enabled":true,"_links":{"self":[{"href":"https:\/\/www.hydraulic-cylinders.net\/et\/wp-json\/wp\/v2\/product\/15655","targetHints":{"allow":["GET"]}}],"collection":[{"href":"https:\/\/www.hydraulic-cylinders.net\/et\/wp-json\/wp\/v2\/product"}],"about":[{"href":"https:\/\/www.hydraulic-cylinders.net\/et\/wp-json\/wp\/v2\/types\/product"}],"replies":[{"embeddable":true,"href":"https:\/\/www.hydraulic-cylinders.net\/et\/wp-json\/wp\/v2\/comments?post=15655"}],"wp:featuredmedia":[{"embeddable":true,"href":"https:\/\/www.hydraulic-cylinders.net\/et\/wp-json\/wp\/v2\/media\/14762"}],"wp:attachment":[{"href":"https:\/\/www.hydraulic-cylinders.net\/et\/wp-json\/wp\/v2\/media?parent=15655"}],"wp:term":[{"taxonomy":"product_brand","embeddable":true,"href":"https:\/\/www.hydraulic-cylinders.net\/et\/wp-json\/wp\/v2\/product_brand?post=15655"},{"taxonomy":"product_cat","embeddable":true,"href":"https:\/\/www.hydraulic-cylinders.net\/et\/wp-json\/wp\/v2\/product_cat?post=15655"},{"taxonomy":"product_tag","embeddable":true,"href":"https:\/\/www.hydraulic-cylinders.net\/et\/wp-json\/wp\/v2\/product_tag?post=15655"}],"curies":[{"name":"wp","href":"https:\/\/api.w.org\/{rel}","templated":true}]}}