{"id":15659,"date":"2025-01-19T14:48:28","date_gmt":"2025-01-19T14:48:28","guid":{"rendered":"https:\/\/www.hydraulic-cylinders.net\/product\/bucket-cylinder-for-jonyang-small-excavator-jy6085\/"},"modified":"2025-01-19T14:48:30","modified_gmt":"2025-01-19T14:48:30","slug":"bucket-cylinder-for-jonyang-small-excavator-jy6085","status":"publish","type":"product","link":"https:\/\/www.hydraulic-cylinders.net\/et\/toode\/bucket-cylinder-for-jonyang-small-excavator-jy6085\/","title":{"rendered":"Kopa silinder Jonyangi v\u00e4ikese ekskavaatori JY6085 jaoks"},"content":{"rendered":"<h1>Kopa silinder Jonyangi v\u00e4ikese ekskavaatori JY6085 jaoks<\/h1>\n<h2>Sissejuhatus<\/h2>\n<p>Jonyangi v\u00e4ikeekskavaatori JY6085 kopa silinder on spetsiaalselt loodud h\u00fcdrauliline silinder, mida kasutatakse peamiselt kopa liikumise juhtimiseks rasketes masinates, n\u00e4iteks ekskavaatorites, ekskavaatorites ja esilaadurites. Selle peamine \u00fclesanne on v\u00f5imaldada kopa t\u00f5stmist, langetamist ja kallutamist, muutes selle mugavaks mitmesuguste materjalide transportimise \u00fclesannete t\u00e4itmiseks.<\/p>\n<p><img decoding=\"async\" src=\"https:\/\/www.hydraulic-cylinders.net\/wp-content\/uploads\/2025\/01\/songte-company-2.webp\"><\/p>\n<h3>Definitsioon ja selgitus<\/h3>\n<p>H\u00fcdraulikas\u00fcsteemis saavutab kopa silinder kopa t\u00e4pse juhtimise h\u00fcdraulika\u00f5li r\u00f5hu muutuste abil, v\u00f5imaldades operaatoritel raskeid koormaid t\u00f5husalt k\u00e4sitseda ning kohaneda keerukate t\u00f6\u00f6keskkondade ja mitmekesiste t\u00f6\u00f6n\u00f5uetega.<\/p>\n<h2>Omadused<\/h2>\n<p>M\u00f5ned kopasilindri p\u00f5hijooned on j\u00e4rgmised:<\/p>\n<ul>\n<li><strong>Suur tugevus ja vastupidavus:<\/strong> Tavaliselt \u00fclitugevast terasest v\u00f5i alumiiniumist valmistatud kopasilindrid taluvad k\u00f5rget r\u00f5hku ja suuri koormusi, kohanevad karmide t\u00f6\u00f6keskkondadega ning on konstrueeritud kulumiskindlust ja korrosioonikindlust silmas pidades, et pikendada nende kasutusiga.<\/li>\n<li><strong>T\u00f5hus h\u00fcdrauliline t\u00f6\u00f6:<\/strong> H\u00fcdraulika\u00f5li r\u00f5hu abil saavutab kopa silinder sujuva pikenemise ja tagasit\u00f5mbumise, reageerib kiiresti juhtimisk\u00e4sklustele, pakub v\u00f5imsat t\u00f5uke- ja t\u00f5mbej\u00f5udu ning sobib raskete koormate ja keerukate t\u00f6\u00f6\u00fclesannete k\u00e4sitsemiseks.<\/li>\n<li><strong>Erinevad t\u00fc\u00fcbid:<\/strong> Kopasilindrid on saadaval \u00fchetoimeliste (h\u00fcdraulilised ainult \u00fches suunas) v\u00f5i kahetoimeliste (h\u00fcdraulilised m\u00f5lemas suunas) mudelitena, mis v\u00f5imaldab neil rahuldada erinevaid t\u00f6\u00f6vajadusi. M\u00f5ned mudelid on teleskoopilised, mis v\u00f5imaldab suuremat pikendust ilma v\u00e4lism\u00f5\u00f5tmeid suurendamata, mist\u00f5ttu need sobivad piiratud ruumiga rakenduste jaoks.<\/li>\n<\/ul>\n<p>Me saame seda toodet toota ja meie toode v\u00f5ib olla nende h\u00fcdrauliliste silindrite ideaalne asendaja.<\/p>\n<p><img decoding=\"async\" src=\"https:\/\/www.hydraulic-cylinders.net\/wp-content\/uploads\/2025\/01\/songte-cylinder-head-with-all-kinds-excavator-models.webp\"><\/p>\n<h2>Rakendused<\/h2>\n<p>Kopasilindril on mitmesuguseid rakendusi, sealhulgas:<\/p>\n<h3>Ehitustehnika<\/h3>\n<p>Ekskavaatorites on need olulised pinnase v\u00f5i prahi kaevamiseks, laadimiseks ja teisaldamiseks. Ekskavaatoritel aitab kopa silinder kaevamisel ja t\u00f5stmisel. Esilaaduritel aitavad need lasti t\u00f5husalt t\u00f5sta ja t\u00fchjendada.<\/p>\n<h3>P\u00f5llumajandustehnika<\/h3>\n<p>Kasutatakse esilaadurites pinnase, heina ja muude materjalide kaevamiseks, t\u00f5stmiseks ja transportimiseks. Ekskavaatorites v\u00f5imaldab kopa silinder kaevamist, lastes kopal pinnasesse tungida.<\/p>\n<h2>Projekteerimiskaalutlused ja valikukriteeriumid<\/h2>\n<p>Silindri valimisel tuleks arvestada mitmete teguritega, sealhulgas:<\/p>\n<ul>\n<li><strong>Kandev\u00f5ime:<\/strong> Silinder peab olema piisavalt tugev, et kanda koormust, milleks see on ette n\u00e4htud.<\/li>\n<li><strong>Tihendus:<\/strong> Silindri tihendid peavad olema konstrueeritud nii, et need v\u00e4listaksid h\u00fcdraulikavedeliku lekke.<\/li>\n<li><strong>Vastupidavus:<\/strong> Ballooni konstruktsioon peab vastu pidama etten\u00e4htud kasutuse raskustele ilma kiire lagunemiseta.<\/li>\n<li><strong>Ohutus:<\/strong> Disain peab sisaldama ohutusfunktsioone, et v\u00e4ltida \u00f5nnetusi ja vigastusi kasutamise ajal.<\/li>\n<li><strong>Hooldatavus:<\/strong> Silinder peab olema konstrueeritud nii, et seda saaks vajadusel kohapeal h\u00f5lpsalt hooldada ja parandada.<\/li>\n<\/ul>\n<p><img decoding=\"async\" src=\"https:\/\/www.hydraulic-cylinders.net\/wp-content\/uploads\/2025\/01\/songte-oil-pipes-and-spare-parts.webp\"><\/p>\n<h2>Tihendus ja m\u00e4\u00e4rimine<\/h2>\n<p>Kopasilindris kasutatakse mitmesuguseid tihenduskomponente, n\u00e4iteks kolvitihendeid ja vardatihendeid, mis on valmistatud kulumiskindlatest materjalidest, n\u00e4iteks pol\u00fcuretaanist ja nitriilkummist. Silindri korpus ja keermestatud otsapind on peenelt t\u00f6\u00f6deldud, et parandada kulumiskindlust. N\u00f5uetekohaseks t\u00f6\u00f6ks on vajalik regulaarne m\u00e4\u00e4rimine sobiva koguse h\u00fcdraulika\u00f5liga.<\/p>\n<h2>Kontrolli ja ennetava hoolduse meetmed<\/h2>\n<p>Regulaarne kontroll ja ennetav hooldus on h\u00e4davajalikud, et tagada kopasilindri n\u00f5uetekohane t\u00f6\u00f6 ja pikendada selle kasutusiga. M\u00f5ned hooldust\u00f6\u00f6d h\u00f5lmavad j\u00e4rgmist:<\/p>\n<ul>\n<li><strong>Regulaarne kontroll:<\/strong> Kontrollige silindrit kahjustuste v\u00f5i kulumise m\u00e4rkide suhtes.<\/li>\n<li><strong>Sobiv m\u00e4\u00e4rimine:<\/strong> Veenduge, et silindrit m\u00e4\u00e4ritakse \u00f5ige koguse h\u00fcdraulika\u00f5liga.<\/li>\n<li><strong>Tihendi vahetamine:<\/strong> H\u00fcdraulikavedeliku lekke v\u00e4ltimiseks vahetage v\u00e4lja k\u00f5ik kulunud v\u00f5i kahjustatud tihendid.<\/li>\n<li><strong>Kalibreerimiskontroll:<\/strong> Kontrollige silindri kalibreerimist, et veenduda selle korrektses t\u00f6\u00f6s.<\/li>\n<\/ul>\n<p>Kopasilindri \u00f5ige paigaldamine on selle toimivuse seisukohalt \u00fclioluline. Soovitatav on silindri \u00f5ige joondamine ja sobivate paigaldusklambrite kasutamine. Pakume soovitatavaid kontrolli-, remondi- ja asendusprotseduure, samuti varuosade asendus- ja taastamisteenuseid, et pikendada kopasilindri eluiga.<\/p>\n<p><img decoding=\"async\" src=\"https:\/\/www.hydraulic-cylinders.net\/wp-content\/uploads\/2025\/01\/songte-chushion-collar.webp\"><\/p>\n<h2>Ohutuskaalutlused ja keskkonnategurid<\/h2>\n<p>Kopasilindri kasutamisel tuleb \u00f5nnetuste ja vigastuste v\u00e4ltimiseks j\u00e4rgida ohutusmeetmeid. Arvesse tuleb v\u00f5tta ka keskkonnategureid, nagu temperatuur, niiskus ja kokkupuude kemikaalidega.<\/p>\n<h2>Veaotsing ja levinud probleemid<\/h2>\n<p>Kopasilindriga seotud levinud probleemide hulka kuuluvad h\u00fcdraulikavedeliku leke, tihendite kulumine ja kolvivarda kahjustused. N\u00f5uetekohane diagnoosimine ja t\u00f5rkeotsing ning regulaarne hooldus aitavad neid probleeme v\u00e4ltida v\u00f5i kiiresti lahendada.<\/p>\n<p>Meie t\u00f5rkeotsingu n\u00e4pun\u00e4ited ja probleemide lahendamise meetodid aitavad lugejatel probleeme t\u00f5husalt diagnoosida ja lahendada. Pakume ka ennetavaid meetmeid v\u00f5imalike probleemide minimeerimiseks.<\/p>\n<p><img decoding=\"async\" src=\"https:\/\/www.hydraulic-cylinders.net\/wp-content\/uploads\/2025\/01\/songte-bushings-with-all-kinds-of-excavator-models.webp\"><\/p>\n<h2>Meie ettev\u00f5ttest<\/h2>\n<p>Oleme asendush\u00fcdrauliliste silindrite tootja, pakkudes laia tootevalikut, ning oleme saanud \u00fcheks juhtivaks h\u00fcdrauliliste silindrite tootjaks ja hulgim\u00fc\u00fcjaks nii sise- kui ka rahvusvahelistel turgudel. J\u00e4rgime suurep\u00e4rase kvaliteedi p\u00f5him\u00f5tet, tugineme peentootmist\u00f6\u00f6kodade industrialiseeritud tootmisjuhtimise strateegiale ning t\u00e4iustame t\u00f6\u00f6koja tootmisplatvormi tehnoloogiliste talentide, digitaalsete tipptasemel tootmisseadmete ja professionaalsete testimiss\u00fcsteemide abil. Meil \u200b\u200bon tugev loominguline v\u00f5imekus ning j\u00e4rgime klientide mitmekesiste vajaduste rahuldamiseks k\u00f5rge efektiivsuse, suure t\u00e4psuse ja k\u00f5rge kvaliteedi p\u00f5him\u00f5tteid.<\/p>\n<p>Pakume professionaalsust, rahvusvahelist sertifitseerimist, kohandatud teenuseid, tootmisseadmeid ja m\u00fc\u00fcgij\u00e4rgset teenindust.<\/p>\n<p><img decoding=\"async\" src=\"https:\/\/hzpt.com\/wp-content\/uploads\/2024\/11\/songte-company-1.webp\"><\/p>\n<p>Autor: lyl<\/p>","protected":false},"excerpt":{"rendered":"<p>Bucket Cylinder For Jonyang Small Excavator JY6085 Introduction The bucket cylinder for Jonyang small excavator JY6085 is a specially designed hydraulic cylinder that is mainly used to control the movement of the bucket in heavy machinery such as excavators, backhoe excavators, and front loaders. Its primary function is to enable the bucket to lift, lower, [&hellip;]<\/p>","protected":false},"featured_media":14787,"comment_status":"open","ping_status":"closed","template":"","meta":{"_et_pb_use_builder":"","_et_pb_old_content":"","_et_gb_content_width":""},"product_brand":[],"product_cat":[1494],"product_tag":[1495,1496],"class_list":{"0":"post-15659","1":"product","2":"type-product","3":"status-publish","4":"has-post-thumbnail","6":"product_cat-bucket-cylinders","7":"product_tag-bucket-cylinders","8":"product_tag-hydraulic-cylinders","10":"first","11":"instock","12":"shipping-taxable","13":"product-type-simple"},"amp_enabled":true,"_links":{"self":[{"href":"https:\/\/www.hydraulic-cylinders.net\/et\/wp-json\/wp\/v2\/product\/15659","targetHints":{"allow":["GET"]}}],"collection":[{"href":"https:\/\/www.hydraulic-cylinders.net\/et\/wp-json\/wp\/v2\/product"}],"about":[{"href":"https:\/\/www.hydraulic-cylinders.net\/et\/wp-json\/wp\/v2\/types\/product"}],"replies":[{"embeddable":true,"href":"https:\/\/www.hydraulic-cylinders.net\/et\/wp-json\/wp\/v2\/comments?post=15659"}],"wp:featuredmedia":[{"embeddable":true,"href":"https:\/\/www.hydraulic-cylinders.net\/et\/wp-json\/wp\/v2\/media\/14787"}],"wp:attachment":[{"href":"https:\/\/www.hydraulic-cylinders.net\/et\/wp-json\/wp\/v2\/media?parent=15659"}],"wp:term":[{"taxonomy":"product_brand","embeddable":true,"href":"https:\/\/www.hydraulic-cylinders.net\/et\/wp-json\/wp\/v2\/product_brand?post=15659"},{"taxonomy":"product_cat","embeddable":true,"href":"https:\/\/www.hydraulic-cylinders.net\/et\/wp-json\/wp\/v2\/product_cat?post=15659"},{"taxonomy":"product_tag","embeddable":true,"href":"https:\/\/www.hydraulic-cylinders.net\/et\/wp-json\/wp\/v2\/product_tag?post=15659"}],"curies":[{"name":"wp","href":"https:\/\/api.w.org\/{rel}","templated":true}]}}