{"id":15663,"date":"2025-01-19T14:48:44","date_gmt":"2025-01-19T14:48:44","guid":{"rendered":"https:\/\/www.hydraulic-cylinders.net\/product\/bucket-cylinder-for-jonyang-small-excavator-jy615eld\/"},"modified":"2025-01-19T14:48:46","modified_gmt":"2025-01-19T14:48:46","slug":"bucket-cylinder-for-jonyang-small-excavator-jy615eld","status":"publish","type":"product","link":"https:\/\/www.hydraulic-cylinders.net\/et\/toode\/bucket-cylinder-for-jonyang-small-excavator-jy615eld\/","title":{"rendered":"Kopa silinder Jonyangi v\u00e4ikese ekskavaatori JY615ELD jaoks"},"content":{"rendered":"<h1>Kopa silinder Jonyangi v\u00e4ikese ekskavaatori JY615ELD jaoks<\/h1>\n<h2>Sissejuhatus<\/h2>\n<p>The bucket cylinder is a specially designed hydraulic cylinder used to control the movement of the bucket in heavy machinery such as excavators, backhoe loaders, and front-end loaders. Its main function is to enable the bucket to lift, lower, and tilt, making it easier to handle various material handling tasks. In the hydraulic system, the bucket cylinder uses the pressure change of hydraulic oil to control the bucket&#8217;s precise movements, enabling operators to handle heavy loads efficiently, adapting to complex working environments and diverse operational requirements.<\/p>\n<p><img decoding=\"async\" src=\"https:\/\/www.hydraulic-cylinders.net\/wp-content\/uploads\/2025\/01\/songte-company-2.webp\" alt=\"Kopa silinder Jonyangi v\u00e4ikese ekskavaatori JY615ELD jaoks\"><\/p>\n<h2>Omadused<\/h2>\n<ul>\n<li>Suur tugevus ja vastupidavus: Tavaliselt valmistatud \u00fclitugevast terasest v\u00f5i alumiiniumist, see talub k\u00f5rget r\u00f5hku ja suuri koormusi, kohandub karmide t\u00f6\u00f6keskkondadega ning on konstrueeritud kulumiskindlust ja korrosioonikindlust silmas pidades, et pikendada kasutusiga.<\/li>\n<li>T\u00f5husad h\u00fcdraulilised toimingud: Kasutades h\u00fcdraulika\u00f5li r\u00f5hku sujuvate pikendus- ja tagasit\u00f5mbamisliigutuste saavutamiseks, reageerib see kiiresti juhtimisk\u00e4sklustele, pakub v\u00f5imsaid t\u00f5uke- ja t\u00f5mbej\u00f5ude ning sobib raskete koormate ja keerukate t\u00f6\u00f6\u00fclesannete k\u00e4sitsemiseks.<\/li>\n<li>Erinevad t\u00fc\u00fcbid: \u00dchetoimelisi (h\u00fcdraulilist s\u00fcsteemi kasutatakse ainult \u00fches suunas) v\u00f5i kahetoimelisi (h\u00fcdraulilist s\u00fcsteemi kasutatakse m\u00f5lemas suunas) silindreid saab valida vastavalt vajadustele, et rahuldada erinevaid t\u00f6\u00f6tingimusi. M\u00f5ned mudelid on teleskoopilised, v\u00f5imaldades suuremat pikendamist ilma v\u00e4lism\u00f5\u00f5tmeid suurendamata, sobides piiratud ruumiga rakenduste jaoks.<\/li>\n<li>Vahetatav: Meie tooted suudavad neid h\u00fcdrosilindreid ideaalselt asendada.<\/li>\n<\/ul>\n<p><img decoding=\"async\" src=\"https:\/\/www.hydraulic-cylinders.net\/wp-content\/uploads\/2025\/01\/songte-cylinder-head-with-all-kinds-excavator-models.webp\" alt=\"Kopa silinder Jonyangi v\u00e4ikese ekskavaatori JY615ELD jaoks\"><\/p>\n<h2>Rakendused<\/h2>\n<ul>\n<li>Ehitustehnika: Ekskavaatorites on need h\u00e4davajalikud kaevamiseks, laadimiseks ja pinnase v\u00f5i prahi teisaldamiseks. Ekskavaator-laadurites aitab kopa silinder kaevamisel ja t\u00f5stmisel. <\/li>\n<li>P\u00f5llumajandusmasinad: Kasutatakse esilaadurite jaoks, pinnase, heina ja muude materjalide korjamiseks, t\u00f5stmiseks ja transportimiseks. <\/li>\n<li>Ekskavaatorid: Kopa silinder v\u00f5imaldab kaevamist, lastes kopal pinnasesse tungida. <\/li>\n<li>Laadur: Esilaadurites aitavad need kaupu t\u00f5husalt t\u00f5sta ja kallutada. <\/li>\n<\/ul>\n<h2>Kujundus- ja valikukriteeriumid<\/h2>\n<ul>\n<li>Bearing Capacity: Consideration of the cylinder&#8217;s bearing capacity is extremely important in design. This will ensure the cylinder can withstand heavy loads without failure.<\/li>\n<li>Tihendus: H\u00fcdrauliliste silindrite projekteerimisel kasutatakse n\u00f5uetekohase tihenduse tagamiseks mitmesuguseid tihenduskomponente, n\u00e4iteks kolvitihendeid, varrastihendeid jne. <\/li>\n<li>Vastupidavus: H\u00fcdraulilised silindrid peavad vastu pidama karmidele t\u00f6\u00f6keskkondadele, nagu \u00e4\u00e4rmuslikud temperatuurid, k\u00f5rge \u00f5huniiskus ja kokkupuude s\u00f6\u00f6vitavate ainetega. <\/li>\n<li>Safety: The hydraulic cylinder&#8217;s design must consider the risks associated with its use, such as possible leaks and other malfunctions. <\/li>\n<li>Hooldus: H\u00fcdraulilised silindrid peavad olema konstrueeritud nii, et neid oleks lihtne hooldada ja et neid saaks h\u00f5lpsalt hooldada v\u00f5i parandada.<\/li>\n<\/ul>\n<p><img decoding=\"async\" src=\"https:\/\/www.hydraulic-cylinders.net\/wp-content\/uploads\/2025\/01\/songte-oil-pipes-and-spare-parts.webp\" alt=\"Kopa silinder Jonyangi v\u00e4ikese ekskavaatori JY615ELD jaoks\"><\/p>\n<h2>Tihendus ja m\u00e4\u00e4rimine<\/h2>\n<p>H\u00fcdrauliliste silindrite konstruktsioonis kasutatakse n\u00f5uetekohase tihenduse tagamiseks mitmesuguseid tihenduskomponente, n\u00e4iteks kolvitihendeid, vardatihendeid jne. Tihendid on valmistatud kulumiskindlatest materjalidest, nagu pol\u00fcuretaan ja nitriilkummi, et need ei kuluks kergesti. N\u00f5uetekohane m\u00e4\u00e4rimine on oluline h\u00fcdrosilindri n\u00f5uetekohase t\u00f6\u00f6 tagamiseks ja kasutusea pikendamiseks. Regulaarne sobiva koguse h\u00fcdraulika\u00f5li lisamine on vajalik.<\/p>\n<h2>Ennetav hooldus ja t\u00f5rkeotsing<\/h2>\n<p>J\u00e4rgnevalt on toodud m\u00f5ned ennetavad hooldusmeetmed, mida tuleks v\u00f5tta:<\/p>\n<ul>\n<li>Regulaarsed kontrollid: kontrollige h\u00fcdrosilindrit lekete, kahjustuste ja kulumise suhtes.<\/li>\n<li>\u00d5ige m\u00e4\u00e4rimine: Silindri ja selle komponentide \u00f5ige m\u00e4\u00e4rimine on optimaalse j\u00f5udluse tagamiseks vajalik.<\/li>\n<li>Tihendi vahetamine: Tihendid tuleks v\u00e4lja vahetada, kui neil on kulumise v\u00f5i kahjustuse m\u00e4rke.<\/li>\n<\/ul>\n<p>If the hydraulic cylinder fails, some common problems need to be checked, such as insufficient force, leakage, and damage to the cylinder walls. To fix these problems, refer to the manufacturer&#8217;s instructions. To prevent these problems from occurring, always follow proper installation and maintenance procedures.<\/p>\n<p><img decoding=\"async\" src=\"https:\/\/www.hydraulic-cylinders.net\/wp-content\/uploads\/2025\/01\/songte-bushings-with-all-kinds-of-excavator-models.webp\" alt=\"Kopa silinder Jonyangi v\u00e4ikese ekskavaatori JY615ELD jaoks\"><\/p>\n<h2>Meist<\/h2>\n<p>Oleme h\u00fcdrosilindrite tootja, mis on spetsialiseerunud laia valiku h\u00fcdrosilindrite tootmisele ja levitamisele nii sise- kui ka rahvusvahelistel turgudel. Peame kinni suurep\u00e4rasest kvaliteedist, tugineme oma peenelt kujundatud t\u00f6\u00f6kodades tootmisjuhtimise strateegiate industrialiseerimisele ning t\u00e4iustame pidevalt oma t\u00f6\u00f6koja tootmisplatvorme, t\u00e4iustades tootekvaliteedi tootmismarsruute. Meie ettev\u00f5ttel on tugev v\u00f5ime luua suure t\u00f5hususega, suure t\u00e4psusega ja k\u00f5rge kvaliteediga p\u00f5him\u00f5tteid, et rahuldada laia valikut klientide vajadusi.<\/p>\n<p>Meie ettev\u00f5te pakub professionaalseid ja rahvusvaheliselt sertifitseeritud eritellimusteenuseid, t\u00e4iustatud tootmisseadmeid ja m\u00fc\u00fcgij\u00e4rgset teenindust.<\/p>\n<p><img decoding=\"async\" src=\"https:\/\/hzpt.com\/wp-content\/uploads\/2024\/11\/songte-company-1.webp\" alt=\"Kopa silinder Jonyangi v\u00e4ikese ekskavaatori JY615ELD jaoks\"><\/p>\n<p>Selle artikli autor on lyl.<\/p>","protected":false},"excerpt":{"rendered":"<p>Bucket Cylinder For Jonyang Small Excavator JY615ELD Introduction The bucket cylinder is a specially designed hydraulic cylinder used to control the movement of the bucket in heavy machinery such as excavators, backhoe loaders, and front-end loaders. Its main function is to enable the bucket to lift, lower, and tilt, making it easier to handle various [&hellip;]<\/p>","protected":false},"featured_media":14780,"comment_status":"open","ping_status":"closed","template":"","meta":{"_et_pb_use_builder":"","_et_pb_old_content":"","_et_gb_content_width":""},"product_brand":[],"product_cat":[1494],"product_tag":[1495,1496],"class_list":{"0":"post-15663","1":"product","2":"type-product","3":"status-publish","4":"has-post-thumbnail","6":"product_cat-bucket-cylinders","7":"product_tag-bucket-cylinders","8":"product_tag-hydraulic-cylinders","10":"first","11":"instock","12":"shipping-taxable","13":"product-type-simple"},"amp_enabled":true,"_links":{"self":[{"href":"https:\/\/www.hydraulic-cylinders.net\/et\/wp-json\/wp\/v2\/product\/15663","targetHints":{"allow":["GET"]}}],"collection":[{"href":"https:\/\/www.hydraulic-cylinders.net\/et\/wp-json\/wp\/v2\/product"}],"about":[{"href":"https:\/\/www.hydraulic-cylinders.net\/et\/wp-json\/wp\/v2\/types\/product"}],"replies":[{"embeddable":true,"href":"https:\/\/www.hydraulic-cylinders.net\/et\/wp-json\/wp\/v2\/comments?post=15663"}],"wp:featuredmedia":[{"embeddable":true,"href":"https:\/\/www.hydraulic-cylinders.net\/et\/wp-json\/wp\/v2\/media\/14780"}],"wp:attachment":[{"href":"https:\/\/www.hydraulic-cylinders.net\/et\/wp-json\/wp\/v2\/media?parent=15663"}],"wp:term":[{"taxonomy":"product_brand","embeddable":true,"href":"https:\/\/www.hydraulic-cylinders.net\/et\/wp-json\/wp\/v2\/product_brand?post=15663"},{"taxonomy":"product_cat","embeddable":true,"href":"https:\/\/www.hydraulic-cylinders.net\/et\/wp-json\/wp\/v2\/product_cat?post=15663"},{"taxonomy":"product_tag","embeddable":true,"href":"https:\/\/www.hydraulic-cylinders.net\/et\/wp-json\/wp\/v2\/product_tag?post=15663"}],"curies":[{"name":"wp","href":"https:\/\/api.w.org\/{rel}","templated":true}]}}