{"id":15680,"date":"2025-01-19T14:49:59","date_gmt":"2025-01-19T14:49:59","guid":{"rendered":"https:\/\/www.hydraulic-cylinders.net\/product\/bucket-cylinder-for-ihi-small-excavator-ihi20vxt\/"},"modified":"2025-01-19T14:50:16","modified_gmt":"2025-01-19T14:50:16","slug":"bucket-cylinder-for-ihi-small-excavator-ihi20vxt","status":"publish","type":"product","link":"https:\/\/www.hydraulic-cylinders.net\/et\/toode\/bucket-cylinder-for-ihi-small-excavator-ihi20vxt\/","title":{"rendered":"IHI v\u00e4ikeekskavaatori IHI20VXT kopa silinder"},"content":{"rendered":"<h1>IHI v\u00e4ikeekskavaatori IHI20VXT kopa silinder<\/h1>\n<h2>Sissejuhatus<\/h2>\n<p>Kopa silinder on spetsiaalselt loodud h\u00fcdrauliline silinder, mida kasutatakse peamiselt kopa liikumise juhtimiseks rasketes masinates, n\u00e4iteks ekskavaatorites, laadur-ekskavaatorites ja esilaadurites. Selle peamine \u00fclesanne on v\u00f5imaldada kopa t\u00f5stmist, langetamist ja kallutamist, muutes mitmesuguste materjalik\u00e4itlust\u00f6\u00f6de tegemise lihtsamaks. H\u00fcdraulilises s\u00fcsteemis saavutab kopa silinder kopa t\u00e4pse juhtimise h\u00fcdraulika\u00f5li r\u00f5hu muutuste abil, v\u00f5imaldades operaatoritel t\u00f5husalt k\u00e4sitseda raskeid esemeid ning kohaneda keerukate t\u00f6\u00f6keskkondade ja mitmekesiste t\u00f6\u00f6n\u00f5uetega.<\/p>\n<p><img decoding=\"async\" src=\"https:\/\/www.hydraulic-cylinders.net\/wp-content\/uploads\/2025\/01\/songte-company-2.webp\" \/><\/p>\n<h2>Omadused<\/h2>\n<ul>\n<li><strong>Suur tugevus ja vastupidavus:<\/strong> Tavaliselt valmistatud \u00fclitugevast terasest v\u00f5i alumiiniumist, talub see k\u00f5rget r\u00f5hku ja suuri koormusi, kohandudes karmide t\u00f6\u00f6keskkondadega. Projekteerimisel on arvesse v\u00f5etud kulumiskindlust ja korrosioonikindlust, pikendades kasutusiga.<\/li>\n<li><strong>T\u00f5hus h\u00fcdrauliline t\u00f6\u00f6:<\/strong> Sujuv pikendamine ja tagasit\u00f5mbamine saavutatakse h\u00fcdraulika\u00f5li r\u00f5hu abil, mis tagab tugeva t\u00f5uke- ja t\u00f5mbej\u00f5u, mis sobib raskete esemete ja keerukate \u00fclesannete k\u00e4sitsemiseks.<\/li>\n<li><strong>Erinevad t\u00fc\u00fcbid:<\/strong> \u00dchetoimelisi (h\u00fcdraulilist s\u00fcsteemi kasutatakse ainult \u00fches suunas) v\u00f5i kahetoimelisi (h\u00fcdraulilist s\u00fcsteemi kasutatakse m\u00f5lemas suunas) silindreid saab valida vastavalt vajadusele, et rahuldada erinevaid t\u00f6\u00f6vajadusi. M\u00f5ned mudelid on teleskoopilised, mis v\u00f5imaldab suuremat pikendamist ilma v\u00e4lism\u00f5\u00f5tmeid suurendamata, sobides piiratud ruumiga rakenduste jaoks.<\/li>\n<li><strong>Meie toodetud:<\/strong> Meie toode saab neid h\u00fcdrosilindreid ideaalselt asendada.<\/li>\n<\/ul>\n<p><img decoding=\"async\" src=\"https:\/\/www.hydraulic-cylinders.net\/wp-content\/uploads\/2025\/01\/songte-cylinder-head-with-all-kinds-excavator-models.webp\" \/><\/p>\n<h2>Rakendused<\/h2>\n<p>Kopasilindrit kasutatakse laialdaselt erinevates rasketehnika masinates, sealhulgas:<\/p>\n<ul>\n<li><strong>Ehitustehnika:<\/strong> Ekskavaatorites on need \u00fcliolulised kaevamisel, laadimisel ja pinnase v\u00f5i prahi teisaldamisel. Ekskavaator-laadurites aitavad kopasilindrid nii kaevamisel kui ka t\u00f5stmisel. <\/li>\n<li><strong>P\u00f5llumajandustehnika:<\/strong> Kasutatakse esilaadurites mulla, heina ja muude materjalide kopeerimiseks, t\u00f5stmiseks ja transportimiseks. <\/li>\n<li><strong>Ekskavaatorid:<\/strong> Kopa silinder saavutab kaevamistoimingu, v\u00f5imaldades kopal pinnasesse tungida. <\/li>\n<li><strong>Eestlaetavad:<\/strong> Esilaadurites aitavad need kaupu t\u00f5husalt t\u00f5sta ja kallutada. <\/li>\n<\/ul>\n<h2>Projekteerimiskaalutlused ja valikukriteeriumid<\/h2>\n<p>Kopasilindri projekteerimisel tuleb arvestada kandev\u00f5ime, tihendusomaduste, vastupidavuse, ohutuse ja hooldatavusega. <\/p>\n<ul>\n<li><strong>Kandev\u00f5ime:<\/strong> Silinder peab olema piisavalt tugev, et taluda k\u00f5rget r\u00f5hku ja suuri koormusi. <\/li>\n<li><strong>Tihendusv\u00f5ime:<\/strong> Silindrist vedeliku lekke v\u00e4ltimiseks kasutatakse mitmesuguseid tihenduskomponente, n\u00e4iteks kolvitihendeid ja vardatihendeid. <\/li>\n<li><strong>Vastupidavus:<\/strong> Silinder peab olema kulumiskindel ja korrosioonikindel ning silindri korpus ja keermestatud otsapinnad on kulumiskindluse parandamiseks peenelt t\u00f6\u00f6deldud. <\/li>\n<li><strong>Ohutus:<\/strong> \u00d5nnetuste v\u00e4ltimiseks peab balloon olema konstrueeritud ohutusfunktsioonidega, n\u00e4iteks kaitseventiilide ja \u00fclekoormuskaitsega. <\/li>\n<li><strong>Hooldatavus:<\/strong> Silindrit peab olema lihtne hooldada, selle osad peavad olema kergesti vahetatavad ja remondiprotseduurid lihtsad. <\/li>\n<\/ul>\n<p><img decoding=\"async\" src=\"https:\/\/www.hydraulic-cylinders.net\/wp-content\/uploads\/2025\/01\/songte-oil-pipes-and-spare-parts.webp\" \/><\/p>\n<h2>Tihendus ja m\u00e4\u00e4rimine<\/h2>\n<p>Kopasilindris kasutatakse mitmesuguseid tihenduskomponente, n\u00e4iteks kolvitihendeid ja vardatihendeid, ning need komponendid on valmistatud kulumiskindlatest materjalidest, nagu pol\u00fcuretaan ja nitriilkummi. Silindri korpus ja keermestatud otsapinnad on peenelt t\u00f6\u00f6deldud, et parandada kulumiskindlust. Silinder vajab n\u00f5uetekohase t\u00f6\u00f6 s\u00e4ilitamiseks regulaarset m\u00e4\u00e4rimist sobiva koguse h\u00fcdraulika\u00f5liga.<\/p>\n<h2>Hooldus ja remont<\/h2>\n<p>Kopasilindrit on vaja regulaarselt kontrollida, korralikult m\u00e4\u00e4rida ja kulunud v\u00f5i kahjustatud tihendeid kiiresti v\u00e4lja vahetada. \u00d5ige paigaldamine on silindri pikaajalise t\u00f6\u00f6 tagamiseks kriitilise t\u00e4htsusega. Silindri kinnitamiseks ja \u00f5igeks joondamiseks on soovitatav kasutada sobivaid paigaldusklambreid. Silindri pikaealisuse tagamiseks tuleks j\u00e4rgida soovitatud kontrolli-, remondi- ja vahetusprotseduuri.<\/p>\n<p><img decoding=\"async\" src=\"https:\/\/www.hydraulic-cylinders.net\/wp-content\/uploads\/2025\/01\/songte-chushion-collar.webp\" \/><\/p>\n<h2>Ohutus- ja keskkonnakaalutlused<\/h2>\n<p>H\u00fcdrauliliste seadmete k\u00e4itamisel on oluline j\u00e4rgida asjakohaseid ohutusmeetmeid. \u00d5nnetuste v\u00e4ltimiseks peavad silindri konstruktsioonis olema ohutusfunktsioonid, n\u00e4iteks kaitseklapid ja \u00fclekoormuskaitse. M\u00e4\u00e4rimiseks tuleks kasutada keskkonnas\u00f5bralikku h\u00fcdraulika\u00f5li ja tagada kasutatud h\u00fcdraulika\u00f5li n\u00f5uetekohane utiliseerimine.<\/p>\n<h2>Vea diagnoosimine ja levinud probleemid<\/h2>\n<p>Kopasilindrite levinud rikete hulka kuuluvad vedeliku lekked, kolvivarda painutamine ja silindri tihendi kahjustused. Silindri pikaealisuse ja n\u00f5uetekohase t\u00f6\u00f6 tagamiseks on oluline need rikkeid kiiresti diagnoosida ja parandada.<\/p>\n<h2>Meie ettev\u00f5ttest<\/h2>\n<p>Meie ettev\u00f5te on juhtiv h\u00fcdrauliliste silindrite tootja ja hulgim\u00fc\u00fcja nii sise- kui ka rahvusvahelisel turul, pakkudes t\u00e4ielikku tootevalikut. J\u00e4rgime suurep\u00e4rase kvaliteedi p\u00f5him\u00f5tteid ja tugineme keerukate tootmist\u00f6\u00f6kodade industrialiseeritud tootmisjuhtimise strateegiale. Kasutades tehnilisi oskusi, tipptasemel digitaalseid tootmisseadmeid ja professionaalseid testimiss\u00fcsteeme, t\u00e4iustame pidevalt t\u00f6\u00f6koja tootmisplatvormi, parandame tootekvaliteedi tootmisprotsessi ja omame tugevat innovatsiooniv\u00f5imet. Meie eesm\u00e4rk on rahuldada klientide mitmekesiseid vajadusi suure efektiivsuse, suure t\u00e4psuse ja kvaliteetsete toodetega.<\/p>\n<p>Meie ettev\u00f5te pakub professionaalseid, rahvusvaheliselt sertifitseeritud ja kohandatud teenuseid ning m\u00fc\u00fcgij\u00e4rgset teenindust. Meil \u200b\u200bon t\u00e4iustatud tootmisseadmed ning pakume varuosi ja remonditeenuseid, et parandada meie toodete kasulikkust.<\/p>\n<p><img decoding=\"async\" src=\"https:\/\/www.hydraulic-cylinders.net\/wp-content\/uploads\/2025\/01\/songte-company-3.webp\" \/><\/p>\n<p>Autor: lyl<\/p>","protected":false},"excerpt":{"rendered":"<p>Bucket Cylinder For IHI Small Excavator IHI20VXT Introduction The bucket cylinder is a specially designed hydraulic cylinder mainly used for controlling the movement of the bucket in heavy machinery such as excavators, backhoe loaders, and front-end loaders. Its main function is to allow the bucket to lift, lower, and tilt, making it easier to handle [&hellip;]<\/p>","protected":false},"featured_media":14776,"comment_status":"open","ping_status":"closed","template":"","meta":{"_et_pb_use_builder":"","_et_pb_old_content":"","_et_gb_content_width":""},"product_brand":[],"product_cat":[1494],"product_tag":[1495,1496],"class_list":{"0":"post-15680","1":"product","2":"type-product","3":"status-publish","4":"has-post-thumbnail","6":"product_cat-bucket-cylinders","7":"product_tag-bucket-cylinders","8":"product_tag-hydraulic-cylinders","10":"first","11":"instock","12":"shipping-taxable","13":"product-type-simple"},"amp_enabled":true,"_links":{"self":[{"href":"https:\/\/www.hydraulic-cylinders.net\/et\/wp-json\/wp\/v2\/product\/15680","targetHints":{"allow":["GET"]}}],"collection":[{"href":"https:\/\/www.hydraulic-cylinders.net\/et\/wp-json\/wp\/v2\/product"}],"about":[{"href":"https:\/\/www.hydraulic-cylinders.net\/et\/wp-json\/wp\/v2\/types\/product"}],"replies":[{"embeddable":true,"href":"https:\/\/www.hydraulic-cylinders.net\/et\/wp-json\/wp\/v2\/comments?post=15680"}],"wp:featuredmedia":[{"embeddable":true,"href":"https:\/\/www.hydraulic-cylinders.net\/et\/wp-json\/wp\/v2\/media\/14776"}],"wp:attachment":[{"href":"https:\/\/www.hydraulic-cylinders.net\/et\/wp-json\/wp\/v2\/media?parent=15680"}],"wp:term":[{"taxonomy":"product_brand","embeddable":true,"href":"https:\/\/www.hydraulic-cylinders.net\/et\/wp-json\/wp\/v2\/product_brand?post=15680"},{"taxonomy":"product_cat","embeddable":true,"href":"https:\/\/www.hydraulic-cylinders.net\/et\/wp-json\/wp\/v2\/product_cat?post=15680"},{"taxonomy":"product_tag","embeddable":true,"href":"https:\/\/www.hydraulic-cylinders.net\/et\/wp-json\/wp\/v2\/product_tag?post=15680"}],"curies":[{"name":"wp","href":"https:\/\/api.w.org\/{rel}","templated":true}]}}