{"id":15685,"date":"2025-01-19T14:50:35","date_gmt":"2025-01-19T14:50:35","guid":{"rendered":"https:\/\/www.hydraulic-cylinders.net\/product\/bucket-cylinder-for-bobcat-small-excavator-e26\/"},"modified":"2025-01-19T14:50:37","modified_gmt":"2025-01-19T14:50:37","slug":"bucket-cylinder-for-bobcat-small-excavator-e26","status":"publish","type":"product","link":"https:\/\/www.hydraulic-cylinders.net\/et\/toode\/bucket-cylinder-for-bobcat-small-excavator-e26\/","title":{"rendered":"Bobcat v\u00e4ikeekskavaatori E26 kopa silinder"},"content":{"rendered":"<h1>Bobcat v\u00e4ikeekskavaatori E26 kopa silinder<\/h1>\n<h2>Sissejuhatus<\/h2>\n<p>A bucket cylinder for a Bobcat small excavator E26 is a type of specialized hydraulic cylinder primarily utilized to control the movement of the bucket in heavy machinery, such as excavators, backhoe excavators, and front loaders. Its primary function is to allow the bucket to be lifted, lowered, and tilted, making it easier to perform various material handling tasks. In the hydraulic system, the bucket cylinder achieves precise control of the bucket&#8217;s movement through changes in hydraulic oil pressure, allowing operators to efficiently handle heavy loads, adapt to complex working environments and diverse job requirements.<\/p>\n<p><img decoding=\"async\" src=\"https:\/\/www.hydraulic-cylinders.net\/wp-content\/uploads\/2025\/01\/songte-company-2.webp\" alt=\"\u00c4mbri silindri pilt\"><\/p>\n<h2>Omadused<\/h2>\n<ul>\n<li>Suur tugevus ja vastupidavus: tavaliselt valmistatud \u00fclitugevast terasest v\u00f5i alumiiniumist, talub k\u00f5rget r\u00f5hku ja suuri koormusi, sobib karmidesse t\u00f6\u00f6keskkondadesse, on konstrueeritud kulumiskindlust ja korrosioonikindlust silmas pidades, pikendades kasutusiga.<\/li>\n<li>T\u00f5hus h\u00fcdrauliline t\u00f6\u00f6: h\u00fcdraulika\u00f5li r\u00f5hu kasutamine sujuvate pikendus- ja kokkut\u00f5mbumisliigutuste saavutamiseks, kiire reageerimine juhtimisk\u00e4sklustele, v\u00f5imas t\u00f5uke- ja t\u00f5mbej\u00f5ud, sobib raskete koormate ja keerukate t\u00f6\u00f6\u00fclesannete k\u00e4sitsemiseks.<\/li>\n<li>Erinevaid t\u00fc\u00fcpe: \u00fchetoimelisi (h\u00fcdrauliliselt ainult \u00fches suunas) v\u00f5i kahetoimelisi (h\u00fcdrauliliselt m\u00f5lemas suunas) silindreid saab valida vastavalt vajadustele, et rahuldada erinevaid t\u00f6\u00f6n\u00f5udeid. M\u00f5ned mudelid on teleskoopilised, v\u00f5imaldades suuremat pikendamist ilma v\u00e4lism\u00f5\u00f5tmeid suurendamata, sobides piiratud ruumiga rakenduste jaoks.<\/li>\n<li>T\u00e4iuslik asendus: meie toode v\u00f5ib olla nende h\u00fcdrosilindrite ideaalne asendus.<\/li>\n<\/ul>\n<p><img decoding=\"async\" src=\"https:\/\/www.hydraulic-cylinders.net\/wp-content\/uploads\/2025\/01\/songte-cylinder-head-with-all-kinds-excavator-models.webp\" alt=\"Kopasilindri mudelid\"><\/p>\n<h2>Rakendused<\/h2>\n<p><strong>Ehitustehnika:<\/strong> Ekskavaatorites on need olulised kaevamisel, laadimisel ja pinnase v\u00f5i prahi teisaldamisel. Ekskavaatoritel aitavad kopasilindrid nii kaevamisel kui ka t\u00f5stmisel. Esilaadurite puhul h\u00f5lbustavad need lasti t\u00f5husat t\u00f5stmist ja t\u00fchjendamist.<\/p>\n<p><strong>P\u00f5llumajandusmasinad:<\/strong> Kasutatakse esilaadurites pinnase, heina ja muude materjalide kaevamiseks, t\u00f5stmiseks ja transportimiseks. Ekskavaatorites v\u00f5imaldavad kopasilindrid kaevamist, lastes kopal pinnasesse tungida. Esilaadurites aitavad need kaupu t\u00f5husalt t\u00f5sta ja t\u00fchjendada.<\/p>\n<p><img decoding=\"async\" src=\"https:\/\/www.hydraulic-cylinders.net\/wp-content\/uploads\/2025\/01\/songte-chushion-collar.webp\" alt=\"\u00c4mbri silindri krae\"><\/p>\n<h2>Projekteerimiskaalutlused ja valikukriteeriumid<\/h2>\n<ul>\n<li>Kandev\u00f5ime: Silinder peab olema konstrueeritud taluma maksimaalset koormust, mida see eeldatavasti kannab.<\/li>\n<li>Tihendus: H\u00fcdraulika\u00f5li lekke v\u00e4ltimiseks tuleks kasutada mitmesuguseid tihenduselemente, n\u00e4iteks kolvitihendeid, varrastihendeid jne.<\/li>\n<li>Vastupidavus: Ballooni konstruktsioon peab vastu pidama karmidele t\u00f6\u00f6tingimustele ning olema kulumis- ja korrosioonikindel, et pikendada selle kasutusiga.<\/li>\n<li>Ohutus: Projekteerimisse tuleks lisada ohutusmehhanismid, et v\u00e4ltida \u00f5nnetusi t\u00f6\u00f6tamise ajal.<\/li>\n<li>Hooldatavus: Silinder peab olema konstrueeritud nii, et seda oleks lihtne hooldada ja parandada.<\/li>\n<\/ul>\n<p><img decoding=\"async\" src=\"https:\/\/www.hydraulic-cylinders.net\/wp-content\/uploads\/2025\/01\/songte-oil-pipes-and-spare-parts.webp\" alt=\"Kopa silindri varuosad\"><\/p>\n<h2>Tihendus ja m\u00e4\u00e4rimine<\/h2>\n<p>H\u00fcdraulika\u00f5li lekke v\u00e4ltimiseks tuleks kasutada mitmesuguseid tihenduselemente. Tihendite jaoks kasutatakse tavaliselt pol\u00fcuretaani, nitriilkummi ja muid kulumiskindlaid materjale. Silindri korpus ja keermestatud otsapinnad on peenelt t\u00f6\u00f6deldud, et parandada kulumiskindlust. M\u00e4\u00e4rimine saavutatakse regulaarse sobiva koguse h\u00fcdraulika\u00f5li lisamisega.<\/p>\n<h2>Kontroll, ennetav hooldus<\/h2>\n<p>Ballooni n\u00f5uetekohase t\u00f6\u00f6 tagamiseks tuleks regulaarselt kontrollida ja teha ennetavaid hooldusmeetmeid. Levinud hooldust\u00f6\u00f6de hulka kuuluvad m\u00e4\u00e4rimine, tihendite vahetamine ja kalibreerimise kontrollimine. Ballooni kasutusea pikendamiseks on oluline \u00f5ige paigaldamine, m\u00e4\u00e4rimine ja reguleerimine. Paigaldamise ajal on soovitatav j\u00e4rgida \u00f5igeid joondamisjuhiseid ja kasutada ballooni kinnitamiseks sobivaid kinnitusklambreid. Saadaval on soovitatavad kontrolli-, remondi- ja vahetusprotseduurid, samuti taastamisteenused ja n\u00e4pun\u00e4ited ballooni kasutusea pikendamiseks.<\/p>\n<p><img decoding=\"async\" src=\"https:\/\/www.hydraulic-cylinders.net\/wp-content\/uploads\/2025\/01\/songte-bushings-with-all-kinds-of-excavator-models.webp\" alt=\"Kopa silindri puksid\"><\/p>\n<h2>Ohutus- ja keskkonnakaalutlused<\/h2>\n<p>H\u00fcdrauliliste silindrite kasutamisel on ohutusmeetmete, sealhulgas nende n\u00f5uetekohase paigaldamise ja kasutamise olulisust v\u00f5imatu \u00fcle hinnata. J\u00e4\u00e4tmete n\u00f5uetekohane k\u00f5rvaldamine on keskkonnaohtude minimeerimiseks h\u00e4davajalik.<\/p>\n<h2>Veaotsing ja levinud probleemid<\/h2>\n<p>H\u00fcdrauliliste silindrite t\u00fc\u00fcpiliste probleemide hulka kuuluvad lekked, kulunud tihendid ja h\u00fcdraulikavedeliku saastumine. Levinud probleemide diagnoosimiseks ja lahendamiseks on saadaval t\u00f5rkeotsingu ja probleemide lahendamise n\u00e4pun\u00e4ited. Regulaarne hooldus aitab potentsiaalseid probleeme ennetada.<\/p>\n<h2>Meist<\/h2>\n<p>Oleme asendush\u00fcdrauliliste silindrite tootja, pakkudes t\u00e4ielikku tootevalikut, ning oleme saanud \u00fcheks juhtivaks h\u00fcdrauliliste silindrite tootjaks ja hulgim\u00fc\u00fcjaks nii sise- kui ka rahvusvahelistel turgudel. J\u00e4rgime tipptasemel kvaliteedi p\u00f5him\u00f5tet, tugineme peentel tootmist\u00f6\u00f6kodadel p\u00f5hinevatele industrialiseeritud tootmisjuhtimise strateegiatele ning t\u00e4iustame pidevalt tootmisplatvormi ja tootekvaliteedi tootmisprotsessi, kasutades tehnilisi oskusi, digitaalseid tipptasemel tootmisseadmeid ja professionaalseid testimiss\u00fcsteeme. Tugeva innovatsiooniv\u00f5imekusega pakume klientidele t\u00f5husaid, t\u00e4pseid ja kvaliteetseid tooteid, mis vastavad mitmekesistele vajadustele. <\/p>\n<p><img decoding=\"async\" src=\"https:\/\/hzpt.com\/wp-content\/uploads\/2024\/11\/songte-company-1.webp\" alt=\"Meie ettev\u00f5te\"><\/p>\n<h3>Meie professionaalsus:<\/h3>\n<p>Meil on meeskond kogenud h\u00fcdrauliliste silindrite valdkonna spetsialiste, kes pakuvad meie klientidele tehnilist tuge ja lahendusi.<\/p>\n<h3>Rahvusvaheline sertifitseerimine:<\/h3>\n<p>Meie tooted on sertifitseeritud rahvusvaheliste standardiorganisatsioonide poolt, mis tagab nende kvaliteedi ja t\u00f6\u00f6kindluse.<\/p>\n<h3>Kohandamise teenused:<\/h3>\n<p>Pakume klientide ainulaadsete vajaduste rahuldamiseks kohandamisteenuseid.<\/p>\n<h3>Tootmisseadmed:<\/h3>\n<p>Meie tipptasemel tootmisseadmed tagavad meie toodete k\u00f5rge kvaliteedi ja efektiivsuse.<\/p>\n<h3>M\u00fc\u00fcgij\u00e4rgne teenindus:<\/h3>\n<p>Pakume igak\u00fclgset m\u00fc\u00fcgij\u00e4rgset teenindust ja tehnilist tuge, tagades klientide rahulolu.<\/p>\n<p><img decoding=\"async\" src=\"https:\/\/www.hydraulic-cylinders.net\/wp-content\/uploads\/2025\/01\/songte-company-3.webp\" alt=\"Meie ettev\u00f5te 2\"><\/p>\n<p><em>Autor: lyl<\/em><\/p>","protected":false},"excerpt":{"rendered":"<p>Bucket Cylinder For Bobcat Small Excavator E26 Introduction A bucket cylinder for a Bobcat small excavator E26 is a type of specialized hydraulic cylinder primarily utilized to control the movement of the bucket in heavy machinery, such as excavators, backhoe excavators, and front loaders. Its primary function is to allow the bucket to be lifted, [&hellip;]<\/p>","protected":false},"featured_media":14762,"comment_status":"open","ping_status":"closed","template":"","meta":{"_et_pb_use_builder":"","_et_pb_old_content":"","_et_gb_content_width":""},"product_brand":[],"product_cat":[1494],"product_tag":[1495,1496],"class_list":{"0":"post-15685","1":"product","2":"type-product","3":"status-publish","4":"has-post-thumbnail","6":"product_cat-bucket-cylinders","7":"product_tag-bucket-cylinders","8":"product_tag-hydraulic-cylinders","10":"first","11":"instock","12":"shipping-taxable","13":"product-type-simple"},"amp_enabled":true,"_links":{"self":[{"href":"https:\/\/www.hydraulic-cylinders.net\/et\/wp-json\/wp\/v2\/product\/15685","targetHints":{"allow":["GET"]}}],"collection":[{"href":"https:\/\/www.hydraulic-cylinders.net\/et\/wp-json\/wp\/v2\/product"}],"about":[{"href":"https:\/\/www.hydraulic-cylinders.net\/et\/wp-json\/wp\/v2\/types\/product"}],"replies":[{"embeddable":true,"href":"https:\/\/www.hydraulic-cylinders.net\/et\/wp-json\/wp\/v2\/comments?post=15685"}],"wp:featuredmedia":[{"embeddable":true,"href":"https:\/\/www.hydraulic-cylinders.net\/et\/wp-json\/wp\/v2\/media\/14762"}],"wp:attachment":[{"href":"https:\/\/www.hydraulic-cylinders.net\/et\/wp-json\/wp\/v2\/media?parent=15685"}],"wp:term":[{"taxonomy":"product_brand","embeddable":true,"href":"https:\/\/www.hydraulic-cylinders.net\/et\/wp-json\/wp\/v2\/product_brand?post=15685"},{"taxonomy":"product_cat","embeddable":true,"href":"https:\/\/www.hydraulic-cylinders.net\/et\/wp-json\/wp\/v2\/product_cat?post=15685"},{"taxonomy":"product_tag","embeddable":true,"href":"https:\/\/www.hydraulic-cylinders.net\/et\/wp-json\/wp\/v2\/product_tag?post=15685"}],"curies":[{"name":"wp","href":"https:\/\/api.w.org\/{rel}","templated":true}]}}