{"id":15688,"date":"2025-01-19T14:50:48","date_gmt":"2025-01-19T14:50:48","guid":{"rendered":"https:\/\/www.hydraulic-cylinders.net\/product\/bucket-cylinder-for-bobcat-small-excavator-e50\/"},"modified":"2025-01-19T14:50:50","modified_gmt":"2025-01-19T14:50:50","slug":"bucket-cylinder-for-bobcat-small-excavator-e50","status":"publish","type":"product","link":"https:\/\/www.hydraulic-cylinders.net\/et\/toode\/bucket-cylinder-for-bobcat-small-excavator-e50\/","title":{"rendered":"Bobcat v\u00e4ikeekskavaatori E50 kopa silinder"},"content":{"rendered":"<p><!DOCTYPE html><br \/>\n<html><br \/>\n<head><br \/>\n  <title>Bobcat v\u00e4ikeekskavaatori E50 kopa silinder<\/title><br \/>\n<\/head><br \/>\n<body><\/p>\n<h1>Bobcat v\u00e4ikeekskavaatori E50 kopa silinder<\/h1>\n<h2>Sissejuhatus<\/h2>\n<p>Bobcati v\u00e4ikeekskavaatori E50 kopa silinder on spetsiaalselt loodud h\u00fcdrauliline silinder, mida kasutatakse kopa liikumise juhtimiseks rasketes masinates, n\u00e4iteks ekskavaatorites, laadur-ekskavaatorites ja esilaadurites. Selle peamine \u00fclesanne on v\u00f5imaldada kopa t\u00f5stmist, langetamist ja kallutamist, h\u00f5lbustades mitmesuguseid materjali k\u00e4itlemise \u00fclesandeid. H\u00fcdraulikas\u00fcsteemis saavutab kopa silinder kopa t\u00e4pse juhtimise, kasutades h\u00fcdraulika\u00f5li r\u00f5humuutusi, v\u00f5imaldades operaatoritel t\u00f5husalt k\u00e4sitseda raskeid koormaid ning kohaneda keerukate t\u00f6\u00f6keskkondade ja mitmekesiste t\u00f6\u00f6n\u00f5uetega.<\/p>\n<p><img decoding=\"async\" src=\"https:\/\/www.hydraulic-cylinders.net\/wp-content\/uploads\/2025\/01\/songte-company-2.webp\" alt=\"\u00c4mbri silindri pilt\"><\/p>\n<h2>Omadused<\/h2>\n<ul>\n<li>Suur tugevus ja vastupidavus: Tavaliselt valmistatud \u00fclitugevast terasest v\u00f5i alumiiniumist, mis talub k\u00f5rget r\u00f5hku ja suuri koormusi ning kohandub karmide t\u00f6\u00f6keskkondadega. Projekteerimisel on arvestatud kulumiskindluse ja korrosioonikindlusega, et pikendada eluiga.<\/li>\n<li>T\u00f5hus h\u00fcdrauliline t\u00f6\u00f6: Kasutab h\u00fcdraulika\u00f5li r\u00f5hku sujuvate pikendus- ja tagasit\u00f5mbamisliigutuste saavutamiseks, reageerib kiiresti juhtimisk\u00e4sklustele, pakkudes v\u00f5imsaid t\u00f5uke- ja t\u00f5mbej\u00f5ude, mis sobivad raskete koormate ja keerukate t\u00f6\u00f6\u00fclesannete k\u00e4sitlemiseks.<\/li>\n<li>Erinevad t\u00fc\u00fcbid: Saadaval \u00fchetoimeliste (h\u00fcdrauliline \u00fches suunas) v\u00f5i kahetoimeliste (h\u00fcdrauliline m\u00f5lemas suunas) silindritega, mis v\u00f5imaldavad erinevaid t\u00f6\u00f6tingimusi. Teatud mudelid on teleskoopilised, mis v\u00f5imaldab suuremat pikendamist ilma v\u00e4lism\u00f5\u00f5tmeid suurendamata, mis sobib ideaalselt piiratud ruumiga rakenduste jaoks.<\/li>\n<li>T\u00e4iuslik asendus: Meie tooted sobivad ideaalselt nende h\u00fcdrosilindrite asendamiseks. Pakume laia valikut \u00fchilduvaid valikuid, et rahuldada teie vajadusi.<\/li>\n<\/ul>\n<p><img decoding=\"async\" src=\"https:\/\/www.hydraulic-cylinders.net\/wp-content\/uploads\/2025\/01\/songte-cylinder-head-with-all-kinds-excavator-models.webp\" alt=\"Asendussilindri pilt\"><\/p>\n<h2>Rakendused<\/h2>\n<ul>\n<li>Ehitusmasinad: neid leidub ekskavaatorites ning need on olulised kaevamiseks, laadimiseks ja pinnase v\u00f5i prahi teisaldamiseks. Ekskavaatorlaadurites aitab kopa silinder nii kaevamisel kui ka t\u00f5stmisel.<\/li>\n<li>P\u00f5llumajandusmasinad: Kasutatakse esilaadurites mulla, heina ja muude materjalide k\u00fchveldamiseks, t\u00f5stmiseks ja transportimiseks.<\/li>\n<li>Ekskavaatorid: Kopa silinder v\u00f5imaldab kaevamist, lastes kopal pinnasesse tungida.<\/li>\n<li>Eesmised laadurid: Eesmised laadurid aitavad kaupu t\u00f5husalt t\u00f5sta ja maha laadida.<\/li>\n<\/ul>\n<h2>Projekteerimiskaalutlused ja valikukriteeriumid<\/h2>\n<ul>\n<li>Kandev\u00f5ime: Arutage v\u00f5imet taluda raskeid koormusi.<\/li>\n<li>Tihendus: uurige korraliku tihenduse olulisust lekete v\u00e4ltimiseks.<\/li>\n<li>Vastupidavus: Arutage silindri v\u00f5imet taluda pikaajalist kasutamist ja karme tingimusi.<\/li>\n<li>Ohutus: Selgitage konstruktsioonis v\u00f5etud ohutusmeetmeid, n\u00e4iteks \u00fcler\u00f5huventiile.<\/li>\n<li>Hooldatavus: Arutage hoolduse lihtsust ja varuosade k\u00e4ttesaadavust.<\/li>\n<\/ul>\n<p><img decoding=\"async\" src=\"https:\/\/www.hydraulic-cylinders.net\/wp-content\/uploads\/2025\/01\/songte-oil-pipes-and-spare-parts.webp\" alt=\"\u00d5litorude ja varuosade pilt\"><\/p>\n<h2>Tihendus ja m\u00e4\u00e4rimine<\/h2>\n<p>Kopasilindris kasutatakse mitmesuguseid tihendeid, n\u00e4iteks kolvitihendeid ja vardatihendeid, mis on valmistatud kulumiskindlatest materjalidest, nagu pol\u00fcuretaan ja nitriilkummi. Silindri korpus ja keermestatud otsad l\u00e4bivad kulumiskindluse suurendamiseks hoolika t\u00f6\u00f6tlemise. Sujuva t\u00f6\u00f6 tagamiseks on vajalik regulaarne m\u00e4\u00e4rimine sobiva koguse h\u00fcdraulika\u00f5liga.<\/p>\n<h2>Regulaarne kontroll ja ennetav hooldus<\/h2>\n<ul>\n<li>Kontrollige silindrit kahjustuste v\u00f5i lekete suhtes.<\/li>\n<li>Optimaalse toimimise tagamiseks kasutage sobivat m\u00e4\u00e4rdeainet.<\/li>\n<li>Tihendusv\u00f5ime s\u00e4ilitamiseks kontrollige ja vahetage tihendeid regulaarselt.<\/li>\n<\/ul>\n<h2>Toote paigaldusjuhend<\/h2>\n<p>1. Alustage silindri \u00f5igest joondamisest seadmega.<\/p>\n<p>2. Kasutage silindri kinnitamiseks sobivaid kinnitusklambreid.<\/p>\n<p>3. J\u00e4rgige soovitatud kontrolli-, remondi- ja asendusprotseduure.<\/p>\n<p>4. Pakkuda silindri eluea pikendamiseks osade asendamise ja taastamise teenuseid.<\/p>\n<p><img decoding=\"async\" src=\"https:\/\/www.hydraulic-cylinders.net\/wp-content\/uploads\/2025\/01\/songte-chushion-collar.webp\" alt=\"Chushioni krae pilt\"><\/p>\n<h2>Ohutuskaalutlused ja keskkonnategurid<\/h2>\n<p>Kopasilindri kasutamisel on oluline j\u00e4rgida ohutusmeetmeid, et v\u00e4ltida \u00f5nnetusi ja tagada ohutu t\u00f6\u00f6keskkond. Ohutusabin\u00f5ud peaksid h\u00f5lmama n\u00f5uetekohast v\u00e4lja\u00f5pet, t\u00f6\u00f6juhiste j\u00e4rgimist ja sobivate isikukaitsevahendite kasutamist.<\/p>\n<h2>Veaotsing ja levinud probleemid<\/h2>\n<p>1. Probleem: Silinder lekib h\u00fcdraulikavedelikku.<\/p>\n<p>Lahendus: Kontrollige ja vahetage kahjustatud tihendid v\u00f5i tihendid v\u00e4lja.<\/p>\n<p>2. Probleem: Ebapiisav j\u00f5ud v\u00f5i aeglane t\u00f6\u00f6.<\/p>\n<p>Lahendus: Kontrollige h\u00fcdraulikavedeliku taset ja r\u00f5hku, puhastage v\u00f5i vahetage ummistunud filtrid.<\/p>\n<p>3. Probleem: Silinder ei ulatu v\u00e4lja ega t\u00f5mbu sisse.<\/p>\n<p>Lahendus: Kontrollige takistusi v\u00f5i mehaanilisi probleeme ja veenduge \u00f5iges joonduses.<\/p>\n<p><img decoding=\"async\" src=\"https:\/\/www.hydraulic-cylinders.net\/wp-content\/uploads\/2025\/01\/songte-bushings-with-all-kinds-of-excavator-models.webp\" alt=\"Pukside pilt\"><\/p>\n<p>Ennetavad meetmed aitavad potentsiaalseid probleeme v\u00e4hendada. Regulaarne hooldus, sealhulgas \u00fclevaatus ja m\u00e4\u00e4rimine, aitab oluliselt kaasa silindri optimaalse j\u00f5udluse ja pikaealisuse tagamisele.<\/p>\n<h2>Meie ettev\u00f5ttest<\/h2>\n<p>Oleme juhtiv asendush\u00fcdrauliliste silindrite tootja ja hulgim\u00fc\u00fcja nii sise- kui ka rahvusvahelisel turul. Meie tootevalik on lai ja me p\u00fc\u00fcdleme tipptaseme poole kvaliteedis. T\u00e4nu oma peenh\u00e4\u00e4lestatud tootmist\u00f6\u00f6kodadele, t\u00e4iustatud seadmetele ja professionaalsetele testimiss\u00fcsteemidele t\u00e4iustame pidevalt oma tootmisplatvormi ja tootekvaliteedi tagamise viise. Meie ettev\u00f5ttel on tugevad uuenduslikud v\u00f5imed ja oleme p\u00fchendunud klientide mitmekesiste vajaduste rahuldamisele suure t\u00f5hususega, t\u00e4psuse ja kvaliteediga.<\/p>\n<p><img decoding=\"async\" src=\"https:\/\/hzpt.com\/wp-content\/uploads\/2024\/11\/songte-company-1.webp\" alt=\"Ettev\u00f5tte kuvand\"><\/p>\n<h3>Miks valida meid?<\/h3>\n<ul>\n<li>Professionaalsus: Meil \u200b\u200bon ekspertide meeskond, kes on p\u00fchendunud kvaliteetsete toodete ja teenuste pakkumisele.<\/li>\n<li>Rahvusvahelised sertifikaadid: Meie tooted vastavad rahvusvahelistele standarditele ja sertifikaatidele, mis tagab nende t\u00f6\u00f6kindluse ja ohutuse.<\/li>\n<li>Kohandamine: Pakume kohandatud teenuseid, et kohandada oma tooteid teie konkreetsetele vajadustele.<\/li>\n<li>Tootmisseadmed: Meie tootmis\u00fcksused on varustatud tipptasemel seadmetega t\u00f5husa ja t\u00e4pse tootmise tagamiseks.<\/li>\n<li>M\u00fc\u00fcgij\u00e4rgne teenindus: Pakume igak\u00fclgset m\u00fc\u00fcgij\u00e4rgset teenindust, sealhulgas varuosade vahetust ja tehnilist tuge.<\/li>\n<\/ul>\n<p><img decoding=\"async\" src=\"https:\/\/www.hydraulic-cylinders.net\/wp-content\/uploads\/2025\/01\/songte-company-3.webp\" alt=\"Ettev\u00f5tte kuvand\"><\/p>\n<p>Autor: lyl<\/p>\n<p><\/body><br \/>\n<\/html><\/p>","protected":false},"excerpt":{"rendered":"<p>Bucket Cylinder For Bobcat Small Excavator E50 Bucket Cylinder For Bobcat Small Excavator E50 Introduction The bucket cylinder for Bobcat small excavator E50 is a specially designed hydraulic cylinder used to control the movement of the bucket in heavy machinery such as excavators, backhoe loaders, and front-end loaders. Its main function is to enable the [&hellip;]<\/p>","protected":false},"featured_media":14788,"comment_status":"open","ping_status":"closed","template":"","meta":{"_et_pb_use_builder":"","_et_pb_old_content":"","_et_gb_content_width":""},"product_brand":[],"product_cat":[1494],"product_tag":[1495,1496],"class_list":{"0":"post-15688","1":"product","2":"type-product","3":"status-publish","4":"has-post-thumbnail","6":"product_cat-bucket-cylinders","7":"product_tag-bucket-cylinders","8":"product_tag-hydraulic-cylinders","10":"first","11":"instock","12":"shipping-taxable","13":"product-type-simple"},"amp_enabled":true,"_links":{"self":[{"href":"https:\/\/www.hydraulic-cylinders.net\/et\/wp-json\/wp\/v2\/product\/15688","targetHints":{"allow":["GET"]}}],"collection":[{"href":"https:\/\/www.hydraulic-cylinders.net\/et\/wp-json\/wp\/v2\/product"}],"about":[{"href":"https:\/\/www.hydraulic-cylinders.net\/et\/wp-json\/wp\/v2\/types\/product"}],"replies":[{"embeddable":true,"href":"https:\/\/www.hydraulic-cylinders.net\/et\/wp-json\/wp\/v2\/comments?post=15688"}],"wp:featuredmedia":[{"embeddable":true,"href":"https:\/\/www.hydraulic-cylinders.net\/et\/wp-json\/wp\/v2\/media\/14788"}],"wp:attachment":[{"href":"https:\/\/www.hydraulic-cylinders.net\/et\/wp-json\/wp\/v2\/media?parent=15688"}],"wp:term":[{"taxonomy":"product_brand","embeddable":true,"href":"https:\/\/www.hydraulic-cylinders.net\/et\/wp-json\/wp\/v2\/product_brand?post=15688"},{"taxonomy":"product_cat","embeddable":true,"href":"https:\/\/www.hydraulic-cylinders.net\/et\/wp-json\/wp\/v2\/product_cat?post=15688"},{"taxonomy":"product_tag","embeddable":true,"href":"https:\/\/www.hydraulic-cylinders.net\/et\/wp-json\/wp\/v2\/product_tag?post=15688"}],"curies":[{"name":"wp","href":"https:\/\/api.w.org\/{rel}","templated":true}]}}