{"id":15693,"date":"2025-01-19T14:51:10","date_gmt":"2025-01-19T14:51:10","guid":{"rendered":"https:\/\/www.hydraulic-cylinders.net\/product\/bucket-cylinder-for-bobcat-small-excavator-e45\/"},"modified":"2025-01-19T14:51:14","modified_gmt":"2025-01-19T14:51:14","slug":"bucket-cylinder-for-bobcat-small-excavator-e45","status":"publish","type":"product","link":"https:\/\/www.hydraulic-cylinders.net\/et\/toode\/bucket-cylinder-for-bobcat-small-excavator-e45\/","title":{"rendered":"Bobcat v\u00e4ikeekskavaatori E45 kopa silinder"},"content":{"rendered":"<h2>Sissejuhatus<\/h2>\n<h3>Bobcat v\u00e4ikeekskavaatori E45 kopa silinder<\/h3>\n<p>Kopa silinder on spetsiaalne h\u00fcdrauliline silinder, mida kasutatakse peamiselt koppade liikumise juhtimiseks rasketes masinates, n\u00e4iteks ekskavaatorites, laadur-ekskavaatorites ja esilaadurites. Selle peamine \u00fclesanne on v\u00f5imaldada kopa t\u00f5stmist, langetamist ja kallutamist, muutes materjali k\u00e4itlemise \u00fclesanded lihtsamaks. H\u00fcdraulilises s\u00fcsteemis kasutab kopa silinder kopa t\u00e4pseks juhtimiseks h\u00fcdraulika\u00f5li r\u00f5humuutust, v\u00f5imaldades operaatoritel raskeid esemeid t\u00f5husalt k\u00e4sitseda ning kohaneda keerukate t\u00f6\u00f6keskkondade ja mitmekesiste t\u00f6\u00f6vajadustega.<\/p>\n<p><img decoding=\"async\" src=\"https:\/\/www.hydraulic-cylinders.net\/wp-content\/uploads\/2025\/01\/songte-company-2.webp\"\/><\/p>\n<h2>Omadused<\/h2>\n<ul>\n<li>Suur tugevus ja vastupidavus: Tavaliselt valmistatud \u00fclitugevast terasest v\u00f5i alumiiniumist, see talub k\u00f5rget r\u00f5hku ja suuri koormusi, kohaneb karmide t\u00f6\u00f6keskkondadega ning on loodud kulumis- ja korrosioonikindlaks, et pikendada selle kasutusiga.<\/li>\n<li>T\u00f5hus h\u00fcdrauliline t\u00f6\u00f6: Sujuv pikendamine ja tagasit\u00f5mbamine saavutatakse h\u00fcdraulika\u00f5li r\u00f5hu abil, mis v\u00f5imaldab kiiret reageerimist juhtimisk\u00e4sklustele ja pakub v\u00f5imsat t\u00f5uke-\/t\u00f5mbej\u00f5udu, mis sobib raskete esemete k\u00e4sitsemiseks ja keerukate t\u00f6\u00f6\u00fclesannete t\u00e4itmiseks.<\/li>\n<li>Erinevad t\u00fc\u00fcbid: Vajadusel saab valida \u00fchetoimelisi (h\u00fcdrauliliselt ainult \u00fches suunas) v\u00f5i kahetoimelisi (h\u00fcdrauliliselt m\u00f5lemas suunas) silindreid, et rahuldada erinevaid t\u00f6\u00f6vajadusi. M\u00f5ned mudelid on teleskoopilised, v\u00f5imaldades suuremat pikendamist ilma v\u00e4lism\u00f5\u00f5tmeid suurendamata, sobides ruumipiirangutega rakenduste jaoks.<\/li>\n<li>Otsene asendamine: Meie toode saab need h\u00fcdrosilindrid ideaalselt asendada.<\/li>\n<\/ul>\n<p><img decoding=\"async\" src=\"https:\/\/www.hydraulic-cylinders.net\/wp-content\/uploads\/2025\/01\/songte-cylinder-head-with-all-kinds-excavator-models.webp\"\/><\/p>\n<h2>Rakendused<\/h2>\n<p>Kopasilindrit kasutatakse peamiselt j\u00e4rgmistes rakendustes:<\/p>\n<ul>\n<li>Ehitustehnika: Ekskavaatorites on need olulised kaevamiseks, laadimiseks ja pinnase v\u00f5i prahi teisaldamiseks. Ekskavaatoritel aitab kopa silinder nii kaevamisel kui ka t\u00f5stmisel. Esilaaduritel aitavad need t\u00f5husalt kaupu t\u00f5sta ja kallutada.<\/li>\n<li>P\u00f5llumajandusmasinad: Kasutatakse esilaadurites pinnase, heina ja muude materjalide kaevamiseks, t\u00f5stmiseks ja transportimiseks, ekskavaatorites: Kopa silinder saavutab kaevamistoimingu, v\u00f5imaldades kopal pinnasesse tungida. <\/li>\n<\/ul>\n<p>Allpool on toodud m\u00f5ned konkreetsed n\u00e4ited kopp-silindrite kasutamise kohta nendes rakendustes:<\/p>\n<ul>\n<li>Ehitustehnika: Kopasilindrit kasutatakse ekskavaatorites kopa t\u00f5stmiseks ja kallutamiseks, mis v\u00f5imaldab materjali k\u00e4itlemisel paremat t\u00e4psust ja kontrolli. Ekskavaatoritel abistab kopa silinder nii kaevamisel kui ka t\u00f5stmisel. Frontaallaaduritel aitab kopa silinder kaupu t\u00f5husalt t\u00f5sta ja kallutada.<\/li>\n<li>P\u00f5llumajandusmasinad: Esilaaduritel aitab kopa silinder mulla, heina ja muude materjalide kaevamisel, t\u00f5stmisel ja transportimisel. Ekskavaatorites saavutab kopa silinder kaevamisfunktsiooni, v\u00f5imaldades kopal pinnasesse tungida.<\/li>\n<\/ul>\n<h2>Projekteerimiskaalutlused ja valikukriteeriumid<\/h2>\n<p>Kopasilindrite valimisel on oluline p\u00f6\u00f6rata t\u00e4helepanu j\u00e4rgmistele disainikaalutlustele ja valikukriteeriumidele:<\/p>\n<ul>\n<li>Kandev\u00f5ime: Silinder peab suutma taluda etten\u00e4htud koormusi ja j\u00f5ude.<\/li>\n<li>Tihendusomadused: Hea tihendus on \u00f5lilekke ja silindri kahjustuste v\u00e4ltimiseks h\u00e4davajalik.<\/li>\n<li>Vastupidavus: Silinder peaks vastu pidama raskele kasutamisele ja karmidele keskkondadele.<\/li>\n<li>Ohutus: T\u00f6\u00f6 ajal \u00f5nnetuste v\u00f5i vigastuste v\u00e4ltimiseks peavad olema paigaldatud ohutusfunktsioonid.<\/li>\n<li>Hooldatavus: Silindrit peaks olema lihtne hooldada ja parandada, et minimeerida seisakuid ja v\u00e4hendada kulusid.<\/li>\n<\/ul>\n<p><img decoding=\"async\" src=\"https:\/\/www.hydraulic-cylinders.net\/wp-content\/uploads\/2025\/01\/songte-oil-pipes-and-spare-parts.webp\"\/><\/p>\n<h2>Tihendus ja m\u00e4\u00e4rimine<\/h2>\n<p>Kopasilindris kasutatakse hea tihenduse tagamiseks mitmesuguseid tihendeid, n\u00e4iteks kolvitihendeid ja vardatihendeid, mis on valmistatud kulumiskindlatest materjalidest, n\u00e4iteks pol\u00fcuretaanist ja nitriilkummist. Silindri korpus ja keermepind on peenelt t\u00f6\u00f6deldud, et parandada kulumiskindlust. Silindri m\u00e4\u00e4rimiseks sobiva koguse h\u00fcdraulika\u00f5li regulaarne lisamine aitab pikendada selle kasutusiga.<\/p>\n<h2>Hooldus ja t\u00f5rkeotsing<\/h2>\n<p>Kopasilindrite n\u00f5uetekohase toimimise tagamiseks on oluline regulaarne hooldus. Levinud hooldust\u00f6\u00f6de hulka kuuluvad regulaarne kontroll, m\u00e4\u00e4rimine, tihendite vahetamine ja kalibreerimiskontrollid. N\u00f5uetekohane paigaldamine, m\u00e4\u00e4rimine ja reguleerimine on kopasilindri ohutu ja t\u00f5husa t\u00f6\u00f6 tagamiseks h\u00e4davajalikud. Silindri kinnitamiseks on soovitatav kasutada sobivaid paigaldusklambreid. Samuti on esitatud soovituslikud protseduurid komponentide kontrollimiseks, parandamiseks ja vahetamiseks, et pikendada kopasilindri kasutusiga. <\/p>\n<p><img decoding=\"async\" src=\"https:\/\/www.hydraulic-cylinders.net\/wp-content\/uploads\/2025\/01\/songte-chushion-collar.webp\"\/><\/p>\n<h2>Ohutuskaalutlused ja keskkonnategurid<\/h2>\n<p>Kopasilindrite kasutamisel on \u00f5nnetuste ja vigastuste v\u00e4ltimiseks oluline j\u00e4rgida ohutusjuhiseid. \u00dclekoormuse v\u00e4ltimiseks ja ballooni rikke ohu v\u00e4hendamiseks peavad olema paigaldatud ohutuselemendid, n\u00e4iteks \u00fcler\u00f5huventiilid. Samuti tuleb arvestada keskkonnateguritega, nagu temperatuur ja niiskus, ning v\u00f5tta asjakohased meetmed ballooni ohutuks kasutamiseks nendes tingimustes.<\/p>\n<p><img decoding=\"async\" src=\"https:\/\/hzpt.com\/wp-content\/uploads\/2024\/11\/songte-company-1.webp\"\/><\/p>\n<h2>Meist<\/h2>\n<p>Oleme asendush\u00fcdrauliliste silindrite tootja, pakkudes laia tootevalikut. Oleme saanud \u00fcheks juhtivaks h\u00fcdrosilindrite tootjaks ja hulgim\u00fc\u00fcjaks nii sise- kui ka rahvusvahelisel turul. Meie ettev\u00f5te j\u00e4rgib kvaliteedi tipptaseme p\u00f5him\u00f5tet ja tugineb keeruka tootmist\u00f6\u00f6koja industrialiseeritud tootmisjuhtimise strateegiale. T\u00e4iustame pidevalt oma t\u00f6\u00f6koja tootmisplatvormi, kasutades tehnilisi oskusi, digitaalseid tipptasemel tootmisseadmeid ja professionaalseid testimiss\u00fcsteeme, et parandada oma tootekvaliteedi tootmisliini. Meil \u200b\u200bon tugev loominguline v\u00f5imekus rahuldada klientide mitmekesiseid vajadusi, j\u00e4rgides k\u00f5rge efektiivsuse, suure t\u00e4psuse ja k\u00f5rge kvaliteedi p\u00f5him\u00f5tteid.<\/p>\n<p>Meie ettev\u00f5te pakub professionaalseid teenuseid, rahvusvahelisi sertifikaate, kohandatud tootmisteenuseid, t\u00e4iustatud tootmisseadmeid ja m\u00fc\u00fcgij\u00e4rgset teenindust. <\/p>\n<p><img decoding=\"async\" src=\"https:\/\/www.hydraulic-cylinders.net\/wp-content\/uploads\/2025\/01\/songte-company-3.webp\"\/><\/p>\n<p>Autor: lyl.<\/p>","protected":false},"excerpt":{"rendered":"<p>Introduction Bucket Cylinder For Bobcat Small Excavator E45 A bucket cylinder is a specialized hydraulic cylinder primarily used to control the movement of buckets in heavy machinery such as excavators, backhoe excavators, and front loaders. Its main function is to enable the bucket to be lifted, lowered, and tilted, making material handling tasks easier. In [&hellip;]<\/p>","protected":false},"featured_media":14780,"comment_status":"open","ping_status":"closed","template":"","meta":{"_et_pb_use_builder":"","_et_pb_old_content":"","_et_gb_content_width":""},"product_brand":[],"product_cat":[1494],"product_tag":[1495,1496],"class_list":{"0":"post-15693","1":"product","2":"type-product","3":"status-publish","4":"has-post-thumbnail","6":"product_cat-bucket-cylinders","7":"product_tag-bucket-cylinders","8":"product_tag-hydraulic-cylinders","10":"first","11":"instock","12":"shipping-taxable","13":"product-type-simple"},"amp_enabled":true,"_links":{"self":[{"href":"https:\/\/www.hydraulic-cylinders.net\/et\/wp-json\/wp\/v2\/product\/15693","targetHints":{"allow":["GET"]}}],"collection":[{"href":"https:\/\/www.hydraulic-cylinders.net\/et\/wp-json\/wp\/v2\/product"}],"about":[{"href":"https:\/\/www.hydraulic-cylinders.net\/et\/wp-json\/wp\/v2\/types\/product"}],"replies":[{"embeddable":true,"href":"https:\/\/www.hydraulic-cylinders.net\/et\/wp-json\/wp\/v2\/comments?post=15693"}],"wp:featuredmedia":[{"embeddable":true,"href":"https:\/\/www.hydraulic-cylinders.net\/et\/wp-json\/wp\/v2\/media\/14780"}],"wp:attachment":[{"href":"https:\/\/www.hydraulic-cylinders.net\/et\/wp-json\/wp\/v2\/media?parent=15693"}],"wp:term":[{"taxonomy":"product_brand","embeddable":true,"href":"https:\/\/www.hydraulic-cylinders.net\/et\/wp-json\/wp\/v2\/product_brand?post=15693"},{"taxonomy":"product_cat","embeddable":true,"href":"https:\/\/www.hydraulic-cylinders.net\/et\/wp-json\/wp\/v2\/product_cat?post=15693"},{"taxonomy":"product_tag","embeddable":true,"href":"https:\/\/www.hydraulic-cylinders.net\/et\/wp-json\/wp\/v2\/product_tag?post=15693"}],"curies":[{"name":"wp","href":"https:\/\/api.w.org\/{rel}","templated":true}]}}