{"id":15695,"date":"2025-01-19T14:51:21","date_gmt":"2025-01-19T14:51:21","guid":{"rendered":"https:\/\/www.hydraulic-cylinders.net\/product\/bucket-cylinder-for-bobcat-small-excavator-e85\/"},"modified":"2025-01-19T14:51:23","modified_gmt":"2025-01-19T14:51:23","slug":"bucket-cylinder-for-bobcat-small-excavator-e85","status":"publish","type":"product","link":"https:\/\/www.hydraulic-cylinders.net\/et\/toode\/bucket-cylinder-for-bobcat-small-excavator-e85\/","title":{"rendered":"Bobcat v\u00e4ikeekskavaatori E85 kopa silinder"},"content":{"rendered":"<h1>Bobcat v\u00e4ikeekskavaatori E85 kopa silinder<\/h1>\n<h2>Sissejuhatus<\/h2>\n<p>Bobcati v\u00e4ikeekskavaatori E85 kopa silinder on spetsiaalselt loodud h\u00fcdrauliline silinder, mida kasutatakse kopa liikumise juhtimiseks rasketes masinates, n\u00e4iteks ekskavaatorites, laadur-ekskavaatorites ja esilaadurites. Selle peamine \u00fclesanne on v\u00f5imaldada kopa t\u00f5stmist, langetamist ja kallutamist, muutes selle lihtsamaks mitmesuguste materjalik\u00e4itlust\u00f6\u00f6de jaoks. H\u00fcdraulikas\u00fcsteemis saavutab kopa silinder kopa liikumise t\u00e4pse juhtimise h\u00fcdraulika\u00f5li r\u00f5hu muutuse kaudu, v\u00f5imaldades operaatoritel raskeid koormaid t\u00f5husalt k\u00e4sitseda ning kohaneda keerukate t\u00f6\u00f6keskkondade ja mitmekesiste t\u00f6\u00f6vajadustega.<\/p>\n<p><img decoding=\"async\" src=\"https:\/\/www.hydraulic-cylinders.net\/wp-content\/uploads\/2025\/01\/songte-company-2.webp\" alt=\"\u00c4mbri silindri pilt\"><\/p>\n<h2>Omadused<\/h2>\n<ul>\n<li>Suur tugevus ja vastupidavus: Tavaliselt valmistatud \u00fclitugevast terasest v\u00f5i alumiiniumist, see talub k\u00f5rget r\u00f5hku ja suuri koormusi, kohaneb karmide t\u00f6\u00f6keskkondadega ning on konstrueeritud kulumiskindlust ja korrosioonikindlust silmas pidades, pikendades kasutusiga.<\/li>\n<li>T\u00f5hus h\u00fcdrauliline t\u00f6\u00f6: H\u00fcdraulika\u00f5li r\u00f5hu abil saavutatakse sujuv pikendamine ja kokkut\u00f5mbamine, mis tagab v\u00f5imsa t\u00f5uke- ja t\u00f5mbej\u00f5u, mis sobib raskete koormate ja keerukate t\u00f6\u00f6\u00fclesannete k\u00e4sitlemiseks.<\/li>\n<li>Erinevad t\u00fc\u00fcbid: Vastavalt t\u00f6\u00f6vajadustele saab valida \u00fchetoimelisi (h\u00fcdrauliliselt ainult \u00fches suunas) v\u00f5i kahetoimelisi (h\u00fcdrauliliselt m\u00f5lemas suunas) silindreid. M\u00f5ned mudelid on teleskoopilised, mis v\u00f5imaldab suuremat pikendamist ilma v\u00e4lism\u00f5\u00f5tmeid suurendamata, sobides piiratud ruumiga rakenduste jaoks.<\/li>\n<li>V\u00f5ib kasutada teiste h\u00fcdrauliliste silindrite ideaalse asendajana<\/li>\n<\/ul>\n<p><img decoding=\"async\" src=\"https:\/\/www.hydraulic-cylinders.net\/wp-content\/uploads\/2025\/01\/songte-cylinder-head-with-all-kinds-excavator-models.webp\" alt=\"H\u00fcdraulilise silindri asenduspilt\"><\/p>\n<h2>Rakendused<\/h2>\n<p>Bobcat v\u00e4ikeekskavaatori E85 kopasilindrit kasutatakse laialdaselt erinevates t\u00f6\u00f6stusvaldkondades, sealhulgas:<\/p>\n<ul>\n<li>Ehitustehnika: Ekskavaatorites on need kriitilise t\u00e4htsusega kaevamisel, laadimisel ja pinnase v\u00f5i prahi teisaldamisel. Ekskavaatorites aitab kopa silinder nii kaevamisel kui ka t\u00f5stmisel. <\/li>\n<li>P\u00f5llumajandusmasinad: Kasutatakse esilaaduritel pinnase, heina ja muude materjalide kaevamiseks, t\u00f5stmiseks ja transportimiseks. <\/li>\n<li>Ekskavaatorid: Kopa silinder saavutab kaevamistoimingu, v\u00f5imaldades kopal pinnasesse tungida. <\/li>\n<li>Laadurid: Need aitavad esilaaduritega kaupu t\u00f5husalt t\u00f5sta ja maha laadida. <\/li>\n<\/ul>\n<h2>Projekteerimiskaalutlused ja valikukriteeriumid<\/h2>\n<p>Bobcat v\u00e4ikeekskavaatori E85 kopa silinder on konstrueeritud pidades silmas olulisi kaalutlusi, nagu kandev\u00f5ime, tihendus, vastupidavus, ohutus ja hooldatavus. <\/p>\n<ul>\n<li>Kandev\u00f5ime: Silinder peab taluma k\u00f5rget r\u00f5hku ja suuri koormusi, mist\u00f5ttu on h\u00e4davajalik, et see oleks valmistatud \u00fclitugevatest materjalidest.<\/li>\n<li>Tihendus: Mitmesugused tihendusdetailid, n\u00e4iteks kolvi- ja varrastihendid, peavad olema valmistatud kulumiskindlatest materjalidest, n\u00e4iteks pol\u00fcuretaanist ja nitriilkummist, et tagada nende pikaealisus.<\/li>\n<li>Vastupidavus: Silindri korpus ja keermestatud otsapinnad peavad l\u00e4bima peene t\u00f6\u00f6tluse, et parandada kulumiskindlust ja v\u00e4hendada korrosiooni. <\/li>\n<li>Ohutus: Riskide v\u00e4hendamiseks ja \u00f5nnetuste v\u00e4ltimiseks tuleb j\u00e4rgida ohutu paigaldamise ja kasutamise juhiseid. <\/li>\n<li>Hooldatavus: Silindri optimaalse j\u00f5udluse s\u00e4ilitamiseks ja selle eluea pikendamiseks on oluline regulaarne kontroll, m\u00e4\u00e4rimine ja kulunud osade vahetamine. <\/li>\n<\/ul>\n<p><img decoding=\"async\" src=\"https:\/\/www.hydraulic-cylinders.net\/wp-content\/uploads\/2025\/01\/songte-oil-pipes-and-spare-parts.webp\" alt=\"H\u00fcdrauliliste silindrite varuosad\"><\/p>\n<h2>Tihendus ja m\u00e4\u00e4rimine<\/h2>\n<p>Bobcati v\u00e4ikeekskavaatori E85 kopa silinder on varustatud erinevate tihendusosadega, n\u00e4iteks kolvi- ja vardatihenditega, mis on valmistatud kulumiskindlatest materjalidest nagu pol\u00fcuretaan ja nitriilkummi. Silindri korpus ja keermestatud otsapinnad l\u00e4bivad peene t\u00f6\u00f6tluse, et parandada kulumiskindlust ja v\u00e4hendada korrosiooni. Optimaalse j\u00f5udluse tagamiseks ja kasutusea pikendamiseks on vaja regulaarset m\u00e4\u00e4rimist sobiva h\u00fcdraulika\u00f5liga. <\/p>\n<h2>Hooldus ja remont<\/h2>\n<p>Kulunud osade regulaarne kontroll, m\u00e4\u00e4rimine ja vahetamine on silindri optimaalse j\u00f5udluse s\u00e4ilitamiseks ja selle eluea pikendamiseks \u00fclioluline. Levinud hooldust\u00f6\u00f6de hulka kuuluvad n\u00f5uetekohane paigaldamine, regulaarne m\u00e4\u00e4rimine, tihendite vahetamine ja kalibreerimise kontrollimine. N\u00f5uetekohane paigaldamine, m\u00e4\u00e4rimine ja reguleerimine on potentsiaalsete probleemide v\u00e4hendamiseks \u00fcliolulised. Silindri kinnitamiseks on soovitatav kasutada sobivaid paigaldusklambreid.<\/p>\n<p><img decoding=\"async\" src=\"https:\/\/www.hydraulic-cylinders.net\/wp-content\/uploads\/2025\/01\/songte-chushion-collar.webp\" alt=\"H\u00fcdraulilise silindri padja krae\"><\/p>\n<h2>Ohutuskaalutlused ja keskkonnategurid<\/h2>\n<p>Kopasilindri kasutamisel tuleb j\u00e4rgida asjakohaseid ohutusmeetmeid, sh j\u00e4rgida ohutu paigaldamise ja kasutamise juhiseid, et v\u00e4hendada riske ja v\u00e4ltida \u00f5nnetusi. Optimaalse j\u00f5udluse tagamiseks tuleb arvesse v\u00f5tta keskkonnategureid, nagu temperatuur, niiskus ja tolm. <\/p>\n<h2>Veaotsing ja teadaolevad probleemid<\/h2>\n<p>Levinud probleemide hulka v\u00f5ivad kuuluda lekked, kulunud v\u00f5i kahjustatud tihendid, silindrite deformatsioon ja katkised poldid. Probleemide t\u00f5husaks diagnoosimiseks ja lahendamiseks on saadaval t\u00f5rkeotsingu n\u00e4pun\u00e4ited ja lahendused. Ennetavad meetmed, n\u00e4iteks regulaarne kontroll ja hooldus, aitavad potentsiaalseid probleeme v\u00e4hendada. <\/p>\n<p><img decoding=\"async\" src=\"https:\/\/www.hydraulic-cylinders.net\/wp-content\/uploads\/2025\/01\/songte-bushings-with-all-kinds-of-excavator-models.webp\" alt=\"H\u00fcdrauliliste silindrite puksid\"><\/p>\n<h2>Meie ettev\u00f5ttest<\/h2>\n<p>Oleme juhtiv h\u00fcdrosilindrite tootja ja hulgim\u00fc\u00fcja, pakkudes laia tootevalikut nii sise- kui ka rahvusvahelistele turgudele. J\u00e4rgime k\u00f5rgeimaid kvaliteedistandardeid ja tugineme industrialiseeritud tootmisjuhtimise strateegiatele, mida toetavad tehnoloogilised oskused, digitaalsed tipptasemel tootmisseadmed ja professionaalsed testimiss\u00fcsteemid. T\u00e4iustame pidevalt oma tootmisplatvorme, et saavutada k\u00f5rge efektiivsus, t\u00e4psus ja kvaliteet, rahuldades klientide mitmekesiseid vajadusi. <\/p>\n<ul>\n<li>Professionaalsus: Meil \u200b\u200bon kogenud ja p\u00fchendunud professionaalide meeskond, kes on p\u00fchendunud kvaliteetsete h\u00fcdrosilindrite tarnimisele. <\/li>\n<li>Rahvusvahelised sertifikaadid: Meie tooted on l\u00e4binud ISO, CE ja muud rahvusvahelised sertifikaadid, mis tagab nende kvaliteedi ja t\u00f6\u00f6kindluse. <\/li>\n<li>Kohandamine: Pakume kohandatud teenuseid, mis vastavad klientide konkreetsetele vajadustele, sealhulgas kohandatud disaini, materjalide valiku ja toote testimise. <\/li>\n<li>Tootmisseadmed: Kasutame t\u00e4iustatud tootmisseadmeid kvaliteetsete h\u00fcdrosilindrite t\u00f5husaks tootmiseks. <\/li>\n<li>M\u00fc\u00fcgij\u00e4rgne teenindus: Pakume laiaulatuslikke m\u00fc\u00fcgij\u00e4rgseid teenuseid, sealhulgas varuosade vahetust ja taastamisteenuseid, et pikendada meie toodete eluiga ja parandada nende j\u00f5udlust. <\/li>\n<\/ul>\n<p><img decoding=\"async\" src=\"https:\/\/hzpt.com\/wp-content\/uploads\/2024\/11\/songte-company-1.webp\" alt=\"H\u00fcdraulilise silindri tehase pilt\"><\/p>\n<p>Autor: lyl<\/p>","protected":false},"excerpt":{"rendered":"<p>Bucket Cylinder For Bobcat Small Excavator E85 Introduction The bucket cylinder for Bobcat small excavator E85 is a specially designed hydraulic cylinder used to control bucket movement in heavy machinery, such as excavators, backhoe excavators, and front-end loaders. Its main function is to enable the bucket to lift, lower, and tilt, making it easier for [&hellip;]<\/p>","protected":false},"featured_media":14776,"comment_status":"open","ping_status":"closed","template":"","meta":{"_et_pb_use_builder":"","_et_pb_old_content":"","_et_gb_content_width":""},"product_brand":[],"product_cat":[1494],"product_tag":[1495,1496],"class_list":{"0":"post-15695","1":"product","2":"type-product","3":"status-publish","4":"has-post-thumbnail","6":"product_cat-bucket-cylinders","7":"product_tag-bucket-cylinders","8":"product_tag-hydraulic-cylinders","10":"first","11":"instock","12":"shipping-taxable","13":"product-type-simple"},"amp_enabled":true,"_links":{"self":[{"href":"https:\/\/www.hydraulic-cylinders.net\/et\/wp-json\/wp\/v2\/product\/15695","targetHints":{"allow":["GET"]}}],"collection":[{"href":"https:\/\/www.hydraulic-cylinders.net\/et\/wp-json\/wp\/v2\/product"}],"about":[{"href":"https:\/\/www.hydraulic-cylinders.net\/et\/wp-json\/wp\/v2\/types\/product"}],"replies":[{"embeddable":true,"href":"https:\/\/www.hydraulic-cylinders.net\/et\/wp-json\/wp\/v2\/comments?post=15695"}],"wp:featuredmedia":[{"embeddable":true,"href":"https:\/\/www.hydraulic-cylinders.net\/et\/wp-json\/wp\/v2\/media\/14776"}],"wp:attachment":[{"href":"https:\/\/www.hydraulic-cylinders.net\/et\/wp-json\/wp\/v2\/media?parent=15695"}],"wp:term":[{"taxonomy":"product_brand","embeddable":true,"href":"https:\/\/www.hydraulic-cylinders.net\/et\/wp-json\/wp\/v2\/product_brand?post=15695"},{"taxonomy":"product_cat","embeddable":true,"href":"https:\/\/www.hydraulic-cylinders.net\/et\/wp-json\/wp\/v2\/product_cat?post=15695"},{"taxonomy":"product_tag","embeddable":true,"href":"https:\/\/www.hydraulic-cylinders.net\/et\/wp-json\/wp\/v2\/product_tag?post=15695"}],"curies":[{"name":"wp","href":"https:\/\/api.w.org\/{rel}","templated":true}]}}