{"id":15696,"date":"2025-01-19T14:51:25","date_gmt":"2025-01-19T14:51:25","guid":{"rendered":"https:\/\/www.hydraulic-cylinders.net\/product\/bucket-cylinder-for-bobcat-small-excavator-e418\/"},"modified":"2025-01-19T14:51:27","modified_gmt":"2025-01-19T14:51:27","slug":"bucket-cylinder-for-bobcat-small-excavator-e418","status":"publish","type":"product","link":"https:\/\/www.hydraulic-cylinders.net\/et\/toode\/bucket-cylinder-for-bobcat-small-excavator-e418\/","title":{"rendered":"Bobcat v\u00e4ikeekskavaatori E418 kopa silinder"},"content":{"rendered":"<h1>Bobcat v\u00e4ikeekskavaatori E418 kopa silinder<\/h1>\n<h2>Sissejuhatus<\/h2>\n<p>Bobcati v\u00e4ikeekskavaatori E418 kopa silinder on spetsiaalselt loodud h\u00fcdrauliline silinder, mida kasutatakse peamiselt kopa liikumise juhtimiseks rasketes masinates, n\u00e4iteks ekskavaatorites, laadur-ekskavaatorites ja esilaadurites. Selle peamine \u00fclesanne on v\u00f5imaldada kopa t\u00f5stmist, langetamist ja kallutamist, muutes mitmesuguste materjalik\u00e4itlust\u00f6\u00f6de tegemise lihtsamaks. H\u00fcdraulikas\u00fcsteemis juhib kopa silinder kopa t\u00e4pset liikumist, muutes h\u00fcdraulika\u00f5li r\u00f5hku, v\u00f5imaldades operaatoritel t\u00f5husalt k\u00e4sitseda raskeid koormaid ning kohaneda keerukate t\u00f6\u00f6keskkondade ja mitmekesiste t\u00f6\u00f6n\u00f5uetega.<\/p>\n<p><img decoding=\"async\" src=\"https:\/\/www.hydraulic-cylinders.net\/wp-content\/uploads\/2025\/01\/songte-company-2.webp\" alt=\"\u00c4mbri silinder\" \/><\/p>\n<h2>Omadused<\/h2>\n<ul>\n<li>Suur tugevus ja vastupidavus: Tavaliselt valmistatud \u00fclitugevast terasest v\u00f5i alumiiniumist, mis talub k\u00f5rget r\u00f5hku ja suuri koormusi ning on konstrueeritud kulumiskindlust ja korrosioonikindlust silmas pidades, pikendades kasutusiga.<\/li>\n<li>T\u00f5hus h\u00fcdrauliline t\u00f6\u00f6: H\u00fcdraulika\u00f5li r\u00f5hu abil saavutatakse sujuvad paisumis- ja kokkut\u00f5mbumisliigutused, mis v\u00f5imaldab kiiret reageerimist juhtimisk\u00e4sklustele, tugevat t\u00f5uke- ja t\u00f5mbej\u00f5udu ning sobib ideaalselt raskete koormate ja keerukate t\u00f6\u00f6\u00fclesannete k\u00e4sitlemiseks.<\/li>\n<li>Erinevad t\u00fc\u00fcbid: Valige vastavalt t\u00f6\u00f6vajadustele \u00fchetoimeliste (h\u00fcdraulilist s\u00fcsteemi kasutatakse ainult \u00fches suunas) v\u00f5i kahetoimeliste (h\u00fcdraulilist s\u00fcsteemi kasutatakse m\u00f5lemas suunas) silindrite vahel. M\u00f5ned mudelid on teleskoopilised, v\u00f5imaldades suuremat pikendust ilma v\u00e4lism\u00f5\u00f5tmeid suurendamata, sobides rakenduste jaoks, kus ruum on piiratud.<\/li>\n<li>Kohandatav: Meie tooteid saab kohandada vastavalt teie konkreetsetele vajadustele ja need v\u00f5ivad asendada teiste tootjate sarnaseid h\u00fcdrosilindreid.<\/li>\n<\/ul>\n<p><img decoding=\"async\" src=\"https:\/\/www.hydraulic-cylinders.net\/wp-content\/uploads\/2025\/01\/songte-cylinder-head-with-all-kinds-excavator-models.webp\" alt=\"Kohandatav \u00e4mbrisilinder\" \/><\/p>\n<h2>Rakendused<\/h2>\n<p>Kopasilindrit kasutatakse erinevates rakendustes:<\/p>\n<ul>\n<li>Ehitustehnika: Ekskavaatorites on need olulised kaevamiseks, laadimiseks ja pinnase v\u00f5i prahi teisaldamiseks. Ekskavaatorites aitab kopa silinder nii kaevamisel kui ka t\u00f5stmisel. <\/li>\n<li>P\u00f5llumajandusmasinad: neid kasutatakse esilaadurites pinnase, heina ja muude materjalide t\u00f5stmiseks ja t\u00fchjendamiseks. Ekskavaatorites v\u00f5imaldab kopa silinder kaevamist, lastes kopal pinnasesse tungida. <\/li>\n<li>Laadur: Esilaadurites aitavad need kaupu t\u00f5husalt t\u00f5sta ja maha laadida.<\/li>\n<\/ul>\n<p>Iga rakendust kirjeldatakse allpool \u00fcksikasjalikumalt:<\/p>\n<h3>Ehitustehnika<\/h3>\n<p>Kopa silinder m\u00e4ngib ekskavaatorite sujuva t\u00f6\u00f6 tagamisel \u00fcliolulist rolli. Kaevamisel aitab kopa silinder h\u00f5lpsalt pinnasesse tungida, pinnast ja prahti t\u00f5sta ja maha visata. Ekskavaatorites aitab silinder kaevamisel ja t\u00f5stmisel, aidates materjali h\u00f5lpsalt laadida ja kanda.<\/p>\n<h3>P\u00f5llumajandustehnika<\/h3>\n<p>P\u00f5llumajandusmasinate esilaaduritel olevad kopasilindrid aitavad t\u00f5husalt t\u00f5sta ja t\u00fchjendada materjale, nagu pinnas, hein, s\u00f6\u00f6t ja muud p\u00f5llumajandussaadused. P\u00f5llumajanduses kasutatavates ekskavaatorites v\u00f5imaldab kopa silinder kaevamist, lastes kopal h\u00f5lpsalt pinnasesse tungida.<\/p>\n<h3>Laadur<\/h3>\n<p>Esilaadurite kopa silinder aitab kaupu t\u00f5husalt t\u00f5sta ja t\u00fchjendada, mist\u00f5ttu sobib see ideaalselt raskete materjalide laadimiseks ja mahalaadimiseks.<\/p>\n<p><img decoding=\"async\" src=\"https:\/\/www.hydraulic-cylinders.net\/wp-content\/uploads\/2025\/01\/songte-bushings-with-all-kinds-of-excavator-models.webp\" alt=\"Kopa silinder kasutusel\" \/><\/p>\n<h2>Projekteerimiskaalutlused ja valikukriteeriumid<\/h2>\n<p>Kopasilindri valimisel tuleks arvesse v\u00f5tta mitmeid tegureid, n\u00e4iteks silindri kandev\u00f5imet, tihendust, vastupidavust, ohutust ja hooldatavust. <\/p>\n<ul>\n<li>Kandev\u00f5ime: Kopa silinder peab olenevalt rakendusest suutma eeldatavat koormust paindumata v\u00f5i purunemata taluda.<\/li>\n<li>Tihendus: Kopa silinder peab olema piisavalt tihendatud, et v\u00e4ltida h\u00fcdraulikavedeliku lekkimist ja keskkonna saastamist.<\/li>\n<li>Vastupidavus: Kopa silinder peab olema valmistatud vastupidavatest materjalidest, et see taluks karmi t\u00f6\u00f6keskkonda, pikendades selle eluiga.<\/li>\n<li>Ohutus: Kopa silinder peab olema konstrueeritud nii, et see tagaks operaatori ja seadme \u00fcmber olevate isikute ohutuse.<\/li>\n<li>Hooldatavus: Kopa silinder peab olema konstrueeritud nii, et seda oleks lihtne hooldada, sealhulgas tihendite vahetamine, puhastamine ja m\u00e4\u00e4rimine.<\/li>\n<\/ul>\n<p><img decoding=\"async\" src=\"https:\/\/www.hydraulic-cylinders.net\/wp-content\/uploads\/2025\/01\/songte-oil-pipes-and-spare-parts.webp\" alt=\"Kopasilindri varuosad\" \/><\/p>\n<h2>Tihendus ja m\u00e4\u00e4rimine<\/h2>\n<p>Kopasilindris kasutatakse mitmesuguseid tihendeid, n\u00e4iteks kolvitihendeid ja vardatihendeid, mis on valmistatud kulumiskindlatest materjalidest, n\u00e4iteks pol\u00fcuretaanist ja nitriilkummist, et tagada n\u00f5uetekohane tihendus ja v\u00e4ltida \u00f5lilekkeid. Silindri korpus ja keermestatud otsapinnad on peenelt t\u00f6\u00f6deldud, et parandada kulumiskindlust. Silindri seina ja kolvi m\u00e4\u00e4rimiseks ja kulumise v\u00e4ltimiseks on vaja regulaarselt h\u00fcdraulika\u00f5li sissepritsimist.<\/p>\n<h2>Hooldus ja remont<\/h2>\n<p>Kopasilindri regulaarne kontroll ja ennetav hooldus on olulised, et tagada silindri optimaalne j\u00f5udlus ning v\u00e4ltida kulukaid seisakuid ja remonti. Regulaarne kontroll, asjakohane m\u00e4\u00e4rimine ja kalibreerimiskontrollid on \u00fched k\u00f5ige levinumad hooldust\u00f6\u00f6d. \u00d5ige paigaldamine, m\u00e4\u00e4rimine ja reguleerimine on \u00fcliolulised ning silindri \u00f5ige joondamine on h\u00e4davajalik. Silindri kinnitamiseks tuleks kasutada \u00f5igeid paigaldusklambreid. Kopasilindri eluea pikendamiseks on esitatud soovitatavad kontrolli-, remondi- ja vahetusprotseduurid. <\/p>\n<p><img decoding=\"async\" src=\"https:\/\/www.hydraulic-cylinders.net\/wp-content\/uploads\/2025\/01\/songte-chushion-collar.webp\" alt=\"Kopa silindri hooldus ja remont\" \/><\/p>\n<h2>Ohutuskaalutlused ja keskkonnategurid<\/h2>\n<p>Kopasilindrite kasutamisel on oluline arvestada ohutusabin\u00f5udega, n\u00e4iteks v\u00e4ltida t\u00f6\u00f6tajate l\u00f6\u00f6gi saamist kopasilindri poolt t\u00f6\u00f6tamise ajal. Keskkonna saastumise v\u00e4ltimiseks tuleb j\u00e4rgida h\u00fcdraulika\u00f5li ja muude ohtlike materjalide n\u00f5uetekohast k\u00f5rvaldamist.<\/p>\n<h2>Rikete diagnoosimine ja t\u00f5rkeotsing<\/h2>\n<p>Kopasilindrite tavalisteks probleemideks v\u00f5ivad olla \u00f5lileke, aeglane t\u00f6\u00f6 v\u00f5i v\u00e4henenud v\u00f5imsus. Nende probleemide v\u00e4ltimiseks on oluline regulaarne kontroll, ennetav hooldus ja kiire remont. Probleemide ilmnemisel on v\u00f5imalik t\u00f5rkeotsing teha, tuvastades probleemi algp\u00f5hjuse ja seej\u00e4rel defektsed osad parandades v\u00f5i asendades.<\/p>\n<p><img decoding=\"async\" src=\"https:\/\/hzpt.com\/wp-content\/uploads\/2024\/11\/songte-company-1.webp\" alt=\"\u00c4mbri silindri t\u00f5rkeotsing\" \/><\/p>\n<h2>Meist<\/h2>\n<p>Oleme h\u00fcdrosilindrite tootja, pakkudes t\u00e4ielikku tootevalikut ning oleme saanud \u00fcheks juhtivaks h\u00fcdrosilindrite tootjaks ja hulgim\u00fc\u00fcjaks nii sise- kui ka rahvusvahelisel turul. J\u00e4rgime suurep\u00e4rase kvaliteedi strateegiat ja toetume peentootmist\u00f6\u00f6kodade t\u00f6\u00f6stusliku tootmise juhtimisele. J\u00e4tkame t\u00f6\u00f6koja tootmisplatvormi t\u00e4iustamist, tootekvaliteedi parandamist tootmisliinidel ning omame tugevaid loomisv\u00f5imalusi, et rahuldada klientide mitmekesiseid vajadusi k\u00f5rge efektiivsuse, suure t\u00e4psuse ja k\u00f5rgete kvaliteedip\u00f5him\u00f5tetega. <\/p>\n<p>Meie ettev\u00f5te pakub professionaalset asjatundlikkust, rahvusvahelist sertifitseerimist, kohandatud teenuseid, tootmisseadmeid ja m\u00fc\u00fcgij\u00e4rgset teenindust. <\/p>\n<p><img decoding=\"async\" src=\"https:\/\/www.hydraulic-cylinders.net\/wp-content\/uploads\/2025\/01\/songte-company-3.webp\" alt=\"Meist\" \/><\/p>\n<p>Autor: lyl<\/p>","protected":false},"excerpt":{"rendered":"<p>Bucket Cylinder For Bobcat Small Excavator E418 Introduction The bucket cylinder for Bobcat small excavator E418 is a specially designed hydraulic cylinder primarily used to control the movement of the bucket in heavy machinery such as excavators, backhoe excavators, and front-end loaders. Its main function is to allow the bucket to lift, lower, and tilt, [&hellip;]<\/p>","protected":false},"featured_media":14773,"comment_status":"open","ping_status":"closed","template":"","meta":{"_et_pb_use_builder":"","_et_pb_old_content":"","_et_gb_content_width":""},"product_brand":[],"product_cat":[1494],"product_tag":[1495,1496],"class_list":{"0":"post-15696","1":"product","2":"type-product","3":"status-publish","4":"has-post-thumbnail","6":"product_cat-bucket-cylinders","7":"product_tag-bucket-cylinders","8":"product_tag-hydraulic-cylinders","10":"first","11":"instock","12":"shipping-taxable","13":"product-type-simple"},"amp_enabled":true,"_links":{"self":[{"href":"https:\/\/www.hydraulic-cylinders.net\/et\/wp-json\/wp\/v2\/product\/15696","targetHints":{"allow":["GET"]}}],"collection":[{"href":"https:\/\/www.hydraulic-cylinders.net\/et\/wp-json\/wp\/v2\/product"}],"about":[{"href":"https:\/\/www.hydraulic-cylinders.net\/et\/wp-json\/wp\/v2\/types\/product"}],"replies":[{"embeddable":true,"href":"https:\/\/www.hydraulic-cylinders.net\/et\/wp-json\/wp\/v2\/comments?post=15696"}],"wp:featuredmedia":[{"embeddable":true,"href":"https:\/\/www.hydraulic-cylinders.net\/et\/wp-json\/wp\/v2\/media\/14773"}],"wp:attachment":[{"href":"https:\/\/www.hydraulic-cylinders.net\/et\/wp-json\/wp\/v2\/media?parent=15696"}],"wp:term":[{"taxonomy":"product_brand","embeddable":true,"href":"https:\/\/www.hydraulic-cylinders.net\/et\/wp-json\/wp\/v2\/product_brand?post=15696"},{"taxonomy":"product_cat","embeddable":true,"href":"https:\/\/www.hydraulic-cylinders.net\/et\/wp-json\/wp\/v2\/product_cat?post=15696"},{"taxonomy":"product_tag","embeddable":true,"href":"https:\/\/www.hydraulic-cylinders.net\/et\/wp-json\/wp\/v2\/product_tag?post=15696"}],"curies":[{"name":"wp","href":"https:\/\/api.w.org\/{rel}","templated":true}]}}