{"id":1570,"date":"2023-10-07T02:18:33","date_gmt":"2023-10-07T02:18:33","guid":{"rendered":"https:\/\/hydraulic-cylinders.net\/?post_type=product&#038;p=1570"},"modified":"2025-03-28T06:38:01","modified_gmt":"2025-03-28T06:38:01","slug":"crane-cylinder-for-mobile-crane-outrigger-expansion","status":"publish","type":"product","link":"https:\/\/www.hydraulic-cylinders.net\/et\/toode\/crane-cylinder-for-mobile-crane-outrigger-expansion\/","title":{"rendered":"Kraana silinder mobiilkraana tugijalgade laiendamiseks"},"content":{"rendered":"<h1 style=\"text-align: center;\"><strong> Kraana silinder mobiilkraana tugijalgade laiendamiseks<\/strong><\/h1>\n<p><img loading=\"lazy\" decoding=\"async\" class=\"aligncenter wp-image-1571\" src=\"https:\/\/hydraulic-cylinders.net\/wp-content\/uploads\/2023\/10\/outrigger-expansion-cylinder-1-300x300.webp\" alt=\"Kraana silinder mobiilkraana tugijalgade laienduseks-1\" width=\"400\" height=\"400\" \/><\/p>\n<p>See <strong>Kraana silinder mobiilkraana tugijalgade laiendamiseks<\/strong> on oluline komponent, mis suurendab mobiilkraanade stabiilsust ja ulatust t\u00f5stetoimingute ajal. See h\u00fcdrauliline silinder, mis on loodud tugijalgade pikendamiseks ja sisset\u00f5mbamiseks, m\u00e4ngib olulist rolli kindla aluse loomisel ja t\u00f6\u00f6v\u00f5ime suurendamisel.<\/p>\n<p>See asendamatu kraanasilinder parandab oluliselt mobiilkraanade stabiilsust, kandev\u00f5imet ja ulatust t\u00f5stmist\u00f6\u00f6de ajal. Selle vastupidav konstruktsioon ja t\u00e4pne h\u00fcdrauliline juhtimine tagavad ohutu ja t\u00f5husa t\u00f5stmise erinevates ehitus- ja t\u00f6\u00f6stuskeskkondades. \u00d5igete kasutusmeetodite ja soovitatud hooldustavade j\u00e4rgimisega saavad operaatorid maksimeerida mobiilkraana tugijalgade laiendamiseks m\u00f5eldud kraanasilindri eluiga ja t\u00f6\u00f6kindlust, tagades seel\u00e4bi edukad t\u00f5stmist\u00f6\u00f6d. Valige see oluline h\u00fcdrauliline komponent, et suurendada oma mobiilkraana s\u00fcsteemi stabiilsust, ulatust ja tootlikkust.<\/p>\n<p><strong>Kraanasilindri p\u00f5hiomadused mobiilkraana tugijalgade laiendamiseks:<\/strong><\/p>\n<p><strong>Tugev konstruktsioon ja vastupidavus:<\/strong> Mobiilkraana tugijalgade laiendamiseks m\u00f5eldud kraanasilinder on valmistatud kvaliteetsetest materjalidest, mis tagab erakordse tugevuse ja pikaealisuse. See on konstrueeritud taluma suuri koormusi, l\u00f6\u00f6ke ja keerulisi keskkonnatingimusi, pakkudes usaldusv\u00e4\u00e4rset j\u00f5udlust n\u00f5udlikes t\u00f6\u00f6keskkondades.<\/p>\n<p><strong>H\u00fcdrauliline juhtimine ja t\u00e4psus:<\/strong> See silinder rakendab h\u00fcdraulilist j\u00f5udu tugijalgade talade pikendamiseks ja tagasit\u00f5mbamiseks. H\u00fcdrauliline juhtimiss\u00fcsteem v\u00f5imaldab t\u00e4pseid reguleerimisi, mis laseb operaatoritel saavutada soovitud tugijalgade pikenduspikkuse t\u00e4pselt.<\/p>\n<p><strong>Suurem stabiilsus ja kandev\u00f5ime:<\/strong> Kraana silinder mobiilkraana tugijalgade laiendamiseks parandab oluliselt kraana stabiilsust, pikendades tugijalgade talasid. See jaotab koormuse t\u00f5husalt laiemale alale, minimeerides \u00fcmberkukkumisohtu ja tagades ohutu t\u00f5stmise isegi raskete koormate korral.<\/p>\n<p><strong>Suurem ulatus ja paindlikkus:<\/strong> Selle silindri tugijalgade laiendamisv\u00f5imalus v\u00f5imaldab mobiilkraanadel saavutada suuremaid k\u00f5rgusi ja laiendada t\u00f6\u00f6ulatust. See omadus on eriti kasulik kitsastes kohtades t\u00f6\u00f6tamisel v\u00f5i kui on vaja t\u00e4iendavat horisontaalset ulatust.<\/p>\n<h1><strong>Kraana silinder mobiilkraana tugijalgade laiendamiseks <\/strong><strong style=\"font-size: 26px;\">Parameeter:<\/strong><\/h1>\n<table border=\"1\" cellspacing=\"0\" cellpadding=\"0\">\n<tbody>\n<tr>\n<td>Toote nimi<\/td>\n<td>Mobiilkraana tugijalgade paisusilindri<\/td>\n<\/tr>\n<tr>\n<td>Omadused:<\/td>\n<td>Pikendage tugijalgade silindrit horisontaalselt<\/td>\n<\/tr>\n<tr>\n<td>Ava l\u00e4bim\u00f5\u00f5t:<\/td>\n<td>50 mm\uff5e75 mm<\/td>\n<\/tr>\n<tr>\n<td>Varda l\u00e4bim\u00f5\u00f5t:<\/td>\n<td>25 mm\uff5e55 mm<br \/>\nL\u00f6\u00f6k \u22642500 mm<\/td>\n<\/tr>\n<tr>\n<td>R\u00f5hk:<\/td>\n<td>Maksimaalselt 35 MPa<\/td>\n<\/tr>\n<tr>\n<td>Teleskoopsilindri rakendused:<\/td>\n<td>Mobiilne kraana<\/td>\n<\/tr>\n<\/tbody>\n<\/table>\n<h1><strong>Kraana silinder mobiilkraanade tugijalgade laiendamiseks <\/strong><strong style=\"font-size: 26px;\">Identifitseerimisdiagramm:<\/strong><\/h1>\n<p><img loading=\"lazy\" decoding=\"async\" class=\"alignnone wp-image-1551 size-full\" src=\"https:\/\/www.hydraulic-cylinders.net\/wp-content\/uploads\/2023\/09\/mobile-crane-cylinder-construction-1.webp\" alt=\"Kraana silinder mobiilkraana tugijalgade laienduseks-2\" width=\"1418\" height=\"946\" srcset=\"https:\/\/www.hydraulic-cylinders.net\/wp-content\/uploads\/2023\/09\/mobile-crane-cylinder-construction-1.webp 1418w, https:\/\/www.hydraulic-cylinders.net\/wp-content\/uploads\/2023\/09\/mobile-crane-cylinder-construction-1-1280x854.webp 1280w, https:\/\/www.hydraulic-cylinders.net\/wp-content\/uploads\/2023\/09\/mobile-crane-cylinder-construction-1-980x654.webp 980w, https:\/\/www.hydraulic-cylinders.net\/wp-content\/uploads\/2023\/09\/mobile-crane-cylinder-construction-1-480x320.webp 480w\" sizes=\"(min-width: 0px) and (max-width: 480px) 480px, (min-width: 481px) and (max-width: 980px) 980px, (min-width: 981px) and (max-width: 1280px) 1280px, (min-width: 1281px) 1418px, 100vw\" \/><\/p>\n<h2><strong>Kasutusmeetod <\/strong><strong>Kraana silinder mobiilkraanade tugijalgade laiendamiseks<\/strong><strong>:<\/strong><\/h2>\n<ol>\n<li><strong>Tutvuge juhtnuppude ja ohutusjuhistega:<\/strong><\/li>\n<\/ol>\n<ul>\n<li>Enne mobiilkraana tugijalgade paisusilindri kasutamist peavad operaatorid tutvuma oma kraanamudelile omaste juhtseadmete ja ohutusjuhistega.<\/li>\n<li>\u00d5nnetuste v\u00e4ltimiseks veenduge, et j\u00e4rgitakse k\u00f5iki ohutusprotseduure, sh tugijalgade n\u00f5uetekohast paigaldamist ja sisset\u00f5mbamist.<\/li>\n<\/ul>\n<ol start=\"2\">\n<li><strong>Pikendage tugijalgu:<\/strong><\/li>\n<\/ol>\n<ul>\n<li>Aktiveeri h\u00fcdraulilised juhtseadised, et tugijalgade talade v\u00e4lja sirutada.<\/li>\n<li>Pikendage tugijalgu j\u00e4rk-j\u00e4rgult soovitud pikkuseni, j\u00e4lgides samal ajal pikendamisprotsessi.<\/li>\n<\/ul>\n<ol start=\"3\">\n<li><strong>Kraana stabiliseerimine:<\/strong><\/li>\n<\/ol>\n<ul>\n<li>Kui tugijalad on t\u00e4ielikult v\u00e4lja sirutatud, stabiliseerige kraana tugijalgade patjade reguleerimise teel, et tagada tasane ja kindel alus.<\/li>\n<li>Veenduge, et tugijalgade padjad oleksid asetatud stabiilsele pinnale v\u00f5i sobivatele tugipindadele.<\/li>\n<\/ul>\n<ol start=\"4\">\n<li><strong>T\u00f5mmake tugijalad sisse:<\/strong><\/li>\n<\/ol>\n<ul>\n<li>Kui t\u00f5stetoiming on l\u00f5ppenud, t\u00f5mmake tugijalgade talad h\u00fcdrauliliste juhtseadmete abil sisse.<\/li>\n<li>T\u00f5mmake tugijalad j\u00e4rk-j\u00e4rgult sisse, tagades sujuva ja kontrollitud protsessi.<\/li>\n<\/ul>\n<h2><strong>Kuidas traktori h\u00fcdros\u00fcsteemist \u00f5hku eemaldada?<\/strong><\/h2>\n<p>Traktori h\u00fcdros\u00fcsteemist \u00f5hu eemaldamiseks toimige j\u00e4rgmiselt.<\/p>\n<ol>\n<li><strong>Tuvastage \u00f5hu s\u00fcmptomid:<\/strong>\n<ul>\n<li>Kui kahtlustate, et h\u00fcdraulikas\u00fcsteemis on \u00f5hku, otsige tavalisi s\u00fcmptomeid, nagu h\u00fcdraulikakomponentide eba\u00fchtlane v\u00f5i eba\u00fchtlane t\u00f6\u00f6, v\u00e4henenud t\u00f5stev\u00f5ime v\u00f5i ebatavalised helid.<\/li>\n<li>\u00d5hu olemasolu kinnitamine aitab teil kindlaks teha sobivad toimingud.<\/li>\n<\/ul>\n<\/li>\n<li><strong>Kontrollige vedeliku taset:<\/strong>\n<ul>\n<li>Veenduge, et h\u00fcdraulikavedeliku tase paagis on soovituslikul tasemel.<\/li>\n<li>Kui tase on madal, v\u00f5ib see s\u00fcsteemi \u00f5hku sattuda. Lisage soovitatava taseme saavutamiseks sobivat h\u00fcdraulika\u00f5li.<\/li>\n<\/ul>\n<\/li>\n<li><strong>S\u00fcsteemi \u00f5hutamine:<\/strong>\n<ul>\n<li>Leidke h\u00fcdraulikas\u00fcsteemis \u00f5hutusventiilid v\u00f5i korgid.<\/li>\n<li>Alustage h\u00fcdropumbast k\u00f5ige kaugemal asuvast komponendist ja liikuge l\u00e4hemale.<\/li>\n<li>Avage \u00f5hutusventiil v\u00f5i kork aeglaselt, et vabastada kogu kinni j\u00e4\u00e4nud \u00f5hk.<\/li>\n<li>Laske \u00f5hul v\u00e4ljuda, kuni on n\u00e4ha h\u00fcdraulikavedeliku pidevat voolu, mis n\u00e4itab, et \u00f5hk on eemaldatud.<\/li>\n<li>Sulgege \u00f5hutusventiil v\u00f5i kork tihedalt.<\/li>\n<\/ul>\n<\/li>\n<li><strong>H\u00fcdraulilise pumba \u00f5hu eemaldamine:<\/strong>\n<ul>\n<li>Kui h\u00fcdropumbal on \u00f5hutusventiil, leidke see ja avage see aeglaselt.<\/li>\n<li>H\u00fcdraulikas\u00fcsteemi juhtimiseks l\u00fclitage sisse h\u00fcdrauliline t\u00f5stuk v\u00f5i liigutage h\u00fcdraulika juhtseadmeid, et vedelikku ringelda ja kogu kinni j\u00e4\u00e4nud \u00f5hk avatud \u00f5hutusklapi kaudu v\u00e4lja suruda.<\/li>\n<li>Sulgege \u00f5hutusventiil, kui h\u00fcdraulikas\u00fcsteem on \u00f5huvaba ja h\u00fcdraulikakomponendid t\u00f6\u00f6tavad sujuvalt.<\/li>\n<\/ul>\n<\/li>\n<li><strong>Korrake protsessi:<\/strong>\n<ul>\n<li>Kui h\u00fcdraulikas\u00fcsteemis esineb endiselt \u00f5huga seotud s\u00fcmptomeid, korrake \u00f5hutusprotsessi iga komponendi juures, alustades k\u00f5ige kaugemast punktist ja liikudes h\u00fcdraulikapumba suunas.<\/li>\n<li>Veenduge, et kogu \u00f5hk on s\u00fcsteemist eemaldatud, avades \u00f5hutusventiilid v\u00f5i -korgid ja lastes \u00f5hul v\u00e4lja p\u00e4\u00e4seda.<\/li>\n<\/ul>\n<\/li>\n<li><strong>Lekete kontrollimine:<\/strong>\n<ul>\n<li>Kontrollige k\u00f5iki h\u00fcdraulikas\u00fcsteemi \u00fchendusi, voolikuid ja tihendeid lekete suhtes.<\/li>\n<li>K\u00f5rvaldage k\u00f5ik lekked viivitamatult, pingutades \u00fchendusi v\u00f5i vahetades kahjustatud komponendid v\u00e4lja.<\/li>\n<li>Lekked v\u00f5ivad s\u00fcsteemi \u00f5hku sisse tuua, seega on lekkevaba s\u00fcsteem n\u00f5uetekohase h\u00fcdraulika t\u00f6\u00f6 jaoks h\u00e4davajalik.<\/li>\n<\/ul>\n<\/li>\n<li><strong>Testis\u00fcsteemi j\u00f5udlus:<\/strong>\n<ul>\n<li>P\u00e4rast \u00f5hu eemaldamist ja lekete k\u00f5rvaldamist kontrollige h\u00fcdraulikas\u00fcsteemi j\u00f5udlust, et tagada selle n\u00f5uetekohane t\u00f6\u00f6.<\/li>\n<li>K\u00e4ivitage h\u00fcdraulilised funktsioonid, n\u00e4iteks lisaseadmete t\u00f5stmine ja langetamine, ning j\u00e4lgige nende sujuvust ja j\u00e4rjepidevust.<\/li>\n<\/ul>\n<\/li>\n<\/ol>\n<h2><strong>Tehase v\u00f5imekus ja suutlikkus:<\/strong><\/h2>\n<h3><strong>(1) Kokkupanek<\/strong><\/h3>\n<p>Meie rajatisel on tipptasemel s\u00f5ltumatu teadus- ja arendustegevuse montaa\u017eiplatvorm, mis on p\u00fchendatud h\u00fcdrauliliste silindrite tootmisele. Meil \u200b\u200bon neli poolautomaatset t\u00f5stesilindrite montaa\u017eiliini ja \u00fcks t\u00e4isautomaatne kallutussilindrite montaa\u017eiliin muljetavaldava aastase tootmisv\u00f5imsusega 1 miljon silindrit.<img loading=\"lazy\" decoding=\"async\" class=\"aligncenter wp-image-626\" src=\"https:\/\/hydraulic-cylinders.net\/wp-content\/uploads\/2023\/08\/hydraulic-cylinder-product-1-300x158.webp\" alt=\"\" width=\"500\" height=\"263\" srcset=\"https:\/\/hydraulic-cylinders.net\/wp-content\/uploads\/2023\/08\/hydraulic-cylinder-product-1-300x158.webp 500w, https:\/\/hydraulic-cylinders.net\/wp-content\/uploads\/2023\/08\/hydraulic-cylinder-product-1-480x252.webp 480w\" sizes=\"(min-width: 0px) and (max-width: 480px) 480px, (min-width: 481px) 500px, 100vw\" \/><\/p>\n<p>Meie spetsialiseeritud silindrite t\u00f6\u00f6kojas kasutame erinevate spetsifikatsioonide jaoks loodud poolautomaatset puhastus-montaa\u017eis\u00fcsteemi, mis on v\u00f5imeline tootma 200 000 silindrit aastas. Meie t\u00f6\u00f6koda on varustatud t\u00e4iustatud CNC-t\u00f6\u00f6tlusseadmete, t\u00f6\u00f6tluskeskuse, \u00fclit\u00e4psete silindrite t\u00f6\u00f6tlemisriistade, robotkeevitusmasinate, automaatsete puhastuss\u00fcsteemide ja automatiseeritud silindrite montaa\u017eiliiniga. Lisaks on meil t\u00e4isautomaatne v\u00e4rvimisliin.<\/p>\n<p>Meie k\u00e4sutuses on \u00fcle 300 kriitilise seadme ning optimaalne ressursside jaotus tagab, et vastame klientide n\u00f5utavatele rangetele t\u00e4psus- ja kvaliteedistandarditele. See p\u00fchendumus t\u00f5hususele ja t\u00e4psusele asetab meid h\u00fcdrosilindrite t\u00f6\u00f6stuse liidriks.<\/p>\n<p><img loading=\"lazy\" decoding=\"async\" class=\"aligncenter wp-image-627\" src=\"https:\/\/hydraulic-cylinders.net\/wp-content\/uploads\/2023\/08\/hydraulic-cylinder-product-2-300x189.webp\" alt=\"\" width=\"500\" height=\"315\" srcset=\"https:\/\/hydraulic-cylinders.net\/wp-content\/uploads\/2023\/08\/hydraulic-cylinder-product-2-300x189.webp 500w, https:\/\/hydraulic-cylinders.net\/wp-content\/uploads\/2023\/08\/hydraulic-cylinder-product-2-480x302.webp 480w\" sizes=\"(min-width: 0px) and (max-width: 480px) 480px, (min-width: 481px) 500px, 100vw\" \/><\/p>\n<h3><strong>(2) T\u00f6\u00f6tlemine<\/strong><\/h3>\n<p>Meie mehaanikat\u00f6\u00f6kojas on tipptasemel seadmed, sealhulgas kohandatud kaldr\u00f6\u00f6bastega treimiskeskus, t\u00e4ppist\u00f6\u00f6tluskeskus, kiire hoonimispink ja t\u00e4iustatud keevitusrobotid. See keerukas seadistus v\u00f5imaldab meil t\u00f5husalt t\u00f6\u00f6delda silindrikujulisi torusid maksimaalse sisel\u00e4bim\u00f5\u00f5duga 400 mm ja pikkusega kuni 6 meetrit.<\/p>\n<p><img loading=\"lazy\" decoding=\"async\" class=\"wp-image-628 size-large aligncenter\" src=\"https:\/\/hydraulic-cylinders.net\/wp-content\/uploads\/2023\/08\/hydraulic-cylinder-product-3-1024x391.webp\" alt=\"\" width=\"1024\" height=\"391\" srcset=\"https:\/\/hydraulic-cylinders.net\/wp-content\/uploads\/2023\/08\/hydraulic-cylinder-product-3-980x374.webp 980w, https:\/\/hydraulic-cylinders.net\/wp-content\/uploads\/2023\/08\/hydraulic-cylinder-product-3-480x183.webp 480w\" sizes=\"(min-width: 0px) and (max-width: 480px) 480px, (min-width: 481px) and (max-width: 980px) 980px, (min-width: 981px) 1024px, 100vw\" \/><\/p>\n<p>Meie tipptehnoloogiaga tagame kvaliteetse t\u00f6\u00f6tlemise, mis vastab h\u00fcdrauliliste silindrite tootmise mitmekesistele vajadustele.<\/p>\n<h3><strong>(3) Keevitamine<\/strong><\/h3>\n<p><img loading=\"lazy\" decoding=\"async\" class=\"wp-image-629 size-large aligncenter\" src=\"https:\/\/hydraulic-cylinders.net\/wp-content\/uploads\/2023\/08\/hydraulic-cylinder-product-4-1024x510.webp\" alt=\"\" width=\"1024\" height=\"510\" srcset=\"https:\/\/hydraulic-cylinders.net\/wp-content\/uploads\/2023\/08\/hydraulic-cylinder-product-4-980x488.webp 980w, https:\/\/hydraulic-cylinders.net\/wp-content\/uploads\/2023\/08\/hydraulic-cylinder-product-4-480x239.webp 480w\" sizes=\"(min-width: 0px) and (max-width: 480px) 480px, (min-width: 481px) and (max-width: 980px) 980px, (min-width: 981px) 1024px, 100vw\" \/><\/p>\n<h3><strong>(4) V\u00e4rvimine ja katmine<\/strong><\/h3>\n<p><img loading=\"lazy\" decoding=\"async\" class=\"wp-image-630 aligncenter\" src=\"https:\/\/hydraulic-cylinders.net\/wp-content\/uploads\/2023\/08\/hydraulic-cylinder-product-5-300x213.webp\" alt=\"\" width=\"500\" height=\"355\" \/><\/p>\n<p>Meie tehases on spetsiaalselt v\u00e4ikeste ja keskmise suurusega balloonide jaoks loodud t\u00e4iustatud automaatsed veebaasil v\u00e4rvimise liinid. Need liinid kasutavad t\u00f5husaks laadimiseks, mahalaadimiseks ja pihustamiseks robottehnoloogiat, saavutades m\u00e4rkimisv\u00e4\u00e4rse tootmisv\u00f5imsuse 4000 t\u00fckki vahetuse kohta.<\/p>\n<p><img loading=\"lazy\" decoding=\"async\" class=\"wp-image-631 aligncenter\" src=\"https:\/\/hydraulic-cylinders.net\/wp-content\/uploads\/2023\/08\/hydraulic-cylinder-product-6-300x225.webp\" alt=\"\" width=\"500\" height=\"375\" srcset=\"https:\/\/hydraulic-cylinders.net\/wp-content\/uploads\/2023\/08\/hydraulic-cylinder-product-6-300x225.webp 500w, https:\/\/hydraulic-cylinders.net\/wp-content\/uploads\/2023\/08\/hydraulic-cylinder-product-6-480x360.webp 480w\" sizes=\"(min-width: 0px) and (max-width: 480px) 480px, (min-width: 481px) 500px, 100vw\" \/><\/p>\n<p>Lisaks k\u00e4itame suurte silindrite jaoks poolautomaatset v\u00e4rvimisliini, mida k\u00e4itab vastupidav j\u00f5ukett ja mille kavandatud tootmisv\u00f5imsus on 60 karpi vahetuse kohta. See automatiseerimise ja efektiivsuse kombinatsioon tagab k\u00f5igi meie h\u00fcdrosilindrite kvaliteetse viimistluse.<\/p>\n<h3><strong>(5) Testimine<\/strong><\/h3>\n<p>Meil on esmaklassilised kontrolliseadmed ja katsestendid, et tagada silindri j\u00f5udlus vastavus n\u00f5uetele.<\/p>\n<p><img loading=\"lazy\" decoding=\"async\" class=\"wp-image-632 aligncenter\" src=\"https:\/\/hydraulic-cylinders.net\/wp-content\/uploads\/2023\/08\/hydraulic-cylinder-product-8-300x200.webp\" alt=\"\" width=\"389\" height=\"260\" \/><\/p>\n<p>Oleme tuntud tootja, kes pakub <a href=\"https:\/\/hzpt.com\/mobile-machinery-hydraulic-cylinder\/\" target=\"_blank\" rel=\"noopener\">h\u00fcdrosilindrid<\/a>, mida peetakse \u00fcheks parimaks oma valdkonnas. Meie ulatuslik tootevalik h\u00f5lmab laia valikut h\u00fcdraulilisi silindreid, mis on kohandatud erinevate rakenduste jaoks. Lisaks h\u00fcdraulilistele silindritele pakume ka kvaliteetseid p\u00f5llumajanduslikke k\u00e4igukaste, tagades meie klientidele juurdep\u00e4\u00e4su terviklikele lahendustele nende masinavajaduste rahuldamiseks.<\/p>\n<p>P\u00fchendumusega tipptasemele oleme edukalt eksportinud oma tooteid klientidele \u00fcle kogu maailma, teenides v\u00e4lja tugeva maine suurep\u00e4rase tootekvaliteedi ja erakordse m\u00fc\u00fcgij\u00e4rgse teeninduse poolest. Meie p\u00fchendumus klientide rahulolule on positsioneerinud meid usaldusv\u00e4\u00e4rse partnerina nii sise- kui ka rahvusvahelistel turgudel.<\/p>","protected":false},"excerpt":{"rendered":"<p>Crane Cylinder for Mobile Crane Outrigger Expansion The crane cylinder for mobile crane outrigger expansion is a crucial component that enhances the stability and reach of mobile cranes during lifting operations. Designed to extend and retract the outrigger beams, this hydraulic cylinder plays a vital role in providing a solid foundation and increased operational capabilities. [&hellip;]<\/p>","protected":false},"featured_media":1572,"comment_status":"open","ping_status":"closed","template":"","meta":{"_et_pb_use_builder":"","_et_pb_old_content":"","_et_gb_content_width":""},"product_brand":[],"product_cat":[1514],"product_tag":[1477,1478,1380],"class_list":{"0":"post-1570","1":"product","2":"type-product","3":"status-publish","4":"has-post-thumbnail","6":"product_cat-mobile-crane-hydraulic-cylinders","7":"product_tag-crane-cylinder","8":"product_tag-crane-hydraulic-cylinder","9":"product_tag-hydraulic-cylinder","11":"first","12":"instock","13":"shipping-taxable","14":"product-type-simple"},"amp_enabled":true,"_links":{"self":[{"href":"https:\/\/www.hydraulic-cylinders.net\/et\/wp-json\/wp\/v2\/product\/1570","targetHints":{"allow":["GET"]}}],"collection":[{"href":"https:\/\/www.hydraulic-cylinders.net\/et\/wp-json\/wp\/v2\/product"}],"about":[{"href":"https:\/\/www.hydraulic-cylinders.net\/et\/wp-json\/wp\/v2\/types\/product"}],"replies":[{"embeddable":true,"href":"https:\/\/www.hydraulic-cylinders.net\/et\/wp-json\/wp\/v2\/comments?post=1570"}],"wp:featuredmedia":[{"embeddable":true,"href":"https:\/\/www.hydraulic-cylinders.net\/et\/wp-json\/wp\/v2\/media\/1572"}],"wp:attachment":[{"href":"https:\/\/www.hydraulic-cylinders.net\/et\/wp-json\/wp\/v2\/media?parent=1570"}],"wp:term":[{"taxonomy":"product_brand","embeddable":true,"href":"https:\/\/www.hydraulic-cylinders.net\/et\/wp-json\/wp\/v2\/product_brand?post=1570"},{"taxonomy":"product_cat","embeddable":true,"href":"https:\/\/www.hydraulic-cylinders.net\/et\/wp-json\/wp\/v2\/product_cat?post=1570"},{"taxonomy":"product_tag","embeddable":true,"href":"https:\/\/www.hydraulic-cylinders.net\/et\/wp-json\/wp\/v2\/product_tag?post=1570"}],"curies":[{"name":"wp","href":"https:\/\/api.w.org\/{rel}","templated":true}]}}