{"id":15716,"date":"2025-01-19T14:53:03","date_gmt":"2025-01-19T14:53:03","guid":{"rendered":"https:\/\/www.hydraulic-cylinders.net\/product\/bucket-cylinder-for-takeuchi-small-excavator-tb216\/"},"modified":"2025-01-19T14:53:07","modified_gmt":"2025-01-19T14:53:07","slug":"bucket-cylinder-for-takeuchi-small-excavator-tb216","status":"publish","type":"product","link":"https:\/\/www.hydraulic-cylinders.net\/et\/toode\/bucket-cylinder-for-takeuchi-small-excavator-tb216\/","title":{"rendered":"Kopa silinder Takeuchi v\u00e4ikese ekskavaatori TB216 jaoks"},"content":{"rendered":"<h2>Kopa silinder Takeuchi v\u00e4ikese ekskavaatori TB216 jaoks<\/h2>\n<h3>Sissejuhatus:<\/h3>\n<p>A bucket cylinder is a specially designed hydraulic cylinder primarily used to control the movement of the bucket in heavy machinery such as excavators, backhoes, and front-end loaders. Its main function is to allow the bucket to lift, lower, and tilt, making it easier to handle various material handling tasks. In the hydraulic system, the bucket cylinder precisely controls the bucket&#8217;s movement using the pressure changes of hydraulic oil, enabling operators to efficiently handle heavy loads and adapt to complex working environments and diverse operational needs.<\/p>\n<p><img decoding=\"async\" src=\"https:\/\/www.hydraulic-cylinders.net\/wp-content\/uploads\/2025\/01\/songte-company-2.webp\"><\/p>\n<h3>Omadused:<\/h3>\n<ul>\n<li>Suur tugevus ja vastupidavus: Tavaliselt valmistatud \u00fclitugevast terasest v\u00f5i alumiiniumist, see talub k\u00f5rget r\u00f5hku ja suuri koormusi, kohaneb karmide t\u00f6\u00f6keskkondadega ning on konstrueeritud kulumiskindlust ja korrosioonikindlust silmas pidades, pikendades kasutusiga.<\/li>\n<li>T\u00f5hus h\u00fcdrauliline t\u00f6\u00f6: Sujuvad pikendus- ja tagasit\u00f5mbamisliigutused saavutatakse h\u00fcdraulilise \u00f5lir\u00f5hu abil, mis reageerib kiiresti juhtimisk\u00e4sklustele, pakkudes v\u00f5imsaid t\u00f5uke- ja t\u00f5mbej\u00f5ude, mis sobivad raskete koormate ja keerukate t\u00f6\u00f6\u00fclesannete k\u00e4sitsemiseks.<\/li>\n<li>Erinevad t\u00fc\u00fcbid: vastavalt t\u00f6\u00f6vajadustele saab valida \u00fchetoimelisi (h\u00fcdrauliliselt ainult \u00fches suunas) v\u00f5i kahetoimelisi (h\u00fcdrauliliselt kahes suunas) silindreid. M\u00f5ned mudelid on teleskoopilised, mis v\u00f5imaldavad suuremat pikendamist ilma v\u00e4lism\u00f5\u00f5tmeid suurendamata, sobides piiratud ruumiga rakenduste jaoks.<\/li>\n<li>Lihtne vahetada: meie tooted sobivad ideaalselt nende h\u00fcdrosilindrite asendamiseks.<\/li>\n<\/ul>\n<p><img decoding=\"async\" src=\"https:\/\/www.hydraulic-cylinders.net\/wp-content\/uploads\/2025\/01\/songte-cylinder-head-with-all-kinds-excavator-models.webp\"><\/p>\n<h3>Rakendused:<\/h3>\n<p>Kopp-silindreid kasutatakse laialdaselt erinevates t\u00f6\u00f6stusharudes, sealhulgas:<\/p>\n<ul>\n<li>Ehitustehnika: Ekskavaatorites on need eluliselt t\u00e4htsad pinnase v\u00f5i prahi kaevamiseks, laadimiseks ja teisaldamiseks. Ekskavaatorites aitavad kopasilindrid kaevamisel ja t\u00f5stmisel. <\/li>\n<li>P\u00f5llumajandusmasinad: Ekskavaatorid kasutavad esilaadurites mulla, heina ja muude materjalide kaevamiseks, t\u00f5stmiseks ja transportimiseks kopa silindreid, mis v\u00f5imaldavad kaevamist, lastes kopal mullasse tungida. <\/li>\n<li>Laadur: Esilaadurites aitavad need lasti t\u00f5husalt t\u00f5sta ja kallutada. <\/li>\n<\/ul>\n<h3>Projekteerimiskaalutlused ja valikukriteeriumid:<\/h3>\n<p>Silindrite projekteerimisel ja valimisel tuleb arvestada mitmete teguritega, sealhulgas:<\/p>\n<ul>\n<li>Kandev\u00f5ime: Kopasilindri valimisel tuleb arvestada silindri koormustele vastu pidava v\u00f5imega.<\/li>\n<li>Tihendus: Erinevate tihendite, n\u00e4iteks kolvi- ja varrastihendite kasutamine kulumiskindlatest materjalidest, n\u00e4iteks pol\u00fcuretaanist ja nitriilkummist, tagab silindri t\u00f5husa tihenduse.<\/li>\n<li>Durability: The cylinder&#8217;s longevity is critical, and the cylinder&#8217;s body and threaded end surfaces must be treated to improve durability.<\/li>\n<li>Ohutus: Kopasilindrite valimisel tuleb arvestada ohutuskaalutlustega, n\u00e4iteks kas silinder suudab koorma raskust kanda ning kas seda saab ohutult paigaldada ja kasutada.<\/li>\n<li>Hooldatavus: Arvesse tuleb v\u00f5tta ballooni hoolduse ja remondi lihtsust ning sobivate varuosade ja remonditeenuste kasutamine v\u00f5ib pikendada ballooni kasutusiga.<\/li>\n<\/ul>\n<p><img decoding=\"async\" src=\"https:\/\/www.hydraulic-cylinders.net\/wp-content\/uploads\/2025\/01\/songte-oil-pipes-and-spare-parts.webp\"><\/p>\n<h3>Tihendus ja m\u00e4\u00e4rimine:<\/h3>\n<p>Various seals are used in bucket cylinders, such as piston seals and rod seals made of wear-resistant materials like polyurethane and nitrile rubber. The cylinder&#8217;s body and threaded end surfaces are treated to improve durability, and regular lubrication is required to ensure smooth operation. It is recommended to use an appropriate amount of hydraulic oil to lubricate the cylinder regularly.<\/p>\n<h3>Kontrolli ja ennetava hoolduse meetmed:<\/h3>\n<p>Regulaarne kontroll ja ennetavad hooldusmeetmed aitavad v\u00e4ltida silindri rikkeid ja pikendada selle eluiga. J\u00e4rgida tuleks j\u00e4rgmisi protseduure:<\/p>\n<ul>\n<li>Regulaarne kontroll: kontrollige silindri korpust ja tihendeid kulumise ja rebenemise suhtes, kontrollige \u00f5lilekkeid ning veenduge, et silinder on \u00f5igesti joondatud ja paigaldatud.<\/li>\n<li>\u00d5ige m\u00e4\u00e4rimine: Silindri regulaarne m\u00e4\u00e4rimine sobiva koguse h\u00fcdraulika\u00f5liga on vajalik.<\/li>\n<li>Tihendite vahetamine: \u00d5lilekete v\u00e4ltimiseks vahetage tihendid v\u00e4lja, kui neil on kulumisj\u00e4lgi.<\/li>\n<li>Calibration checks: Check the cylinder&#8217;s calibration regularly to ensure that it is functioning correctly.<\/li>\n<\/ul>\n<p><img decoding=\"async\" src=\"https:\/\/www.hydraulic-cylinders.net\/wp-content\/uploads\/2025\/01\/songte-chushion-collar.webp\"><\/p>\n<h3>Ohutuskaalutlused ja keskkonnategurid:<\/h3>\n<p>Koppballoonide kasutamisel tuleb ohutu ja keskkonnas\u00f5braliku t\u00f6\u00f6 tagamiseks arvesse v\u00f5tta ohutuskaalutlusi ja keskkonnategureid. Ballooni ohutu k\u00e4itamise tagamiseks tuleks l\u00e4bi viia n\u00f5uetekohane v\u00e4lja\u00f5pe ja seadmete kontroll. Kasutatud balloonikomponentide utiliseerimine tuleks samuti teha vastutustundlikult, et minimeerida keskkonnam\u00f5ju.<\/p>\n<h3>Veaotsing ja levinud probleemid:<\/h3>\n<p>Kopasilindritega seotud levinud probleemide hulka kuuluvad \u00f5lilekked, ebapiisav r\u00f5hk ja silindri triiv. Nende probleemide lahendamiseks on vaja korralikku kontrolli ja hooldust. Kui probleem p\u00fcsib, tuleks otsida professionaalset abi.<\/p>\n<p><img decoding=\"async\" src=\"https:\/\/www.hydraulic-cylinders.net\/wp-content\/uploads\/2025\/01\/songte-bushings-with-all-kinds-of-excavator-models.webp\"><\/p>\n<h3>Meie ettev\u00f5tte kohta:<\/h3>\n<p>Oleme juhtiv h\u00fcdrauliliste silindrite tootja ja hulgim\u00fc\u00fcja nii sise- kui ka rahvusvahelisel turul. J\u00e4rgime suurep\u00e4rase kvaliteedi p\u00f5him\u00f5tet, tuginedes peentootmist\u00f6\u00f6koja t\u00f6\u00f6stusliku tootmise juhtimise strateegiale, tehniliste oskuste rakendamisele, digitaalsetele tipptasemel tootmisseadmetele ja professionaalsetele kontrolls\u00fcsteemidele. Meie tootmisplatvorm parandab pidevalt tootmiskvaliteeti ja t\u00e4iustab tootekvaliteediga tootmismarsruute, pakkudes tugevaid loomisv\u00f5imalusi, mis vastavad klientide mitmekesistele vajadustele suure efektiivsuse, suure t\u00e4psuse ja k\u00f5rge kvaliteediga.<\/p>\n<p>Pakume kohandatud teenuseid ja meie tooted on rahvusvaheliselt sertifitseeritud, et need vastaksid k\u00f5rgeimatele kvaliteedistandarditele. Pakume kvaliteetseid tootmisseadmeid ja m\u00fc\u00fcgij\u00e4rgset teenindust, et tagada meie klientidele parimad tooted ja teenused.<\/p>\n<p><img decoding=\"async\" src=\"https:\/\/hzpt.com\/wp-content\/uploads\/2024\/11\/songte-company-1.webp\"><\/p>\n<p>Autor: lyl<\/p>","protected":false},"excerpt":{"rendered":"<p>Bucket Cylinder For Takeuchi Small Excavator TB216 Introduction: A bucket cylinder is a specially designed hydraulic cylinder primarily used to control the movement of the bucket in heavy machinery such as excavators, backhoes, and front-end loaders. Its main function is to allow the bucket to lift, lower, and tilt, making it easier to handle various [&hellip;]<\/p>","protected":false},"featured_media":14761,"comment_status":"open","ping_status":"closed","template":"","meta":{"_et_pb_use_builder":"","_et_pb_old_content":"","_et_gb_content_width":""},"product_brand":[],"product_cat":[1494],"product_tag":[1495,1496],"class_list":{"0":"post-15716","1":"product","2":"type-product","3":"status-publish","4":"has-post-thumbnail","6":"product_cat-bucket-cylinders","7":"product_tag-bucket-cylinders","8":"product_tag-hydraulic-cylinders","10":"first","11":"instock","12":"shipping-taxable","13":"product-type-simple"},"amp_enabled":true,"_links":{"self":[{"href":"https:\/\/www.hydraulic-cylinders.net\/et\/wp-json\/wp\/v2\/product\/15716","targetHints":{"allow":["GET"]}}],"collection":[{"href":"https:\/\/www.hydraulic-cylinders.net\/et\/wp-json\/wp\/v2\/product"}],"about":[{"href":"https:\/\/www.hydraulic-cylinders.net\/et\/wp-json\/wp\/v2\/types\/product"}],"replies":[{"embeddable":true,"href":"https:\/\/www.hydraulic-cylinders.net\/et\/wp-json\/wp\/v2\/comments?post=15716"}],"wp:featuredmedia":[{"embeddable":true,"href":"https:\/\/www.hydraulic-cylinders.net\/et\/wp-json\/wp\/v2\/media\/14761"}],"wp:attachment":[{"href":"https:\/\/www.hydraulic-cylinders.net\/et\/wp-json\/wp\/v2\/media?parent=15716"}],"wp:term":[{"taxonomy":"product_brand","embeddable":true,"href":"https:\/\/www.hydraulic-cylinders.net\/et\/wp-json\/wp\/v2\/product_brand?post=15716"},{"taxonomy":"product_cat","embeddable":true,"href":"https:\/\/www.hydraulic-cylinders.net\/et\/wp-json\/wp\/v2\/product_cat?post=15716"},{"taxonomy":"product_tag","embeddable":true,"href":"https:\/\/www.hydraulic-cylinders.net\/et\/wp-json\/wp\/v2\/product_tag?post=15716"}],"curies":[{"name":"wp","href":"https:\/\/api.w.org\/{rel}","templated":true}]}}