{"id":15718,"date":"2025-01-19T14:53:13","date_gmt":"2025-01-19T14:53:13","guid":{"rendered":"https:\/\/www.hydraulic-cylinders.net\/product\/bucket-cylinder-for-case-small-excavator-cx58c\/"},"modified":"2025-01-19T14:53:15","modified_gmt":"2025-01-19T14:53:15","slug":"bucket-cylinder-for-case-small-excavator-cx58c","status":"publish","type":"product","link":"https:\/\/www.hydraulic-cylinders.net\/et\/toode\/bucket-cylinder-for-case-small-excavator-cx58c\/","title":{"rendered":"Kopa silinder Case v\u00e4ikese ekskavaatori CX58C jaoks"},"content":{"rendered":"<h2>Kopa silinder Case v\u00e4ikese ekskavaatori CX58C jaoks<\/h2>\n<p>Sissejuhatus:<\/p>\n<p>Case Small Excavator CX58C kopa silinder on spetsiaalne h\u00fcdrauliline silinder, mis on loodud kopa liikumise juhtimiseks rasketes masinates, n\u00e4iteks ekskavaatorites, laadur-ekskavaatorites ja esilaadurites. Selle peamine \u00fclesanne on v\u00f5imaldada kopa t\u00f5stmist, langetamist ja kallutamist, muutes selle lihtsamaks mitmesuguste materjalik\u00e4itlust\u00f6\u00f6de puhul. H\u00fcdraulilistes s\u00fcsteemides kasutab kopa silinder h\u00fcdraulika\u00f5li r\u00f5hu muutusi, et saavutada kopa t\u00e4pne juhtimine, mis v\u00f5imaldab operaatoritel t\u00f5husalt k\u00e4sitseda raskeid koormaid ning kohaneda keerukate t\u00f6\u00f6keskkondade ja mitmekesiste t\u00f6\u00f6n\u00f5uetega. <\/p>\n<p><img decoding=\"async\" src=\"https:\/\/www.hydraulic-cylinders.net\/wp-content\/uploads\/2025\/01\/songte-company-2.webp\" alt=\"\u00c4mbri silindri pilt\"><\/p>\n<h2>Omadused:<\/h2>\n<ul>\n<li>Suur tugevus ja vastupidavus: Tavaliselt \u00fclitugevast terasest v\u00f5i alumiiniumist valmistatud kopa silinder talub k\u00f5rget r\u00f5hku ja suuri koormusi, kohandudes karmide t\u00f6\u00f6keskkondadega. Projekteerimisel on arvesse v\u00f5etud kulumiskindlust ja korrosioonikindlust, pikendades selle eluiga.<\/li>\n<li>T\u00f5hus h\u00fcdrauliline t\u00f6\u00f6: H\u00fcdraulika\u00f5li r\u00f5hu abil v\u00f5imaldab kopa silinder sujuvat pikendamist ja tagasit\u00f5mbamist, mis v\u00f5imaldab kiiret reageerimist juhtimisk\u00e4sklustele ja v\u00f5imsat t\u00f5uke- ja t\u00f5mbej\u00f5udu. See sobib raskete koormate ja keerukate t\u00f6\u00f6\u00fclesannete k\u00e4sitsemiseks.<\/li>\n<li>Erinevad t\u00fc\u00fcbid: Kopasilindrit saab valida \u00fchetoimelisena (h\u00fcdraulilist r\u00f5hku kasutatakse ainult \u00fches suunas) v\u00f5i kahetoimelisena (h\u00fcdraulilist r\u00f5hku kasutatakse m\u00f5lemas suunas) vastavalt konkreetsetele t\u00f6\u00f6vajadustele. M\u00f5ned mudelid on teleskoopilised, mis v\u00f5imaldab suuremat pikendamist ilma v\u00e4lism\u00f5\u00f5tmeid suurendamata, mist\u00f5ttu need sobivad piiratud ruumiga rakenduste jaoks.<\/li>\n<li>T\u00e4iuslik asendus: Meie tooted suudavad neid h\u00fcdraulilisi silindreid ideaalselt asendada, pakkudes \u00fchilduvust ja usaldusv\u00e4\u00e4rset j\u00f5udlust.<\/li>\n<\/ul>\n<p><img decoding=\"async\" src=\"https:\/\/www.hydraulic-cylinders.net\/wp-content\/uploads\/2025\/01\/songte-cylinder-head-with-all-kinds-excavator-models.webp\" alt=\"Toote pilt\"><\/p>\n<h2>Rakendused:<\/h2>\n<p>Kopp-silindreid kasutatakse laialdaselt erinevates t\u00f6\u00f6stusharudes ja seadmetes, sealhulgas:<\/p>\n<ul>\n<li>Ehitustehnika: Need m\u00e4ngivad ekskavaatorites olulist rolli pinnase v\u00f5i prahi kaevamisel, laadimisel ja teisaldamisel. Ekskavaatorlaadurites aitab kopa silinder nii kaevamisel kui ka t\u00f5stmisel.<\/li>\n<li>P\u00f5llumajandusmasinad: Kasutatakse esilaadurites mulla, heina ja muude materjalide k\u00fchveldamiseks, t\u00f5stmiseks ja transportimiseks.<\/li>\n<li>Ekskavaatorid: Kopa silinder v\u00f5imaldab kaevamistoiminguid, lastes kopal l\u00e4bi pinnase tungida.<\/li>\n<li>Laadurid: Esilaadurites aitavad need kaupu t\u00f5husalt t\u00f5sta ja maha laadida.<\/li>\n<\/ul>\n<h2>Projekteerimiskaalutlused ja valikukriteeriumid:<\/h2>\n<p>Kujunduskaalutlused:<\/p>\n<ul>\n<li>Kandev\u00f5ime<\/li>\n<li>Tihendus<\/li>\n<li>Vastupidavus<\/li>\n<li>Ohutus<\/li>\n<li>Hooldatavus<\/li>\n<\/ul>\n<p><img decoding=\"async\" src=\"https:\/\/www.hydraulic-cylinders.net\/wp-content\/uploads\/2025\/01\/songte-oil-pipes-and-spare-parts.webp\" alt=\"Kujunduskaalutluste pilt\"><\/p>\n<p>Tihendus ja m\u00e4\u00e4rimine:<\/p>\n<p>Kopasilindris kasutatakse mitmesuguseid tihendeid, n\u00e4iteks kolvitihendeid ja vardatihendeid, mis on valmistatud kulumiskindlatest materjalidest nagu pol\u00fcuretaan ja nitriilkummi. Silindri korpus ja keermestatud otsad on l\u00e4binud t\u00e4pse t\u00f6\u00f6tluse kulumiskindluse suurendamiseks. Vajalik on regulaarne m\u00e4\u00e4rimine sobiva h\u00fcdraulika\u00f5liga.<\/p>\n<p>Regulaarsed kontrolli- ja ennetushooldusmeetmed:<\/p>\n<ul>\n<li>Kontrollige silindrit ja tihendeid kulumise v\u00f5i kahjustuste suhtes<\/li>\n<li>K\u00f5igi liikuvate osade n\u00f5uetekohane m\u00e4\u00e4rimine<\/li>\n<li>Vahetage regulaarselt tihendeid ja tehke kalibreerimiskontrolle<\/li>\n<\/ul>\n<h2>Ohutuskaalutlused ja keskkonnategurid:<\/h2>\n<p>H\u00fcdrauliliste silindrite kasutamisel on ohutusmeetmete tagamine \u00e4\u00e4rmiselt oluline. \u00d5nnetuste v\u00e4ltimiseks ja keskkonna kaitsmiseks tuleb v\u00f5tta ettevaatusabin\u00f5usid.<\/p>\n<h2>Vea diagnoosimine ja levinumad probleemid:<\/h2>\n<p>Kopasilindrite rikete diagnoosimine ja levinud probleemid on j\u00e4rgmised:<\/p>\n<ul>\n<li>H\u00fcdraulika\u00f5li leke<\/li>\n<li>Aeglane v\u00f5i reageerimatu liikumine<\/li>\n<li>Liigne m\u00fcra v\u00f5i vibratsioon<\/li>\n<li>Eba\u00fchtlane v\u00f5i t\u00f5mblev liikumine<\/li>\n<\/ul>\n<p>Probleemide t\u00f5husaks diagnoosimiseks ja lahendamiseks tuleks pakkuda t\u00f5rkeotsingu n\u00e4pun\u00e4iteid ja lahendusi ning ennetavaid meetmeid v\u00f5imalike probleemide minimeerimiseks.<\/p>\n<p><img decoding=\"async\" src=\"https:\/\/www.hydraulic-cylinders.net\/wp-content\/uploads\/2025\/01\/songte-bushings-with-all-kinds-of-excavator-models.webp\" alt=\"Vea diagnoosi pilt\"><\/p>\n<p>Paigaldusjuhend:<\/p>\n<p>Kopasilindri optimaalse j\u00f5udluse ja pikaealisuse tagamiseks on \u00fclioluline \u00f5ige paigaldamine. J\u00e4rgida tuleks j\u00e4rgmisi juhiseid:<\/p>\n<ul>\n<li>Veenduge silindri \u00f5iges joonduses<\/li>\n<li>Kasutage silindri kinnitamiseks sobivaid kinnitusklambreid<\/li>\n<li>Soovitatavad kontrolli-, remondi- ja asendusprotseduurid<\/li>\n<li>Andke n\u00e4pun\u00e4iteid kopasilindri eluea pikendamiseks<\/li>\n<\/ul>\n<h2>Meie ettev\u00f5tte kohta:<\/h2>\n<p>Oleme juhtiv asendush\u00fcdrauliliste silindrite tootja ja hulgim\u00fc\u00fcja nii sise- kui ka rahvusvahelisel turul. Meie ettev\u00f5te j\u00e4rgib laia tootevalikuga industrialiseeritud tootmisjuhtimise strateegiat, tuginedes oskuslikule personalile, t\u00e4iustatud tootmisseadmetele ja professionaalsetele testimiss\u00fcsteemidele. T\u00e4iustame pidevalt oma tootmisplatvormi ja tootekvaliteedi tootmisprotsessi, eesm\u00e4rgiga rahuldada klientide mitmekesiseid vajadusi suure efektiivsuse, t\u00e4psuse ja kvaliteediga.<\/p>\n<p><img decoding=\"async\" src=\"https:\/\/www.hydraulic-cylinders.net\/wp-content\/uploads\/2025\/01\/songte-company-3.webp\" alt=\"Ettev\u00f5tte kuvand\"><\/p>\n<p>Meie ettev\u00f5te on tuntud j\u00e4rgmiste omaduste poolest:<\/p>\n<ul>\n<li>Professionaalsus<\/li>\n<li>Rahvusvahelised sertifikaadid<\/li>\n<li>Kohandamise teenused<\/li>\n<li>T\u00e4iustatud tootmisseadmed<\/li>\n<li>M\u00fc\u00fcgij\u00e4rgne teenindus<\/li>\n<\/ul>\n<p>Autor: lyl<\/p>","protected":false},"excerpt":{"rendered":"<p>Bucket Cylinder For Case Small Excavator CX58C Introduction: The bucket cylinder for the Case Small Excavator CX58C is a specialized hydraulic cylinder designed to control the movement of the bucket in heavy machinery such as excavators, backhoe loaders, and front-end loaders. Its main function is to enable the lifting, lowering, and tilting of the bucket, [&hellip;]<\/p>","protected":false},"featured_media":14788,"comment_status":"open","ping_status":"closed","template":"","meta":{"_et_pb_use_builder":"","_et_pb_old_content":"","_et_gb_content_width":""},"product_brand":[],"product_cat":[1494],"product_tag":[1495,1496],"class_list":{"0":"post-15718","1":"product","2":"type-product","3":"status-publish","4":"has-post-thumbnail","6":"product_cat-bucket-cylinders","7":"product_tag-bucket-cylinders","8":"product_tag-hydraulic-cylinders","10":"first","11":"instock","12":"shipping-taxable","13":"product-type-simple"},"amp_enabled":true,"_links":{"self":[{"href":"https:\/\/www.hydraulic-cylinders.net\/et\/wp-json\/wp\/v2\/product\/15718","targetHints":{"allow":["GET"]}}],"collection":[{"href":"https:\/\/www.hydraulic-cylinders.net\/et\/wp-json\/wp\/v2\/product"}],"about":[{"href":"https:\/\/www.hydraulic-cylinders.net\/et\/wp-json\/wp\/v2\/types\/product"}],"replies":[{"embeddable":true,"href":"https:\/\/www.hydraulic-cylinders.net\/et\/wp-json\/wp\/v2\/comments?post=15718"}],"wp:featuredmedia":[{"embeddable":true,"href":"https:\/\/www.hydraulic-cylinders.net\/et\/wp-json\/wp\/v2\/media\/14788"}],"wp:attachment":[{"href":"https:\/\/www.hydraulic-cylinders.net\/et\/wp-json\/wp\/v2\/media?parent=15718"}],"wp:term":[{"taxonomy":"product_brand","embeddable":true,"href":"https:\/\/www.hydraulic-cylinders.net\/et\/wp-json\/wp\/v2\/product_brand?post=15718"},{"taxonomy":"product_cat","embeddable":true,"href":"https:\/\/www.hydraulic-cylinders.net\/et\/wp-json\/wp\/v2\/product_cat?post=15718"},{"taxonomy":"product_tag","embeddable":true,"href":"https:\/\/www.hydraulic-cylinders.net\/et\/wp-json\/wp\/v2\/product_tag?post=15718"}],"curies":[{"name":"wp","href":"https:\/\/api.w.org\/{rel}","templated":true}]}}