{"id":15721,"date":"2025-01-19T14:53:28","date_gmt":"2025-01-19T14:53:28","guid":{"rendered":"https:\/\/www.hydraulic-cylinders.net\/product\/bucket-cylinder-for-case-middle-excavator-cx210b\/"},"modified":"2025-01-19T14:53:30","modified_gmt":"2025-01-19T14:53:30","slug":"bucket-cylinder-for-case-middle-excavator-cx210b","status":"publish","type":"product","link":"https:\/\/www.hydraulic-cylinders.net\/et\/toode\/bucket-cylinder-for-case-middle-excavator-cx210b\/","title":{"rendered":"Kopa silinder Case Middle ekskavaatorile CX210B"},"content":{"rendered":"<h1>Kopa silinder Case Middle ekskavaatorile CX210B<\/h1>\n<h2>Sissejuhatus<\/h2>\n<p>Case'i keskmise ekskavaatori CX210B kopa silinder on spetsiaalselt loodud h\u00fcdrauliline silinder, mida kasutatakse peamiselt koppade liikumise juhtimiseks rasketes masinates, n\u00e4iteks ekskavaatorites, laadur-ekskavaatorites ja esilaadurites. Selle peamine \u00fclesanne on v\u00f5imaldada kopa t\u00f5stmist, langetamist ja kallutamist, muutes mitmesuguste materjalik\u00e4itlust\u00f6\u00f6de tegemise lihtsamaks. H\u00fcdraulikas\u00fcsteemis saavutab kopa silinder kopa t\u00e4pse juhtimise h\u00fcdraulika\u00f5li r\u00f5hu muutmise abil, v\u00f5imaldades operaatoril raskeid esemeid t\u00f5husalt k\u00e4sitseda ning kohaneda keerukate t\u00f6\u00f6keskkondade ja mitmekesiste t\u00f6\u00f6n\u00f5uetega.<\/p>\n<p><img decoding=\"async\" src=\"https:\/\/www.hydraulic-cylinders.net\/wp-content\/uploads\/2025\/01\/songte-company-2.webp\" alt=\"Kopa silinder Case Middle ekskavaatorile CX210B\" \/><\/p>\n<h2>Omadused<\/h2>\n<ul>\n<li>Suur tugevus ja vastupidavus: Tavaliselt valmistatud \u00fclitugevast terasest v\u00f5i alumiiniumist, talub k\u00f5rget r\u00f5hku ja suuri koormusi, on kohandatav karmide t\u00f6\u00f6keskkondadega ning on konstrueeritud kulumiskindlust ja korrosioonikindlust silmas pidades, et pikendada kasutusiga.<\/li>\n<li>T\u00f5hus h\u00fcdrauliline t\u00f6\u00f6: Kasutab h\u00fcdraulika\u00f5li r\u00f5hku sujuvate pikendus- ja kokkut\u00f5mbumisliigutuste saavutamiseks, reageerib kiiresti juhtimisk\u00e4sklustele, pakub v\u00f5imsat t\u00f5uke- ja t\u00f5mbej\u00f5udu ning sobib raskete esemete ja keerukate t\u00f6\u00f6\u00fclesannete k\u00e4sitsemiseks.<\/li>\n<li>Erinevad t\u00fc\u00fcbid: Vajadusel saab valida \u00fchetoimelisi (h\u00fcdrauliliselt ainult \u00fches suunas) v\u00f5i kahetoimelisi (h\u00fcdrauliliselt kahes suunas) silindreid. M\u00f5ned mudelid on teleskoopilised, v\u00f5imaldades suuremat pikendamist ilma v\u00e4lism\u00f5\u00f5tmeid suurendamata, sobides piiratud ruumiga rakenduste jaoks.<\/li>\n<li>Otsene asendamine: Meie toode saab need h\u00fcdrosilindrid ideaalselt asendada.<\/li>\n<\/ul>\n<p><img decoding=\"async\" src=\"https:\/\/www.hydraulic-cylinders.net\/wp-content\/uploads\/2025\/01\/songte-cylinder-head-with-all-kinds-excavator-models.webp\" alt=\"Kopa silinder Case Middle ekskavaatorile CX210B\" \/><\/p>\n<h2>Rakendused<\/h2>\n<p>Kopasilindrit kasutatakse laialdaselt erinevates t\u00f6\u00f6stusharudes, sealhulgas:<\/p>\n<ul>\n<li>Ehitustehnika: Ekskavaatorites on need h\u00e4davajalikud pinnase v\u00f5i prahi kaevamiseks, laadimiseks ja teisaldamiseks. Ekskavaatoritel aitavad kopasilindrid nii kaevamisel kui ka t\u00f5stmisel. Esilaadurites aitavad need kaupu t\u00f5husalt t\u00f5sta ja kallutada.<\/li>\n<li>P\u00f5llumajandusmasinad: Kasutatakse esilaadurites pinnase, heina ja muude materjalide kaevamiseks, t\u00f5stmiseks ja transportimiseks. Ekskavaatorites v\u00f5imaldavad kopasilindrid kaevamist, lastes kopal pinnasesse tungida.<\/li>\n<\/ul>\n<h2>Projekteerimiskaalutlused ja valikukriteeriumid<\/h2>\n<ul>\n<li>Kandev\u00f5ime: H\u00fcdrauliline silinder peab suutma vastu pidada koormustele, millele see allutatakse.<\/li>\n<li>Tihendus: Kolvi- ja vardatihendi materjalid tuleks valida vastavalt rakenduse t\u00fc\u00fcbile ja lekete v\u00e4ltimiseks.<\/li>\n<li>Vastupidavus: Silinder peaks olema konstrueeritud vastu pidama karmidele t\u00f6\u00f6tingimustele ning olema hea kulumiskindluse ja korrosioonikindlusega.<\/li>\n<li>Ohutus: Ballooni konstruktsioon peaks olema selline, et see hoiaks \u00e4ra \u00f5nnetusi ja vigastusi ning vastaks asjakohastele ohutusstandarditele.<\/li>\n<li>Hooldus: Silindrit peaks olema lihtne hooldada ja parandada ning varuosad peaksid olema kergesti k\u00e4ttesaadavad.<\/li>\n<\/ul>\n<p><img decoding=\"async\" src=\"https:\/\/www.hydraulic-cylinders.net\/wp-content\/uploads\/2025\/01\/songte-oil-pipes-and-spare-parts.webp\" alt=\"Kopa silinder Case Middle ekskavaatorile CX210B\" \/><\/p>\n<h2>Tihendus ja m\u00e4\u00e4rimine<\/h2>\n<p>Kopasilindris kasutatakse mitmesuguseid tihenduskomponente, n\u00e4iteks kolvitihendeid ja vardatihendeid. Need on valmistatud kulumiskindlatest materjalidest, nagu pol\u00fcuretaan ja nitriilkummi, et tagada nende pikk kasutusiga. Silindri korpus ja keermeotsa pind on peenelt t\u00f6\u00f6deldud, et parandada kulumiskindlust. M\u00e4\u00e4rimine tagatakse piisava koguse h\u00fcdraulika\u00f5li regulaarse lisamisega.<\/p>\n<h2>Hooldus ja remont<\/h2>\n<p>Kopasilindri tavalised hooldust\u00f6\u00f6d on regulaarsed \u00fclevaatused, sobiv m\u00e4\u00e4rimine, tihendite vahetamine ja kalibreerimiskontrollid. Silindri n\u00f5uetekohane paigaldamine ja joondamine on \u00fcliolulised. Silindri kinnitamiseks kasutage sobivaid paigaldusklambreid. Silindri eluea pikendamiseks on koos varuosade ja taastamisteenustega esitatud soovitatavad \u00fclevaatuse, remondi ja vahetamise protseduurid.<\/p>\n<p><img decoding=\"async\" src=\"https:\/\/www.hydraulic-cylinders.net\/wp-content\/uploads\/2025\/01\/songte-chushion-collar.webp\" alt=\"Kopa silinder Case Middle ekskavaatorile CX210B\" \/><\/p>\n<h2>Ohutus- ja keskkonnakaalutlused<\/h2>\n<p>Kopasilindri kasutamisel on olulised ohutusmeetmed. Operaatorid peaksid olema koolitatud ja j\u00e4rgima ohutusjuhiseid, et v\u00e4ltida \u00f5nnetusi ja vigastusi. Keskkonnaprobleeme saab lahendada kasutatud materjalide ja vedelike n\u00f5uetekohase utiliseerimisega.<\/p>\n<h2>Rikete diagnoosimine ja t\u00f5rkeotsing<\/h2>\n<p>Kopasilindri levinud probleemide hulka v\u00f5ivad kuuluda leke, ebapiisav r\u00f5hk ja silindri t\u00f6\u00f6probleemid. Neid probleeme saab diagnoosida ja lahendada n\u00f5uetekohase kontrolli ja hoolduse abil. Ennetavad meetmed, n\u00e4iteks regulaarne hooldus, aitavad potentsiaalseid probleeme minimeerida.<\/p>\n<p><img decoding=\"async\" src=\"https:\/\/www.hydraulic-cylinders.net\/wp-content\/uploads\/2025\/01\/songte-bushings-with-all-kinds-of-excavator-models.webp\" alt=\"Kopa silinder Case Middle ekskavaatorile CX210B\" \/><\/p>\n<h2>Meie ettev\u00f5ttest<\/h2>\n<p>Oleme laia tootevalikuga asendush\u00fcdrauliliste silindrite tootja, saades \u00fcheks juhtivaks h\u00fcdrosilindrite tootjaks ja hulgim\u00fc\u00fcjaks nii sise- kui ka rahvusvahelisel turul. Peame kinni suurep\u00e4rase kvaliteedi p\u00f5him\u00f5tetest, tugineme keerukate tootmist\u00f6\u00f6kodade industrialiseeritud tootmisjuhtimise strateegiale ning t\u00e4iustame pidevalt tootmisplatvormi ja tootekvaliteedi tootmisliini, kasutades tehnilisi oskusi, digitaalseid tipptasemel tootmisseadmeid ja professionaalseid tuvastuss\u00fcsteeme. Meil \u200b\u200bon tugev loominguline v\u00f5imekus, k\u00f5rge efektiivsus, k\u00f5rge t\u00e4psus ja k\u00f5rged kvaliteedip\u00f5him\u00f5tted, et rahuldada klientide mitmekesiseid vajadusi.<\/p>\n<p><img decoding=\"async\" src=\"https:\/\/hzpt.com\/wp-content\/uploads\/2024\/11\/songte-company-1.webp\" alt=\"Kopa silinder Case Middle ekskavaatorile CX210B\" \/><\/p>\n<h2>Ettev\u00f5tte andmed<\/h2>\n<ul>\n<li>Professionaalsus: Meil \u200b\u200bon meeskond kogenud spetsialiste, kes on k\u00f5rgelt kvalifitseeritud h\u00fcdrauliliste silindrite projekteerimisel ja tootmisel.<\/li>\n<li>Rahvusvaheline sertifitseerimine: Meie tooted on sertifitseeritud rahvusvaheliste standardite, n\u00e4iteks ISO 9001, j\u00e4rgi, mis tagab toote kvaliteedi.<\/li>\n<li>Kohandamine: Pakume kohandatud teenuseid, et rahuldada klientide konkreetseid vajadusi.<\/li>\n<li>Tootmisseadmed: Kasutame t\u00e4iustatud tootmisseadmeid, et tagada meie toodete k\u00f5rge kvaliteet.<\/li>\n<li>M\u00fc\u00fcgij\u00e4rgne teenindus: Pakume suurep\u00e4rast m\u00fc\u00fcgij\u00e4rgset teenindust, mis h\u00f5lmab tehnilist tuge, tootehooldust ja remonditeenuseid.<\/li>\n<\/ul>\n<p>Autor: lyl<\/p>","protected":false},"excerpt":{"rendered":"<p>Bucket Cylinder For Case Middle Excavator CX210B Introduction The bucket cylinder for Case middle excavator CX210B is a specially designed hydraulic cylinder that is mainly used for controlling the movement of buckets in heavy machinery such as excavators, backhoe excavators, and front-end loaders. Its main function is to enable the bucket to lift, lower and [&hellip;]<\/p>","protected":false},"featured_media":14784,"comment_status":"open","ping_status":"closed","template":"","meta":{"_et_pb_use_builder":"","_et_pb_old_content":"","_et_gb_content_width":""},"product_brand":[],"product_cat":[1494],"product_tag":[1495,1496],"class_list":{"0":"post-15721","1":"product","2":"type-product","3":"status-publish","4":"has-post-thumbnail","6":"product_cat-bucket-cylinders","7":"product_tag-bucket-cylinders","8":"product_tag-hydraulic-cylinders","10":"first","11":"instock","12":"shipping-taxable","13":"product-type-simple"},"amp_enabled":true,"_links":{"self":[{"href":"https:\/\/www.hydraulic-cylinders.net\/et\/wp-json\/wp\/v2\/product\/15721","targetHints":{"allow":["GET"]}}],"collection":[{"href":"https:\/\/www.hydraulic-cylinders.net\/et\/wp-json\/wp\/v2\/product"}],"about":[{"href":"https:\/\/www.hydraulic-cylinders.net\/et\/wp-json\/wp\/v2\/types\/product"}],"replies":[{"embeddable":true,"href":"https:\/\/www.hydraulic-cylinders.net\/et\/wp-json\/wp\/v2\/comments?post=15721"}],"wp:featuredmedia":[{"embeddable":true,"href":"https:\/\/www.hydraulic-cylinders.net\/et\/wp-json\/wp\/v2\/media\/14784"}],"wp:attachment":[{"href":"https:\/\/www.hydraulic-cylinders.net\/et\/wp-json\/wp\/v2\/media?parent=15721"}],"wp:term":[{"taxonomy":"product_brand","embeddable":true,"href":"https:\/\/www.hydraulic-cylinders.net\/et\/wp-json\/wp\/v2\/product_brand?post=15721"},{"taxonomy":"product_cat","embeddable":true,"href":"https:\/\/www.hydraulic-cylinders.net\/et\/wp-json\/wp\/v2\/product_cat?post=15721"},{"taxonomy":"product_tag","embeddable":true,"href":"https:\/\/www.hydraulic-cylinders.net\/et\/wp-json\/wp\/v2\/product_tag?post=15721"}],"curies":[{"name":"wp","href":"https:\/\/api.w.org\/{rel}","templated":true}]}}