{"id":15724,"date":"2025-01-19T14:53:40","date_gmt":"2025-01-19T14:53:40","guid":{"rendered":"https:\/\/www.hydraulic-cylinders.net\/product\/bucket-cylinder-for-case-middle-excavator-cx240b\/"},"modified":"2025-01-19T14:53:42","modified_gmt":"2025-01-19T14:53:42","slug":"bucket-cylinder-for-case-middle-excavator-cx240b","status":"publish","type":"product","link":"https:\/\/www.hydraulic-cylinders.net\/et\/toode\/bucket-cylinder-for-case-middle-excavator-cx240b\/","title":{"rendered":"Kopa silinder Case Middle ekskavaatorile CX240B"},"content":{"rendered":"<h1>Kopa silinder Case Middle ekskavaatorile CX240B<\/h1>\n<h2>Sissejuhatus<\/h2>\n<p>Case'i keskekskavaatori CX240B kopa silinder on spetsiaalselt loodud h\u00fcdrauliline silinder, mida kasutatakse kopa liikumise juhtimiseks rasketes masinates, n\u00e4iteks ekskavaatorites, laadur-ekskavaatorites ja esilaadurites. Selle peamine \u00fclesanne on v\u00f5imaldada kopa t\u00f5stmist, langetamist ja kallutamist, muutes selle lihtsamaks mitmesuguste materjalik\u00e4itlust\u00f6\u00f6de puhul. H\u00fcdraulikas\u00fcsteemis saavutab kopa silinder kopa t\u00e4pse juhtimise h\u00fcdraulika\u00f5li r\u00f5hu muutuste abil, v\u00f5imaldades operaatoritel t\u00f5husalt k\u00e4sitseda raskeid koormaid ning kohaneda keerukate t\u00f6\u00f6keskkondade ja mitmekesiste t\u00f6\u00f6n\u00f5uetega.<\/p>\n<p><img decoding=\"async\" src=\"https:\/\/www.hydraulic-cylinders.net\/wp-content\/uploads\/2025\/01\/songte-company-2.webp\" alt=\"\u00c4mbri silindri pilt\"><\/p>\n<h2>Omadused<\/h2>\n<ul>\n<li>\n<h3>Suur tugevus ja vastupidavus<\/h3>\n<p>Kopa silinder on tavaliselt valmistatud \u00fclitugevast terasest v\u00f5i alumiiniumist, mis talub k\u00f5rget r\u00f5hku ja suuri koormusi ning on konstrueeritud kulumis- ja korrosioonikindlaks, pikendades selle kasutusiga.<\/p>\n<\/li>\n<li>\n<h3>T\u00f5hus h\u00fcdrauliline t\u00f6\u00f6<\/h3>\n<p>Kopa silinder kasutab sujuva pikenemise ja kokkut\u00f5mbumise saavutamiseks h\u00fcdraulilist \u00f5lir\u00f5hku, reageerides kiiresti juhtimisk\u00e4sklustele ning pakkudes v\u00f5imsaid t\u00f5uke- ja t\u00f5mbej\u00f5ude, muutes selle sobivaks raskete koormate ja keerukate t\u00f6\u00f6\u00fclesannete k\u00e4sitsemiseks.<\/p>\n<\/li>\n<li>\n<h3>Erinevad t\u00fc\u00fcbid<\/h3>\n<p>Kopasilindrit saab vastavalt vajalikule t\u00f6\u00f6le valida \u00fchetoimelisena (h\u00fcdraulika abil ainult \u00fches suunas) v\u00f5i kahetoimelisena (h\u00fcdraulika abil m\u00f5lemas suunas) ning m\u00f5ned mudelid on teleskoopilised, v\u00f5imaldades suuremat pikendust ilma v\u00e4lism\u00f5\u00f5tmeid suurendamata, sobides piiratud ruumiga rakenduste jaoks.<\/p>\n<\/li>\n<li>\n<h3>T\u00e4iuslik asendus<\/h3>\n<p>Meie toode saab neid h\u00fcdrosilindreid ideaalselt asendada.<\/p>\n<\/li>\n<li>\n<h3>Taotlus<\/h3>\n<p>Kopasilindrit kasutatakse laialdaselt ehitusseadmetes, p\u00f5llumajandusmasinates, ekskavaatorites ja laadurites.<\/p>\n<\/li>\n<\/ul>\n<p><img decoding=\"async\" src=\"https:\/\/www.hydraulic-cylinders.net\/wp-content\/uploads\/2025\/01\/songte-cylinder-head-with-all-kinds-excavator-models.webp\" alt=\"Kopasilindri mudelid\"><\/p>\n<h2>Rakendused<\/h2>\n<h3>Ehitustehnika<\/h3>\n<p>Ekskavaatorites on need olulised pinnase v\u00f5i prahi kaevamiseks, laadimiseks ja teisaldamiseks. Ekskavaatoritel aitab kopa silinder nii kaevamisel kui ka t\u00f5stmisel. Esilaaduritel aitavad need kaupu t\u00f5husalt t\u00f5sta ja kallutada.<\/p>\n<h3>P\u00f5llumajandustehnika<\/h3>\n<p>Kopasilindrit kasutatakse esilaadurite jaoks, kaevamiseks, t\u00f5stmiseks ja pinnase, heina ja muude materjalide transportimiseks.<\/p>\n<h3>Ekskavaatorid<\/h3>\n<p>Kopa silinder v\u00f5imaldab kaevamist, lastes kopal pinnasesse tungida.<\/p>\n<h3>Laadurid<\/h3>\n<p>Esilaadurites aitab kopa silinder kaupu t\u00f5husalt t\u00f5sta ja t\u00fchjendada.<\/p>\n<h2>Projekteerimiskaalutlused ja valikukriteeriumid<\/h2>\n<h3>Kandev\u00f5ime<\/h3>\n<p>Kopa silinder peaks suutma vastu pidada eeldatavale koormusele.<\/p>\n<h3>Tihendus<\/h3>\n<p>\u00c4mbri silinder peaks olema lekete ja saastumise v\u00e4ltimiseks korralikult suletud.<\/p>\n<h3>Vastupidavus<\/h3>\n<p>Kopa silinder peaks olema konstrueeritud nii, et see taluks kulumist ja korrosiooni ning pikendaks selle kasutusiga.<\/p>\n<h3>Ohutus<\/h3>\n<p>\u00c4mbri silinder peaks olema konstrueeritud ohutusfunktsioonidega, n\u00e4iteks r\u00f5huvabastusventiilidega.<\/p>\n<h3>Hooldus<\/h3>\n<p>Kopa silinder peaks olema konstrueeritud h\u00f5lpsaks hooldamiseks ning komponentidega, mida saab h\u00f5lpsalt hooldada v\u00f5i vahetada.<\/p>\n<p><img decoding=\"async\" src=\"https:\/\/www.hydraulic-cylinders.net\/wp-content\/uploads\/2025\/01\/songte-oil-pipes-and-spare-parts.webp\" alt=\"Kopa silindri osad\"><\/p>\n<h2>Tihendus ja m\u00e4\u00e4rimine<\/h2>\n<p>Kopasilindris kasutatakse mitmesuguseid tihendeid, n\u00e4iteks kolvitihendeid, vardatihendeid jne, mis on valmistatud kulumiskindlatest materjalidest, nagu pol\u00fcuretaan, nitriilkummi jne. Silindri korpus ja keermeotsad on peenelt t\u00f6\u00f6deldud, et suurendada nende kulumiskindlust. M\u00e4\u00e4rimiseks on vaja regulaarselt lisada sobivat h\u00fcdraulika\u00f5li.<\/p>\n<h2>Hooldus ja remont<\/h2>\n<p>Kopasilindrit tuleb regulaarselt kontrollida, m\u00e4\u00e4rida ja tihendeid vahetada. \u00d5ige paigaldamine on \u00fclioluline ja soovitame silindri kinnitamiseks kasutada sobivaid kinnitusklambreid. Soovitatavad kontrolli-, remondi- ja vahetusprotseduurid aitavad pikendada kopasilindri kasutusiga. Pakume varuosi ja taastamisteenuseid.<\/p>\n<p><img decoding=\"async\" src=\"https:\/\/www.hydraulic-cylinders.net\/wp-content\/uploads\/2025\/01\/songte-chushion-collar.webp\" alt=\"\u00c4mbri silindri krae\"><\/p>\n<h2>Ohutus- ja keskkonnakaalutlused<\/h2>\n<p>Kopasilindri kasutamisel on oluline j\u00e4rgida ohutusmeetmeid, n\u00e4iteks kasutada kaitsevarustust ning tagada masina stabiilne ja kindel asend. Samuti on vajalik h\u00fcdraulika\u00f5li ja muude ohtlike materjalide n\u00f5uetekohane utiliseerimine.<\/p>\n<h2>Rikete diagnoosimine ja t\u00f5rkeotsing<\/h2>\n<p>Kopasilindri k\u00f5ige levinumad probleemid on lekked, tihendite kahjustused ja halb j\u00f5udlus. Neid saab lahendada tihendite vahetamise, \u00f5litaseme kontrollimise ja silindri kahjustuste kontrollimise teel.<\/p>\n<h2>Ettev\u00f5tte tutvustus<\/h2>\n<p>Oleme h\u00fcdrosilindrite asendajate tootja, pakkudes t\u00e4ielikku tootevalikut ning olles \u00fcks juhtivaid h\u00fcdrosilindrite tootjaid ja hulgim\u00fc\u00fcjaid nii sise- kui ka v\u00e4listurul. L\u00e4htume suurep\u00e4rase kvaliteedi kontseptsioonist ja tugineme t\u00e4iustatud tootmist\u00f6\u00f6kodadel p\u00f5hinevatele t\u00f6\u00f6stusliku tootmise juhtimisstrateegiatele. Kasutades tehnoloogilisi oskusi, tipptasemel digitaalseid tootmisseadmeid ja professionaalseid testimiss\u00fcsteeme, t\u00e4iustame pidevalt oma tootmisplatvorme, et t\u00e4iustada oma tootekvaliteedi tootmisprotsesse. Meil \u200b\u200bon tugev v\u00f5ime luua suure t\u00f5hususega, suure t\u00e4psusega ja kvaliteetseid tooteid, et rahuldada oma klientide mitmekesiseid vajadusi.<\/p>\n<p><img decoding=\"async\" src=\"https:\/\/hzpt.com\/wp-content\/uploads\/2024\/11\/songte-company-1.webp\" alt=\"Ettev\u00f5tte kuvand\"><\/p>\n<h3>Professionaalsus<\/h3>\n<p>Meie meeskond koosneb kogenud spetsialistidest, kellel on ulatuslikud teadmised ja tehnilised kogemused h\u00fcdrauliliste silindrite valdkonnas.<\/p>\n<h3>Rahvusvaheline sertifitseerimine<\/h3>\n<p>Meie tooted on l\u00e4binud mitmed rahvusvahelised sertifikaadid, sealhulgas ISO 9001 ja CE, mis tagab nende kvaliteedi ja ohutuse.<\/p>\n<h3>Kohandamise teenused<\/h3>\n<p>Pakume klientide erivajaduste rahuldamiseks kohandamisteenuseid.<\/p>\n<h3>Tootmisseadmed<\/h3>\n<p>Toote kvaliteedi ja efektiivsuse tagamiseks kasutame t\u00e4iustatud digitaalseid tootmisseadmeid.<\/p>\n<h3>M\u00fc\u00fcgij\u00e4rgne teenindus<\/h3>\n<p>Pakume suurep\u00e4rast m\u00fc\u00fcgij\u00e4rgset teenindust, sealhulgas toodete hooldust ja asendamist, et tagada klientide rahulolu.<\/p>\n<h4>Autor: lyl<\/h4>","protected":false},"excerpt":{"rendered":"<p>Bucket Cylinder For Case Middle Excavator CX240B Introduction The bucket cylinder for Case middle excavator CX240B is a specially designed hydraulic cylinder used to control the movement of the bucket in heavy machinery such as excavators, backhoe excavators, and front-end loaders. Its main function is to enable the lifting, lowering, and tilting of the bucket, [&hellip;]<\/p>","protected":false},"featured_media":14778,"comment_status":"open","ping_status":"closed","template":"","meta":{"_et_pb_use_builder":"","_et_pb_old_content":"","_et_gb_content_width":""},"product_brand":[],"product_cat":[1494],"product_tag":[1495,1496],"class_list":{"0":"post-15724","1":"product","2":"type-product","3":"status-publish","4":"has-post-thumbnail","6":"product_cat-bucket-cylinders","7":"product_tag-bucket-cylinders","8":"product_tag-hydraulic-cylinders","10":"first","11":"instock","12":"shipping-taxable","13":"product-type-simple"},"amp_enabled":true,"_links":{"self":[{"href":"https:\/\/www.hydraulic-cylinders.net\/et\/wp-json\/wp\/v2\/product\/15724","targetHints":{"allow":["GET"]}}],"collection":[{"href":"https:\/\/www.hydraulic-cylinders.net\/et\/wp-json\/wp\/v2\/product"}],"about":[{"href":"https:\/\/www.hydraulic-cylinders.net\/et\/wp-json\/wp\/v2\/types\/product"}],"replies":[{"embeddable":true,"href":"https:\/\/www.hydraulic-cylinders.net\/et\/wp-json\/wp\/v2\/comments?post=15724"}],"wp:featuredmedia":[{"embeddable":true,"href":"https:\/\/www.hydraulic-cylinders.net\/et\/wp-json\/wp\/v2\/media\/14778"}],"wp:attachment":[{"href":"https:\/\/www.hydraulic-cylinders.net\/et\/wp-json\/wp\/v2\/media?parent=15724"}],"wp:term":[{"taxonomy":"product_brand","embeddable":true,"href":"https:\/\/www.hydraulic-cylinders.net\/et\/wp-json\/wp\/v2\/product_brand?post=15724"},{"taxonomy":"product_cat","embeddable":true,"href":"https:\/\/www.hydraulic-cylinders.net\/et\/wp-json\/wp\/v2\/product_cat?post=15724"},{"taxonomy":"product_tag","embeddable":true,"href":"https:\/\/www.hydraulic-cylinders.net\/et\/wp-json\/wp\/v2\/product_tag?post=15724"}],"curies":[{"name":"wp","href":"https:\/\/api.w.org\/{rel}","templated":true}]}}