{"id":15725,"date":"2025-01-19T14:53:45","date_gmt":"2025-01-19T14:53:45","guid":{"rendered":"https:\/\/www.hydraulic-cylinders.net\/product\/bucket-cylinder-for-case-middle-excavator-cx240bhr\/"},"modified":"2025-01-19T14:53:47","modified_gmt":"2025-01-19T14:53:47","slug":"bucket-cylinder-for-case-middle-excavator-cx240bhr","status":"publish","type":"product","link":"https:\/\/www.hydraulic-cylinders.net\/et\/toode\/bucket-cylinder-for-case-middle-excavator-cx240bhr\/","title":{"rendered":"Kopa silinder Case Middle ekskavaatorile CX240BHR"},"content":{"rendered":"<h1>Kopa silinder Case Middle ekskavaatorile CX240BHR<\/h1>\n<h2>Sissejuhatus<\/h2>\n<p>Case'i keskmise ekskavaatori CX240BHR kopa silinder on spetsiaalne h\u00fcdrauliline silinder, mis on loodud kopa liikumise juhtimiseks rasketes masinates, n\u00e4iteks ekskavaatorites, laadur-ekskavaatorites ja esilaadurites. Selle peamine \u00fclesanne on v\u00f5imaldada kopa t\u00f5stmist, langetamist ja kallutamist, muutes mitmesuguste materjalik\u00e4itlust\u00f6\u00f6de tegemise lihtsamaks. H\u00fcdraulilises s\u00fcsteemis saavutab kopa silinder kopa t\u00e4pse juhtimise, kasutades \u00e4ra h\u00fcdraulika\u00f5li r\u00f5humuutusi, v\u00f5imaldades operaatoritel t\u00f5husalt k\u00e4sitseda raskeid koormaid ning kohaneda keerukate t\u00f6\u00f6keskkondade ja mitmekesiste t\u00f6\u00f6n\u00f5uetega.<\/p>\n<p><img decoding=\"async\" src=\"https:\/\/www.hydraulic-cylinders.net\/wp-content\/uploads\/2025\/01\/songte-company-2.webp\" alt=\"\u00c4mbri silindri pilt\"><\/p>\n<h2>Omadused<\/h2>\n<ul>\n<li>Suur tugevus ja vastupidavus: Tavaliselt \u00fclitugevast terasest v\u00f5i alumiiniumist valmistatud kopa silinder talub k\u00f5rget r\u00f5hku ja suuri koormusi, kohandudes karmide t\u00f6\u00f6tingimustega. Projekteerimisel on arvesse v\u00f5etud kulumiskindlust ja korrosioonikindlust, pikendades selle eluiga.<\/li>\n<li>T\u00f5hus h\u00fcdrauliline t\u00f6\u00f6: H\u00fcdraulika\u00f5li r\u00f5hu abil saavutab kopa silinder sujuva pikendus- ja tagasit\u00f5mbamisliigutuse, v\u00f5imaldades kiiret reageerimist juhtimisk\u00e4sklustele ja pakkudes v\u00f5imsaid t\u00f5uke- ja t\u00f5mbej\u00f5ude, mis sobivad raskete koormate ja keerukate t\u00f6\u00f6\u00fclesannete k\u00e4sitsemiseks.<\/li>\n<li>Erinevad t\u00fc\u00fcbid: Kopasilindrit saab vastavalt vajadusele valida \u00fchetoimelise (h\u00fcdrauliline r\u00f5hk ainult \u00fches suunas) v\u00f5i kahetoimelise (h\u00fcdrauliline r\u00f5hk m\u00f5lemas suunas) silindrina. M\u00f5ned mudelid on teleskoopilised, mis v\u00f5imaldab suuremat pikendust ilma v\u00e4lism\u00f5\u00f5tmeid suurendamata, mist\u00f5ttu need sobivad piiratud ruumiga rakenduste jaoks.<\/li>\n<li>Toote asendamine: Meie tooted saavad need h\u00fcdrosilindrid ideaalselt asendada.<\/li>\n<\/ul>\n<p><img decoding=\"async\" src=\"https:\/\/www.hydraulic-cylinders.net\/wp-content\/uploads\/2025\/01\/songte-cylinder-head-with-all-kinds-excavator-models.webp\" alt=\"Toote pilt\"><\/p>\n<h2>Rakendused<\/h2>\n<ul>\n<li>Ehitustehnika: Neid leidub ekskavaatorites ning need on olulised kaevamiseks, laadimiseks ja pinnase v\u00f5i prahi teisaldamiseks. Ekskavaatorlaadurites aitab kopa silinder nii kaevamisel kui ka t\u00f5stmisel.<\/li>\n<li>P\u00f5llumajandusmasinad: Kasutatakse esilaadurites mulla, heina ja muude materjalide k\u00fchveldamiseks, t\u00f5stmiseks ja transportimiseks.<\/li>\n<li>Ekskavaatorid: Kopa silinder v\u00f5imaldab kaevamist, lastes kopal pinnasesse tungida.<\/li>\n<li>Eeslaadurid: Eeslaadurites aitavad need kaupu t\u00f5husalt t\u00f5sta ja maha visata.<\/li>\n<\/ul>\n<h2>Projekteerimiskaalutlused ja valikukriteeriumid<\/h2>\n<ul>\n<li>Kandev\u00f5ime: Arutage kopasilindri v\u00f5imet taluda suuri koormusi ja r\u00f5hku.<\/li>\n<li>Tihendid: Kirjeldage erinevaid kasutatavaid tihendeid, n\u00e4iteks kolvitihendeid ja varrastihendeid, mis on valmistatud kulumiskindlatest materjalidest nagu pol\u00fcuretaan ja nitriilkummi. R\u00f5hutage korraliku tihenduse olulisust vastupidavuse tagamiseks.<\/li>\n<li>Vastupidavus: Arutage silindri korpuse, kolvivarda ja keermestatud otste vastupidavust, mis l\u00e4bivad kulumiskindluse parandamiseks peent\u00f6\u00f6tluse.<\/li>\n<li>Ohutus: T\u00f5stke esile projekteerimisel v\u00f5etud ohutuskaalutlusi, n\u00e4iteks usaldusv\u00e4\u00e4rsete materjalide ja komponentide kasutamist ning regulaarsete kontrollide ja hoolduse olulisust ohutu t\u00f6\u00f6 tagamiseks.<\/li>\n<li>Hooldus: Andke hooldusnippe, sh regulaarsed kontrollid, n\u00f5uetekohane m\u00e4\u00e4rimine, tihendite vahetamine ja kalibreerimiskontrollid, et pikendada kopasilindri eluiga.<\/li>\n<\/ul>\n<p><img decoding=\"async\" src=\"https:\/\/www.hydraulic-cylinders.net\/wp-content\/uploads\/2025\/01\/songte-oil-pipes-and-spare-parts.webp\" alt=\"Toote pilt\"><\/p>\n<h2>Tihendus ja m\u00e4\u00e4rimine<\/h2>\n<p>Kopasilindris kasutatakse mitmesuguseid tihendeid, n\u00e4iteks kolvitihendeid ja vardatihendeid, mis on valmistatud kulumiskindlatest materjalidest, nagu pol\u00fcuretaan ja nitriilkummi. Silindri korpus, kolvivarras ja keermestatud otsad on kulumiskindluse suurendamiseks peenelt t\u00f6\u00f6deldud. Sujuva t\u00f6\u00f6 tagamiseks ja kahjustuste v\u00e4ltimiseks on vajalik regulaarne m\u00e4\u00e4rimine sobiva koguse h\u00fcdraulika\u00f5liga.<\/p>\n<h2>Kontroll ja ennetav hooldus<\/h2>\n<ul>\n<li>Regulaarne kontroll: kontrollige kopasilindrit kulumis-, kahjustus- v\u00f5i lekete suhtes. P\u00f6\u00f6rake t\u00e4helepanu tihendite ja muude komponentide seisukorrale.<\/li>\n<li>M\u00e4\u00e4rimine: H\u00f5\u00f5rdumise minimeerimiseks ja kopasilindri eluea pikendamiseks tagage k\u00f5igi liikuvate osade korralik m\u00e4\u00e4rimine.<\/li>\n<li>Tihendi vahetamine: Optimaalse tihendustulemuse s\u00e4ilitamiseks vahetage kulunud v\u00f5i kahjustatud tihendid viivitamatult v\u00e4lja.<\/li>\n<li>Kalibreerimiskontroll: Kontrollige ja kalibreerige kopasilindrit perioodiliselt, et tagada t\u00e4pne t\u00f6\u00f6 ja v\u00e4ltida v\u00f5imalikke probleeme.<\/li>\n<\/ul>\n<p><img decoding=\"async\" src=\"https:\/\/www.hydraulic-cylinders.net\/wp-content\/uploads\/2025\/01\/songte-chushion-collar.webp\" alt=\"Toote pilt\"><\/p>\n<h2>Ohutuskaalutlused ja keskkonnategurid<\/h2>\n<p>Kopasilindri \u00f5ige kasutamine ja ohutusmeetmete j\u00e4rgimine on \u00f5nnetuste v\u00e4ltimiseks ja operaatori ohutuse tagamiseks \u00fcliolulised. Arvesse tuleks v\u00f5tta keskkonnategureid, nagu temperatuur, niiskus ja s\u00f6\u00f6vitavate ainete olemasolu.<\/p>\n<h2>Veaotsing ja levinud probleemid<\/h2>\n<p>Kopasilindri probleemide ilmnemisel on oluline probleem t\u00e4pselt diagnoosida. Andke t\u00f5rkeotsingu n\u00e4pun\u00e4iteid ja lahendusi, mis aitavad lugejatel probleeme t\u00f5husalt tuvastada ja lahendada. R\u00f5hutage ennetavaid meetmeid v\u00f5imalike probleemide minimeerimiseks.<\/p>\n<p><img decoding=\"async\" src=\"https:\/\/www.hydraulic-cylinders.net\/wp-content\/uploads\/2025\/01\/songte-bushings-with-all-kinds-of-excavator-models.webp\" alt=\"Toote pilt\"><\/p>\n<h2>Ettev\u00f5tte \u00fclevaade<\/h2>\n<p>Oleme asendush\u00fcdrauliliste silindrite tootja ning \u00fcks juhtivaid tootjaid ja hulgim\u00fc\u00fcjaid nii sise- kui ka rahvusvahelisel turul. J\u00e4rgime tipptaseme p\u00f5him\u00f5tteid, kasutades t\u00e4iustatud tootmisrajatisi ja professionaalseid testimiss\u00fcsteeme, et pidevalt oma tootmisv\u00f5imalusi ja tootekvaliteeti parandada. Pakume laia tootevalikut ja kohandatud teenuseid, et rahuldada klientide mitmekesiseid n\u00f5udmisi.<\/p>\n<p><img decoding=\"async\" src=\"https:\/\/hzpt.com\/wp-content\/uploads\/2024\/11\/songte-company-1.webp\" alt=\"Ettev\u00f5tte kuvand\"><\/p>\n<h2>Meie ettev\u00f5ttest<\/h2>\n<ul>\n<li>Professionaalsus: Meil \u200b\u200bon h\u00fcdrosilindrite tootmise ekspertide meeskond.<\/li>\n<li>Rahvusvaheline sertifitseerimine: Meie ettev\u00f5te on omandanud asjakohased rahvusvahelised sertifikaadid, et tagada toote kvaliteet ja t\u00f6\u00f6kindlus.<\/li>\n<li>Kohandamise teenused: Pakume kohandatud teenuseid, et rahuldada klientide konkreetseid vajadusi.<\/li>\n<li>Tootmisseadmed: Kasutame t\u00e4iustatud tootmisseadmeid, et tagada t\u00f5hus ja t\u00e4pne tootmisprotsess.<\/li>\n<li>M\u00fc\u00fcgij\u00e4rgne teenindus: Pakume oma toodete pikaealisuse tagamiseks igak\u00fclgset m\u00fc\u00fcgij\u00e4rgset teenindust, sealhulgas varuosade vahetust ja taastamisteenuseid.<\/li>\n<\/ul>\n<p><img decoding=\"async\" src=\"https:\/\/www.hydraulic-cylinders.net\/wp-content\/uploads\/2025\/01\/songte-company-3.webp\" alt=\"Ettev\u00f5tte kuvand\"><\/p>\n<p>Autor: lyl<\/p>","protected":false},"excerpt":{"rendered":"<p>Bucket Cylinder For Case Middle Excavator CX240BHR Introduction The bucket cylinder for Case middle excavator CX240BHR is a specialized hydraulic cylinder designed to control the movement of the bucket in heavy machinery such as excavators, backhoe loaders, and front loaders. Its main function is to enable the lifting, lowering, and tilting of the bucket, making [&hellip;]<\/p>","protected":false},"featured_media":14776,"comment_status":"open","ping_status":"closed","template":"","meta":{"_et_pb_use_builder":"","_et_pb_old_content":"","_et_gb_content_width":""},"product_brand":[],"product_cat":[1494],"product_tag":[1495,1496],"class_list":{"0":"post-15725","1":"product","2":"type-product","3":"status-publish","4":"has-post-thumbnail","6":"product_cat-bucket-cylinders","7":"product_tag-bucket-cylinders","8":"product_tag-hydraulic-cylinders","10":"first","11":"instock","12":"shipping-taxable","13":"product-type-simple"},"amp_enabled":true,"_links":{"self":[{"href":"https:\/\/www.hydraulic-cylinders.net\/et\/wp-json\/wp\/v2\/product\/15725","targetHints":{"allow":["GET"]}}],"collection":[{"href":"https:\/\/www.hydraulic-cylinders.net\/et\/wp-json\/wp\/v2\/product"}],"about":[{"href":"https:\/\/www.hydraulic-cylinders.net\/et\/wp-json\/wp\/v2\/types\/product"}],"replies":[{"embeddable":true,"href":"https:\/\/www.hydraulic-cylinders.net\/et\/wp-json\/wp\/v2\/comments?post=15725"}],"wp:featuredmedia":[{"embeddable":true,"href":"https:\/\/www.hydraulic-cylinders.net\/et\/wp-json\/wp\/v2\/media\/14776"}],"wp:attachment":[{"href":"https:\/\/www.hydraulic-cylinders.net\/et\/wp-json\/wp\/v2\/media?parent=15725"}],"wp:term":[{"taxonomy":"product_brand","embeddable":true,"href":"https:\/\/www.hydraulic-cylinders.net\/et\/wp-json\/wp\/v2\/product_brand?post=15725"},{"taxonomy":"product_cat","embeddable":true,"href":"https:\/\/www.hydraulic-cylinders.net\/et\/wp-json\/wp\/v2\/product_cat?post=15725"},{"taxonomy":"product_tag","embeddable":true,"href":"https:\/\/www.hydraulic-cylinders.net\/et\/wp-json\/wp\/v2\/product_tag?post=15725"}],"curies":[{"name":"wp","href":"https:\/\/api.w.org\/{rel}","templated":true}]}}