{"id":15736,"date":"2025-01-19T14:54:40","date_gmt":"2025-01-19T14:54:40","guid":{"rendered":"https:\/\/www.hydraulic-cylinders.net\/product\/bucket-cylinder-for-world-small-excavator-w218\/"},"modified":"2025-01-19T14:54:42","modified_gmt":"2025-01-19T14:54:42","slug":"bucket-cylinder-for-world-small-excavator-w218","status":"publish","type":"product","link":"https:\/\/www.hydraulic-cylinders.net\/et\/toode\/bucket-cylinder-for-world-small-excavator-w218\/","title":{"rendered":"Kopa silinder maailma v\u00e4ikese ekskavaatori W218 jaoks"},"content":{"rendered":"<p><!DOCTYPE html><br \/>\n<html><br \/>\n<head><br \/>\n<title>Kopa silinder maailma v\u00e4ikese ekskavaatori W218 jaoks<\/title><br \/>\n<\/head><br \/>\n<body><\/p>\n<h1>Kopa silinder maailma v\u00e4ikese ekskavaatori W218 jaoks<\/h1>\n<h2>Sissejuhatus<\/h2>\n<p>Kopa silinder, tuntud ka kui h\u00fcdrauliline silinder, on spetsiaalne silinder, mis on loodud kopa liikumise juhtimiseks rasketes masinates, n\u00e4iteks ekskavaatorites, laadur-ekskavaatorites ja esilaadurites. Selle peamine \u00fclesanne on v\u00f5imaldada kopa t\u00f5stmist, langetamist ja kallutamist, muutes mitmesuguste materjalik\u00e4itlust\u00f6\u00f6de tegemise lihtsamaks. H\u00fcdraulilises s\u00fcsteemis saavutab kopa silinder kopa t\u00e4pse juhtimise h\u00fcdraulika\u00f5li r\u00f5humuutuste abil, v\u00f5imaldades operaatoritel t\u00f5husalt k\u00e4sitseda raskeid koormaid ning kohaneda keerukate t\u00f6\u00f6keskkondade ja mitmekesiste t\u00f6\u00f6n\u00f5uetega.<\/p>\n<p><img decoding=\"async\" src=\"https:\/\/www.hydraulic-cylinders.net\/wp-content\/uploads\/2025\/01\/songte-company-2.webp\" alt=\"\u00c4mbri silindri pilt\"><\/p>\n<h2>Omadused<\/h2>\n<ul>\n<li>Suur tugevus ja vastupidavus: Tavaliselt valmistatud \u00fclitugevast terasest v\u00f5i alumiiniumist, talub see k\u00f5rget r\u00f5hku ja suuri koormusi, kohandudes karmide t\u00f6\u00f6keskkondadega. Projekteerimisel on arvestatud kulumiskindluse ja korrosioonikindlusega, pikendades selle kasutusiga.<\/li>\n<li>T\u00f5hus h\u00fcdrauliline t\u00f6\u00f6: H\u00fcdraulika\u00f5li r\u00f5hu abil saavutab see sujuva pikendus- ja tagasit\u00f5mbamisliigutuse, reageerides kiiresti juhtimisk\u00e4sklustele ning pakkudes v\u00f5imsaid t\u00f5uke- ja t\u00f5mbej\u00f5ude, mis sobivad raskete koormate ja keerukate t\u00f6\u00f6\u00fclesannete k\u00e4sitsemiseks.<\/li>\n<li>Erinevad t\u00fc\u00fcbid: Vastavalt vajadusele saab valida \u00fchetoimelise (h\u00fcdrauliline ainult \u00fches suunas) v\u00f5i kahetoimelise (h\u00fcdrauliline m\u00f5lemas suunas) silindri, mis vastab erinevatele t\u00f6\u00f6vajadustele. M\u00f5ned mudelid on teleskoopilised, v\u00f5imaldades suuremat pikendamist ilma v\u00e4lism\u00f5\u00f5tmeid suurendamata, sobides piiratud ruumiga rakenduste jaoks.<\/li>\n<li>T\u00e4iuslik asendus: Meie tooted suudavad neid h\u00fcdrosilindreid ideaalselt asendada.<\/li>\n<\/ul>\n<p><img decoding=\"async\" src=\"https:\/\/www.hydraulic-cylinders.net\/wp-content\/uploads\/2025\/01\/songte-cylinder-head-with-all-kinds-excavator-models.webp\" alt=\"\u00c4mbri silindri asendamise pilt\"><\/p>\n<h2>Rakendused<\/h2>\n<ul>\n<li>Ehitusmasinad: neid leidub ekskavaatorites ning need on olulised kaevamiseks, laadimiseks ja pinnase v\u00f5i prahi teisaldamiseks. Ekskavaatorlaadurites aitab kopa silinder nii kaevamisel kui ka t\u00f5stmisel.<\/li>\n<li>P\u00f5llumajandusmasinad: Kasutatakse esilaadurites mulla, heina ja muude materjalide k\u00fchveldamiseks, t\u00f5stmiseks ja transportimiseks.<\/li>\n<li>Ekskavaatorid: Kopa silinder v\u00f5imaldab kaevamist, lastes kopal pinnasesse tungida.<\/li>\n<li>Laadurid: Esilaadurites aitavad need kaupu t\u00f5husalt t\u00f5sta ja maha laadida.<\/li>\n<\/ul>\n<h2>Projekteerimiskaalutlused ja valikukriteeriumid<\/h2>\n<ul>\n<li>Kandev\u00f5ime: Arutage silindri v\u00f5imet taluda suuri koormusi.<\/li>\n<li>Tihendus: uurige korraliku tihenduse olulisust lekete v\u00e4ltimiseks ja t\u00f5husa t\u00f6\u00f6 tagamiseks.<\/li>\n<li>Vastupidavus: Arutage vastupidavustegureid, nagu kulumiskindlus ja korrosioonikindlus.<\/li>\n<li>Ohutus: T\u00f5stke esile ohutuskaalutlused kopasilindri projekteerimisel.<\/li>\n<li>Hooldus: Arutage hoolduse aspekti, sh remondi lihtsust ja regulaarset kontrolli.<\/li>\n<\/ul>\n<p><img decoding=\"async\" src=\"https:\/\/www.hydraulic-cylinders.net\/wp-content\/uploads\/2025\/01\/songte-oil-pipes-and-spare-parts.webp\" alt=\"\u00c4mbri silindri kujunduspilt\"><\/p>\n<h2>Tihendus ja m\u00e4\u00e4rimine<\/h2>\n<p>Kopasilindris kasutatakse mitmesuguseid tihenduskomponente, n\u00e4iteks kolvitihendeid ja vardatihendeid, mis on valmistatud kulumiskindlatest materjalidest, n\u00e4iteks pol\u00fcuretaanist ja nitriilkummist. Silindri korpus ja keermestatud otsad on l\u00e4binud t\u00e4pse t\u00f6\u00f6tluse, et suurendada kulumiskindlust. Sujuva t\u00f6\u00f6 tagamiseks on vajalik regulaarne m\u00e4\u00e4rimine h\u00fcdraulika\u00f5liga.<\/p>\n<h2>Kontroll ja ennetav hooldus<\/h2>\n<ul>\n<li>Regulaarne kontroll: R\u00f5hutage perioodiliste kontrollide olulisust v\u00f5imalike probleemide tuvastamiseks.<\/li>\n<li>\u00d5ige m\u00e4\u00e4rimine: R\u00f5hutage sobiva m\u00e4\u00e4rimise olulisust optimaalse j\u00f5udluse ja pikaealisuse saavutamiseks.<\/li>\n<li>Tihendi vahetamine: Selgitage \u00f5igeaegse tihendi vahetamise vajadust lekete v\u00e4ltimiseks ja efektiivsuse s\u00e4ilitamiseks.<\/li>\n<li>Kalibreerimiskontroll: T\u00e4pse t\u00f6\u00f6 tagamiseks on soovitatav teha kalibreerimiskontrolle.<\/li>\n<\/ul>\n<p><img decoding=\"async\" src=\"https:\/\/www.hydraulic-cylinders.net\/wp-content\/uploads\/2025\/01\/songte-chushion-collar.webp\" alt=\"Kopa silindri hoolduspilt\"><\/p>\n<h2>Ohutuskaalutlused ja keskkonnategurid<\/h2>\n<p>Kopasilindri kasutamisel on \u00f5nnetuste v\u00e4ltimiseks ja ohutu t\u00f6\u00f6keskkonna tagamiseks oluline j\u00e4rgida ohutusmeetmeid. Lisaks tuleks negatiivsete m\u00f5jude minimeerimiseks arvesse v\u00f5tta keskkonnategureid.<\/p>\n<h2>Rikete diagnoosimine ja levinud probleemid<\/h2>\n<p>Arutage v\u00f5imalikke rikkeid ja levinud probleeme, mis v\u00f5ivad kopasilindri kasutamisel tekkida. Andke t\u00f5rkeotsingu n\u00e4pun\u00e4iteid ja lahendusi, mis aitavad lugejatel probleeme t\u00f5husalt diagnoosida ja lahendada. Pakkuge ennetavaid meetmeid v\u00f5imalike probleemide minimeerimiseks.<\/p>\n<p><img decoding=\"async\" src=\"https:\/\/www.hydraulic-cylinders.net\/wp-content\/uploads\/2025\/01\/songte-bushings-with-all-kinds-of-excavator-models.webp\" alt=\"Kopa silindri rikke diagnoosi pilt\"><\/p>\n<p>Pea meeles, et artikkel tuleks loogiliselt \u00fcles ehitada, navigeerimise h\u00f5lbustamiseks kasutada alapealkirju, arusaadavuse parandamiseks lisada asjakohaseid pilte v\u00f5i diagramme ning veenduda, et sisu oleks selge, kokkuv\u00f5tlik ja sobiv erineva tehnilise teadmistasemega lugejatele.<\/p>\n<h2>Meie ettev\u00f5ttest<\/h2>\n<p>Oleme asendush\u00fcdrauliliste silindrite tootja, pakkudes laia tootevalikut. Oleme saanud \u00fcheks juhtivaks h\u00fcdrosilindrite tootjaks ja hulgim\u00fc\u00fcjaks nii sise- kui ka rahvusvahelisel turul. Meie t\u00e4iustatud tootmist\u00f6\u00f6kojas j\u00e4rgime suurep\u00e4rase kvaliteedi p\u00f5him\u00f5tteid ja tugineme industrialiseeritud tootmisjuhtimise strateegiatele. Kasutades tehnilisi oskusi, t\u00e4iustatud digitaalseid tootmisseadmeid ja professionaalseid testimiss\u00fcsteeme, t\u00e4iustame pidevalt oma tootmisplatvormi ja tootekvaliteedi tootmisviise. Meie tugevad uuenduslikud v\u00f5imed v\u00f5imaldavad meil rahuldada klientide mitmekesiseid vajadusi suure efektiivsuse, t\u00e4psuse ja kvaliteediga.<\/p>\n<p><img decoding=\"async\" src=\"https:\/\/www.hydraulic-cylinders.net\/wp-content\/uploads\/2025\/01\/songte-company-3.webp\" alt=\"Ettev\u00f5tte kuvand\"><\/p>\n<h3>Erialad<\/h3>\n<ul>\n<li>Professionaalsus<\/li>\n<li>Rahvusvahelised sertifikaadid<\/li>\n<li>Kohandamise teenused<\/li>\n<li>Tootmisseadmed<\/li>\n<li>M\u00fc\u00fcgij\u00e4rgne teenindus<\/li>\n<\/ul>\n<p><img decoding=\"async\" src=\"https:\/\/hzpt.com\/wp-content\/uploads\/2024\/11\/songte-company-1.webp\" alt=\"Ettev\u00f5tte kuvand\"><\/p>\n<p>Autor: lyl<\/p>\n<p><\/body><br \/>\n<\/html><\/p>","protected":false},"excerpt":{"rendered":"<p>Bucket Cylinder For World Small Excavator W218 Bucket Cylinder For World Small Excavator W218 Introduction The bucket cylinder, also known as a hydraulic cylinder, is a specialized cylinder designed to control the movement of the bucket in heavy machinery such as excavators, backhoe loaders, and front-end loaders. Its main function is to enable the bucket [&hellip;]<\/p>","protected":false},"featured_media":14784,"comment_status":"open","ping_status":"closed","template":"","meta":{"_et_pb_use_builder":"","_et_pb_old_content":"","_et_gb_content_width":""},"product_brand":[],"product_cat":[1494],"product_tag":[1495,1496],"class_list":{"0":"post-15736","1":"product","2":"type-product","3":"status-publish","4":"has-post-thumbnail","6":"product_cat-bucket-cylinders","7":"product_tag-bucket-cylinders","8":"product_tag-hydraulic-cylinders","10":"first","11":"instock","12":"shipping-taxable","13":"product-type-simple"},"amp_enabled":true,"_links":{"self":[{"href":"https:\/\/www.hydraulic-cylinders.net\/et\/wp-json\/wp\/v2\/product\/15736","targetHints":{"allow":["GET"]}}],"collection":[{"href":"https:\/\/www.hydraulic-cylinders.net\/et\/wp-json\/wp\/v2\/product"}],"about":[{"href":"https:\/\/www.hydraulic-cylinders.net\/et\/wp-json\/wp\/v2\/types\/product"}],"replies":[{"embeddable":true,"href":"https:\/\/www.hydraulic-cylinders.net\/et\/wp-json\/wp\/v2\/comments?post=15736"}],"wp:featuredmedia":[{"embeddable":true,"href":"https:\/\/www.hydraulic-cylinders.net\/et\/wp-json\/wp\/v2\/media\/14784"}],"wp:attachment":[{"href":"https:\/\/www.hydraulic-cylinders.net\/et\/wp-json\/wp\/v2\/media?parent=15736"}],"wp:term":[{"taxonomy":"product_brand","embeddable":true,"href":"https:\/\/www.hydraulic-cylinders.net\/et\/wp-json\/wp\/v2\/product_brand?post=15736"},{"taxonomy":"product_cat","embeddable":true,"href":"https:\/\/www.hydraulic-cylinders.net\/et\/wp-json\/wp\/v2\/product_cat?post=15736"},{"taxonomy":"product_tag","embeddable":true,"href":"https:\/\/www.hydraulic-cylinders.net\/et\/wp-json\/wp\/v2\/product_tag?post=15736"}],"curies":[{"name":"wp","href":"https:\/\/api.w.org\/{rel}","templated":true}]}}