{"id":15737,"date":"2025-01-19T14:54:44","date_gmt":"2025-01-19T14:54:44","guid":{"rendered":"https:\/\/www.hydraulic-cylinders.net\/product\/bucket-cylinder-for-world-small-excavator-w235\/"},"modified":"2025-01-19T14:54:46","modified_gmt":"2025-01-19T14:54:46","slug":"bucket-cylinder-for-world-small-excavator-w235","status":"publish","type":"product","link":"https:\/\/www.hydraulic-cylinders.net\/et\/toode\/bucket-cylinder-for-world-small-excavator-w235\/","title":{"rendered":"Kopa silinder maailma v\u00e4ikese ekskavaatori W235 jaoks"},"content":{"rendered":"<h1>Kopa silinder maailma v\u00e4ikese ekskavaatori W235 jaoks<\/h1>\n<h2>Sissejuhatus<\/h2>\n<p>The bucket cylinder, also known as a hydraulic cylinder, is a specially designed hydraulic actuator that primarily controls the movement of the bucket in heavy machinery such as excavators, backhoes, and front loaders. Its main function is to lift, lower and tilt the bucket, making it easier to handle various material-handling tasks. In the hydraulic system, the bucket cylinder precisely controls the bucket&#8217;s movement by changing the pressure of hydraulic oil, enabling operators to handle heavy objects efficiently and adapt to complex work environments and diverse job requirements.<\/p>\n<p><img decoding=\"async\" src=\"https:\/\/www.hydraulic-cylinders.net\/wp-content\/uploads\/2025\/01\/songte-company-2.webp\" alt=\"\u00c4mbri silindri pilt\"><\/p>\n<h2>Omadused<\/h2>\n<ul>\n<li>Suur tugevus ja vastupidavus: Tavaliselt valmistatud \u00fclitugevast terasest v\u00f5i alumiiniumist, talub see k\u00f5rget r\u00f5hku ja suuri koormusi, kohandudes karmi t\u00f6\u00f6keskkonnaga. Projekteerimisel on arvestatud ka kulumiskindluse ja korrosioonikindlusega, pikendades selle kasutusiga.<\/li>\n<li>T\u00f5hus h\u00fcdrauliline t\u00f6\u00f6: Kasutades h\u00fcdraulika\u00f5li r\u00f5hku sujuvate pikendus- ja kokkut\u00f5mbumisliigutuste saavutamiseks, reageerib see kiiresti juhtimisk\u00e4sklustele, pakkudes v\u00f5imsaid t\u00f5uke- ja t\u00f5mbej\u00f5ude, mis sobivad raskete esemete ja keerukate t\u00f6\u00f6de k\u00e4sitsemiseks.<\/li>\n<li>Erinevad t\u00fc\u00fcbid: vastavalt vajadusele saab valida \u00fchetoimelisi (h\u00fcdraulikat ainult \u00fches suunas) v\u00f5i kahetoimelisi (h\u00fcdraulikat m\u00f5lemas suunas) silindreid, et rahuldada erinevaid t\u00f6\u00f6vajadusi. M\u00f5ned mudelid on teleskoopilised, v\u00f5imaldades suuremat pikendamist ilma v\u00e4lism\u00f5\u00f5tmeid suurendamata, sobides piiratud ruumides kasutamiseks.<\/li>\n<li>Vahetatavus: Meie tooted saavad neid h\u00fcdrosilindreid ideaalselt asendada.<\/li>\n<\/ul>\n<p><img decoding=\"async\" src=\"https:\/\/www.hydraulic-cylinders.net\/wp-content\/uploads\/2025\/01\/songte-cylinder-head-with-all-kinds-excavator-models.webp\" alt=\"H\u00fcdraulilise silindri pilt\"><\/p>\n<h2>Rakendused<\/h2>\n<p>Kopasilindril on laialdased rakendused erinevates t\u00f6\u00f6stusharudes, n\u00e4iteks:<\/p>\n<ul>\n<li>Ehitustehnika: Kopa silinder on ekskavaatorites \u00fclioluline kaevamiseks, laadimiseks ja pinnase v\u00f5i prahi teisaldamiseks. Ekskavaatorites aitab see nii kaevamisel kui ka t\u00f5stmisel. <\/li>\n<li>P\u00f5llumajandusmasinad: Kasutatakse esilaaduritel, need korjavad \u00fcles, t\u00f5stavad ja transpordivad mulda, heina ja muid materjale. Ekskavaatorites v\u00f5imaldab kopa silinder kopal kaevamise ajal pinnasesse tungida. <\/li>\n<li>Laadur: Esilaaduritel aitab see lasti t\u00f5husalt kallutada ja t\u00fchjendada.<\/li>\n<\/ul>\n<h2>Projekteerimiskaalutlused ja valikustandardid<\/h2>\n<p>Silindrikorpuse projekteerimisel tuleb arvestada mitmete teguritega, sealhulgas:<\/p>\n<ul>\n<li>Kandev\u00f5ime: Kopasilindrite kandev\u00f5ime peab olema piisav, et taluda teisaldatava materjali raskust ja kopale m\u00f5juvaid v\u00e4liseid j\u00f5ude.<\/li>\n<li>Tihendus: \u00d5li lekke v\u00e4ltimiseks ja saasteainete sissetungimise takistamiseks kasutatakse mitmesuguseid tihendeid, n\u00e4iteks kolvitihendeid ja varrastihendeid.<\/li>\n<li>Vastupidavus: Silinder peab olema konstrueeritud vastu pidama karmidele keskkonnatingimustele ning olema kulumis- ja korrosioonikindel.<\/li>\n<li>Ohutus: Kopa silinder peab olema konstrueeritud ohutusfunktsioonidega, et v\u00e4ltida \u00f5nnetusi ja tagada operaatori ohutus.<\/li>\n<li>Hooldatavus: Silinder peab olema konstrueeritud nii, et seda oleks lihtne hooldada ja parandada, v\u00e4hendades seisakuid ja hoolduskulusid.<\/li>\n<\/ul>\n<p><img decoding=\"async\" src=\"https:\/\/www.hydraulic-cylinders.net\/wp-content\/uploads\/2025\/01\/songte-oil-pipes-and-spare-parts.webp\" alt=\"H\u00fcdrauliliste silindrite osad\"><\/p>\n<h2>Tihendus ja m\u00e4\u00e4rimine<\/h2>\n<p>Kopasilindrites kasutatakse \u00f5lilekke ja saasteainete sissetungimise v\u00e4ltimiseks mitmesuguseid tihendeid, n\u00e4iteks kolvitihendeid ja vardatihendeid. Tihendid on valmistatud kulumiskindlatest materjalidest, nagu pol\u00fcuretaan ja nitriilkummi. Silindri korpus ja keermeotsa pind on peenelt t\u00f6\u00f6deldud, et parandada kulumiskindlust. Kopasilindri sujuva t\u00f6\u00f6 tagamiseks on vaja korralikku m\u00e4\u00e4rimist h\u00fcdraulika\u00f5liga.<\/p>\n<h2>Hooldus<\/h2>\n<p>Kopasilindri pikaealisuse ja t\u00f5husa t\u00f6\u00f6 tagamiseks on regulaarne hooldus \u00fclioluline. M\u00f5ned levinumad hooldust\u00f6\u00f6d on j\u00e4rgmised:<\/p>\n<ul>\n<li>Regular checks of the cylinder&#8217;s condition and performance.<\/li>\n<li>Silindri m\u00e4\u00e4rimine sujuva t\u00f6\u00f6 tagamiseks.<\/li>\n<li>Kulunud tihendite vahetamine.<\/li>\n<li>Kalibreerimiskontrollid n\u00f5uetekohase t\u00f6\u00f6 tagamiseks.<\/li>\n<li>Regular inspection and cleaning of the cylinder&#8217;s external parts.<\/li>\n<\/ul>\n<p><img decoding=\"async\" src=\"https:\/\/www.hydraulic-cylinders.net\/wp-content\/uploads\/2025\/01\/songte-chushion-collar.webp\" alt=\"H\u00fcdraulilise silindri krae\"><\/p>\n<h2>Ohutus- ja keskkonnakaalutlused<\/h2>\n<p>Kopasilindri k\u00e4itamisel tuleb \u00f5nnetuste v\u00e4ltimiseks ja operaatori ohutuse tagamiseks v\u00f5tta n\u00f5uetekohaseid ohutusmeetmeid. Samuti on oluline arvestada keskkonnateguritega, nagu \u00f5lilekked ja mahavalgumine ning h\u00fcdraulika\u00f5li ja muude j\u00e4\u00e4tmete n\u00f5uetekohane k\u00f5rvaldamine.<\/p>\n<h2>Veaotsing ja levinud probleemid<\/h2>\n<p>Kopasilindrid on altid mitmesugustele probleemidele, nagu \u00f5lilekked, kahjustatud tihendid ja valesti t\u00f6\u00f6tavad ventiilid. Nende probleemide \u00f5igeaegne diagnoosimine ja lahendamine on \u00fclioluline, et v\u00e4ltida seisakuid ja kulukaid remondit\u00f6id. N\u00f5uetekohased ennetusmeetmed, nagu regulaarne hooldus ja kontroll, v\u00f5ivad samuti potentsiaalseid probleeme v\u00e4hendada.<\/p>\n<p><img decoding=\"async\" src=\"https:\/\/www.hydraulic-cylinders.net\/wp-content\/uploads\/2025\/01\/songte-bushings-with-all-kinds-of-excavator-models.webp\" alt=\"H\u00fcdrauliliste silindrite puksid\"><\/p>\n<h2>Meie ettev\u00f5ttest<\/h2>\n<p>Oleme juhtiv h\u00fcdrauliliste silindrite, sealhulgas kopasilindrite tootja ja hulgim\u00fc\u00fcja. J\u00e4rgime suurep\u00e4rase kvaliteedi p\u00f5him\u00f5tteid ja tugineme keeruka tootmist\u00f6\u00f6koja t\u00f6\u00f6stusliku tootmise juhtimise strateegiale. Meie ettev\u00f5te t\u00e4iustab pidevalt oma tootmisplatvorme, t\u00e4iustab tootekvaliteediga tootmisliine ning omab tugevaid loomingulisi ja t\u00f5husaid v\u00f5imeid klientide mitmekesiste vajaduste rahuldamiseks. Pakume professionaalseid, rahvusvahelisi ja kohandatud teenuseid, omame t\u00e4iustatud tootmisseadmeid ja pakume m\u00fc\u00fcgij\u00e4rgset teenindust.<\/p>\n<p><img decoding=\"async\" src=\"https:\/\/hzpt.com\/wp-content\/uploads\/2024\/11\/songte-company-1.webp\" alt=\"Ettev\u00f5tte kuvand\"><\/p>\n<p>Meie ettev\u00f5te pakub ka:<\/p>\n<ul>\n<li>Professionaalsus: Meil \u200b\u200bon ekspertide meeskond, kellel on aastatepikkune kogemus h\u00fcdrauliliste silindrite valdkonnas.<\/li>\n<li>Rahvusvaheline sertifitseerimine: Meie tooted on saanud rahvusvahelised sertifikaadid, n\u00e4iteks CE ja ISO.<\/li>\n<li>Kohandusteenused: Pakume kohandatud h\u00fcdrauliliste silindrite lahendusi, et rahuldada klientide konkreetseid n\u00f5udeid.<\/li>\n<li>Tootmisseadmed: Meil \u200b\u200bon t\u00e4iustatud tootmisseadmed, n\u00e4iteks CNC-masinad, keevitusmasinad ja lihvmasinad.<\/li>\n<li>M\u00fc\u00fcgij\u00e4rgne teenindus: Pakume m\u00fc\u00fcgij\u00e4rgset teenindust, mis h\u00f5lmab remonti ja varuosade vahetust.<\/li>\n<\/ul>\n<p>Autor: lyl.<\/p>","protected":false},"excerpt":{"rendered":"<p>Bucket Cylinder For World Small Excavator W235 Introduction The bucket cylinder, also known as a hydraulic cylinder, is a specially designed hydraulic actuator that primarily controls the movement of the bucket in heavy machinery such as excavators, backhoes, and front loaders. Its main function is to lift, lower and tilt the bucket, making it easier [&hellip;]<\/p>","protected":false},"featured_media":14782,"comment_status":"open","ping_status":"closed","template":"","meta":{"_et_pb_use_builder":"","_et_pb_old_content":"","_et_gb_content_width":""},"product_brand":[],"product_cat":[1494],"product_tag":[1495,1496],"class_list":{"0":"post-15737","1":"product","2":"type-product","3":"status-publish","4":"has-post-thumbnail","6":"product_cat-bucket-cylinders","7":"product_tag-bucket-cylinders","8":"product_tag-hydraulic-cylinders","10":"first","11":"instock","12":"shipping-taxable","13":"product-type-simple"},"amp_enabled":true,"_links":{"self":[{"href":"https:\/\/www.hydraulic-cylinders.net\/et\/wp-json\/wp\/v2\/product\/15737","targetHints":{"allow":["GET"]}}],"collection":[{"href":"https:\/\/www.hydraulic-cylinders.net\/et\/wp-json\/wp\/v2\/product"}],"about":[{"href":"https:\/\/www.hydraulic-cylinders.net\/et\/wp-json\/wp\/v2\/types\/product"}],"replies":[{"embeddable":true,"href":"https:\/\/www.hydraulic-cylinders.net\/et\/wp-json\/wp\/v2\/comments?post=15737"}],"wp:featuredmedia":[{"embeddable":true,"href":"https:\/\/www.hydraulic-cylinders.net\/et\/wp-json\/wp\/v2\/media\/14782"}],"wp:attachment":[{"href":"https:\/\/www.hydraulic-cylinders.net\/et\/wp-json\/wp\/v2\/media?parent=15737"}],"wp:term":[{"taxonomy":"product_brand","embeddable":true,"href":"https:\/\/www.hydraulic-cylinders.net\/et\/wp-json\/wp\/v2\/product_brand?post=15737"},{"taxonomy":"product_cat","embeddable":true,"href":"https:\/\/www.hydraulic-cylinders.net\/et\/wp-json\/wp\/v2\/product_cat?post=15737"},{"taxonomy":"product_tag","embeddable":true,"href":"https:\/\/www.hydraulic-cylinders.net\/et\/wp-json\/wp\/v2\/product_tag?post=15737"}],"curies":[{"name":"wp","href":"https:\/\/api.w.org\/{rel}","templated":true}]}}