{"id":15743,"date":"2025-01-19T14:55:09","date_gmt":"2025-01-19T14:55:09","guid":{"rendered":"https:\/\/www.hydraulic-cylinders.net\/product\/bucket-cylinder-for-world-middle-excavator-w2225lc-8\/"},"modified":"2025-01-19T14:55:14","modified_gmt":"2025-01-19T14:55:14","slug":"bucket-cylinder-for-world-middle-excavator-w2225lc-8","status":"publish","type":"product","link":"https:\/\/www.hydraulic-cylinders.net\/et\/toode\/bucket-cylinder-for-world-middle-excavator-w2225lc-8\/","title":{"rendered":"Kopa silinder maailma keskmise ekskavaatori W2225LC-8 jaoks"},"content":{"rendered":"<h1>Kopa silinder maailma keskmise ekskavaatori W2225LC-8 jaoks<\/h1>\n<h2>Sissejuhatus<\/h2>\n<p>Maailma keskmise ekskavaatori W2225LC-8 kopa silinder on spetsiaalselt loodud h\u00fcdrauliline silinder, mida kasutatakse raskete masinate, n\u00e4iteks ekskavaatorite, ekskavaator-ekskavaatorite ja esilaadurite koppade liikumise juhtimiseks. Selle peamine \u00fclesanne on v\u00f5imaldada kopa t\u00f5stmist, langetamist ja kallutamist, muutes mitmesuguste materjalik\u00e4itlust\u00f6\u00f6de tegemise lihtsamaks. H\u00fcdraulikas\u00fcsteemis saavutab kopa silinder kopa t\u00e4pse juhtimise h\u00fcdraulika\u00f5li r\u00f5hu muutuste abil, v\u00f5imaldades operaatoritel t\u00f5husalt k\u00e4sitseda raskeid koormaid ning kohaneda keerukate t\u00f6\u00f6keskkondade ja mitmekesiste t\u00f6\u00f6n\u00f5uetega.<\/p>\n<p><img decoding=\"async\" src=\"https:\/\/www.hydraulic-cylinders.net\/wp-content\/uploads\/2025\/01\/songte-company-2.webp\"><\/p>\n<h2>Omadused<\/h2>\n<ul>\n<li>Suur tugevus ja vastupidavus: Tavaliselt valmistatud \u00fclitugevast terasest v\u00f5i alumiiniumist, mis talub k\u00f5rget r\u00f5hku ja suuri koormusi ning on konstrueeritud kulumiskindlust ja korrosioonikindlust silmas pidades, et pikendada kasutusiga.<\/li>\n<li>T\u00f5hus h\u00fcdrauliline t\u00f6\u00f6: H\u00fcdraulika\u00f5li r\u00f5hu abil saavutatav sujuv pikendamine ja kokkut\u00f5mbumine, kiire reageerimine juhtimisk\u00e4sklustele, v\u00f5imas t\u00f5uke- ja t\u00f5mbej\u00f5ud, sobib raskete koormate ja keerukate t\u00f6\u00f6de k\u00e4sitsemiseks.<\/li>\n<li>Erinevad t\u00fc\u00fcbid: vastavalt vajadusele saab valida \u00fchetoimelisi (h\u00fcdraulikat ainult \u00fches suunas) v\u00f5i kahetoimelisi (h\u00fcdraulikat m\u00f5lemas suunas) silindreid, et rahuldada erinevaid t\u00f6\u00f6n\u00f5udeid. M\u00f5ned mudelid on teleskoopilised, v\u00f5imaldades suuremat pikendamist ilma v\u00e4lism\u00f5\u00f5tmeid suurendamata, sobides piiratud ruumiga rakenduste jaoks.<\/li>\n<li>Lihtne asendamine: meie toode saab neid h\u00fcdrosilindreid ideaalselt asendada.<\/li>\n<\/ul>\n<p><img decoding=\"async\" src=\"https:\/\/www.hydraulic-cylinders.net\/wp-content\/uploads\/2025\/01\/songte-cylinder-head-with-all-kinds-excavator-models.webp\"><\/p>\n<h2>Rakendused<\/h2>\n<p>Kopasilindrit kasutatakse tavaliselt ehitusmasinates, n\u00e4iteks ekskavaatorites, laadur-ekskavaatorites ja esilaadurites. Siin on m\u00f5ned n\u00e4ited:<\/p>\n<h3>Ehitustehnika<\/h3>\n<ul>\n<li><strong>Ekskavaatorid:<\/strong> Kopasilindrid aitavad kaevamist saavutada, v\u00f5imaldades kopal pinnasesse tungida.<\/li>\n<li><strong>Ekskavaator-ekskavaatorid:<\/strong> Kopa silinder aitab nii kaevamisel kui ka t\u00f5stmisel.<\/li>\n<li><strong>Esilaadurid:<\/strong> Kopasilindrid aitavad materjale t\u00f5husalt t\u00f5sta ja t\u00fchjendada.<\/li>\n<\/ul>\n<h3>P\u00f5llumajandustehnika<\/h3>\n<ul>\n<li><strong>Esilaadurid:<\/strong> Kasutatakse mulla, heina ja muude materjalide laadimiseks, t\u00f5stmiseks ja transportimiseks.<\/li>\n<\/ul>\n<h2>Projekteerimiskaalutlused ja valikukriteeriumid<\/h2>\n<p>Kopasilindri konstruktsioonis on arvesse v\u00f5etud mitmeid tegureid, mis tagavad optimaalse j\u00f5udluse. Siin on m\u00f5ned olulised disainikaalutlused ja valikukriteeriumid:<\/p>\n<h3>Kandev\u00f5ime<\/h3>\n<p>Silinder peab vastu pidama k\u00f5rgele r\u00f5hule ja rasketele koormustele.<\/p>\n<h3>Tihendus<\/h3>\n<p>Silinder peab olema konstrueeritud kvaliteetsete tihenditega, mis takistavad \u00f5lilekkeid ja tagavad silindri sujuva t\u00f6\u00f6.<\/p>\n<h3>Vastupidavus<\/h3>\n<p>Silinder peab olema kulumis- ja korrosioonikindel ning suutma vastu pidada karmidele t\u00f6\u00f6tingimustele.<\/p>\n<h3>Ohutus<\/h3>\n<p>Balloon peaks olema konstrueeritud nii, et ballooni rikke t\u00f5ttu tekkivate \u00f5nnetuste oht oleks minimaalne.<\/p>\n<h3>Hooldus<\/h3>\n<p>Silinder peaks olema konstrueeritud nii, et hooldus ja remont oleksid v\u00f5imalikult lihtsad.<\/p>\n<p><img decoding=\"async\" src=\"https:\/\/www.hydraulic-cylinders.net\/wp-content\/uploads\/2025\/01\/songte-oil-pipes-and-spare-parts.webp\"><\/p>\n<h2>Tihendus ja m\u00e4\u00e4rimine<\/h2>\n<p>Kopasilindris kasutatakse mitmesuguseid tihendeid, n\u00e4iteks kolvitihendeid, vardatihendeid ja muid kulumiskindlatest materjalidest, n\u00e4iteks pol\u00fcuretaanist ja nitriilkummist, kusjuures silindri pind ja keermestatud otsad on kulumiskindluse parandamiseks peenelt t\u00f6\u00f6deldud. Sujuva t\u00f6\u00f6 tagamiseks on vaja regulaarselt h\u00fcdraulika\u00f5liga m\u00e4\u00e4rida.<\/p>\n<h2>Hooldus ja ennetavad meetmed<\/h2>\n<p>Regulaarne kontroll, n\u00f5uetekohane m\u00e4\u00e4rimine, tihendite vahetamine ja kalibreerimise kontrollimine on tavalised hooldust\u00f6\u00f6d, mis aitavad pikendada silindri eluiga. N\u00f5uetekohane paigaldamine, m\u00e4\u00e4rimine ja reguleerimine on kriitilise t\u00e4htsusega ning paigaldamise ajal tuleks anda \u00f5igeid joondamisjuhiseid. Silindri kinnitamiseks on soovitatav kasutada sobivaid kinnitusklambreid ning toote eluea pikendamiseks tuleks kehtestada osade kontrolli-, remondi- ja vahetusprogrammid. <\/p>\n<p><img decoding=\"async\" src=\"https:\/\/www.hydraulic-cylinders.net\/wp-content\/uploads\/2025\/01\/songte-chushion-collar.webp\"><\/p>\n<h2>Ohutus- ja keskkonnakaalutlused<\/h2>\n<p>\u00d5nnetuste v\u00e4ltimiseks tuleb kopa silinder paigaldada ja kasutada vastavalt ohutusn\u00f5uetele. H\u00fcdraulika\u00f5li ja muude komponentide n\u00f5uetekohaseks utiliseerimiseks tuleb olla piisavalt hoolikas.<\/p>\n<h2>Veaotsing ja levinud probleemid<\/h2>\n<p>Kopasilindrite levinud probleemide hulka kuuluvad lekked, vale joondus ja kulunud tihendid. N\u00f5uetekohane hooldus ja kontroll aitavad neid probleeme v\u00e4ltida.<\/p>\n<h2>Ettev\u00f5tte tutvustus<\/h2>\n<p>Oleme asendush\u00fcdrauliliste silindrite tootja, pakkudes t\u00e4ielikku toote- ja teenustevalikut ning olles \u00fcks juhtivaid h\u00fcdrosilindrite tootjaid ja hulgim\u00fc\u00fcjaid nii sise- kui ka rahvusvahelisel turul. J\u00e4rgime suurep\u00e4rase kvaliteedi p\u00f5him\u00f5tet, toetume t\u00f6\u00f6stusharu tootmisjuhtimise strateegiale peentootmist\u00f6\u00f6kodades, t\u00e4iustame pidevalt tootmisplatvormi, parandame tootekvaliteedi tootmisliine ning omame tugevat tootmisv\u00f5imsust, et rahuldada klientide mitmekesiseid vajadusi suure t\u00f5hususega, suure t\u00e4psuse ja k\u00f5rge kvaliteediga. <\/p>\n<p>Pakume professionaalseid, rahvusvaheliselt sertifitseeritud ja kohandatud teenuseid ning meil on t\u00e4iustatud tootmisseadmed ja professionaalsed testimiss\u00fcsteemid, samuti usaldusv\u00e4\u00e4rne m\u00fc\u00fcgij\u00e4rgse teeninduse meeskond klientide rahulolu tagamiseks.<\/p>\n<p><img decoding=\"async\" src=\"https:\/\/hzpt.com\/wp-content\/uploads\/2024\/11\/songte-company-1.webp\"><\/p>\n<p>Autor: lyl.<\/p>","protected":false},"excerpt":{"rendered":"<p>Bucket Cylinder For World Middle Excavator W2225LC-8 Introduction The Bucket Cylinder for World Middle Excavator W2225LC-8 is a specially designed hydraulic cylinder used to control the movement of buckets in heavy machinery such as excavators, backhoe excavators, and front-end loaders. Its main function is to enable the bucket to lift, lower, and tilt, making it [&hellip;]<\/p>","protected":false},"featured_media":14769,"comment_status":"open","ping_status":"closed","template":"","meta":{"_et_pb_use_builder":"","_et_pb_old_content":"","_et_gb_content_width":""},"product_brand":[],"product_cat":[1494],"product_tag":[1495,1496],"class_list":{"0":"post-15743","1":"product","2":"type-product","3":"status-publish","4":"has-post-thumbnail","6":"product_cat-bucket-cylinders","7":"product_tag-bucket-cylinders","8":"product_tag-hydraulic-cylinders","10":"first","11":"instock","12":"shipping-taxable","13":"product-type-simple"},"amp_enabled":true,"_links":{"self":[{"href":"https:\/\/www.hydraulic-cylinders.net\/et\/wp-json\/wp\/v2\/product\/15743","targetHints":{"allow":["GET"]}}],"collection":[{"href":"https:\/\/www.hydraulic-cylinders.net\/et\/wp-json\/wp\/v2\/product"}],"about":[{"href":"https:\/\/www.hydraulic-cylinders.net\/et\/wp-json\/wp\/v2\/types\/product"}],"replies":[{"embeddable":true,"href":"https:\/\/www.hydraulic-cylinders.net\/et\/wp-json\/wp\/v2\/comments?post=15743"}],"wp:featuredmedia":[{"embeddable":true,"href":"https:\/\/www.hydraulic-cylinders.net\/et\/wp-json\/wp\/v2\/media\/14769"}],"wp:attachment":[{"href":"https:\/\/www.hydraulic-cylinders.net\/et\/wp-json\/wp\/v2\/media?parent=15743"}],"wp:term":[{"taxonomy":"product_brand","embeddable":true,"href":"https:\/\/www.hydraulic-cylinders.net\/et\/wp-json\/wp\/v2\/product_brand?post=15743"},{"taxonomy":"product_cat","embeddable":true,"href":"https:\/\/www.hydraulic-cylinders.net\/et\/wp-json\/wp\/v2\/product_cat?post=15743"},{"taxonomy":"product_tag","embeddable":true,"href":"https:\/\/www.hydraulic-cylinders.net\/et\/wp-json\/wp\/v2\/product_tag?post=15743"}],"curies":[{"name":"wp","href":"https:\/\/api.w.org\/{rel}","templated":true}]}}