{"id":15748,"date":"2025-01-19T14:55:47","date_gmt":"2025-01-19T14:55:47","guid":{"rendered":"https:\/\/www.hydraulic-cylinders.net\/product\/bucket-cylinder-for-world-large-excavator-w2330lc-8\/"},"modified":"2025-01-19T14:55:49","modified_gmt":"2025-01-19T14:55:49","slug":"bucket-cylinder-for-world-large-excavator-w2330lc-8","status":"publish","type":"product","link":"https:\/\/www.hydraulic-cylinders.net\/et\/toode\/bucket-cylinder-for-world-large-excavator-w2330lc-8\/","title":{"rendered":"Kopa silinder maailma suurele ekskavaatorile W2330LC-8"},"content":{"rendered":"<h1>Kopa silinder maailma suurele ekskavaatorile W2330LC-8<\/h1>\n<h2>Sissejuhatus<\/h2>\n<h3>Kopa silindri m\u00e4\u00e4ratlemine<\/h3>\n<p>Kopa silinder on spetsiaalselt loodud h\u00fcdrauliline silinder, mida kasutatakse peamiselt kopa liikumise juhtimiseks rasketes masinates, n\u00e4iteks ekskavaatorites, laadurites ja esilaadurites. Selle peamine \u00fclesanne on v\u00f5imaldada kopa t\u00f5stmist, langetamist ja kallutamist, muutes mitmesuguste materjalik\u00e4itlust\u00f6\u00f6de tegemise lihtsamaks.<\/p>\n<p>H\u00fcdraulikas\u00fcsteemis saavutab kopa silinder kopa t\u00e4pse juhtimise h\u00fcdraulika\u00f5li r\u00f5hu muutuste abil, v\u00f5imaldades operaatoritel t\u00f5husalt k\u00e4sitseda raskeid koormaid ning kohaneda keerukate t\u00f6\u00f6keskkondade ja mitmekesiste t\u00f6\u00f6n\u00f5uetega.<\/p>\n<p><img decoding=\"async\" src=\"https:\/\/www.hydraulic-cylinders.net\/wp-content\/uploads\/2025\/01\/songte-company-2.webp\" alt=\"\u00c4mbri silindri pilt\"><\/p>\n<h3>Kopasilindri omadused<\/h3>\n<ul>\n<li><strong>Suur tugevus ja vastupidavus:<\/strong> Tavaliselt valmistatud \u00fclitugevast terasest v\u00f5i alumiiniumist, see talub k\u00f5rget r\u00f5hku ja suuri koormusi, kohaneb karmide t\u00f6\u00f6keskkondadega ning on konstrueeritud kulumiskindlust ja korrosioonikindlust silmas pidades, mis pikendab kasutusiga.<\/li>\n<li><strong>T\u00f5hus h\u00fcdrauliline t\u00f6\u00f6:<\/strong> Kasutades h\u00fcdraulika\u00f5li r\u00f5hku sujuvate pikendus- ja kokkut\u00f5mbumisliigutuste saavutamiseks, reageerib see kiiresti t\u00f6\u00f6k\u00e4sklustele, pakub v\u00f5imsaid t\u00f5uke- ja t\u00f5mbej\u00f5ude ning sobib raskete koormate ja keerukate t\u00f6\u00f6\u00fclesannete k\u00e4sitsemiseks.<\/li>\n<li><strong>Erinevad t\u00fc\u00fcbid:<\/strong> Vajadusel saab valida \u00fchetoimelisi (h\u00fcdraulilist s\u00fcsteemi kasutatakse ainult \u00fches suunas) v\u00f5i kahetoimelisi (h\u00fcdraulilist s\u00fcsteemi kasutatakse m\u00f5lemas suunas) silindreid ning m\u00f5ned mudelid on teleskoopilised, mis v\u00f5imaldavad suuremat pikendamist ilma v\u00e4lism\u00f5\u00f5tmeid suurendamata, sobides piiratud ruumiga rakenduste jaoks.<\/li>\n<li><strong>Vahetatav:<\/strong> Meie toode saab neid h\u00fcdrosilindreid ideaalselt asendada. <\/li>\n<\/ul>\n<p><img decoding=\"async\" src=\"https:\/\/www.hydraulic-cylinders.net\/wp-content\/uploads\/2025\/01\/songte-cylinder-head-with-all-kinds-excavator-models.webp\" alt=\"Kopa silindri vahetamine\"><\/p>\n<h3>Kopasilindri rakendused<\/h3>\n<p>Kopasilindrit kasutatakse laialdaselt erinevates rasketehnika masinates, sealhulgas:<\/p>\n<ul>\n<li><strong>Ehitustehnika:<\/strong> Ekskavaatorites on need h\u00e4davajalikud pinnase v\u00f5i prahi kaevamiseks, laadimiseks ja teisaldamiseks. Ekskavaatoritel aitab kopa silinder nii kaevamisel kui ka t\u00f5stmisel. <\/li>\n<li><strong>P\u00f5llumajandusmasinad:<\/strong> Kasutatakse esilaadurite jaoks mulla, heina ja muude materjalide \u00fclesv\u00f5tmiseks, t\u00f5stmiseks ja transportimiseks. <\/li>\n<li><strong>Ekskavaatorid:<\/strong> Kopa silinder v\u00f5imaldab kaevamist, lastes kopal pinnasesse tungida. <\/li>\n<li><strong>Laadurid:<\/strong> Esilaadurites aitavad need kaupu t\u00f5husalt t\u00f5sta ja kallutada. <\/li>\n<\/ul>\n<h3>Projekteerimiskaalutlused ja valikukriteeriumid<\/h3>\n<p>Silindrikorpuse projekteerimisel tuleks arvestada mitmete teguritega, sealhulgas:<\/p>\n<ul>\n<li><strong>Kandev\u00f5ime:<\/strong> Silinder peaks olema konstrueeritud nii, et see taluks seadme ja rakendusega seotud koormusi.<\/li>\n<li><strong>Tihendus:<\/strong> Silinder tuleks sulgeda, et v\u00e4ltida vedeliku lekkimist.<\/li>\n<li><strong>Vastupidavus:<\/strong> Silinder peaks olema valmistatud materjalidest, mis taluvad karmi t\u00f6\u00f6keskkonda ning on kulumis- ja korrosioonikindlad.<\/li>\n<li><strong>Ohutus:<\/strong> Ballooni konstruktsioon peaks olema ohutust silmas pidades, et v\u00e4ltida t\u00f6\u00f6tajate vigastusi v\u00f5i seadmete kahjustumist.<\/li>\n<li><strong>Hooldatavus:<\/strong> Silinder peaks olema konstrueeritud nii, et seda oleks lihtne hooldada ja parandada.<\/li>\n<\/ul>\n<p><img decoding=\"async\" src=\"https:\/\/www.hydraulic-cylinders.net\/wp-content\/uploads\/2025\/01\/songte-oil-pipes-and-spare-parts.webp\" alt=\"\u00c4mbri silindri disain\"><\/p>\n<h3>Tihendus ja m\u00e4\u00e4rimine<\/h3>\n<p>Kopasilindril on mitmesugused tihendid, n\u00e4iteks kolvitihend ja vardatihend, mis on valmistatud kulumiskindlatest materjalidest, nagu pol\u00fcuretaan ja nitriilkummi. Silindri korpus ja keermestatud otsapind on peenelt t\u00f6\u00f6deldud, et parandada kulumiskindlust. M\u00e4\u00e4rimiseks on vaja regulaarselt lisada sobivat kogust h\u00fcdraulika\u00f5li.<\/p>\n<h3>Kontroll ja ennetav hooldus<\/h3>\n<p>Kopasilindrite n\u00f5uetekohase t\u00f6\u00f6 tagamiseks on \u00fcliolulised regulaarsed kontrollid ja ennetav hooldus. J\u00e4rgnevalt on toodud levinumad hooldust\u00f6\u00f6d:<\/p>\n<ul>\n<li>Regulaarsed kontrollid<\/li>\n<li>\u00d5ige m\u00e4\u00e4rimine<\/li>\n<li>Tihendi vahetamine<\/li>\n<li>Kalibreerimiskontroll<\/li>\n<\/ul>\n<p><img decoding=\"async\" src=\"https:\/\/www.hydraulic-cylinders.net\/wp-content\/uploads\/2025\/01\/songte-chushion-collar.webp\" alt=\"Kopa silindri hooldus\"><\/p>\n<h3>Ohutuskaalutlused ja keskkonnategurid<\/h3>\n<p>Kopasilindri kasutamisel tuleb v\u00f5tta ohutusmeetmeid, et v\u00e4ltida personali vigastamist v\u00f5i seadmete kahjustamist. Oluline on j\u00e4rgida tootja juhiseid n\u00f5uetekohaseks paigaldamiseks ja kasutamiseks. Keskkonnategurid, nagu temperatuur ja niiskus, v\u00f5ivad samuti m\u00f5jutada silindri t\u00f6\u00f6d ja neid tuleks arvesse v\u00f5tta.<\/p>\n<h3>Veaotsing ja levinud probleemid<\/h3>\n<p>Kopasilindri t\u00f5rkeotsingul v\u00f5ivad levinud probleemide hulka kuuluda vedeliku leke, r\u00f5hulangus ja silindri triiv. J\u00e4rgnevalt on toodud m\u00f5ned lahendused nendele probleemidele:<\/p>\n<ul>\n<li>Vedeliku leke: kontrollige tihendeid ja vajadusel vahetage need v\u00e4lja.<\/li>\n<li>R\u00f5hulangus: kontrollige h\u00fcdraulikas\u00fcsteemi ja parandage k\u00f5ik lekked.<\/li>\n<li>Silindri triiv: kontrollige klappe ja tihendeid ning vajadusel parandage v\u00f5i vahetage v\u00e4lja.<\/li>\n<\/ul>\n<p><img decoding=\"async\" src=\"https:\/\/www.hydraulic-cylinders.net\/wp-content\/uploads\/2025\/01\/songte-bushings-with-all-kinds-of-excavator-models.webp\" alt=\"\u00c4mbri silindri t\u00f5rkeotsing\"><\/p>\n<h2>Ettev\u00f5tte tutvustus<\/h2>\n<p>Oleme h\u00fcdrosilindrite varuosade tootja. Meil \u200b\u200bon t\u00e4ielik tootevalik ja oleme saanud \u00fcheks juhtivaks h\u00fcdrosilindrite tootjaks ja hulgim\u00fc\u00fcjaks nii sise- kui ka rahvusvahelisel turul. Peame kinni suurep\u00e4rase kvaliteedi p\u00f5him\u00f5ttest, tugineme keerukate tootmist\u00f6\u00f6kodade t\u00f6\u00f6stusliku tootmise juhtimise strateegiale ja t\u00e4iustame pidevalt t\u00f6\u00f6koja tootmisplatvormi. Meil \u200b\u200bon tugev loominguline v\u00f5imekus ja suudame rahuldada klientide mitmekesiseid vajadusi suure efektiivsuse, suure t\u00e4psuse ja k\u00f5rgete kvaliteedip\u00f5him\u00f5tete abil.<\/p>\n<p>Meie ettev\u00f5te pakub professionaalseid, rahvusvaheliselt sertifitseeritud ja kohandatud teenuseid ning omab t\u00e4iustatud tootmisseadmeid ja suurep\u00e4rast m\u00fc\u00fcgij\u00e4rgset teenindust.<\/p>\n<p><img decoding=\"async\" src=\"https:\/\/hzpt.com\/wp-content\/uploads\/2024\/11\/songte-company-1.webp\" alt=\"Ettev\u00f5tte kuvand\"><\/p>\n<p>Meie toodetel on lai valik rakendusi ja need sobivad erinevatele t\u00f6\u00f6stusharudele, sealhulgas ehitusele, p\u00f5llumajandusele, kaevandamisele ja mujale. Oleme p\u00fchendunud oma klientidele kvaliteetsete toodete ja teenuste pakkumisele ning nende rahulolu tagamisele.<\/p>\n<p>Autor: lyl<\/p>","protected":false},"excerpt":{"rendered":"<p>Bucket Cylinder For World Large Excavator W2330LC-8 Introduction Defining the Bucket Cylinder The Bucket Cylinder is a specially designed hydraulic cylinder that is primarily used to control the movement of the bucket in heavy machinery such as excavators, backhoes, and front loaders. Its main function is to enable the bucket to be lifted, lowered, and [&hellip;]<\/p>","protected":false},"featured_media":14788,"comment_status":"open","ping_status":"closed","template":"","meta":{"_et_pb_use_builder":"","_et_pb_old_content":"","_et_gb_content_width":""},"product_brand":[],"product_cat":[1494],"product_tag":[1495,1496],"class_list":{"0":"post-15748","1":"product","2":"type-product","3":"status-publish","4":"has-post-thumbnail","6":"product_cat-bucket-cylinders","7":"product_tag-bucket-cylinders","8":"product_tag-hydraulic-cylinders","10":"first","11":"instock","12":"shipping-taxable","13":"product-type-simple"},"amp_enabled":true,"_links":{"self":[{"href":"https:\/\/www.hydraulic-cylinders.net\/et\/wp-json\/wp\/v2\/product\/15748","targetHints":{"allow":["GET"]}}],"collection":[{"href":"https:\/\/www.hydraulic-cylinders.net\/et\/wp-json\/wp\/v2\/product"}],"about":[{"href":"https:\/\/www.hydraulic-cylinders.net\/et\/wp-json\/wp\/v2\/types\/product"}],"replies":[{"embeddable":true,"href":"https:\/\/www.hydraulic-cylinders.net\/et\/wp-json\/wp\/v2\/comments?post=15748"}],"wp:featuredmedia":[{"embeddable":true,"href":"https:\/\/www.hydraulic-cylinders.net\/et\/wp-json\/wp\/v2\/media\/14788"}],"wp:attachment":[{"href":"https:\/\/www.hydraulic-cylinders.net\/et\/wp-json\/wp\/v2\/media?parent=15748"}],"wp:term":[{"taxonomy":"product_brand","embeddable":true,"href":"https:\/\/www.hydraulic-cylinders.net\/et\/wp-json\/wp\/v2\/product_brand?post=15748"},{"taxonomy":"product_cat","embeddable":true,"href":"https:\/\/www.hydraulic-cylinders.net\/et\/wp-json\/wp\/v2\/product_cat?post=15748"},{"taxonomy":"product_tag","embeddable":true,"href":"https:\/\/www.hydraulic-cylinders.net\/et\/wp-json\/wp\/v2\/product_tag?post=15748"}],"curies":[{"name":"wp","href":"https:\/\/api.w.org\/{rel}","templated":true}]}}