{"id":15749,"date":"2025-01-19T14:55:52","date_gmt":"2025-01-19T14:55:52","guid":{"rendered":"https:\/\/www.hydraulic-cylinders.net\/product\/bucket-cylinder-for-world-large-excavator-w2360blc-8\/"},"modified":"2025-01-19T14:55:54","modified_gmt":"2025-01-19T14:55:54","slug":"bucket-cylinder-for-world-large-excavator-w2360blc-8","status":"publish","type":"product","link":"https:\/\/www.hydraulic-cylinders.net\/et\/toode\/bucket-cylinder-for-world-large-excavator-w2360blc-8\/","title":{"rendered":"Kopa silinder maailma suurekskavaatorile W2360BLC-8"},"content":{"rendered":"<h1>Kopa silinder maailma suurekskavaatorile W2360BLC-8<\/h1>\n<h2>Sissejuhatus<\/h2>\n<p>Kopa silinder on spetsiaalselt konstrueeritud h\u00fcdrauliline silinder, mida kasutatakse kopa liikumise juhtimiseks rasketes masinates, n\u00e4iteks ekskavaatorites, laadurites ja esilaadurites. Selle peamine \u00fclesanne on v\u00f5imaldada kopa t\u00f5stmist, langetamist ja kallutamist, muutes selle lihtsamaks mitmesuguste materjalik\u00e4itlust\u00f6\u00f6de jaoks. H\u00fcdraulilises s\u00fcsteemis saavutab kopa silinder kopa t\u00e4pse juhtimise h\u00fcdraulika\u00f5li r\u00f5hu muutuse abil, v\u00f5imaldades operaatoritel t\u00f5husalt k\u00e4sitseda raskeid koormaid ning kohaneda keerukate t\u00f6\u00f6keskkondade ja mitmekesiste t\u00f6\u00f6n\u00f5uetega.<\/p>\n<p><img decoding=\"async\" src=\"https:\/\/www.hydraulic-cylinders.net\/wp-content\/uploads\/2025\/01\/songte-company-2.webp\" alt=\"\u00c4mbri silinder\" \/><\/p>\n<h2>Omadused<\/h2>\n<ul>\n<li>Suur tugevus ja vastupidavus: Tavaliselt valmistatud \u00fclitugevast terasest v\u00f5i alumiiniumist, talub see k\u00f5rget r\u00f5hku ja suuri koormusi, kohaneb karmide t\u00f6\u00f6keskkondadega ning on hea kulumiskindluse ja korrosioonikindlusega, pikendades seel\u00e4bi selle kasutusiga.<\/li>\n<li>T\u00f5hus h\u00fcdrauliline t\u00f6\u00f6: Sujuv teleskoopliikumine saavutatakse h\u00fcdraulika\u00f5li r\u00f5hu abil, mis reageerib kiiresti juhtimisk\u00e4sklustele, pakub v\u00f5imsat t\u00f5ukej\u00f5udu ning sobib raskete esemete ja keerukate t\u00f6\u00f6\u00fclesannete k\u00e4sitsemiseks.<\/li>\n<li>Erinevad t\u00fc\u00fcbid: Vajadusel saab erinevate t\u00f6\u00f6tingimuste t\u00e4itmiseks valida \u00fchetoimelisi (h\u00fcdrauliliselt ainult \u00fches suunas) v\u00f5i kahetoimelisi (h\u00fcdrauliliselt kahes suunas) silindreid. M\u00f5ned mudelid on teleskoopilised, mis v\u00f5imaldavad suuremat pikendamist ilma v\u00e4lism\u00f5\u00f5tmeid suurendamata ja sobivad piiratud ruumiga rakenduste jaoks.<\/li>\n<li>Vahetatav: Meie toode saab need h\u00fcdrosilindrid ideaalselt asendada.<\/li>\n<\/ul>\n<p><img decoding=\"async\" src=\"https:\/\/www.hydraulic-cylinders.net\/wp-content\/uploads\/2025\/01\/songte-cylinder-head-with-all-kinds-excavator-models.webp\" alt=\"Kopasilindri mudelid\" \/><\/p>\n<h2>Rakendused<\/h2>\n<p>Kopasilindrit kasutatakse laialdaselt erinevates rasketehnika t\u00f6\u00f6des. Selle peamised rakendused h\u00f5lmavad j\u00e4rgmist:<\/p>\n<ul>\n<li>Ehitustehnika: Ekskavaatorites on need h\u00e4davajalikud kaevamiseks, laadimiseks ja pinnase v\u00f5i prahi teisaldamiseks. Ekskavaator-laadurites abistab kopa silinder kaevamisel ja t\u00f5stmisel.<\/li>\n<li>P\u00f5llumajandusmasinad: Kasutatakse esilaadurites mulla, heina ja muude materjalide k\u00fchveldamiseks, t\u00f5stmiseks ja transportimiseks.<\/li>\n<li>Ekskavaatorid: Kopa silinder v\u00f5imaldab kaevamist, lastes kopal pinnasesse tungida.<\/li>\n<li>Laadurid: Esilaadurites aitavad need lasti t\u00f5husalt t\u00f5sta ja kallutada.<\/li>\n<\/ul>\n<h2>Tootedisaini ja valiku standardid<\/h2>\n<p>Kopa silinder on konstrueeritud vastama k\u00f5rgetele j\u00f5udlus- ja ohutusstandarditele. Siin on m\u00f5ned peamised disainikaalutlused:<\/p>\n<ul>\n<li>Kandev\u00f5ime: Silinder peab suutma vastu pidada suurtele koormustele ja r\u00f5humuutustele ilma deformatsiooni v\u00f5i purunemiseta.<\/li>\n<li>Tihendus: Silindris tuleb kasutada kvaliteetseid tihenduskomponente, n\u00e4iteks kolvitihendeid ja vardatihendeid, et v\u00e4ltida \u00f5lilekkeid ja s\u00e4ilitada h\u00fcdrauliline r\u00f5hk.<\/li>\n<li>Vastupidavus: Silinder peaks olema valmistatud kvaliteetsetest materjalidest, et see oleks vastupidav kulumisele, korrosioonile ja v\u00e4simuskahjustustele.<\/li>\n<li>Ohutus: \u00d5nnetuste v\u00e4ltimiseks peavad balloonil olema piisavad ohutusfunktsioonid, n\u00e4iteks r\u00f5hualandusventiilid ja avariipeatusnupud.<\/li>\n<li>Hooldatavus: ballooni peab olema lihtne hooldada ja parandada, sellel peavad olema kergesti ligip\u00e4\u00e4setavad komponendid ja vahetatavad osad.<\/li>\n<\/ul>\n<p><img decoding=\"async\" src=\"https:\/\/www.hydraulic-cylinders.net\/wp-content\/uploads\/2025\/01\/songte-oil-pipes-and-spare-parts.webp\" alt=\"H\u00fcdrauliliste silindrite osad\" \/><\/p>\n<h2>Tihendus ja m\u00e4\u00e4rimine<\/h2>\n<p>Kopasilindris kasutatakse mitmesuguseid tihenduskomponente, n\u00e4iteks kolvitihendeid ja vardatihendeid, ning need komponendid on valmistatud kulumiskindlatest materjalidest, nagu pol\u00fcuretaan ja nitriilkummi. Silindri korpus ja keermepind l\u00e4bivad peene t\u00f6\u00f6tluse, et parandada kulumiskindlust. Samuti on oluline regulaarselt lisada sobiv kogus h\u00fcdraulika\u00f5li, et tagada korralik m\u00e4\u00e4rimine.<\/p>\n<h2>Hooldus ja remont<\/h2>\n<p>Kopasilindri pikaealisuse ja j\u00f5udluse tagamiseks on oluline regulaarne kontroll ja ennetavad hooldusmeetmed. Levinumad hooldust\u00f6\u00f6d h\u00f5lmavad j\u00e4rgmist:<\/p>\n<ul>\n<li>Regulaarne kontroll<\/li>\n<li>\u00d5ige m\u00e4\u00e4rimine<\/li>\n<li>Tihendi vahetamine<\/li>\n<li>Kalibreerimiskontroll<\/li>\n<\/ul>\n<p>Kopasilindri \u00f5ige paigaldamine on oluline selle optimaalse j\u00f5udluse tagamiseks. \u00d5ige joondamine, sobivate kinnitusklambrite kasutamine silindri kinnitamiseks ja soovitatud kontrolli-, remondi- ja vahetusprotseduuride j\u00e4rgimine aitavad samuti silindri eluiga pikendada.<\/p>\n<p><img decoding=\"async\" src=\"https:\/\/www.hydraulic-cylinders.net\/wp-content\/uploads\/2025\/01\/songte-chushion-collar.webp\" alt=\"Padjakaelus\" \/><\/p>\n<h2>Ohutuskaalutlused ja keskkonnategurid<\/h2>\n<p>Kopasilindri kasutamisel tuleb j\u00e4rgida ohutusmeetmeid, n\u00e4iteks kanda kaitsevarustust, hoida \u00f5iget distantsi ja v\u00e4ltida silindri \u00fclekoormamist. Samuti on oluline kasutatud h\u00fcdraulika\u00f5li ja muud j\u00e4\u00e4tmed keskkonna kaitsmiseks n\u00f5uetekohaselt utiliseerida.<\/p>\n<h2>Veaotsing ja levinud probleemid<\/h2>\n<p>M\u00f5ned levinud probleemid, mis kopasilindriga esineda v\u00f5ivad, on \u00f5lileke, ebapiisav r\u00f5hk ja vale paigaldus. Nende probleemide diagnoosimiseks ja t\u00f5rkeotsinguks on vaja hoolikalt uurida silindri komponente, nagu tihendid, hermeetikud ja liitmikud, ning j\u00e4rgida soovitatud remondi- ja asendusprotseduure. Ennetavad meetmed, nagu regulaarne kontroll ja n\u00f5uetekohane m\u00e4\u00e4rimine, v\u00f5ivad samuti aidata nende probleemide t\u00f5en\u00e4osust v\u00e4hendada.<\/p>\n<p><img decoding=\"async\" src=\"https:\/\/www.hydraulic-cylinders.net\/wp-content\/uploads\/2025\/01\/songte-bushings-with-all-kinds-of-excavator-models.webp\" alt=\"Kopa silindri puksid\" \/><\/p>\n<h2>Meie ettev\u00f5ttest<\/h2>\n<p>Oleme juhtiv h\u00fcdrauliliste silindrite tootja ja hulgim\u00fc\u00fcja nii sise- kui ka rahvusvahelisel turul. Meie tootevalik on mitmekesine ja me p\u00fc\u00fcdleme tippkvaliteedi poole, rakendades oma t\u00e4ppistootmist\u00f6\u00f6kodades industrialiseeritud tootmisjuhtimise strateegiaid. Meie ettev\u00f5te t\u00e4iustab pidevalt tootmisplatvormi ja tootekvaliteedi tootmisprotsessi, kasutades tehnoloogilisi oskusi, digitaalseid tipptasemel tootmisseadmeid ja professionaalseid testimiss\u00fcsteeme. Meil \u200b\u200bon tugev innovatsiooniv\u00f5ime ning me j\u00e4rgime k\u00f5rge efektiivsuse, suure t\u00e4psuse ja k\u00f5rge kvaliteedi p\u00f5him\u00f5tteid, et rahuldada klientide mitmekesiseid vajadusi.<\/p>\n<p><img decoding=\"async\" src=\"https:\/\/hzpt.com\/wp-content\/uploads\/2024\/11\/songte-company-1.webp\" alt=\"Ettev\u00f5tte hoone\" \/><\/p>\n<h2>Professionaalsus<\/h2>\n<p>Meil on kogenud spetsialistide meeskond, kes on spetsialiseerunud h\u00fcdrauliliste silindrite projekteerimisele, tootmisele ja remondile. Meie t\u00f6\u00f6tajad l\u00e4bivad regulaarselt koolitusi, et olla kursis uusimate valdkonna trendide ja tehnoloogiatega ning pakkuda oma klientidele kvaliteetseid teenuseid.<\/p>\n<h2>Rahvusvaheline sertifitseerimine<\/h2>\n<p>Meie ettev\u00f5te on omandanud rahvusvahelised sertifikaadid nagu ISO 9001 ja CE, mis n\u00e4itab meie p\u00fchendumust kvaliteedi- ja ohutusstandarditele.<\/p>\n<h2>Kohandamise teenused<\/h2>\n<p>Pakume klientide erivajaduste rahuldamiseks kohandatud h\u00fcdrosilindrite lahendusi ja pakume mitmesuguseid kohandamisteenuseid, nagu disain, materjalide valik ja testimine.<\/p>\n<h2>Tootmisseadmed<\/h2>\n<p>Meie tootmis\u00fcksused on varustatud t\u00e4iustatud CNC-t\u00f6\u00f6tluskeskuste, lihvpinkide ja muude tipptasemel tootmisseadmetega, et tagada meie toodete t\u00e4psus ja kvaliteet.<\/p>\n<h2>M\u00fc\u00fcgij\u00e4rgne teenindus<\/h2>\n<p>Pakume klientide rahulolu ja toodete pikaajalise toimivuse tagamiseks igak\u00fclgset m\u00fc\u00fcgij\u00e4rgset teenindust, sealhulgas tehnilist tuge, remonti ja asendusteenuseid.<\/p>\n<p>Autor: lyl<\/p>","protected":false},"excerpt":{"rendered":"<p>Bucket Cylinder For World Large Excavator W2360BLC-8 Introduction The bucket cylinder is a specially designed hydraulic cylinder used to control the movement of the bucket in heavy machinery such as excavators, backhoes, and front loaders. Its main function is to enable the bucket to lift, lower, and tilt, making it easier for various material handling [&hellip;]<\/p>","protected":false},"featured_media":14787,"comment_status":"open","ping_status":"closed","template":"","meta":{"_et_pb_use_builder":"","_et_pb_old_content":"","_et_gb_content_width":""},"product_brand":[],"product_cat":[1494],"product_tag":[1495,1496],"class_list":{"0":"post-15749","1":"product","2":"type-product","3":"status-publish","4":"has-post-thumbnail","6":"product_cat-bucket-cylinders","7":"product_tag-bucket-cylinders","8":"product_tag-hydraulic-cylinders","10":"first","11":"instock","12":"shipping-taxable","13":"product-type-simple"},"amp_enabled":true,"_links":{"self":[{"href":"https:\/\/www.hydraulic-cylinders.net\/et\/wp-json\/wp\/v2\/product\/15749","targetHints":{"allow":["GET"]}}],"collection":[{"href":"https:\/\/www.hydraulic-cylinders.net\/et\/wp-json\/wp\/v2\/product"}],"about":[{"href":"https:\/\/www.hydraulic-cylinders.net\/et\/wp-json\/wp\/v2\/types\/product"}],"replies":[{"embeddable":true,"href":"https:\/\/www.hydraulic-cylinders.net\/et\/wp-json\/wp\/v2\/comments?post=15749"}],"wp:featuredmedia":[{"embeddable":true,"href":"https:\/\/www.hydraulic-cylinders.net\/et\/wp-json\/wp\/v2\/media\/14787"}],"wp:attachment":[{"href":"https:\/\/www.hydraulic-cylinders.net\/et\/wp-json\/wp\/v2\/media?parent=15749"}],"wp:term":[{"taxonomy":"product_brand","embeddable":true,"href":"https:\/\/www.hydraulic-cylinders.net\/et\/wp-json\/wp\/v2\/product_brand?post=15749"},{"taxonomy":"product_cat","embeddable":true,"href":"https:\/\/www.hydraulic-cylinders.net\/et\/wp-json\/wp\/v2\/product_cat?post=15749"},{"taxonomy":"product_tag","embeddable":true,"href":"https:\/\/www.hydraulic-cylinders.net\/et\/wp-json\/wp\/v2\/product_tag?post=15749"}],"curies":[{"name":"wp","href":"https:\/\/api.w.org\/{rel}","templated":true}]}}