{"id":15750,"date":"2025-01-19T14:55:56","date_gmt":"2025-01-19T14:55:56","guid":{"rendered":"https:\/\/www.hydraulic-cylinders.net\/product\/bucket-cylinder-for-world-large-excavator-w2700-8\/"},"modified":"2025-01-19T14:55:58","modified_gmt":"2025-01-19T14:55:58","slug":"bucket-cylinder-for-world-large-excavator-w2700-8","status":"publish","type":"product","link":"https:\/\/www.hydraulic-cylinders.net\/et\/toode\/bucket-cylinder-for-world-large-excavator-w2700-8\/","title":{"rendered":"Kopa silinder maailma suurele ekskavaatorile W2700-8"},"content":{"rendered":"<h2>Kopa silinder maailma suurele ekskavaatorile W2700-8<\/h2>\n<h3>Sissejuhatus<\/h3>\n<p>Kopa silinder on spetsiaalne h\u00fcdrauliline silinder, mida kasutatakse peamiselt kopa liikumise juhtimiseks rasketes masinates, n\u00e4iteks ekskavaatorites, laadur-ekskavaatorites ja esilaadurites. Selle peamine \u00fclesanne on v\u00f5imaldada kopa t\u00f5stmist, langetamist ja kallutamist, h\u00f5lbustades mitmesuguseid materjali k\u00e4itlemise \u00fclesandeid. H\u00fcdraulilises s\u00fcsteemis saavutab kopa silinder kopa t\u00e4pse juhtimise h\u00fcdraulika\u00f5li r\u00f5hu muutuste abil, v\u00f5imaldades operaatoritel raskeid koormaid t\u00f5husalt k\u00e4sitseda ning kohaneda keerukate t\u00f6\u00f6keskkondade ja mitmekesiste t\u00f6\u00f6n\u00f5uetega.<\/p>\n<p><img decoding=\"async\" src=\"https:\/\/www.hydraulic-cylinders.net\/wp-content\/uploads\/2025\/01\/songte-company-2.webp\" alt=\"\u00c4mbri silindri pilt\"><\/p>\n<h3>Omadused<\/h3>\n<ul>\n<li>Suur tugevus ja vastupidavus: Tavaliselt valmistatud \u00fclitugevast terasest v\u00f5i alumiiniumist, talub k\u00f5rget r\u00f5hku ja suuri koormusi, kohaneb karmide t\u00f6\u00f6keskkondadega, on konstrueeritud kulumiskindlust ja korrosioonikindlust silmas pidades ning pikendab kasutusiga.<\/li>\n<li>T\u00f5hus h\u00fcdrauliline t\u00f6\u00f6: H\u00fcdraulika\u00f5li r\u00f5hu abil saavutatakse sujuvad teleskoopliigutused, mis reageerivad kiiresti juhtimisk\u00e4sklustele, pakkudes v\u00f5imsat t\u00f5uke- ja t\u00f5mbej\u00f5udu ning sobivad raskete koormate ja keerukate t\u00f6\u00f6\u00fclesannete k\u00e4sitsemiseks.<\/li>\n<li>Erinevad t\u00fc\u00fcbid: Vajadusel saab valida \u00fchetoimelisi (h\u00fcdraulikat kasutavad ainult \u00fches suunas) v\u00f5i kahetoimelisi (h\u00fcdraulikat kasutavad m\u00f5lemas suunas) silindreid, m\u00f5ned mudelid on teleskoopilised, v\u00f5imaldades suuremat pikendamist ilma v\u00e4lism\u00f5\u00f5tmeid suurendamata, sobides piiratud ruumiga rakenduste jaoks.<\/li>\n<li>V\u00f5ib asendada teisi h\u00fcdrosilindreid.<\/li>\n<\/ul>\n<p><img decoding=\"async\" src=\"https:\/\/www.hydraulic-cylinders.net\/wp-content\/uploads\/2025\/01\/songte-cylinder-head-with-all-kinds-excavator-models.webp\" alt=\"\u00c4mbri silindri asendamise pilt\"><\/p>\n<h3>Rakendused<\/h3>\n<p>Kopasilindrit kasutatakse laialdaselt erinevates rasketehnika masinates, n\u00e4iteks:<\/p>\n<ul>\n<li>Ehitusseadmed: neid leidub ekskavaatorites ning need on olulised kaevamiseks, laadimiseks ja pinnase v\u00f5i prahi teisaldamiseks. Ekskavaator-laadurites aitab kopa silinder nii kaevamisel kui ka t\u00f5stmisel. <\/li>\n<li>P\u00f5llumajandusmasinad: Kasutatakse esilaadurites mulla, heina ja muude materjalide k\u00fchveldamiseks, t\u00f5stmiseks ja transportimiseks. <\/li>\n<li>Ekskavaatorid: Kopa silinder v\u00f5imaldab kaevamist, lastes kopal pinnasesse tungida. <\/li>\n<li>Esilaadurid: Need aitavad kaupu t\u00f5husalt t\u00f5sta ja kallutada.<\/li>\n<\/ul>\n<h3>Projekteerimiskaalutlused ja valikukriteeriumid<\/h3>\n<p>Kopasilindri projekteerimisel v\u00f5etakse arvesse mitmeid kaalutlusi, nagu kandev\u00f5ime, tihendus, vastupidavus, ohutus ja hooldatavus. <\/p>\n<ul>\n<li>Kandev\u00f5ime: Silinder peab olema konstrueeritud taluma suuri koormusi ja r\u00f5huk\u00f5ikumisi.<\/li>\n<li>Tihendus: Erinevat t\u00fc\u00fcpi tihenduskomponendid, n\u00e4iteks kolvitihendid ja vardatihendid, on parema vastupidavuse tagamiseks valmistatud kulumiskindlatest materjalidest, n\u00e4iteks pol\u00fcuretaanist ja nitriilkummist.<\/li>\n<li>Vastupidavus: Silindri korpus ja keermeotsa pind on peenelt t\u00f6\u00f6deldud, et parandada kulumiskindlust.<\/li>\n<li>Ohutus: Operaatori ohutuse tagamiseks tuleb paigaldada sobivad ohutusmeetmed, n\u00e4iteks r\u00f5hualandusventiilid ja avariil\u00fclitid.<\/li>\n<li>Hooldatavus: Silinder peaks olema konstrueeritud nii, et seda oleks lihtne hooldada ja parandada. <\/li>\n<\/ul>\n<p><img decoding=\"async\" src=\"https:\/\/www.hydraulic-cylinders.net\/wp-content\/uploads\/2025\/01\/songte-oil-pipes-and-spare-parts.webp\" alt=\"Kopa silindri osade pilt\"><\/p>\n<h3>Tihendus ja m\u00e4\u00e4rimine<\/h3>\n<p>Lekete v\u00e4ltimiseks ja silindri sujuva t\u00f6\u00f6 tagamiseks kasutatakse mitmesuguseid tihenduskomponente, n\u00e4iteks kolvitihendeid, vardatihendeid ja klaasipuhasti tihendeid. Parema vastupidavuse tagamiseks on eelistatud kulumiskindlad materjalid, nagu pol\u00fcuretaan ja nitriilkummi. Silindri korpus ja keermeotsa pind on peenelt t\u00f6\u00f6deldud, et parandada nende kulumiskindlust. Silindri sujuva t\u00f6\u00f6 tagamiseks on vaja regulaarselt h\u00fcdraulika\u00f5li peale kanda.<\/p>\n<h3>Hooldus ja remont<\/h3>\n<p>Kopasilindri pikaealisuse ja efektiivsuse tagamiseks on oluline n\u00f5uetekohane hooldus. Soovitatav on regulaarne kontroll ja ennetavad hooldusmeetmed, nagu m\u00e4\u00e4rimine, tihendite vahetamine ja kalibreerimise kontrollimine. Rikke korral tuleks rakendada viivitamatut diagnoosi ja t\u00f5husaid t\u00f5rkeotsingu meetodeid. Paigaldamise ajal on oluline tagada silindri \u00f5ige joondamine ja kinnitamiseks kasutada sobivaid kinnitusklambreid. Kopasilindri eluea pikendamiseks on soovitatav regulaarne komponentide vahetamine ja taastamisteenused.<\/p>\n<p><img decoding=\"async\" src=\"https:\/\/www.hydraulic-cylinders.net\/wp-content\/uploads\/2025\/01\/songte-chushion-collar.webp\" alt=\"\u00c4mbri silindri krae pilt\"><\/p>\n<h3>Ohutus- ja keskkonnakaalutlused<\/h3>\n<p>Kopasilindri kasutamisel tuleb operaatori ohutuse tagamiseks v\u00f5tta arvesse ohutusmeetmeid, n\u00e4iteks r\u00f5huvabastusventiile ja avariil\u00fclitit. Keskkonnaalaste eeskirjade ja ohutusstandardite j\u00e4rgimine on oluline v\u00f5imalike ohtude v\u00f5i keskkonnakahjustuste v\u00e4ltimiseks.<\/p>\n<h3>Rikete diagnoosimine ja t\u00f5rkeotsing<\/h3>\n<p>M\u00f5ned kopasilindriga seotud levinud probleemid on leke, \u00e4kiline peatumine ja aeglane liikumine. Nende probleemide lahendamiseks tuleks kasutada n\u00f5uetekohast diagnoosi ja t\u00f5husaid t\u00f5rkeotsingu meetodeid. V\u00f5imalike probleemide v\u00e4ltimiseks on soovitatav regulaarne hooldus ja ennetavad meetmed, nagu m\u00e4\u00e4rimine ja tihendite vahetamine.<\/p>\n<p><img decoding=\"async\" src=\"https:\/\/www.hydraulic-cylinders.net\/wp-content\/uploads\/2025\/01\/songte-bushings-with-all-kinds-of-excavator-models.webp\" alt=\"Kopa silindri puks Pilt\"><\/p>\n<h3>Meie ettev\u00f5ttest<\/h3>\n<p>Oleme juhtiv h\u00fcdrauliliste silindrite tootja ja hulgim\u00fc\u00fcja nii sise- kui ka rahvusvahelistel turgudel. Spetsialiseerume erinevat t\u00fc\u00fcpi h\u00fcdrauliliste silindrite tootmisele ja pakume kohandatud teenuseid. J\u00e4rgime kvaliteedi ja tootmisjuhtimise tipptaseme p\u00f5him\u00f5tteid, tuginedes k\u00f5rgelt kvalifitseeritud personalile, digitaliseeritud t\u00e4iustatud tootmisseadmetele ja professionaalsetele testimiss\u00fcsteemidele, et pidevalt t\u00e4iustada oma tootmisplatvormi, t\u00e4iustada oma tootekvaliteedi tootmisliini ning omada tugevaid loomisv\u00f5imalusi, k\u00f5rge efektiivsuse, t\u00e4psuse ja k\u00f5rgete kvaliteedip\u00f5him\u00f5tetega, et rahuldada klientide mitmekesiseid n\u00f5udmisi.<\/p>\n<ul>\n<li>Professionaalsus<\/li>\n<li>Rahvusvaheline sertifitseerimine<\/li>\n<li>Kohandatud teenused<\/li>\n<li>Tootmisseadmed<\/li>\n<li>M\u00fc\u00fcgij\u00e4rgne teenindus<\/li>\n<\/ul>\n<p><img decoding=\"async\" src=\"https:\/\/hzpt.com\/wp-content\/uploads\/2024\/11\/songte-company-1.webp\" alt=\"Ettev\u00f5tte kuvand\"><\/p>\n<p>Autor: lyl<\/p>","protected":false},"excerpt":{"rendered":"<p>Bucket Cylinder For World Large Excavator W2700-8 Introduction The bucket cylinder, a specialized hydraulic cylinder, is primarily used to control the movement of the bucket in heavy machinery such as excavators, backhoe loaders, and front-end loaders. Its main function is to enable the bucket to lift, lower, and tilt, facilitating various material handling tasks. In [&hellip;]<\/p>","protected":false},"featured_media":14785,"comment_status":"open","ping_status":"closed","template":"","meta":{"_et_pb_use_builder":"","_et_pb_old_content":"","_et_gb_content_width":""},"product_brand":[],"product_cat":[1494],"product_tag":[1495,1496],"class_list":{"0":"post-15750","1":"product","2":"type-product","3":"status-publish","4":"has-post-thumbnail","6":"product_cat-bucket-cylinders","7":"product_tag-bucket-cylinders","8":"product_tag-hydraulic-cylinders","10":"first","11":"instock","12":"shipping-taxable","13":"product-type-simple"},"amp_enabled":true,"_links":{"self":[{"href":"https:\/\/www.hydraulic-cylinders.net\/et\/wp-json\/wp\/v2\/product\/15750","targetHints":{"allow":["GET"]}}],"collection":[{"href":"https:\/\/www.hydraulic-cylinders.net\/et\/wp-json\/wp\/v2\/product"}],"about":[{"href":"https:\/\/www.hydraulic-cylinders.net\/et\/wp-json\/wp\/v2\/types\/product"}],"replies":[{"embeddable":true,"href":"https:\/\/www.hydraulic-cylinders.net\/et\/wp-json\/wp\/v2\/comments?post=15750"}],"wp:featuredmedia":[{"embeddable":true,"href":"https:\/\/www.hydraulic-cylinders.net\/et\/wp-json\/wp\/v2\/media\/14785"}],"wp:attachment":[{"href":"https:\/\/www.hydraulic-cylinders.net\/et\/wp-json\/wp\/v2\/media?parent=15750"}],"wp:term":[{"taxonomy":"product_brand","embeddable":true,"href":"https:\/\/www.hydraulic-cylinders.net\/et\/wp-json\/wp\/v2\/product_brand?post=15750"},{"taxonomy":"product_cat","embeddable":true,"href":"https:\/\/www.hydraulic-cylinders.net\/et\/wp-json\/wp\/v2\/product_cat?post=15750"},{"taxonomy":"product_tag","embeddable":true,"href":"https:\/\/www.hydraulic-cylinders.net\/et\/wp-json\/wp\/v2\/product_tag?post=15750"}],"curies":[{"name":"wp","href":"https:\/\/api.w.org\/{rel}","templated":true}]}}