{"id":15756,"date":"2025-01-19T14:56:24","date_gmt":"2025-01-19T14:56:24","guid":{"rendered":"https:\/\/www.hydraulic-cylinders.net\/product\/bucket-cylinder-for-jingong-wheel-type-jcm907l\/"},"modified":"2025-01-19T14:56:26","modified_gmt":"2025-01-19T14:56:26","slug":"bucket-cylinder-for-jingong-wheel-type-jcm907l","status":"publish","type":"product","link":"https:\/\/www.hydraulic-cylinders.net\/et\/toode\/bucket-cylinder-for-jingong-wheel-type-jcm907l\/","title":{"rendered":"Jingongi rattat\u00fc\u00fcbi JCM907L kopa silinder"},"content":{"rendered":"<h2>Jingongi rattat\u00fc\u00fcbi JCM907L kopa silinder<\/h2>\n<p>Definitsioon ja selgitus:<\/p>\n<p>Kopa silinder on spetsiaalselt konstrueeritud h\u00fcdrauliline silinder, mida kasutatakse raskete masinate, n\u00e4iteks ekskavaatorite, laadur-ekskavaatori ja rataslaaduri koppade liikumise juhtimiseks. Selle peamine \u00fclesanne on v\u00f5imaldada kopa t\u00f5stmist, langetamist ja kallutamist, muutes mitmesuguste materjalik\u00e4itlust\u00f6\u00f6de tegemise lihtsamaks. H\u00fcdraulilises s\u00fcsteemis saavutab kopa silinder kopa t\u00e4pse juhtimise, kasutades \u00e4ra h\u00fcdraulika\u00f5li r\u00f5humuutusi, v\u00f5imaldades operaatoritel t\u00f5husalt k\u00e4sitseda raskeid koormaid ning kohaneda keerukate t\u00f6\u00f6keskkondade ja mitmekesiste t\u00f6\u00f6n\u00f5uetega.<\/p>\n<p><img decoding=\"async\" src=\"https:\/\/www.hydraulic-cylinders.net\/wp-content\/uploads\/2025\/01\/songte-company-2.webp\"><\/p>\n<h2>Omadused:<\/h2>\n<ul>\n<li>Suur tugevus ja vastupidavus: Tavaliselt \u00fclitugevast terasest v\u00f5i alumiiniumist valmistatud kopasilindrid taluvad k\u00f5rget r\u00f5hku ja suuri koormusi, kohandudes karmide t\u00f6\u00f6keskkondadega. Nende disain arvestab kulumiskindluse ja korrosioonikindlusega, pikendades nende eluiga.<\/li>\n<li>T\u00f5hus h\u00fcdrauliline t\u00f6\u00f6: H\u00fcdraulika\u00f5li r\u00f5hu abil saavutab kopa silinder sujuvad teleskoopliigutused, reageerides juhtimisk\u00e4sklustele kiiresti ja pakkudes v\u00f5imsaid t\u00f5uke- ja t\u00f5mbej\u00f5ude, mis sobivad raskete koormate ja keerukate t\u00f6\u00f6\u00fclesannete k\u00e4sitsemiseks.<\/li>\n<li>Erinevad t\u00fc\u00fcbid: Kopasilindrit saab valida \u00fchetoimelisena (h\u00fcdrauliline r\u00f5hk ainult \u00fches suunas) v\u00f5i kahetoimelisena (h\u00fcdrauliline r\u00f5hk m\u00f5lemas suunas) vastavalt konkreetsetele t\u00f6\u00f6vajadustele. M\u00f5ned mudelid on teleskoopilised, mis v\u00f5imaldab suuremat pikendust ilma v\u00e4lism\u00f5\u00f5tmeid suurendamata, mist\u00f5ttu need sobivad piiratud ruumiga rakenduste jaoks.<\/li>\n<li>T\u00e4iuslik asendus: Meie tooted suudavad neid h\u00fcdrosilindreid ideaalselt asendada.<\/li>\n<\/ul>\n<p><img decoding=\"async\" src=\"https:\/\/www.hydraulic-cylinders.net\/wp-content\/uploads\/2025\/01\/songte-cylinder-head-with-all-kinds-excavator-models.webp\"><\/p>\n<h2>Rakendused:<\/h2>\n<p>Ehitustehnika:<\/p>\n<ul>\n<li>Ekskavaatorid: Olulised kaevamiseks, laadimiseks ja pinnase v\u00f5i prahi teisaldamiseks. Kopa silinder v\u00f5imaldab kaevamis- ja t\u00f5stetoiminguid.<\/li>\n<li>Ekskavaatorlaadurid: Kopa silinder aitab nii kaevamis- kui ka t\u00f5stet\u00f6\u00f6del.<\/li>\n<\/ul>\n<p>P\u00f5llumajandusmasinad:<\/p>\n<ul>\n<li>Rataslaadurid: need h\u00f5lbustavad kaupade t\u00f5husat t\u00f5stmist ja t\u00fchjendamist esilaaduritega.<\/li>\n<\/ul>\n<h2>Projekteerimiskaalutlused ja valikukriteeriumid:<\/h2>\n<p>Kujunduskaalutlused:<\/p>\n<ul>\n<li>Kandev\u00f5ime<\/li>\n<li>Tihendus<\/li>\n<li>Vastupidavus<\/li>\n<li>Ohutus<\/li>\n<li>Hooldatavus<\/li>\n<\/ul>\n<p><img decoding=\"async\" src=\"https:\/\/www.hydraulic-cylinders.net\/wp-content\/uploads\/2025\/01\/songte-oil-pipes-and-spare-parts.webp\"><\/p>\n<p>Tihendus ja m\u00e4\u00e4rimine:<\/p>\n<p>Kopasilindris kasutatakse mitmesuguseid tihenduselemente, n\u00e4iteks kolvitihendeid, vardatihendeid jne. Need tihendid on valmistatud kulumiskindlatest materjalidest, nagu pol\u00fcuretaan ja nitriilkummi. Silindri korpus ja keermestatud otsapinnad on peenelt t\u00f6\u00f6deldud, et suurendada kulumiskindlust. Sujuva t\u00f6\u00f6 tagamiseks on vajalik regulaarne m\u00e4\u00e4rimine sobiva h\u00fcdraulika\u00f5liga.<\/p>\n<p>Regulaarne kontroll ja ennetav hooldus:<\/p>\n<ul>\n<li>Kontrollige silindrit kulumis- v\u00f5i kahjustuste suhtes.<\/li>\n<li>M\u00e4\u00e4rige silindrit korralikult.<\/li>\n<li>Vahetage tihendid v\u00e4lja ja tehke kalibreerimiskontrollid.<\/li>\n<\/ul>\n<h2>Toote paigaldusjuhend:<\/h2>\n<p>1. Paigaldamise ajal veenduge \u00f5iges joonduses.<\/p>\n<p>2. Kasutage silindri kinnitamiseks sobivaid kinnitusklambreid.<\/p>\n<p>Soovitatavad hooldust\u00f6\u00f6d:<\/p>\n<ul>\n<li>Regulaarsed kontrollid<\/li>\n<li>\u00d5ige m\u00e4\u00e4rimine<\/li>\n<li>Tihendi vahetamine<\/li>\n<li>Kalibreerimiskontrollid<\/li>\n<\/ul>\n<p><img decoding=\"async\" src=\"https:\/\/www.hydraulic-cylinders.net\/wp-content\/uploads\/2025\/01\/songte-chushion-collar.webp\"><\/p>\n<p>Ohutuskaalutlused ja keskkonnategurid:<\/p>\n<p>Kopasilindrite kasutamisel on ohutusmeetmete rakendamine \u00e4\u00e4rmiselt oluline, et tagada operaatorite ja \u00fcmbritseva keskkonna heaolu.<\/p>\n<h2>Vea diagnoosimine ja levinud probleemid:<\/h2>\n<p>J\u00e4rgnevalt on toodud m\u00f5ned levinumad vead ja lahendused:<\/p>\n<ul>\n<li>Leke: Kontrollige ja vahetage vigased tihendid v\u00f5i tihendid v\u00e4lja.<\/li>\n<li>Aeglane t\u00f6\u00f6tamine: kontrollige s\u00fcsteemi madala h\u00fcdraulika\u00f5li taseme v\u00f5i ummistuste suhtes.<\/li>\n<li>Ebakorrap\u00e4rane liikumine: kontrollige kahjustatud v\u00f5i kulunud komponente ja vajadusel vahetage need v\u00e4lja.<\/li>\n<\/ul>\n<p><img decoding=\"async\" src=\"https:\/\/www.hydraulic-cylinders.net\/wp-content\/uploads\/2025\/01\/songte-bushings-with-all-kinds-of-excavator-models.webp\"><\/p>\n<p>Pea meeles, et artikkel tuleb loogiliselt \u00fcles ehitada, kasutada navigeerimise h\u00f5lbustamiseks alapealkirju, lisada parema arusaamise huvides asjakohaseid pilte v\u00f5i diagramme ning tagada selgus, kokkuv\u00f5tlikkus ja sobivus erineva tehniliste teadmiste tasemega lugejatele.<\/p>\n<h2>Meie ettev\u00f5tte kohta:<\/h2>\n<p>Oleme asendush\u00fcdrauliliste silindrite tootja, pakkudes laia tootevalikut. Oleme saanud \u00fcheks juhtivaks h\u00fcdrosilindrite tootjaks ja hulgim\u00fc\u00fcjaks nii sise- kui ka rahvusvahelistel turgudel. Keskendudes suurep\u00e4rasele kvaliteedile, tugineme oma t\u00e4iustatud tootmist\u00f6\u00f6kodades industrialiseeritud tootmisjuhtimise strateegiatele. T\u00e4iustame pidevalt oma tootmisplatvormi, t\u00e4iustades tootmisprotsessi tootekvaliteedi saavutamiseks, kaasates tehnilisi oskusi, kasutades t\u00e4iustatud digitaalseid tootmisseadmeid ja rakendades professionaalseid testimiss\u00fcsteeme. Meie tugev loominguline v\u00f5imekus v\u00f5imaldab meil rahuldada klientide mitmekesiseid vajadusi suure t\u00f5hususega, t\u00e4psuse ja kvaliteediga.<\/p>\n<p><img decoding=\"async\" src=\"https:\/\/www.hydraulic-cylinders.net\/wp-content\/uploads\/2025\/01\/songte-company-3.webp\"><\/p>\n<p>Lisaks pakume professionaalsust, rahvusvahelisi sertifikaate, kohandatud teenuseid, t\u00e4iustatud tootmisseadmeid ja suurep\u00e4rast m\u00fc\u00fcgij\u00e4rgset teenindust.<\/p>\n<p>Autor: lyl<\/p>\n<p><img decoding=\"async\" src=\"https:\/\/hzpt.com\/wp-content\/uploads\/2024\/11\/songte-company-1.webp\"><\/p>","protected":false},"excerpt":{"rendered":"<p>Bucket Cylinder For Jingong Wheel Type JCM907L Definition and Explanation: A bucket cylinder is a specially designed hydraulic cylinder used to control the movement of buckets in heavy machinery such as excavators, backhoe loaders, and wheel loaders. Its main function is to enable the lifting, lowering, and tilting of the bucket, making it easier to [&hellip;]<\/p>","protected":false},"featured_media":14773,"comment_status":"open","ping_status":"closed","template":"","meta":{"_et_pb_use_builder":"","_et_pb_old_content":"","_et_gb_content_width":""},"product_brand":[],"product_cat":[1494],"product_tag":[1495,1496],"class_list":{"0":"post-15756","1":"product","2":"type-product","3":"status-publish","4":"has-post-thumbnail","6":"product_cat-bucket-cylinders","7":"product_tag-bucket-cylinders","8":"product_tag-hydraulic-cylinders","10":"first","11":"instock","12":"shipping-taxable","13":"product-type-simple"},"amp_enabled":true,"_links":{"self":[{"href":"https:\/\/www.hydraulic-cylinders.net\/et\/wp-json\/wp\/v2\/product\/15756","targetHints":{"allow":["GET"]}}],"collection":[{"href":"https:\/\/www.hydraulic-cylinders.net\/et\/wp-json\/wp\/v2\/product"}],"about":[{"href":"https:\/\/www.hydraulic-cylinders.net\/et\/wp-json\/wp\/v2\/types\/product"}],"replies":[{"embeddable":true,"href":"https:\/\/www.hydraulic-cylinders.net\/et\/wp-json\/wp\/v2\/comments?post=15756"}],"wp:featuredmedia":[{"embeddable":true,"href":"https:\/\/www.hydraulic-cylinders.net\/et\/wp-json\/wp\/v2\/media\/14773"}],"wp:attachment":[{"href":"https:\/\/www.hydraulic-cylinders.net\/et\/wp-json\/wp\/v2\/media?parent=15756"}],"wp:term":[{"taxonomy":"product_brand","embeddable":true,"href":"https:\/\/www.hydraulic-cylinders.net\/et\/wp-json\/wp\/v2\/product_brand?post=15756"},{"taxonomy":"product_cat","embeddable":true,"href":"https:\/\/www.hydraulic-cylinders.net\/et\/wp-json\/wp\/v2\/product_cat?post=15756"},{"taxonomy":"product_tag","embeddable":true,"href":"https:\/\/www.hydraulic-cylinders.net\/et\/wp-json\/wp\/v2\/product_tag?post=15756"}],"curies":[{"name":"wp","href":"https:\/\/api.w.org\/{rel}","templated":true}]}}