{"id":15759,"date":"2025-01-19T14:56:41","date_gmt":"2025-01-19T14:56:41","guid":{"rendered":"https:\/\/www.hydraulic-cylinders.net\/product\/bucket-cylinder-for-jingong-wheel-type-jcm9085l\/"},"modified":"2025-01-19T14:56:43","modified_gmt":"2025-01-19T14:56:43","slug":"bucket-cylinder-for-jingong-wheel-type-jcm9085l","status":"publish","type":"product","link":"https:\/\/www.hydraulic-cylinders.net\/et\/toode\/bucket-cylinder-for-jingong-wheel-type-jcm9085l\/","title":{"rendered":"Jingongi rattat\u00fc\u00fcbi JCM9085L kopa silinder"},"content":{"rendered":"<h1>Jingongi rattat\u00fc\u00fcbi JCM9085L kopa silinder <\/h1>\n<h2>Sissejuhatus<\/h2>\n<p>Kopa silinder on spetsiaalne h\u00fcdrauliline silinder, mis on loodud kopa liikumise juhtimiseks rasketes masinates, n\u00e4iteks ekskavaatorites, laadur-ekskavaatorites ja esilaadurites. Selle peamine \u00fclesanne on v\u00f5imaldada kopa t\u00f5stmist, langetamist ja kallutamist, muutes selle lihtsamaks mitmesuguste materjalik\u00e4itlust\u00f6\u00f6de jaoks. H\u00fcdraulilises s\u00fcsteemis kasutab kopa silinder h\u00fcdraulika\u00f5li r\u00f5hu muutusi, et saavutada kopa t\u00e4pne juhtimine, mis v\u00f5imaldab operaatoritel t\u00f5husalt k\u00e4sitseda raskeid koormaid ning kohaneda keerukate t\u00f6\u00f6keskkondade ja mitmekesiste t\u00f6\u00f6vajadustega. <\/p>\n<p><img decoding=\"async\" src=\"https:\/\/www.hydraulic-cylinders.net\/wp-content\/uploads\/2025\/01\/songte-company-2.webp\"><\/p>\n<h2>Omadused<\/h2>\n<ul>\n<li>Suur tugevus ja vastupidavus: Tavaliselt valmistatud \u00fclitugevast terasest v\u00f5i alumiiniumist, see talub k\u00f5rget r\u00f5hku ja suuri koormusi, kohaneb karmide t\u00f6\u00f6keskkondadega ning on konstrueeritud kulumiskindlust ja korrosioonikindlust silmas pidades, et pikendada kasutusiga. <\/li>\n<li>T\u00f5hus h\u00fcdrauliline t\u00f6\u00f6: Kasutab sujuva teleskoopliikumise saavutamiseks h\u00fcdraulika\u00f5li r\u00f5hku, reageerib kiiresti t\u00f6\u00f6k\u00e4sklustele, pakub v\u00f5imsat t\u00f5uke- ja t\u00f5mbej\u00f5udu, sobib raskete koormate ja keerukate t\u00f6\u00f6\u00fclesannete k\u00e4sitsemiseks. <\/li>\n<li>Erinevad t\u00fc\u00fcbid: Saate valida \u00fchetoimelise (h\u00fcdraulilist juhtimist kasutatakse ainult \u00fches suunas) v\u00f5i kahetoimelise (h\u00fcdraulilist juhtimist kasutatakse kahes suunas) silindri vastavalt oma vajadustele, et rahuldada erinevaid t\u00f6\u00f6n\u00f5udeid. M\u00f5ned mudelid on teleskoopilised, mis v\u00f5imaldab suuremat laienemist ilma v\u00e4lism\u00f5\u00f5tmeid suurendamata, mist\u00f5ttu sobivad need piiratud ruumiga rakenduste jaoks. <\/li>\n<li>Suurep\u00e4rased asendusv\u00f5imalused: meie toode suudab need h\u00fcdrosilindrid ideaalselt asendada. <\/li>\n<\/ul>\n<p><img decoding=\"async\" src=\"https:\/\/www.hydraulic-cylinders.net\/wp-content\/uploads\/2025\/01\/songte-cylinder-head-with-all-kinds-excavator-models.webp\"><\/p>\n<h2>Rakendused<\/h2>\n<p>Kopasilindrit kasutatakse laialdaselt erinevates t\u00f6\u00f6stusharudes, n\u00e4iteks ehitustehnika, p\u00f5llumajandustehnika, ekskavaatorite ja laadurite puhul. <\/p>\n<h3>Ehitustehnika<\/h3>\n<p>Ekskavaatorites m\u00e4ngib kopa silinder olulist rolli kaevamisel, laadimisel ja pinnase v\u00f5i prahi teisaldamisel. Ekskavaator-laadurites aitab kopa silinder kaevamisel ja t\u00f5stmisel. <\/p>\n<h3>P\u00f5llumajandustehnika<\/h3>\n<p>Kasutatakse esilaadurites mulla, heina ja muude materjalide kopeerimiseks, t\u00f5stmiseks ja transportimiseks. <\/p>\n<h3>Ekskavaatorid<\/h3>\n<p>Kopa silinder teostab kaevamistoimingut, v\u00f5imaldades kopal pinnasesse tungida. <\/p>\n<h3>Laadurid<\/h3>\n<p>Esilaadurites aitavad need kaupu t\u00f5husalt t\u00f5sta ja t\u00fchjendada. <\/p>\n<h2>Projekteerimiskaalutlused ja valikukriteeriumid<\/h2>\n<p>Kopasilindrite projekteerimisel on oluline arvestada nende kandev\u00f5ime, tihenduse, vastupidavuse, ohutuse ja hooldatavusega. <\/p>\n<h3>Kandev\u00f5ime<\/h3>\n<p>Kopasilindri kandev\u00f5ime m\u00e4\u00e4ratakse selle v\u00f5ime j\u00e4rgi taluda suuri koormusi ja k\u00f5rget r\u00f5hku ilma deformatsioonita. <\/p>\n<h3>Tihendus<\/h3>\n<p>Kopa silinder vajab kvaliteetset tihendust, et v\u00e4ltida h\u00fcdraulika\u00f5li lekkeid, mis v\u00f5ivad kahjustada h\u00fcdraulikas\u00fcsteemi ja m\u00f5jutada silindri j\u00f5udlust. <\/p>\n<h3>Vastupidavus<\/h3>\n<p>Kopa silinder peaks olema konstrueeritud kulumiskindlust ja korrosioonikindlust silmas pidades, et see taluks karme keskkondi ja pikendaks oma kasutusiga. <\/p>\n<h3>Ohutus<\/h3>\n<p>Kopa silinder peab olema konstrueeritud ohutust silmas pidades, et tagada operaatorite kaitse v\u00f5imalike ohtude ja \u00f5nnetuste eest. <\/p>\n<h3>Hooldatavus<\/h3>\n<p>Kopasilindrit peaks olema lihtne hooldada ja parandada, et minimeerida seisakuid ja hoida hoolduskulud madalad. <\/p>\n<p><img decoding=\"async\" src=\"https:\/\/www.hydraulic-cylinders.net\/wp-content\/uploads\/2025\/01\/songte-oil-pipes-and-spare-parts.webp\"><\/p>\n<h2>Tihendamine ja m\u00e4\u00e4rimine<\/h2>\n<p>Kopasilindris kasutatakse mitmesuguseid tihenduskomponente, n\u00e4iteks kolvitihendeid ja vardatihendeid, mis on valmistatud kulumiskindlatest materjalidest, nagu pol\u00fcuretaan ja nitriilkummi. Silindri korpus ja keermestatud otsapind on peenelt t\u00f6\u00f6deldud, et parandada kulumiskindlust. Sujuva ja t\u00f5husa t\u00f6\u00f6 tagamiseks on vaja regulaarselt h\u00fcdraulika\u00f5liga m\u00e4\u00e4rida. <\/p>\n<h2>Regulaarne kontroll ja ennetavad hooldusmeetmed<\/h2>\n<p>Kopa silinder vajab optimaalse j\u00f5udluse tagamiseks ja seisakute minimeerimiseks regulaarset kontrolli ja ennetavat hooldust. <\/p>\n<ul>\n<li>Regulaarne kontroll: kontrollige kulumis- v\u00f5i kahjustuste m\u00e4rke, n\u00e4iteks kriimustusi, pragusid v\u00f5i lekkeid. <\/li>\n<li>\u00d5ige m\u00e4\u00e4rimine: m\u00e4\u00e4rige silindrit regulaarselt h\u00fcdraulika\u00f5liga, et tagada sujuv t\u00f6\u00f6. <\/li>\n<li>Tihendite vahetamine: vahetage tihendeid perioodiliselt, et v\u00e4ltida lekkeid ja s\u00e4ilitada efektiivsus. <\/li>\n<li>Kalibreerimise kontroll: kontrollige silindri kalibreerimist perioodiliselt, et tagada t\u00e4pne t\u00f6\u00f6. <\/li>\n<\/ul>\n<p>Kopasilindri toimivuse seisukohalt on \u00fclioluline \u00f5ige paigaldus, m\u00e4\u00e4rimine ja reguleerimine. Paigaldamise ajal tuleks silindri \u00f5ige joondamise tagamiseks anda \u00f5iged joondamisjuhised. Silindri kinnitamiseks on soovitatav kasutada sobivaid paigaldusklambreid. Kopasilindri kasutusea pikendamiseks tuleks j\u00e4rgida soovitatud kontrolli-, remondi- ja vahetusprotseduure. <\/p>\n<p><img decoding=\"async\" src=\"https:\/\/www.hydraulic-cylinders.net\/wp-content\/uploads\/2025\/01\/songte-chushion-collar.webp\"><\/p>\n<h2>Ohutuskaalutlused ja keskkonnategurid<\/h2>\n<p>Kopasilindrite kasutamisel tuleks \u00f5nnetuste v\u00e4ltimiseks ja operaatori ohutuse tagamiseks v\u00f5tta ohutusmeetmeid. <\/p>\n<p>Kopasilindri materjalide ja konstruktsiooni puhul tuleks arvestada keskkonnateguritega, nagu temperatuur, niiskus ja korrosioonikindlus, et tagada selle n\u00f5uetekohane toimimine ja pikk kasutusiga. <\/p>\n<h2>Veaotsing ja levinud probleemid<\/h2>\n<p>Kopa silindril v\u00f5ib esineda mitmesuguseid probleeme, n\u00e4iteks lekkeid, deformatsiooni v\u00f5i liikumise eba\u00f5nnestumist. <\/p>\n<p>Probleemide diagnoosimiseks ja lahendamiseks kontrollige h\u00fcdros\u00fcsteemi lekete v\u00f5i kahjustuste suhtes, kontrollige silindri joondust ning vahetage kulunud v\u00f5i kahjustatud osad v\u00e4lja. Regulaarne kontroll ja hooldus aitavad enamiku probleemide tekkimist \u00e4ra hoida. <\/p>\n<p><img decoding=\"async\" src=\"https:\/\/www.hydraulic-cylinders.net\/wp-content\/uploads\/2025\/01\/songte-bushings-with-all-kinds-of-excavator-models.webp\"><\/p>\n<h2>Meie ettev\u00f5ttest<\/h2>\n<p>Oleme asendush\u00fcdrauliliste silindrite tootja, pakkudes t\u00e4ielikku tootevalikut, ning oleme saanud \u00fcheks juhtivaks h\u00fcdrauliliste silindrite tootjaks ja hulgim\u00fc\u00fcjaks nii sise- kui ka rahvusvahelistel turgudel. J\u00e4rgime suurep\u00e4rase kvaliteedi p\u00f5him\u00f5tet, tugineme peentootmist\u00f6\u00f6kodades industrialiseeritud tootmise juhtimise strateegiatele, t\u00e4iustame pidevalt t\u00f6\u00f6kodade tootmisplatvormi, kasutades tehnilist talenti, digitaalseid tipptasemel tootmisseadmeid ja professionaalseid testimiss\u00fcsteeme, t\u00e4iusliku tootekvaliteediga tootmismarsruute ning omame tugevaid loomingulisi v\u00f5imeid, pakkudes klientidele t\u00f5husaid, \u00fclit\u00e4pseid ja kvaliteetseid tooteid, mis vastavad nende mitmekesistele vajadustele. <\/p>\n<p>Meie ettev\u00f5te on varustatud mitmesuguste sertifikaatidega, sealhulgas CE, ISO9001 ja SGS, et tagada meie toodete vastavus rahvusvahelistele kvaliteedistandarditele. Pakume kohandatud teenuseid vastavalt konkreetsetele vajadustele ning meie tootmisseadmed on kvaliteetsed ja t\u00e4psed, et tagada toote kvaliteet. Meie m\u00fc\u00fcgij\u00e4rgne teenindus on professionaalne ja usaldusv\u00e4\u00e4rne, tagades klientide rahulolu. <\/p>\n<p><img decoding=\"async\" src=\"https:\/\/hzpt.com\/wp-content\/uploads\/2024\/11\/songte-company-1.webp\"><\/p>\n<p>Autor: lyl.<\/p>","protected":false},"excerpt":{"rendered":"<p>Bucket Cylinder For Jingong Wheel Type JCM9085L Introduction The bucket cylinder is a specialized hydraulic cylinder designed to control the movement of the bucket in heavy machinery, such as excavators, backhoe loaders, and front-end loaders. Its main function is to enable the bucket to lift, lower, and tilt, making it easier for various material handling [&hellip;]<\/p>","protected":false},"featured_media":14765,"comment_status":"open","ping_status":"closed","template":"","meta":{"_et_pb_use_builder":"","_et_pb_old_content":"","_et_gb_content_width":""},"product_brand":[],"product_cat":[1494],"product_tag":[1495,1496],"class_list":{"0":"post-15759","1":"product","2":"type-product","3":"status-publish","4":"has-post-thumbnail","6":"product_cat-bucket-cylinders","7":"product_tag-bucket-cylinders","8":"product_tag-hydraulic-cylinders","10":"first","11":"instock","12":"shipping-taxable","13":"product-type-simple"},"amp_enabled":true,"_links":{"self":[{"href":"https:\/\/www.hydraulic-cylinders.net\/et\/wp-json\/wp\/v2\/product\/15759","targetHints":{"allow":["GET"]}}],"collection":[{"href":"https:\/\/www.hydraulic-cylinders.net\/et\/wp-json\/wp\/v2\/product"}],"about":[{"href":"https:\/\/www.hydraulic-cylinders.net\/et\/wp-json\/wp\/v2\/types\/product"}],"replies":[{"embeddable":true,"href":"https:\/\/www.hydraulic-cylinders.net\/et\/wp-json\/wp\/v2\/comments?post=15759"}],"wp:featuredmedia":[{"embeddable":true,"href":"https:\/\/www.hydraulic-cylinders.net\/et\/wp-json\/wp\/v2\/media\/14765"}],"wp:attachment":[{"href":"https:\/\/www.hydraulic-cylinders.net\/et\/wp-json\/wp\/v2\/media?parent=15759"}],"wp:term":[{"taxonomy":"product_brand","embeddable":true,"href":"https:\/\/www.hydraulic-cylinders.net\/et\/wp-json\/wp\/v2\/product_brand?post=15759"},{"taxonomy":"product_cat","embeddable":true,"href":"https:\/\/www.hydraulic-cylinders.net\/et\/wp-json\/wp\/v2\/product_cat?post=15759"},{"taxonomy":"product_tag","embeddable":true,"href":"https:\/\/www.hydraulic-cylinders.net\/et\/wp-json\/wp\/v2\/product_tag?post=15759"}],"curies":[{"name":"wp","href":"https:\/\/api.w.org\/{rel}","templated":true}]}}