{"id":15764,"date":"2025-01-19T14:57:00","date_gmt":"2025-01-19T14:57:00","guid":{"rendered":"https:\/\/www.hydraulic-cylinders.net\/product\/bucket-cylinder-for-jchi-ns60c\/"},"modified":"2025-01-19T14:57:02","modified_gmt":"2025-01-19T14:57:02","slug":"bucket-cylinder-for-jchi-ns60c","status":"publish","type":"product","link":"https:\/\/www.hydraulic-cylinders.net\/et\/toode\/bucket-cylinder-for-jchi-ns60c\/","title":{"rendered":"Kopa silinder JCHI NS60C jaoks"},"content":{"rendered":"<h2>Kopa silinder JCHI NS60C jaoks<\/h2>\n<h3>Sissejuhatus<\/h3>\n<p>JCHI NS60C kopa silinder on spetsiaalselt loodud h\u00fcdrauliline silinder, mida kasutatakse raskete masinate, n\u00e4iteks ekskavaatorite, laadur-ekskavaatori ja esilaaduri koppade liikumise juhtimiseks. Selle peamine \u00fclesanne on v\u00f5imaldada kopa t\u00f5stmist, langetamist ja kallutamist, muutes mitmesuguste materjalik\u00e4itlust\u00f6\u00f6de tegemise lihtsamaks. H\u00fcdraulilises s\u00fcsteemis saavutab kopa silinder kopa t\u00e4pse juhtimise, kasutades \u00e4ra h\u00fcdraulika\u00f5li r\u00f5humuutusi, v\u00f5imaldades operaatoritel t\u00f5husalt k\u00e4sitseda raskeid koormaid ning kohaneda keerukate t\u00f6\u00f6keskkondade ja mitmekesiste t\u00f6\u00f6n\u00f5uetega.<\/p>\n<p><img decoding=\"async\" src=\"https:\/\/www.hydraulic-cylinders.net\/wp-content\/uploads\/2025\/01\/songte-company-2.webp\" alt=\"\u00c4mbri silindri pilt\"><\/p>\n<h3>Omadused<\/h3>\n<ul>\n<li><strong>Suur tugevus ja vastupidavus:<\/strong> Tavaliselt \u00fclitugevast terasest v\u00f5i alumiiniumist valmistatud kopa silinder talub k\u00f5rget r\u00f5hku ja suuri koormusi, kohandudes karmide t\u00f6\u00f6tingimustega. Selle disain v\u00f5tab arvesse kulumiskindlust ja korrosioonikindlust, pikendades seel\u00e4bi selle eluiga.<\/li>\n<li><strong>T\u00f5hus h\u00fcdrauliline t\u00f6\u00f6:<\/strong> H\u00fcdraulika\u00f5li r\u00f5hu abil v\u00f5imaldab kopa silinder sujuvaid pikendus- ja tagasit\u00f5mbamisliigutusi, pakkudes kiiret reageerimist juhtimisk\u00e4sklustele ning v\u00f5imsaid t\u00f5uke- ja t\u00f5mbej\u00f5ude, muutes selle sobivaks raskete koormate ja keerukate \u00fclesannete k\u00e4sitsemiseks.<\/li>\n<li><strong>T\u00fc\u00fcpide mitmek\u00fclgsus:<\/strong> Kopasilindri saab valida \u00fchetoimelise (h\u00fcdraulilist r\u00f5hku kasutatakse ainult \u00fches suunas) v\u00f5i kahetoimelise (h\u00fcdraulilist r\u00f5hku kasutatakse m\u00f5lemas suunas) silindrina, olenevalt t\u00f6\u00f6vajadustest. M\u00f5ned mudelid on teleskoopilised, mis v\u00f5imaldab suuremat pikendust ilma v\u00e4lism\u00f5\u00f5tmeid suurendamata, mist\u00f5ttu need sobivad ruumipiirangutega rakenduste jaoks.<\/li>\n<li><strong>Toote asendamine:<\/strong> Meie tooted sobivad ideaalselt olemasolevate h\u00fcdrosilindrite asendamiseks. Pakume laia valikut lisav\u00f5imalusi, et rahuldada erinevate t\u00f6\u00f6stusharude erinevaid vajadusi.<\/li>\n<\/ul>\n<p><img decoding=\"async\" src=\"https:\/\/www.hydraulic-cylinders.net\/wp-content\/uploads\/2025\/01\/songte-cylinder-head-with-all-kinds-excavator-models.webp\" alt=\"Toote asenduspilt\"><\/p>\n<h3>Rakendused<\/h3>\n<p>JCHI NS60C kopasilindrit saab kasutada erinevat t\u00fc\u00fcpi seadmetes:<\/p>\n<ul>\n<li><strong>Ehitustehnika:<\/strong> Ekskavaatorites on need olulised kaevamiseks, laadimiseks ja pinnase v\u00f5i prahi teisaldamiseks. Ekskavaator-laadurites aitavad kopasilindrid nii kaevamisel kui ka t\u00f5stmisel.<\/li>\n<li><strong>P\u00f5llumajandusmasinad:<\/strong> Esilaadurites kasutatavad abivahendid mulla, heina ja muude materjalide k\u00fchveldamisel, t\u00f5stmisel ja transportimisel.<\/li>\n<li><strong>Ekskavaatorid:<\/strong> Kopa silinder v\u00f5imaldab kaevamist, lastes kopal pinnasesse tungida.<\/li>\n<li><strong>Eestlaadurid:<\/strong> Esilaadurites h\u00f5lbustavad need lasti t\u00f5husat t\u00f5stmist ja t\u00fchjendamist.<\/li>\n<\/ul>\n<h3>Projekteerimiskaalutlused ja valikukriteeriumid<\/h3>\n<p>Silindriploki projekteerimisel v\u00f5etakse arvesse mitmeid tegureid:<\/p>\n<ul>\n<li><strong>Kandev\u00f5ime:<\/strong> Silindri konstruktsioon tagab, et see talub vajalikku koormust ilma riketeta.<\/li>\n<li><strong>Tihendus:<\/strong> \u00d5lilekke v\u00e4ltimiseks ja t\u00f5husa t\u00f6\u00f6 tagamiseks kasutatakse mitmesuguseid tihendeid, n\u00e4iteks kolvitihendeid ja varrastihendeid. Tihendid on valmistatud kulumiskindlatest materjalidest, nagu pol\u00fcuretaan ja nitriilkummi.<\/li>\n<li><strong>Vastupidavus:<\/strong> Silindri korpus ja keermestatud otsad l\u00e4bivad peene t\u00f6\u00f6tluse, et suurendada kulumiskindlust ja pikendada silindri eluiga.<\/li>\n<li><strong>Ohutus:<\/strong> \u00d5nnetuste ohu minimeerimiseks t\u00f6\u00f6tamise ajal on konstruktsiooni sisse ehitatud ohutusfunktsioonid.<\/li>\n<li><strong>Hooldus:<\/strong> Silindri konstruktsioon v\u00f5imaldab lihtsat hooldust ja remonti, tagades minimaalse seisakuaja.<\/li>\n<\/ul>\n<p><img decoding=\"async\" src=\"https:\/\/www.hydraulic-cylinders.net\/wp-content\/uploads\/2025\/01\/songte-oil-pipes-and-spare-parts.webp\" alt=\"Kujunduskaalutluste pilt\"><\/p>\n<h3>Tihendus ja m\u00e4\u00e4rimine<\/h3>\n<p>Kopasilindris kasutatakse mitmesuguseid tihendeid, n\u00e4iteks kolvitihendeid ja vardatihendeid, mis on valmistatud kulumiskindlatest materjalidest, nagu pol\u00fcuretaan ja nitriilkummi. Silindri korpus ja keermestatud otsad on peenelt t\u00f6\u00f6deldud, et parandada kulumiskindlust. Sujuva t\u00f6\u00f6 tagamiseks on vajalik regulaarne m\u00e4\u00e4rimine sobiva koguse h\u00fcdraulika\u00f5liga.<\/p>\n<h3>Regulaarne kontroll ja ennetav hooldus<\/h3>\n<p>Regulaarsed kontrolli- ja ennetusmeetmed h\u00f5lmavad j\u00e4rgmist:<\/p>\n<ul>\n<li>Kulumis- v\u00f5i kahjustusj\u00e4lgede kontrollimine<\/li>\n<li>Liikuvate osade n\u00f5uetekohane m\u00e4\u00e4rimine<\/li>\n<li>Kulunud tihendite vahetamine<\/li>\n<li>Kalibreerimiskontrollid<\/li>\n<\/ul>\n<p>\u00d5ige paigaldamine on kopasilindri pikaealisuse tagamiseks \u00fclioluline. Soovitatav on silindri \u00f5ige joondamine ja sobivate kinnitusklambrite kasutamine silindri kinnitamiseks. Pakume soovituslikke kontrolli-, remondi- ja asendusprotseduure, pakkudes komponentide vahetust ja taastamisteenuseid, et pikendada kopasilindri eluiga.<\/p>\n<p><img decoding=\"async\" src=\"https:\/\/www.hydraulic-cylinders.net\/wp-content\/uploads\/2025\/01\/songte-chushion-collar.webp\" alt=\"Hooldusnippide pilt\"><\/p>\n<h3>Ohutuskaalutlused ja keskkonnategurid<\/h3>\n<p>Kopasilindri kasutamisel on \u00e4\u00e4rmiselt oluline tagada ohutusmeetmed. \u00d5nnetuste ohu minimeerimiseks ja ohutu t\u00f6\u00f6keskkonna tagamiseks tuleb j\u00e4rgida ohutusn\u00f5udeid.<\/p>\n<h3>Rikete diagnoosimine ja levinud probleemid<\/h3>\n<p>Levinumad vead ja nende t\u00f5rkeotsingu meetodid h\u00f5lmavad j\u00e4rgmist:<\/p>\n<ul>\n<li>\u00d5lileke: kontrollige tihendeid ja vajadusel vahetage need v\u00e4lja.<\/li>\n<li>Aeglane t\u00f6\u00f6tamine: kontrollige h\u00fcdraulika\u00f5li taset ja filtrit ummistuste suhtes.<\/li>\n<li>Ebanormaalne m\u00fcra: kontrollige lahtiste v\u00f5i kahjustatud osade suhtes ja parandage vastavalt.<\/li>\n<\/ul>\n<p>Veaotsingu n\u00e4pun\u00e4idete ja lahenduste pakkumine aitab lugejatel probleeme t\u00f5husalt diagnoosida ja lahendada. Ennetavate meetmete pakkumine aitab potentsiaalseid probleeme minimeerida.<\/p>\n<p><img decoding=\"async\" src=\"https:\/\/www.hydraulic-cylinders.net\/wp-content\/uploads\/2025\/01\/songte-bushings-with-all-kinds-of-excavator-models.webp\" alt=\"Vea diagnoosi pilt\"><\/p>\n<h3>Meie ettev\u00f5ttest<\/h3>\n<p>Oleme asendush\u00fcdrauliliste silindrite tootja. Meie ettev\u00f5te pakub laia tootevalikut ja on saanud \u00fcheks juhtivaks h\u00fcdrosilindrite tootjaks ja hulgim\u00fc\u00fcjaks nii sise- kui ka rahvusvahelisel turul. Meie t\u00e4iustatud tootmist\u00f6\u00f6kojas j\u00e4rgime tipptaseme p\u00f5him\u00f5tteid ja tugineme industrialiseeritud tootmisjuhtimise strateegiatele. Keskendudes tehnilisele talendile, t\u00e4iustatud digitaalsetele tootmisseadmetele ja professionaalsetele testimiss\u00fcsteemidele, t\u00e4iustame pidevalt oma tootmisplatvormi ja tootekvaliteedi tootmisviise. Meil \u200b\u200bon tugevad loomingulised v\u00f5imed, mille eesm\u00e4rk on rahuldada klientide mitmekesiseid vajadusi suure efektiivsuse, t\u00e4psuse ja kvaliteediga.<\/p>\n<p><img decoding=\"async\" src=\"https:\/\/www.hydraulic-cylinders.net\/wp-content\/uploads\/2025\/01\/songte-company-3.webp\" alt=\"Ettev\u00f5tte kuvand\"><\/p>\n<h4>Autor: lyl<\/h4>","protected":false},"excerpt":{"rendered":"<p>Bucket Cylinder For JCHI NS60C Introduction The Bucket Cylinder for JCHI NS60C is a specially designed hydraulic cylinder used to control the movement of buckets in heavy machinery such as excavators, backhoe loaders, and front loaders. Its main function is to enable the lifting, lowering, and tilting of the bucket, making it easier to handle [&hellip;]<\/p>","protected":false},"featured_media":14787,"comment_status":"open","ping_status":"closed","template":"","meta":{"_et_pb_use_builder":"","_et_pb_old_content":"","_et_gb_content_width":""},"product_brand":[],"product_cat":[1494],"product_tag":[1495,1496],"class_list":{"0":"post-15764","1":"product","2":"type-product","3":"status-publish","4":"has-post-thumbnail","6":"product_cat-bucket-cylinders","7":"product_tag-bucket-cylinders","8":"product_tag-hydraulic-cylinders","10":"first","11":"instock","12":"shipping-taxable","13":"product-type-simple"},"amp_enabled":true,"_links":{"self":[{"href":"https:\/\/www.hydraulic-cylinders.net\/et\/wp-json\/wp\/v2\/product\/15764","targetHints":{"allow":["GET"]}}],"collection":[{"href":"https:\/\/www.hydraulic-cylinders.net\/et\/wp-json\/wp\/v2\/product"}],"about":[{"href":"https:\/\/www.hydraulic-cylinders.net\/et\/wp-json\/wp\/v2\/types\/product"}],"replies":[{"embeddable":true,"href":"https:\/\/www.hydraulic-cylinders.net\/et\/wp-json\/wp\/v2\/comments?post=15764"}],"wp:featuredmedia":[{"embeddable":true,"href":"https:\/\/www.hydraulic-cylinders.net\/et\/wp-json\/wp\/v2\/media\/14787"}],"wp:attachment":[{"href":"https:\/\/www.hydraulic-cylinders.net\/et\/wp-json\/wp\/v2\/media?parent=15764"}],"wp:term":[{"taxonomy":"product_brand","embeddable":true,"href":"https:\/\/www.hydraulic-cylinders.net\/et\/wp-json\/wp\/v2\/product_brand?post=15764"},{"taxonomy":"product_cat","embeddable":true,"href":"https:\/\/www.hydraulic-cylinders.net\/et\/wp-json\/wp\/v2\/product_cat?post=15764"},{"taxonomy":"product_tag","embeddable":true,"href":"https:\/\/www.hydraulic-cylinders.net\/et\/wp-json\/wp\/v2\/product_tag?post=15764"}],"curies":[{"name":"wp","href":"https:\/\/api.w.org\/{rel}","templated":true}]}}