{"id":15768,"date":"2025-01-19T14:57:16","date_gmt":"2025-01-19T14:57:16","guid":{"rendered":"https:\/\/www.hydraulic-cylinders.net\/product\/bucket-cylinder-for-sinomach-zg3065-9\/"},"modified":"2025-01-19T14:57:21","modified_gmt":"2025-01-19T14:57:21","slug":"bucket-cylinder-for-sinomach-zg3065-9","status":"publish","type":"product","link":"https:\/\/www.hydraulic-cylinders.net\/et\/toode\/bucket-cylinder-for-sinomach-zg3065-9\/","title":{"rendered":"Kopa silinder Sinomach ZG3065-9 jaoks"},"content":{"rendered":"<h1>Kopa silinder Sinomach ZG3065-9 jaoks<\/h1>\n<h2>Sissejuhatus<\/h2>\n<p>Sinomach ZG3065-9 kopa silinder on spetsiaalne h\u00fcdrauliline silinder, mis on m\u00f5eldud peamiselt raskete masinate, n\u00e4iteks ekskavaatorite, laadur-ekskavaatorite ja esilaadurite, kopa liikumise juhtimiseks. Selle peamine \u00fclesanne on v\u00f5imaldada kopa t\u00f5stmist, langetamist ja kallutamist materjali h\u00f5lpsaks k\u00e4sitsemiseks. H\u00fcdraulilises s\u00fcsteemis juhib kopa silinder kopa t\u00e4pseid liikumisi h\u00fcdraulika\u00f5li r\u00f5humuutuste abil, v\u00f5imaldades operaatoril t\u00f5husalt k\u00e4sitseda raskeid koormaid, kohaneda keerukate t\u00f6\u00f6keskkondade ja muutuvate t\u00f6\u00f6n\u00f5uetega.<\/p>\n<p><img decoding=\"async\" src=\"https:\/\/www.hydraulic-cylinders.net\/wp-content\/uploads\/2025\/01\/songte-company-2.webp\" alt=\"Kopa silinder Sinomach ZG3065-9 jaoks\" \/><\/p>\n<h2>Omadused<\/h2>\n<ul>\n<li>\n<h3>Suur tugevus ja vastupidavus<\/h3>\n<p>Kopa silinder on tavaliselt valmistatud \u00fclitugevast terasest v\u00f5i alumiiniumist, mis talub k\u00f5rget r\u00f5hku ja suuri koormusi ning kohandub karmi t\u00f6\u00f6keskkonnaga. Selle konstruktsioon arvestab kulumiskindluse ja korrosioonikindlusega, pikendades selle kasutusiga.<\/p>\n<\/li>\n<li>\n<h3>T\u00f5hus h\u00fcdrauliline t\u00f6\u00f6<\/h3>\n<p>Kopa silinder kasutab sujuvate teleskoopliikumiste saavutamiseks h\u00fcdraulika\u00f5li r\u00f5hku, reageerides kiiresti juhtimisk\u00e4sklustele, pakkudes v\u00f5imsaid t\u00f5uke- ja t\u00f5mbej\u00f5ude, mis sobivad raskete koormate ja keerukate t\u00f6\u00f6\u00fclesannete k\u00e4sitsemiseks.<\/p>\n<\/li>\n<li>\n<h3>Erinevad t\u00fc\u00fcbid<\/h3>\n<p>Kopasilindrit saab vastavalt erinevatele t\u00f6\u00f6vajadustele valida \u00fchetoimelise (h\u00fcdrauliline, ainult \u00fches suunas) v\u00f5i kahetoimelise (h\u00fcdrauliline, kahes vastassuunas) silindrina. M\u00f5ned mudelid on teleskoopilised, v\u00f5imaldades suuremaid pikendusi ilma v\u00e4lism\u00f5\u00f5tmeid suurendamata, sobides piiratud ruumiga rakenduste jaoks.<\/p>\n<\/li>\n<li>\n<h3>V\u00f5ib asendada teisi h\u00fcdraulilisi silindreid<\/h3>\n<p>Meie toode saab suurep\u00e4raselt asendada teisi h\u00fcdraulilisi silindreid ja me saame seda toodet toota.<\/p>\n<\/li>\n<li>\n<h3>Rakendused<\/h3>\n<p>Kopasilindril on lai valik rakendusi, n\u00e4iteks:<\/p>\n<ul>\n<li>Ehitustehnika: Ekskavaatorites on need h\u00e4davajalikud kaevamiseks, laadimiseks ja pinnase v\u00f5i prahi teisaldamiseks. Ekskavaatorites aitavad need kaevamisel ja t\u00f5stmisel. <\/li>\n<li>P\u00f5llumajandusmasinad: Kasutatakse esilaadurites mulla, heina ja muude materjalide k\u00fchveldamiseks, t\u00f5stmiseks ja transportimiseks. <\/li>\n<li>Ekskavaatorid: Kopa silinder v\u00f5imaldab labidakopal tungida pinnasesse kaevet\u00f6\u00f6de tegemiseks.<\/li>\n<li>Laadurid: Esilaadurites aitavad need lasti t\u00f5husalt t\u00f5sta ja kallutada.<\/li>\n<\/ul>\n<\/li>\n<\/ul>\n<h2>Projekteerimiskaalutlused ja valikukriteeriumid<\/h2>\n<ul>\n<li>\n<h3>Kandev\u00f5ime<\/h3>\n<p>Kopa silinder peaks olema konstrueeritud nii, et see taluks maksimaalset koormust, millega see oma kasutusea jooksul kokku puutuda v\u00f5ib. <\/p>\n<\/li>\n<li>\n<h3>Tihendus<\/h3>\n<p>Kopasilindri tihenduss\u00fcsteem peaks tagama selle t\u00f6\u00f6kindluse, v\u00e4ltides h\u00fcdraulika\u00f5li lekkeid ja saastumise sattumist silindrisse. Tihendamiseks kasutatakse tavaliselt kolvitihendit ja vardatihendit ning tihendusmaterjalid peaksid olema kulumiskindlad materjalid, n\u00e4iteks pol\u00fcuretaan ja nitriilkummi.<\/p>\n<\/li>\n<li>\n<h3>Vastupidavus<\/h3>\n<p>Kopa silinder peaks olema konstrueeritud materjalidest, mis taluvad karmi t\u00f6\u00f6keskkonda, s\u00f6\u00f6vitavaid aineid ja kulumiskindlust, pikendades selle kasutusiga.<\/p>\n<\/li>\n<li>\n<h3>Ohutus<\/h3>\n<p>Kopa silinder tuleks konstrueerida ohutuskaalutlusi silmas pidades, et v\u00e4ltida \u00f5nnetusi ja tagada operaatori ohutus t\u00f6\u00f6 ajal. <\/p>\n<\/li>\n<li>\n<h3>Hooldus<\/h3>\n<p>Kopasilindri konstruktsioon peaks olema selline, et seda oleks lihtne hooldada, parandada ja vajadusel osi vahetada. Silindri optimaalse j\u00f5udluse tagamiseks on vaja ka regulaarset kontrolli ja ennetavat hooldust.<\/p>\n<\/li>\n<\/ul>\n<p><img decoding=\"async\" src=\"https:\/\/www.hydraulic-cylinders.net\/wp-content\/uploads\/2025\/01\/songte-oil-pipes-and-spare-parts.webp\" alt=\"Kopa silinder Sinomach ZG3065-9 jaoks\" \/><\/p>\n<h2>Tihendus ja m\u00e4\u00e4rimine<\/h2>\n<p>Kopasilindris kasutatakse silindri tihendi tagamiseks mitmesuguseid tihenduskomponente, n\u00e4iteks kolvitihendit ja vardatihendit. Need tihenduskomponendid on valmistatud kulumiskindlatest materjalidest, nagu pol\u00fcuretaan ja nitriilkummi, tagades silindri vastupidavuse ja takistades h\u00fcdraulika\u00f5li lekkimist. Silindri korpus ja keermeotsa pind on l\u00e4binud peene t\u00f6\u00f6tluse, et parandada kulumiskindlust. Sujuva t\u00f6\u00f6 tagamiseks on vajalik regulaarne m\u00e4\u00e4rimine h\u00fcdraulika\u00f5liga.<\/p>\n<h2>Kontroll ja ennetavad meetmed<\/h2>\n<ul>\n<li>\n<p>Kopasilindri regulaarne kontroll on vajalik selle optimaalse j\u00f5udluse tagamiseks. <\/p>\n<\/li>\n<li>\n<p>Sujuva t\u00f6\u00f6 tagamiseks on vajalik regulaarne m\u00e4\u00e4rimine. <\/p>\n<\/li>\n<li>\n<p>Tihendi vahetamine ja kalibreerimise kontroll on tavalised hooldust\u00f6\u00f6d, mida tuleks teha vastavalt vajadusele. <\/p>\n<\/li>\n<li>\n<p>Kopasilindri optimaalse j\u00f5udluse tagamiseks on oluline \u00f5ige paigaldamine, m\u00e4\u00e4rimine ja reguleerimine. <\/p>\n<\/li>\n<li>\n<p>Paigaldamise ajal on silindri kinnitamiseks soovitatav kasutada sobivaid kinnitusklambreid. <\/p>\n<\/li>\n<li>\n<p>Optimaalse j\u00f5udluse tagamiseks ja toote kasutusea pikendamiseks tuleks j\u00e4rgida soovitatud kontrolli-, remondi- ja asendusprotseduure. <\/p>\n<\/li>\n<\/ul>\n<p><img decoding=\"async\" src=\"https:\/\/www.hydraulic-cylinders.net\/wp-content\/uploads\/2025\/01\/songte-chushion-collar.webp\" alt=\"Kopa silinder Sinomach ZG3065-9 jaoks\" \/><\/p>\n<h2>Ohutuskaalutlused ja keskkonnategurid<\/h2>\n<p>Kopasilindri kasutamisel tuleb \u00f5nnetuste v\u00e4ltimiseks ja operaatori ohutuse tagamiseks v\u00f5tta ohutusmeetmeid. Silinder tuleks paigaldada ja kasutada vastavalt tootja juhistele. Silindri n\u00f5uetekohase t\u00f6\u00f6 ja pikaealisuse tagamiseks tuleks arvestada keskkonnateguritega, nagu temperatuur, niiskus ja tolm.<\/p>\n<h2>Levinumad vead ja t\u00f5rkeotsing<\/h2>\n<p>Kopasilindri levinud vigade hulka kuuluvad tihendi leke, ebapiisav tugevus, halb m\u00e4\u00e4rimine ja vale paigaldus. Kui m\u00f5ni neist probleemidest ilmneb, tuleks silindrit v\u00f5imalikult kiiresti kontrollida, parandada v\u00f5i v\u00e4lja vahetada. Regulaarne kontroll ja ennetav hooldus aitavad nende vigade esinemissagedust v\u00e4hendada.<\/p>\n<h2>Meie ettev\u00f5ttest<\/h2>\n<p>Oleme asendush\u00fcdrauliliste silindrite tootja, pakkudes t\u00e4ielikku tootevalikut, ning oleme saanud \u00fcheks juhtivaks h\u00fcdrosilindrite tootjaks ja hulgim\u00fc\u00fcjaks nii sise- kui ka rahvusvahelisel turul. J\u00e4rgime suurep\u00e4rase kvaliteedi p\u00f5him\u00f5tet, tugineme keeruka tootmist\u00f6\u00f6koja industrialiseeritud tootmisjuhtimise strateegiale ning t\u00e4iustame pidevalt tootmisplatvormi, kasutades tehnilisi oskusi, digitaalseid tipptasemel tootmisseadmeid ja professionaalseid testimiss\u00fcsteeme. Meil \u200b\u200bon tugev loovus ja pakume klientidele t\u00f5husaid, t\u00e4pseid ja kvaliteetseid tooteid, et rahuldada nende mitmekesiseid vajadusi.<\/p>\n<p>Meie ettev\u00f5te on end sisse seadnud usaldusv\u00e4\u00e4rse ja usaldusv\u00e4\u00e4rse h\u00fcdrauliliste silindrite allikana, pakkudes kohandatud teenuseid, rahvusvahelisi sertifikaate, kvaliteetseid tootmisseadmeid ja erakordset m\u00fc\u00fcgij\u00e4rgset teenindust.<\/p>\n<p><img decoding=\"async\" src=\"https:\/\/hzpt.com\/wp-content\/uploads\/2024\/11\/songte-company-1.webp\" alt=\"Kopa silinder Sinomach ZG3065-9 jaoks\" \/><\/p>\n<p>Autor: lyl.<\/p>","protected":false},"excerpt":{"rendered":"<p>Bucket Cylinder For Sinomach ZG3065-9 Introduction The bucket cylinder for Sinomach ZG3065-9 is a specialized hydraulic cylinder designed mainly for controlling the movement of the shovel bucket in heavy machinery such as excavators, backhoe excavators, and front-end loaders. Its primary function is to allow the bucket to lift, lower, and tilt for easy material handling. [&hellip;]<\/p>","protected":false},"featured_media":14780,"comment_status":"open","ping_status":"closed","template":"","meta":{"_et_pb_use_builder":"","_et_pb_old_content":"","_et_gb_content_width":""},"product_brand":[],"product_cat":[1494],"product_tag":[1495,1496],"class_list":{"0":"post-15768","1":"product","2":"type-product","3":"status-publish","4":"has-post-thumbnail","6":"product_cat-bucket-cylinders","7":"product_tag-bucket-cylinders","8":"product_tag-hydraulic-cylinders","10":"first","11":"instock","12":"shipping-taxable","13":"product-type-simple"},"amp_enabled":true,"_links":{"self":[{"href":"https:\/\/www.hydraulic-cylinders.net\/et\/wp-json\/wp\/v2\/product\/15768","targetHints":{"allow":["GET"]}}],"collection":[{"href":"https:\/\/www.hydraulic-cylinders.net\/et\/wp-json\/wp\/v2\/product"}],"about":[{"href":"https:\/\/www.hydraulic-cylinders.net\/et\/wp-json\/wp\/v2\/types\/product"}],"replies":[{"embeddable":true,"href":"https:\/\/www.hydraulic-cylinders.net\/et\/wp-json\/wp\/v2\/comments?post=15768"}],"wp:featuredmedia":[{"embeddable":true,"href":"https:\/\/www.hydraulic-cylinders.net\/et\/wp-json\/wp\/v2\/media\/14780"}],"wp:attachment":[{"href":"https:\/\/www.hydraulic-cylinders.net\/et\/wp-json\/wp\/v2\/media?parent=15768"}],"wp:term":[{"taxonomy":"product_brand","embeddable":true,"href":"https:\/\/www.hydraulic-cylinders.net\/et\/wp-json\/wp\/v2\/product_brand?post=15768"},{"taxonomy":"product_cat","embeddable":true,"href":"https:\/\/www.hydraulic-cylinders.net\/et\/wp-json\/wp\/v2\/product_cat?post=15768"},{"taxonomy":"product_tag","embeddable":true,"href":"https:\/\/www.hydraulic-cylinders.net\/et\/wp-json\/wp\/v2\/product_tag?post=15768"}],"curies":[{"name":"wp","href":"https:\/\/api.w.org\/{rel}","templated":true}]}}