{"id":15791,"date":"2025-01-19T14:59:30","date_gmt":"2025-01-19T14:59:30","guid":{"rendered":"https:\/\/www.hydraulic-cylinders.net\/product\/bucket-cylinder-for-tls-hde18\/"},"modified":"2025-01-19T14:59:32","modified_gmt":"2025-01-19T14:59:32","slug":"bucket-cylinder-for-tls-hde18","status":"publish","type":"product","link":"https:\/\/www.hydraulic-cylinders.net\/et\/toode\/bucket-cylinder-for-tls-hde18\/","title":{"rendered":"Kopa silinder TLS HDE18 jaoks"},"content":{"rendered":"<h1>Kopa silinder TLS HDE18 jaoks<\/h1>\n<h2>Sissejuhatus<\/h2>\n<p>Kopa silinder on spetsiaalselt konstrueeritud h\u00fcdrauliline silinder, mida kasutatakse peamiselt kopa liikumise juhtimiseks rasketes masinates, n\u00e4iteks ekskavaatorites, laadur-ekskavaatorites ja esilaadurites. Selle peamine \u00fclesanne on v\u00f5imaldada kopa t\u00f5stmist, langetamist ja kallutamist, muutes mitmesuguste materjalik\u00e4itlust\u00f6\u00f6de tegemise lihtsamaks. H\u00fcdraulilises s\u00fcsteemis juhib kopa silinder t\u00e4pselt kopa liikumist h\u00fcdraulika\u00f5li r\u00f5hu muutuste abil, v\u00f5imaldades operaatoril raskeid koormaid t\u00f5husalt k\u00e4sitseda ning kohaneda keerukate t\u00f6\u00f6keskkondade ja mitmekesiste t\u00f6\u00f6vajadustega.<\/p>\n<p><img decoding=\"async\" src=\"https:\/\/www.hydraulic-cylinders.net\/wp-content\/uploads\/2025\/01\/songte-company-2.webp\" alt=\"\u00c4mbri silindri pilt\"><\/p>\n<h2>Omadused<\/h2>\n<ul>\n<li>Suur tugevus ja vastupidavus: Tavaliselt valmistatud \u00fclitugevast terasest v\u00f5i alumiiniumist, talub see k\u00f5rget r\u00f5hku ja suuri koormusi, kohandudes karmide t\u00f6\u00f6keskkondadega. Projekteerimisel on arvestatud kulumiskindluse ja korrosioonikindlusega, pikendades selle kasutusiga.<\/li>\n<li>T\u00f5hus h\u00fcdrauliline t\u00f6\u00f6: Sujuvad pikendus- ja kokkut\u00f5mbumisliigutused saavutatakse h\u00fcdraulika\u00f5li r\u00f5hu abil, mis reageerib kiiresti t\u00f6\u00f6k\u00e4sklustele, pakkudes v\u00f5imsaid t\u00f5uke- ja t\u00f5mbej\u00f5ude, mis sobivad raskete koormate ja keerukate t\u00f6\u00f6\u00fclesannete k\u00e4sitsemiseks.<\/li>\n<li>Erinevad t\u00fc\u00fcbid: vastavalt t\u00f6\u00f6vajadustele saab valida \u00fchetoimelisi (h\u00fcdrauliliselt ainult \u00fches suunas) v\u00f5i kahetoimelisi (h\u00fcdrauliliselt kahes suunas) silindreid. M\u00f5ned mudelid on teleskoopilised, mis v\u00f5imaldavad suuremat pikendust ilma v\u00e4lism\u00f5\u00f5tmeid suurendamata, mist\u00f5ttu sobivad need piiratud ruumiga rakenduste jaoks.<\/li>\n<li>Suurep\u00e4rane asendusv\u00f5imalus: meie tooted saavad neid h\u00fcdrosilindreid ideaalselt asendada.<\/li>\n<\/ul>\n<p><img decoding=\"async\" src=\"https:\/\/www.hydraulic-cylinders.net\/wp-content\/uploads\/2025\/01\/songte-cylinder-head-with-all-kinds-excavator-models.webp\" alt=\"\u00c4mbri silindri pilt\"><\/p>\n<h2>Rakendused<\/h2>\n<p>Kopasilindrit kasutatakse erinevates rakendustes, n\u00e4iteks:<\/p>\n<ul>\n<li>Ehitustehnika: Ekskavaatorites on need \u00fcliolulised kaevamisel, laadimisel ja pinnase v\u00f5i prahi teisaldamisel. Ekskavaatoritel aitab kopa silinder nii kaevamisel kui ka t\u00f5stmisel. Esilaaduritel aitavad need kaupade t\u00f5husal t\u00f5stmisel ja t\u00fchjendamisel.<\/li>\n<li>P\u00f5llumajandusmasinad: Kasutatakse esilaadurites mulla, heina ja muude materjalide kaevamiseks, t\u00f5stmiseks ja transportimiseks. Ekskavaatorites v\u00f5imaldab kopa silinder kaevamist, lastes kopal pinnasesse tungida. <\/li>\n<\/ul>\n<p>M\u00e4rks\u00f5na iga rakendust tuleks \u00fcksikasjalikult kirjeldada, v\u00e4hemalt 200 s\u00f5naga.<\/p>\n<h2>Projekteerimiskaalutlused ja valikukriteeriumid<\/h2>\n<p>Projekteerimise seisukohast on kopasilindri kandev\u00f5ime, tihendusv\u00f5ime, vastupidavus, ohutus ja hooldatavus olulised tegurid, mida arvestada. <\/p>\n<ul>\n<li>Kandev\u00f5ime: Kopa silinder peab olema konstrueeritud nii, et see taluks maksimaalset koormust, millega see t\u00f6\u00f6tamise ajal kokku puutuda v\u00f5ib, ilma et see kahjustaks seadmeid v\u00f5i tekitaks ohtu operaatorile.<\/li>\n<li>Tihendusv\u00f5ime: Silindri ja kolvivarda vahelise vedeliku lekke v\u00e4ltimiseks kasutatakse mitmesuguseid tihenduselemente, n\u00e4iteks kolvi- ja vardatihendeid. Need tihendid valitakse hoolikalt h\u00fcdraulilise vedeliku omaduste ja t\u00f6\u00f6tingimuste p\u00f5hjal.<\/li>\n<li>Vastupidavus: Silindri korpus ja kolvivarras peavad olema valmistatud \u00fclitugevatest materjalidest, mis taluvad karme keskkondi ning on kulumis- ja korrosioonikindlad.<\/li>\n<li>Ohutus: Ballooni konstruktsioon peaks sisaldama ohutusfunktsioone, n\u00e4iteks \u00fclekoormuse v\u00e4ltimiseks ja ohutu t\u00f6\u00f6 tagamiseks m\u00f5eldud \u00fcler\u00f5huventiile.<\/li>\n<li>Hooldatavus: Kopa silinder peaks olema konstrueeritud nii, et seda oleks lihtne hooldada ja parandada. <\/li>\n<\/ul>\n<p><img decoding=\"async\" src=\"https:\/\/www.hydraulic-cylinders.net\/wp-content\/uploads\/2025\/01\/songte-oil-pipes-and-spare-parts.webp\" alt=\"\u00c4mbri silindri pilt\"><\/p>\n<h2>Tihendus ja m\u00e4\u00e4rimine<\/h2>\n<p>Silindri ja kolvivarda vahelise vedeliku lekke v\u00e4ltimiseks kasutatakse mitmesuguseid tihenduselemente, n\u00e4iteks kolvi- ja vardatihendeid. Need tihendid valitakse hoolikalt h\u00fcdraulilise vedeliku omaduste ja t\u00f6\u00f6tingimuste p\u00f5hjal. Silindri korpus ja kolvivarda pind on peenelt t\u00f6\u00f6deldud, et suurendada kulumiskindlust. N\u00f5uetekohase m\u00e4\u00e4rimise tagamiseks on vaja regulaarselt lisada sobivat h\u00fcdraulika\u00f5li.<\/p>\n<h2>Hooldus ja remont<\/h2>\n<p>Kopasilindrite tavalised hooldust\u00f6\u00f6d on regulaarne kontroll, n\u00f5uetekohane m\u00e4\u00e4rimine, tihendite vahetamine ja kalibreerimise kontrollimine. Paigaldamise ajal on oluline anda silindri joondamiseks \u00f5igeid juhiseid ja kasutada silindri kinnitamiseks sobivaid kinnitusklambreid. Silindri eluea pikendamiseks on esitatud soovitatavad kontrolli-, remondi- ja vahetusprotseduurid. <\/p>\n<p><img decoding=\"async\" src=\"https:\/\/www.hydraulic-cylinders.net\/wp-content\/uploads\/2025\/01\/songte-chushion-collar.webp\" alt=\"\u00c4mbri silindri pilt\"><\/p>\n<h2>Ohutuskaalutlused ja keskkonnategurid<\/h2>\n<p>Kopasilindri kasutamisel on olulised ohutusmeetmed, n\u00e4iteks kaitsevarustuse kasutamine ja kasutusjuhendi j\u00e4rgimine. Ballooni konstruktsioon peaks sisaldama ohutusfunktsioone, n\u00e4iteks \u00fclekoormuse v\u00e4ltimiseks ja ohutu t\u00f6\u00f6 tagamiseks m\u00f5eldud \u00fcler\u00f5huventiile. Lisaks tuleb ballooni n\u00f5uetekohase toimimise tagamiseks arvestada keskkonnateguritega, nagu temperatuur ja niiskus.<\/p>\n<h2>Vea diagnoosimine ja levinud probleemid<\/h2>\n<p>Kopasilindrite levinud probleemide hulka kuuluvad leke, ebapiisav v\u00f5imsus ja kahjustatud tihendid. Oluline on pakkuda diagnoosimisn\u00f5uandeid ja lahendusi, mis aitavad lugejatel probleeme t\u00f5husalt diagnoosida ja lahendada. Samuti tuleks soovitada ennetusmeetmeid v\u00f5imalike probleemide minimeerimiseks.<\/p>\n<p><img decoding=\"async\" src=\"https:\/\/www.hydraulic-cylinders.net\/wp-content\/uploads\/2025\/01\/songte-bushings-with-all-kinds-of-excavator-models.webp\" alt=\"\u00c4mbri silindri pilt\"><\/p>\n<h2>Meie ettev\u00f5ttest<\/h2>\n<p>Oleme asendush\u00fcdrauliliste silindrite tootja. Meie tootevalik on teinud meist \u00fche juhtiva h\u00fcdrauliliste silindrite tootja ja hulgim\u00fc\u00fcja nii sise- kui ka rahvusvahelistel turgudel. Peame kinni suurep\u00e4rasest kvaliteedist ja tugineme peentootmist\u00f6\u00f6kodade t\u00f6\u00f6stusliku tootmise juhtimise strateegiale. Meie ettev\u00f5te t\u00e4iustab pidevalt tootmisplatvormi, t\u00e4iustab tootekvaliteedi tootmisliini ning omab tugevat loomingulist v\u00f5imekust, rahuldades klientide erinevaid vajadusi suure efektiivsuse, suure t\u00e4psuse ja k\u00f5rgete kvaliteedip\u00f5him\u00f5tetega.<\/p>\n<p><img decoding=\"async\" src=\"https:\/\/hzpt.com\/wp-content\/uploads\/2024\/11\/songte-company-1.webp\" alt=\"\u00c4mbri silindri pilt\"><\/p>\n<p>Muuhulgas laiendame oma ettev\u00f5tte professionaalsust, rahvusvahelist sertifitseerimist, tellimusteenuseid, tootmisseadmeid ja m\u00fc\u00fcgij\u00e4rgset teenindust. <\/p>\n<p>Autor: lyl<\/p>","protected":false},"excerpt":{"rendered":"<p>Bucket Cylinder For TLS HDE18 Introduction A bucket cylinder is a specially designed hydraulic cylinder primarily used to control the movement of the bucket in heavy machinery such as excavators, backhoe excavators, and front loaders. Its main function is to enable the bucket to lift, lower, and tilt, making it easier to handle various material [&hellip;]<\/p>","protected":false},"featured_media":14761,"comment_status":"open","ping_status":"closed","template":"","meta":{"_et_pb_use_builder":"","_et_pb_old_content":"","_et_gb_content_width":""},"product_brand":[],"product_cat":[1494],"product_tag":[1495,1496],"class_list":{"0":"post-15791","1":"product","2":"type-product","3":"status-publish","4":"has-post-thumbnail","6":"product_cat-bucket-cylinders","7":"product_tag-bucket-cylinders","8":"product_tag-hydraulic-cylinders","10":"first","11":"instock","12":"shipping-taxable","13":"product-type-simple"},"amp_enabled":true,"_links":{"self":[{"href":"https:\/\/www.hydraulic-cylinders.net\/et\/wp-json\/wp\/v2\/product\/15791","targetHints":{"allow":["GET"]}}],"collection":[{"href":"https:\/\/www.hydraulic-cylinders.net\/et\/wp-json\/wp\/v2\/product"}],"about":[{"href":"https:\/\/www.hydraulic-cylinders.net\/et\/wp-json\/wp\/v2\/types\/product"}],"replies":[{"embeddable":true,"href":"https:\/\/www.hydraulic-cylinders.net\/et\/wp-json\/wp\/v2\/comments?post=15791"}],"wp:featuredmedia":[{"embeddable":true,"href":"https:\/\/www.hydraulic-cylinders.net\/et\/wp-json\/wp\/v2\/media\/14761"}],"wp:attachment":[{"href":"https:\/\/www.hydraulic-cylinders.net\/et\/wp-json\/wp\/v2\/media?parent=15791"}],"wp:term":[{"taxonomy":"product_brand","embeddable":true,"href":"https:\/\/www.hydraulic-cylinders.net\/et\/wp-json\/wp\/v2\/product_brand?post=15791"},{"taxonomy":"product_cat","embeddable":true,"href":"https:\/\/www.hydraulic-cylinders.net\/et\/wp-json\/wp\/v2\/product_cat?post=15791"},{"taxonomy":"product_tag","embeddable":true,"href":"https:\/\/www.hydraulic-cylinders.net\/et\/wp-json\/wp\/v2\/product_tag?post=15791"}],"curies":[{"name":"wp","href":"https:\/\/api.w.org\/{rel}","templated":true}]}}