{"id":15797,"date":"2025-01-19T15:00:00","date_gmt":"2025-01-19T15:00:00","guid":{"rendered":"https:\/\/www.hydraulic-cylinders.net\/product\/bucket-cylinder-for-carter-ct45-7b\/"},"modified":"2025-01-19T15:00:03","modified_gmt":"2025-01-19T15:00:03","slug":"bucket-cylinder-for-carter-ct45-7b","status":"publish","type":"product","link":"https:\/\/www.hydraulic-cylinders.net\/et\/toode\/bucket-cylinder-for-carter-ct45-7b\/","title":{"rendered":"Kopa silinder Carterile CT45-7B"},"content":{"rendered":"<h2>Kopa silinder Carterile CT45-7B<\/h2>\n<p><img decoding=\"async\" src=\"https:\/\/www.hydraulic-cylinders.net\/wp-content\/uploads\/2025\/01\/songte-company-2.webp\"><\/p>\n<h3>Sissejuhatus<\/h3>\n<p>Carter CT45-7B kopa silinder on spetsiaalselt loodud h\u00fcdrauliline silinder, mida kasutatakse kopa liikumise juhtimiseks rasketes masinates, n\u00e4iteks ekskavaatorites, laadur-ekskavaatorites ja esilaadurites. Selle peamine \u00fclesanne on v\u00f5imaldada kopa t\u00f5stmist, langetamist ja kallutamist, muutes selle lihtsamaks mitmesuguste materjalik\u00e4itlust\u00f6\u00f6de jaoks. H\u00fcdraulilises s\u00fcsteemis saavutab kopa silinder kopa t\u00e4pse juhtimise, kasutades \u00e4ra h\u00fcdraulika\u00f5li r\u00f5humuutusi, v\u00f5imaldades operaatoritel t\u00f5husalt k\u00e4sitseda raskeid koormaid ning kohaneda keerukate t\u00f6\u00f6keskkondade ja mitmekesiste t\u00f6\u00f6n\u00f5uetega.<\/p>\n<h3>Omadused<\/h3>\n<ul>\n<li>Suur tugevus ja vastupidavus: Tavaliselt \u00fclitugevast terasest v\u00f5i alumiiniumist valmistatud kopa silinder on v\u00f5imeline vastu pidama k\u00f5rgele r\u00f5hule ja rasketele koormustele, kohandudes karmide t\u00f6\u00f6tingimustega. Projekteerimisel on arvesse v\u00f5etud kulumiskindlust ja korrosioonikindlust, pikendades selle kasutusiga.<\/li>\n<li>T\u00f5hus h\u00fcdrauliline t\u00f6\u00f6: H\u00fcdraulika\u00f5li r\u00f5hu abil v\u00f5imaldab kopa silinder sujuvat pikendamist ja tagasit\u00f5mbamist, pakkudes kiiret reageerimist juhtimisk\u00e4sklustele ja v\u00f5imsaid t\u00f5uke- ja t\u00f5mbej\u00f5ude, mis sobivad raskete koormate ja keerukate \u00fclesannete k\u00e4sitsemiseks.<\/li>\n<li>Erinevad t\u00fc\u00fcbid: Kopasilindrit saab valida \u00fchetoimelise (h\u00fcdraulilist r\u00f5hku kasutatakse ainult \u00fches suunas) v\u00f5i kahetoimelise (h\u00fcdraulilist r\u00f5hku kasutatakse m\u00f5lemas suunas) silindrina, olenevalt t\u00f6\u00f6vajadustest. M\u00f5ned mudelid on teleskoopilised, mis v\u00f5imaldab suuremat pikendamist ilma v\u00e4lism\u00f5\u00f5tmeid suurendamata, sobides piiratud ruumiga rakenduste jaoks.<\/li>\n<li>H\u00fcdrauliliste silindrite asendamine: Meie tooted suudavad neid h\u00fcdrosilindreid ideaalselt asendada. <img decoding=\"async\" src=\"https:\/\/www.hydraulic-cylinders.net\/wp-content\/uploads\/2025\/01\/songte-cylinder-head-with-all-kinds-excavator-models.webp\"><\/li>\n<\/ul>\n<h3>Rakendused<\/h3>\n<p>Carter CT45-7B kopasilindrit kasutatakse erinevates t\u00f6\u00f6stusharudes:<\/p>\n<ol>\n<li>Ehitustehnika: Ekskavaatorites on need eluliselt t\u00e4htsad kaevamisel, laadimisel ja pinnase v\u00f5i prahi teisaldamisel. Ekskavaatorlaadurites aitab kopa silinder nii kaevamisel kui ka t\u00f5stmisel.<\/li>\n<li>P\u00f5llumajandusmasinad: Kasutatakse esilaadurites mulla, heina ja muude materjalide k\u00fchveldamiseks, t\u00f5stmiseks ja transportimiseks.<\/li>\n<li>Ekskavaatorid: Kopa silinder v\u00f5imaldab kaevamist, lastes kopal pinnasesse tungida.<\/li>\n<li>Esilaadurid: Esilaadurites aitavad need kaupu t\u00f5husalt t\u00f5sta ja maha laadida.<\/li>\n<\/ol>\n<h3>Projekteerimiskaalutlused ja valikukriteeriumid<\/h3>\n<p>Kopasilindri projekteerimisel tuleks arvestada j\u00e4rgmisega:<\/p>\n<ul>\n<li>Kandev\u00f5ime<\/li>\n<li>Tihendus<\/li>\n<li>Vastupidavus<\/li>\n<li>Ohutus<\/li>\n<li>Hooldatavus<\/li>\n<\/ul>\n<p><img decoding=\"async\" src=\"https:\/\/www.hydraulic-cylinders.net\/wp-content\/uploads\/2025\/01\/songte-oil-pipes-and-spare-parts.webp\"><\/p>\n<h3>Tihendus ja m\u00e4\u00e4rimine<\/h3>\n<p>Kopasilindris kasutatakse mitmesuguseid tihenduselemente, n\u00e4iteks kolvitihendeid ja vardatihendeid, mis on valmistatud kulumiskindlatest materjalidest, n\u00e4iteks pol\u00fcuretaanist ja nitriilkummist. Silindri korpus ja keermestatud otsad on kulumiskindluse parandamiseks peenelt t\u00f6\u00f6deldud. Vajalik on regulaarne m\u00e4\u00e4rimine sobiva koguse h\u00fcdraulika\u00f5liga.<\/p>\n<h3>Kontroll ja ennetav hooldus<\/h3>\n<p>Kopasilindri n\u00f5uetekohaseks toimimiseks on h\u00e4davajalik regulaarne kontroll ja ennetav hooldus. M\u00f5ned kaalutavad meetmed on j\u00e4rgmised:<\/p>\n<ul>\n<li>Regulaarsed kontrollid<\/li>\n<li>\u00d5ige m\u00e4\u00e4rimine<\/li>\n<li>Tihendi vahetamine<\/li>\n<li>Kalibreerimiskontrollid<\/li>\n<\/ul>\n<p><img decoding=\"async\" src=\"https:\/\/www.hydraulic-cylinders.net\/wp-content\/uploads\/2025\/01\/songte-chushion-collar.webp\"><\/p>\n<h3>Ohutuskaalutlused ja keskkonnategurid<\/h3>\n<p>Kopasilindri kasutamisel on ohutusmeetmete olulisust v\u00f5imatu \u00fcle hinnata. Ohutu ja t\u00f5husa t\u00f6\u00f6 tagamiseks on oluline j\u00e4rgida ohutusprotokolle ja arvestada keskkonnateguritega.<\/p>\n<h3>Rikete diagnoosimine ja levinud probleemid<\/h3>\n<p>Vigade v\u00f5i levinud probleemide ilmnemisel on oluline kiire diagnoosimine ja lahendamine. M\u00f5ned n\u00e4pun\u00e4ited ja lahendused t\u00f5rkeotsinguks on j\u00e4rgmised:<\/p>\n<p><img decoding=\"async\" src=\"https:\/\/www.hydraulic-cylinders.net\/wp-content\/uploads\/2025\/01\/songte-bushings-with-all-kinds-of-excavator-models.webp\"><\/p>\n<h3>Hooldus\u00fclesanded<\/h3>\n<p>Kopasilindri tavaliste hooldust\u00f6\u00f6de hulka kuuluvad regulaarsed kontrollid, asjakohane m\u00e4\u00e4rimine, tihendite vahetamine ja kalibreerimiskontrollid. R\u00f5hutatakse n\u00f5uetekohase paigaldamise, m\u00e4\u00e4rimise ja reguleerimise olulisust. Esitatakse \u00f5ige joondamise juhised paigaldamise ajal, sobivate kinnitusklambrite kasutamine silindri kinnitamiseks, soovitatavad kontrolli-, remondi- ja vahetusprotseduurid ning n\u00e4pun\u00e4ited kopasilindri eluea pikendamiseks.<\/p>\n<h3>Meie ettev\u00f5ttest<\/h3>\n<p>Oleme juhtiv h\u00fcdrauliliste silindrite tootja ja hulgim\u00fc\u00fcja nii sise- kui ka rahvusvahelisel turul. Meie ettev\u00f5te pakub laia tootevalikut ja j\u00e4rgib industrialiseeritud tootmisjuhtimise strateegiat, tuginedes andekatele spetsialistidele, t\u00e4iustatud digitaalsetele tootmisseadmetele ja professionaalsetele testimiss\u00fcsteemidele. Keskendudes suurep\u00e4rasele kvaliteedile, t\u00e4iustab meie ettev\u00f5te pidevalt tootmisplatvormi ja tootmisprotsessi tootekvaliteedi tagamiseks. Meil \u200b\u200bon tugev loominguline v\u00f5imekus ja meie eesm\u00e4rk on rahuldada klientide mitmekesiseid vajadusi suure efektiivsuse, t\u00e4psuse ja kvaliteediga.<\/p>\n<p><img decoding=\"async\" src=\"https:\/\/www.hydraulic-cylinders.net\/wp-content\/uploads\/2025\/01\/songte-company-3.webp\"><\/p>\n<p>Meie ettev\u00f5te on tuntud j\u00e4rgmiste omaduste poolest:<\/p>\n<ul>\n<li>Professionaalsus<\/li>\n<li>Rahvusvahelised sertifikaadid<\/li>\n<li>Kohandamise teenused<\/li>\n<li>Tootmisseadmed<\/li>\n<li>M\u00fc\u00fcgij\u00e4rgne teenindus<\/li>\n<\/ul>\n<p>Pea meeles, et artikkel tuleks loogiliselt \u00fcles ehitada, navigeerimise h\u00f5lbustamiseks kasutada alapealkirju, paremaks arusaamiseks lisada asjakohaseid pilte v\u00f5i diagramme ning veenduda, et sisu oleks selge, kokkuv\u00f5tlik ja sobiv erineva tehnilise teadmisega lugejatele.<\/p>\n<p>Autor: lyl<\/p>\n<p><img decoding=\"async\" src=\"https:\/\/hzpt.com\/wp-content\/uploads\/2024\/11\/songte-company-1.webp\"><\/p>","protected":false},"excerpt":{"rendered":"<p>Bucket Cylinder For Carter CT45-7B Introduction The bucket cylinder for Carter CT45-7B is a specially designed hydraulic cylinder used to control the movement of the bucket in heavy machinery such as excavators, backhoe loaders, and front-end loaders. Its main function is to allow the bucket to lift, lower, and tilt, making it easier for various [&hellip;]<\/p>","protected":false},"featured_media":14782,"comment_status":"open","ping_status":"closed","template":"","meta":{"_et_pb_use_builder":"","_et_pb_old_content":"","_et_gb_content_width":""},"product_brand":[],"product_cat":[1494],"product_tag":[1495,1496],"class_list":{"0":"post-15797","1":"product","2":"type-product","3":"status-publish","4":"has-post-thumbnail","6":"product_cat-bucket-cylinders","7":"product_tag-bucket-cylinders","8":"product_tag-hydraulic-cylinders","10":"first","11":"instock","12":"shipping-taxable","13":"product-type-simple"},"amp_enabled":true,"_links":{"self":[{"href":"https:\/\/www.hydraulic-cylinders.net\/et\/wp-json\/wp\/v2\/product\/15797","targetHints":{"allow":["GET"]}}],"collection":[{"href":"https:\/\/www.hydraulic-cylinders.net\/et\/wp-json\/wp\/v2\/product"}],"about":[{"href":"https:\/\/www.hydraulic-cylinders.net\/et\/wp-json\/wp\/v2\/types\/product"}],"replies":[{"embeddable":true,"href":"https:\/\/www.hydraulic-cylinders.net\/et\/wp-json\/wp\/v2\/comments?post=15797"}],"wp:featuredmedia":[{"embeddable":true,"href":"https:\/\/www.hydraulic-cylinders.net\/et\/wp-json\/wp\/v2\/media\/14782"}],"wp:attachment":[{"href":"https:\/\/www.hydraulic-cylinders.net\/et\/wp-json\/wp\/v2\/media?parent=15797"}],"wp:term":[{"taxonomy":"product_brand","embeddable":true,"href":"https:\/\/www.hydraulic-cylinders.net\/et\/wp-json\/wp\/v2\/product_brand?post=15797"},{"taxonomy":"product_cat","embeddable":true,"href":"https:\/\/www.hydraulic-cylinders.net\/et\/wp-json\/wp\/v2\/product_cat?post=15797"},{"taxonomy":"product_tag","embeddable":true,"href":"https:\/\/www.hydraulic-cylinders.net\/et\/wp-json\/wp\/v2\/product_tag?post=15797"}],"curies":[{"name":"wp","href":"https:\/\/api.w.org\/{rel}","templated":true}]}}