{"id":15798,"date":"2025-01-19T15:00:05","date_gmt":"2025-01-19T15:00:05","guid":{"rendered":"https:\/\/www.hydraulic-cylinders.net\/product\/bucket-cylinder-for-carter-ct70-8g\/"},"modified":"2025-01-19T15:00:08","modified_gmt":"2025-01-19T15:00:08","slug":"bucket-cylinder-for-carter-ct70-8g","status":"publish","type":"product","link":"https:\/\/www.hydraulic-cylinders.net\/et\/toode\/bucket-cylinder-for-carter-ct70-8g\/","title":{"rendered":"Kopa silinder Carterile CT70-8G"},"content":{"rendered":"<h1>Kopa silinder Carterile CT70-8G<\/h1>\n<h2>Sissejuhatus<\/h2>\n<p>Carter CT70-8G kopa silinder on spetsiaalselt loodud h\u00fcdrauliline silinder, mida kasutatakse kopa liikumise juhtimiseks rasketes masinates, n\u00e4iteks ekskavaatorites, laadur-ekskavaatorites ja esilaadurites. Selle peamine \u00fclesanne on v\u00f5imaldada kopa t\u00f5stmist, langetamist ja kallutamist, muutes mitmesuguste materjalik\u00e4itlust\u00f6\u00f6de tegemise lihtsamaks. H\u00fcdraulilises s\u00fcsteemis saavutab kopa silinder kopa t\u00e4pse juhtimise, kasutades h\u00fcdraulika\u00f5li r\u00f5humuutusi, v\u00f5imaldades operaatoritel t\u00f5husalt k\u00e4sitseda raskeid koormaid ning kohaneda keerukate t\u00f6\u00f6keskkondade ja mitmekesiste t\u00f6\u00f6vajadustega.<\/p>\n<p><img decoding=\"async\" src=\"https:\/\/www.hydraulic-cylinders.net\/wp-content\/uploads\/2025\/01\/songte-company-2.webp\"><\/p>\n<h2>Omadused<\/h2>\n<ul>\n<li>Suur tugevus ja vastupidavus: Tavaliselt valmistatud \u00fclitugevast terasest v\u00f5i alumiiniumist, talub see k\u00f5rget r\u00f5hku ja suuri koormusi, kohandudes karmide t\u00f6\u00f6keskkondadega. Projekteerimisel on arvesse v\u00f5etud kulumiskindlust ja korrosioonikindlust, pikendades kasutusiga.<\/li>\n<li>T\u00f5hus h\u00fcdrauliline t\u00f6\u00f6: Kasutades h\u00fcdraulika\u00f5li r\u00f5hku sujuva pikenemise ja tagasit\u00f5mbamise saavutamiseks, reageerib see kiiresti juhtimisk\u00e4sklustele, pakkudes v\u00f5imsaid t\u00f5uke- ja t\u00f5mbej\u00f5ude, mis sobivad raskete koormate ja keerukate t\u00f6\u00f6\u00fclesannete k\u00e4sitsemiseks.<\/li>\n<li>Erinevad t\u00fc\u00fcbid: Saab valida \u00fchetoimeliste (h\u00fcdrauliline ainult \u00fches suunas) v\u00f5i kahetoimeliste (h\u00fcdrauliline m\u00f5lemas suunas) silindritena vastavalt vajadusele, mis vastavad erinevatele t\u00f6\u00f6vajadustele. M\u00f5ned mudelid on teleskoopilised, v\u00f5imaldades suuremat pikendamist ilma v\u00e4lism\u00f5\u00f5tmeid suurendamata, sobides piiratud ruumiga rakenduste jaoks.<\/li>\n<li>T\u00e4iuslik asendus: Meie tooted suudavad neid h\u00fcdrosilindreid ideaalselt asendada.<\/li>\n<\/ul>\n<p><img decoding=\"async\" src=\"https:\/\/www.hydraulic-cylinders.net\/wp-content\/uploads\/2025\/01\/songte-cylinder-head-with-all-kinds-excavator-models.webp\"><\/p>\n<h2>Rakendused<\/h2>\n<h3>Ehitustehnika<\/h3>\n<p>Ekskavaatorites on need olulised kaevamiseks, laadimiseks ja pinnase v\u00f5i prahi teisaldamiseks. Ekskavaator-laadurites aitab kopa silinder nii kaevamisel kui ka t\u00f5stmisel.<\/p>\n<h3>P\u00f5llumajandustehnika<\/h3>\n<p>Kasutatakse esilaadurites mulla, heina ja muude materjalide kopeerimiseks, t\u00f5stmiseks ja transportimiseks.<\/p>\n<h3>Ekskavaatorid<\/h3>\n<p>Kopa silinder v\u00f5imaldab kaevamistoiminguid, lastes kopal pinnasesse tungida.<\/p>\n<h3>Laadurid<\/h3>\n<p>Esilaadurites aitavad need kaupu t\u00f5husalt t\u00f5sta ja kallutada.<\/p>\n<h2>Projekteerimiskaalutlused ja valikukriteeriumid<\/h2>\n<ul>\n<li>Kandev\u00f5ime: Arutage m\u00e4rks\u00f5na kandev\u00f5imet.<\/li>\n<li>Tihendus: R\u00f5hutage n\u00f5uetekohase tihendamise olulisust.<\/li>\n<li>Vastupidavus: Arutage toote vastupidavust.<\/li>\n<li>Ohutus: T\u00f5stke disainis esile ohutuskaalutlused.<\/li>\n<li>Hooldatavus: Arutage hoolduse ja remondi lihtsust.<\/li>\n<\/ul>\n<p><img decoding=\"async\" src=\"https:\/\/www.hydraulic-cylinders.net\/wp-content\/uploads\/2025\/01\/songte-oil-pipes-and-spare-parts.webp\"><\/p>\n<h2>Tihendus ja m\u00e4\u00e4rimine<\/h2>\n<p>Kopasilindris kasutatakse mitmesuguseid tihenduskomponente, n\u00e4iteks kolvitihendeid ja vardatihendeid, mis on valmistatud kulumiskindlatest materjalidest, n\u00e4iteks pol\u00fcuretaanist ja nitriilkummist. Silindri korpus ja keermestatud otsapinnad l\u00e4bivad peent\u00f6\u00f6tluse, et suurendada kulumiskindlust. Sujuva t\u00f6\u00f6 tagamiseks on vaja regulaarselt m\u00e4\u00e4rida sobiva h\u00fcdraulika\u00f5liga.<\/p>\n<h2>Regulaarne kontroll ja ennetav hooldus<\/h2>\n<p>Kontrollige ja teostage regulaarselt ennetavaid hooldusmeetmeid, et minimeerida v\u00f5imalikke probleeme. Arutage iga punkti v\u00e4hemalt 200 s\u00f5naga.<\/p>\n<h2>\u00d5ige paigaldusjuhend<\/h2>\n<p>Esitage toote korrektseks paigaldamiseks \u00fcksikasjalik juhend, v\u00e4hemalt 300 s\u00f5na.<\/p>\n<h2>Levinumad hooldust\u00f6\u00f6d<\/h2>\n<p>Loetlege ja arutage kolme tavalist hooldus\u00fclesannet, n\u00e4iteks regulaarne kontroll, n\u00f5uetekohane m\u00e4\u00e4rimine, tihendite vahetamine ja kalibreerimiskontrollid. R\u00f5hutage \u00f5ige paigaldamise, m\u00e4\u00e4rimise ja reguleerimise olulisust. Andke juhiseid silindri \u00f5igeks joondamiseks paigaldamise ajal. Soovitage silindri kinnitamiseks sobivate paigaldusklambrite kasutamist. Esitage soovitatavad kontrolli-, remondi- ja vahetusprotseduurid koos n\u00e4pun\u00e4idetega m\u00e4rks\u00f5na eluea pikendamiseks. Iga punkt peaks olema v\u00e4hemalt 200 s\u00f5na pikk.<\/p>\n<p><img decoding=\"async\" src=\"https:\/\/www.hydraulic-cylinders.net\/wp-content\/uploads\/2025\/01\/songte-chushion-collar.webp\"><\/p>\n<h2>Ohutuskaalutlused ja keskkonnategurid<\/h2>\n<p>Arutage m\u00e4rks\u00f5na kasutamisel ohutusmeetmete olulisust koos asjakohaste keskkonnateguritega. V\u00e4hemalt 200 s\u00f5na.<\/p>\n<h2>Veaotsing ja levinud probleemid<\/h2>\n<p>Esitage m\u00e4rks\u00f5naga seotud levinud probleemide t\u00f5rkeotsingu n\u00e4pun\u00e4iteid ja lahendusi. Aidake lugejatel probleeme t\u00f5husalt diagnoosida ja lahendada. Soovitage ennetavaid meetmeid v\u00f5imalike probleemide minimeerimiseks. V\u00e4hemalt 300 s\u00f5na.<\/p>\n<p><img decoding=\"async\" src=\"https:\/\/www.hydraulic-cylinders.net\/wp-content\/uploads\/2025\/01\/songte-bushings-with-all-kinds-of-excavator-models.webp\"><\/p>\n<p>Pea meeles, et artikkel tuleks loogiliselt \u00fcles ehitada, navigeerimise h\u00f5lbustamiseks kasutada alapealkirju, arusaadavuse parandamiseks lisada asjakohaseid pilte v\u00f5i diagramme ning veenduda, et sisu oleks selge, kokkuv\u00f5tlik ja sobiv erineva tehnilise teadmisega lugejatele.<\/p>\n<h2>Meie ettev\u00f5ttest<\/h2>\n<p>Oleme asendush\u00fcdrauliliste silindrite tootja, pakkudes laia tootevalikut. Oleme saanud \u00fcheks juhtivaks h\u00fcdrosilindrite tootjaks ja hulgim\u00fc\u00fcjaks nii sise- kui ka rahvusvahelisel turul. J\u00e4rgime tipptaseme p\u00f5him\u00f5tteid ja tugineme peenelt l\u00e4bim\u00f5eldud tootmist\u00f6\u00f6kodades t\u00f6\u00f6stusliku tootmise juhtimise strateegiatele. T\u00e4nu oma tehnilisele talendile, tipptasemel digitaalsetele tootmisseadmetele ja professionaalsetele testimiss\u00fcsteemidele t\u00e4iustame pidevalt oma tootmisplatvormi, t\u00e4iustame tootmisprotsessi tootekvaliteedi tagamiseks ning omame tugevaid uuenduslikke v\u00f5imeid. Meie prioriteediks on t\u00f5husus, t\u00e4psus ja k\u00f5rge kvaliteet, et rahuldada klientide mitmesuguseid vajadusi.<\/p>\n<p><img decoding=\"async\" src=\"https:\/\/www.hydraulic-cylinders.net\/wp-content\/uploads\/2025\/01\/songte-company-3.webp\"><\/p>\n<h3>Professionaalsus<\/h3>\n<p>Arutage ettev\u00f5tte professionaalsust.<\/p>\n<h3>Rahvusvahelised sertifikaadid<\/h3>\n<p>T\u00f5sta esile rahvusvaheliselt tunnustatud sertifikaate.<\/p>\n<h3>Kohandamise teenused<\/h3>\n<p>Arutage ettev\u00f5tte kohandamisteenuseid.<\/p>\n<h3>Tootmisseadmed<\/h3>\n<p>Kirjeldage ettev\u00f5tte tootmisseadmeid.<\/p>\n<h3>M\u00fc\u00fcgij\u00e4rgne teenindus<\/h3>\n<p>R\u00f5hutage ettev\u00f5tte p\u00fchendumust m\u00fc\u00fcgij\u00e4rgsetele teenustele.<\/p>\n<p><i>Autor: lyl<\/i><\/p>","protected":false},"excerpt":{"rendered":"<p>Bucket Cylinder For Carter CT70-8G Introduction The bucket cylinder for Carter CT70-8G is a specially designed hydraulic cylinder used to control the movement of the bucket in heavy machinery such as excavators, backhoe loaders, and front loaders. Its main function is to enable the bucket to lift, lower, and tilt, making it easier to handle [&hellip;]<\/p>","protected":false},"featured_media":14780,"comment_status":"open","ping_status":"closed","template":"","meta":{"_et_pb_use_builder":"","_et_pb_old_content":"","_et_gb_content_width":""},"product_brand":[],"product_cat":[1494],"product_tag":[1495,1496],"class_list":{"0":"post-15798","1":"product","2":"type-product","3":"status-publish","4":"has-post-thumbnail","6":"product_cat-bucket-cylinders","7":"product_tag-bucket-cylinders","8":"product_tag-hydraulic-cylinders","10":"first","11":"instock","12":"shipping-taxable","13":"product-type-simple"},"amp_enabled":true,"_links":{"self":[{"href":"https:\/\/www.hydraulic-cylinders.net\/et\/wp-json\/wp\/v2\/product\/15798","targetHints":{"allow":["GET"]}}],"collection":[{"href":"https:\/\/www.hydraulic-cylinders.net\/et\/wp-json\/wp\/v2\/product"}],"about":[{"href":"https:\/\/www.hydraulic-cylinders.net\/et\/wp-json\/wp\/v2\/types\/product"}],"replies":[{"embeddable":true,"href":"https:\/\/www.hydraulic-cylinders.net\/et\/wp-json\/wp\/v2\/comments?post=15798"}],"wp:featuredmedia":[{"embeddable":true,"href":"https:\/\/www.hydraulic-cylinders.net\/et\/wp-json\/wp\/v2\/media\/14780"}],"wp:attachment":[{"href":"https:\/\/www.hydraulic-cylinders.net\/et\/wp-json\/wp\/v2\/media?parent=15798"}],"wp:term":[{"taxonomy":"product_brand","embeddable":true,"href":"https:\/\/www.hydraulic-cylinders.net\/et\/wp-json\/wp\/v2\/product_brand?post=15798"},{"taxonomy":"product_cat","embeddable":true,"href":"https:\/\/www.hydraulic-cylinders.net\/et\/wp-json\/wp\/v2\/product_cat?post=15798"},{"taxonomy":"product_tag","embeddable":true,"href":"https:\/\/www.hydraulic-cylinders.net\/et\/wp-json\/wp\/v2\/product_tag?post=15798"}],"curies":[{"name":"wp","href":"https:\/\/api.w.org\/{rel}","templated":true}]}}