{"id":15800,"date":"2025-01-19T15:00:15","date_gmt":"2025-01-19T15:00:15","guid":{"rendered":"https:\/\/www.hydraulic-cylinders.net\/product\/bucket-cylinder-for-carter-ct240-8c\/"},"modified":"2025-01-19T15:00:17","modified_gmt":"2025-01-19T15:00:17","slug":"bucket-cylinder-for-carter-ct240-8c","status":"publish","type":"product","link":"https:\/\/www.hydraulic-cylinders.net\/et\/toode\/bucket-cylinder-for-carter-ct240-8c\/","title":{"rendered":"Kopa silinder Carterile CT240-8C"},"content":{"rendered":"<p><!DOCTYPE html><br \/>\n<html><br \/>\n<head><br \/>\n<title>Kopa silinder Carterile CT240-8C<\/title><br \/>\n<\/head><br \/>\n<body><\/p>\n<h1>Kopa silinder Carterile CT240-8C<\/h1>\n<h2>Sissejuhatus<\/h2>\n<p>Carter CT240-8C kopa silinder on spetsiaalne h\u00fcdrauliline silinder, mis on loodud kopa liikumise juhtimiseks rasketes masinates, n\u00e4iteks ekskavaatorites, laadur-ekskavaatorites ja esilaadurites. Selle peamine \u00fclesanne on v\u00f5imaldada kopa t\u00f5stmist, langetamist ja kallutamist, muutes selle mugavaks mitmesuguste materjalik\u00e4itlust\u00f6\u00f6de jaoks. H\u00fcdraulikas\u00fcsteemis saavutab kopa silinder kopa t\u00e4pse juhtimise, kasutades \u00e4ra h\u00fcdraulika\u00f5li r\u00f5humuutusi, v\u00f5imaldades operaatoritel t\u00f5husalt k\u00e4sitseda raskeid koormaid ning kohaneda keerukate t\u00f6\u00f6keskkondade ja mitmekesiste t\u00f6\u00f6n\u00f5uetega.<\/p>\n<h2><img decoding=\"async\" src=\"https:\/\/www.hydraulic-cylinders.net\/wp-content\/uploads\/2025\/01\/songte-company-2.webp\"><\/h2>\n<h2>Omadused<\/h2>\n<ul>\n<li>Suur tugevus ja vastupidavus: Tavaliselt \u00fclitugevast terasest v\u00f5i alumiiniumist valmistatud kopa silinder talub k\u00f5rget r\u00f5hku ja suuri koormusi, kohandudes karmide t\u00f6\u00f6tingimustega. Projekteerimisel on arvestatud ka kulumiskindluse ja korrosioonikindlusega, et pikendada selle eluiga.<\/li>\n<li>T\u00f5hus h\u00fcdrauliline t\u00f6\u00f6: H\u00fcdraulika\u00f5li r\u00f5hu abil v\u00f5imaldab kopa silinder sujuvat pikendamist ja tagasit\u00f5mbamist, reageerides kiiresti juhtimisk\u00e4sklustele, pakkudes v\u00f5imsaid t\u00f5uke- ja t\u00f5mbej\u00f5ude ning sobides raskete koormate ja keerukate t\u00f6\u00f6\u00fclesannete k\u00e4sitsemiseks.<\/li>\n<li>Erinevad t\u00fc\u00fcbid: Kopasilindrit saab vastavalt t\u00f6\u00f6vajadustele valida \u00fchetoimelise (h\u00fcdrauliline ainult \u00fches suunas) v\u00f5i kahetoimelise (h\u00fcdrauliline m\u00f5lemas suunas) silindrina. M\u00f5ned mudelid on teleskoopilised, v\u00f5imaldades suuremat pikendust ilma v\u00e4lism\u00f5\u00f5tmeid suurendamata, sobides piiratud ruumiga rakenduste jaoks.<\/li>\n<\/ul>\n<h2><img decoding=\"async\" src=\"https:\/\/www.hydraulic-cylinders.net\/wp-content\/uploads\/2025\/01\/songte-cylinder-head-with-all-kinds-excavator-models.webp\"><\/h2>\n<h2>Rakendused<\/h2>\n<ul>\n<li>Ehitustehnika: Neid leidub ekskavaatorites ning need on olulised kaevamisel, laadimisel ja pinnase v\u00f5i prahi teisaldamisel. Ekskavaatorlaadurites aitab kopa silinder nii kaevamisel kui ka t\u00f5stmisel.<\/li>\n<li>P\u00f5llumajandusmasinad: Kasutatakse esilaadurites mulla, heina ja muude materjalide k\u00fchveldamiseks, t\u00f5stmiseks ja transportimiseks.<\/li>\n<li>Ekskavaatorid: Kopa silinder v\u00f5imaldab kaevamist, lastes kopal pinnasesse tungida.<\/li>\n<li>Eeslaadurid: Eeslaadurites aitavad need kaupu t\u00f5husalt t\u00f5sta ja kallutada.<\/li>\n<\/ul>\n<h2>Projekteerimiskaalutlused ja valikukriteeriumid<\/h2>\n<ul>\n<li>Kandev\u00f5ime: Arutage kopa silindri koormustele vastupidamise v\u00f5imet.<\/li>\n<li>Tihendus: R\u00f5hutage korralike tihendite olulisust lekete v\u00e4ltimiseks.<\/li>\n<li>Vastupidavus: Arutage pikaealisuse ja t\u00f6\u00f6kindluse tagamiseks vajalikke disainikaalutlusi.<\/li>\n<li>Ohutus: Selgitage kopasilindri konstruktsioonis sisalduvaid ohutusmeetmeid.<\/li>\n<li>Hooldatavus: Arutage kopasilindri hoolduse ja remondi lihtsust.<\/li>\n<\/ul>\n<h2><img decoding=\"async\" src=\"https:\/\/www.hydraulic-cylinders.net\/wp-content\/uploads\/2025\/01\/songte-oil-pipes-and-spare-parts.webp\"><\/h2>\n<h2>Tihendus ja m\u00e4\u00e4rimine<\/h2>\n<p>Kopasilindris kasutatakse mitmesuguseid tihenduskomponente, n\u00e4iteks kolvitihendeid ja vardatihendeid, mis on valmistatud kulumiskindlatest materjalidest, n\u00e4iteks pol\u00fcuretaanist ja nitriilkummist. Silindri korpus ja keermestatud otsad on kulumiskindluse suurendamiseks peenelt t\u00f6\u00f6deldud. Sujuva t\u00f6\u00f6 ja pikaealisuse tagamiseks on vajalik regulaarne m\u00e4\u00e4rimine sobiva koguse h\u00fcdraulika\u00f5liga.<\/p>\n<h2>Hooldus ja ennetavad meetmed<\/h2>\n<ul>\n<li>Regulaarne kontroll: R\u00f5hutage perioodiliste kontrollide olulisust kulumise, lekete v\u00f5i kahjustuste suhtes.<\/li>\n<li>N\u00f5uetekohane m\u00e4\u00e4rimine: Soovitage lugejatel s\u00e4ilitada sobiv m\u00e4\u00e4rimistase, et v\u00e4ltida h\u00f5\u00f5rdumist ja tagada optimaalne j\u00f5udlus.<\/li>\n<li>Tihendi vahetamine: Soovitame tihendeid vahetada, kui tuvastatakse kulumise v\u00f5i lekke m\u00e4rke.<\/li>\n<li>Kalibreerimiskontroll: R\u00f5hutage vajadust aeg-ajalt kalibreerimiskontrollide j\u00e4rele t\u00e4pse t\u00f6\u00f6 s\u00e4ilitamiseks.<\/li>\n<\/ul>\n<h2><img decoding=\"async\" src=\"https:\/\/www.hydraulic-cylinders.net\/wp-content\/uploads\/2025\/01\/songte-chushion-collar.webp\"><\/h2>\n<h2>Ohutuskaalutlused ja keskkonnategurid<\/h2>\n<p>Arutage ohutusmeetmete olulisust \u00e4mbrisilindri kasutamisel ja seda, kuidas see vastab asjakohastele eeskirjadele. K\u00e4sitlege k\u00f5iki keskkonnakaalutlusi, n\u00e4iteks kasutatud materjale ja keskkonnas\u00f5bralikke tavasid.<\/p>\n<h2>Veaotsing ja levinud probleemid<\/h2>\n<p>Pakkuge t\u00f5rkeotsingu n\u00e4pun\u00e4iteid ja lahendusi kopasilindri kasutamisel tekkida v\u00f5ivatele levinud probleemidele. Pakkuge ennetavaid meetmeid v\u00f5imalike probleemide minimeerimiseks.<\/p>\n<h2><img decoding=\"async\" src=\"https:\/\/www.hydraulic-cylinders.net\/wp-content\/uploads\/2025\/01\/songte-bushings-with-all-kinds-of-excavator-models.webp\"><\/h2>\n<h2>Kokkuv\u00f5te<\/h2>\n<p>Kokkuv\u00f5ttes on Carter CT240-8C kopa silinder rasketehnika oluline komponent, mis v\u00f5imaldab t\u00f5husaid materjalik\u00e4itlust\u00f6id. Selle suur tugevus, vastupidavus ja t\u00f5hus h\u00fcdrauliline t\u00f6\u00f6 muudavad selle sobivaks mitmesugusteks rakendusteks. N\u00f5uetekohased projekteerimiskaalutlused, hooldus ja ohutusmeetmete j\u00e4rgimine tagavad optimaalse j\u00f5udluse ja pikaealisuse. Meie ettev\u00f5te paistab silma h\u00fcdrauliliste silindrite tootmise ja hulgim\u00fc\u00fcgiga, pakkudes laia tootevalikut, mis vastab klientide mitmekesistele vajadustele. Keskendudes kvaliteedile ja t\u00e4iustatud tootmisv\u00f5imalustele, pakume suurep\u00e4raseid tooteid ja kohandatud teenuseid.<\/p>\n<h2><img decoding=\"async\" src=\"https:\/\/www.hydraulic-cylinders.net\/wp-content\/uploads\/2025\/01\/songte-company-3.webp\"><\/h2>\n<h2>Meie ettev\u00f5ttest<\/h2>\n<p>Oleme juhtiv h\u00fcdrauliliste silindrite tootja ja hulgim\u00fc\u00fcja nii sise- kui ka rahvusvahelisel turul. Meie ettev\u00f5te j\u00e4rgib industrialiseeritud tootmisjuhtimise strateegiat, tuginedes suurep\u00e4rasele kvaliteedile, t\u00e4ppistootmist\u00f6\u00f6kodadele, tehnoloogilistele annetele, tipptasemel digitaalsetele tootmisseadmetele ja professionaalsetele testimiss\u00fcsteemidele. T\u00e4iustame pidevalt oma tootmisplatvormi, parandame toodete kvaliteeti ja omame tugevaid innovatsiooniv\u00f5imeid. P\u00fchendudes t\u00f5hususele, t\u00e4psusele ja k\u00f5rgele kvaliteedile, rahuldame klientide mitmekesiseid vajadusi. Meie ettev\u00f5te pakub professionaalsust, rahvusvahelist sertifitseerimist, kohandatud teenuseid, t\u00e4iustatud tootmisseadmeid ja ulatuslikku m\u00fc\u00fcgij\u00e4rgset teenindust.<\/p>\n<p>Autor: lyl<\/p>\n<p><\/body><br \/>\n<\/html><\/p>","protected":false},"excerpt":{"rendered":"<p>Bucket Cylinder For Carter CT240-8C Bucket Cylinder For Carter CT240-8C Introduction The Bucket Cylinder for Carter CT240-8C is a specialized hydraulic cylinder designed to control the movement of the bucket in heavy machinery such as excavators, backhoe loaders, and front loaders. Its main function is to enable the lifting, lowering, and tilting of the bucket, [&hellip;]<\/p>","protected":false},"featured_media":14776,"comment_status":"open","ping_status":"closed","template":"","meta":{"_et_pb_use_builder":"","_et_pb_old_content":"","_et_gb_content_width":""},"product_brand":[],"product_cat":[1494],"product_tag":[1495,1496],"class_list":{"0":"post-15800","1":"product","2":"type-product","3":"status-publish","4":"has-post-thumbnail","6":"product_cat-bucket-cylinders","7":"product_tag-bucket-cylinders","8":"product_tag-hydraulic-cylinders","10":"first","11":"instock","12":"shipping-taxable","13":"product-type-simple"},"amp_enabled":true,"_links":{"self":[{"href":"https:\/\/www.hydraulic-cylinders.net\/et\/wp-json\/wp\/v2\/product\/15800","targetHints":{"allow":["GET"]}}],"collection":[{"href":"https:\/\/www.hydraulic-cylinders.net\/et\/wp-json\/wp\/v2\/product"}],"about":[{"href":"https:\/\/www.hydraulic-cylinders.net\/et\/wp-json\/wp\/v2\/types\/product"}],"replies":[{"embeddable":true,"href":"https:\/\/www.hydraulic-cylinders.net\/et\/wp-json\/wp\/v2\/comments?post=15800"}],"wp:featuredmedia":[{"embeddable":true,"href":"https:\/\/www.hydraulic-cylinders.net\/et\/wp-json\/wp\/v2\/media\/14776"}],"wp:attachment":[{"href":"https:\/\/www.hydraulic-cylinders.net\/et\/wp-json\/wp\/v2\/media?parent=15800"}],"wp:term":[{"taxonomy":"product_brand","embeddable":true,"href":"https:\/\/www.hydraulic-cylinders.net\/et\/wp-json\/wp\/v2\/product_brand?post=15800"},{"taxonomy":"product_cat","embeddable":true,"href":"https:\/\/www.hydraulic-cylinders.net\/et\/wp-json\/wp\/v2\/product_cat?post=15800"},{"taxonomy":"product_tag","embeddable":true,"href":"https:\/\/www.hydraulic-cylinders.net\/et\/wp-json\/wp\/v2\/product_tag?post=15800"}],"curies":[{"name":"wp","href":"https:\/\/api.w.org\/{rel}","templated":true}]}}