{"id":15801,"date":"2025-01-19T15:00:19","date_gmt":"2025-01-19T15:00:19","guid":{"rendered":"https:\/\/www.hydraulic-cylinders.net\/product\/bucket-cylinder-for-carter-ct330-8c\/"},"modified":"2025-01-19T15:00:21","modified_gmt":"2025-01-19T15:00:21","slug":"bucket-cylinder-for-carter-ct330-8c","status":"publish","type":"product","link":"https:\/\/www.hydraulic-cylinders.net\/et\/toode\/bucket-cylinder-for-carter-ct330-8c\/","title":{"rendered":"Kopa silinder Carterile CT330-8C"},"content":{"rendered":"<h1>Kopa silinder Carterile CT330-8C<\/h1>\n<h2>Sissejuhatus<\/h2>\n<p>The Bucket Cylinder for Carter CT330-8C is a type of specialized hydraulic cylinder designed specifically to control the movement of the bucket in heavy machinery, such as excavators, backhoes, and front loaders. Its primary function is to enable the bucket to be lifted, lowered, and tilted, thereby facilitating various material handling tasks. In hydraulic systems, the bucket cylinder achieves precise control of the bucket&#8217;s movement through changes in hydraulic oil pressure, enabling operators to handle heavy loads efficiently and adapt to complex working environments and diverse job requirements.<\/p>\n<p><img decoding=\"async\" src=\"https:\/\/www.hydraulic-cylinders.net\/wp-content\/uploads\/2025\/01\/songte-company-2.webp\"><\/p>\n<h2>Omadused<\/h2>\n<ul>\n<li>\n<h3>Suur tugevus ja vastupidavus<\/h3>\n<p>Kopasilindrid on tavaliselt valmistatud \u00fclitugevast terasest v\u00f5i alumiiniumist, mis v\u00f5imaldab neil taluda k\u00f5rget r\u00f5hku ja suuri koormusi ning kohaneda karmide t\u00f6\u00f6keskkondadega. Nende konstruktsioonis on arvestatud kulumiskindluse ja korrosioonikindlusega, et pikendada kasutusiga.<\/p>\n<\/li>\n<li>\n<h3>T\u00f5hus h\u00fcdrauliline t\u00f6\u00f6<\/h3>\n<p>Kopasilindrid kasutavad h\u00fcdraulilist \u00f5lir\u00f5hku sujuva pikendus- ja tagasit\u00f5mbamise saavutamiseks, reageerivad kiiresti juhtimisk\u00e4sklustele, pakuvad v\u00f5imsaid t\u00f5uke- ja t\u00f5mbej\u00f5ude ning sobivad raskete koormate ja keerukate t\u00f6\u00f6\u00fclesannete k\u00e4sitsemiseks.<\/p>\n<\/li>\n<li>\n<h3>Mitu t\u00fc\u00fcpi<\/h3>\n<p>Kopasilindrid v\u00f5ivad olenevalt t\u00f6\u00f6vajadustest olla \u00fchetoimelised (h\u00fcdrauliliselt ainult \u00fches suunas) v\u00f5i kahetoimelised (h\u00fcdrauliliselt m\u00f5lemas suunas). M\u00f5ned mudelid on teleskoopilised, mis v\u00f5imaldab suuremat pikendust ilma v\u00e4lism\u00f5\u00f5tmeid suurendamata ja sobivad ruumipiiranguga rakenduste jaoks.<\/p>\n<\/li>\n<li>\n<h3>\u00dchilduvus<\/h3>\n<p>Meie toode sobib ideaalselt nende h\u00fcdrosilindrite asendamiseks ning pakume laia valikut lisav\u00f5imalusi erinevatele seadmemudelitele.<\/p>\n<\/li>\n<li>\n<h3>Kohandamine<\/h3>\n<p>Pakume kohandamisteenuseid, mis vastavad klientide konkreetsetele n\u00f5uetele, tagades \u00fchilduvuse ja optimeeritud j\u00f5udluse.<\/p>\n<\/li>\n<\/ul>\n<p><img decoding=\"async\" src=\"https:\/\/www.hydraulic-cylinders.net\/wp-content\/uploads\/2025\/01\/songte-cylinder-head-with-all-kinds-excavator-models.webp\"><\/p>\n<h2>Rakendused<\/h2>\n<p>Kopasilindrid on kasutusel erinevates t\u00f6\u00f6stusharudes ja masinates, n\u00e4iteks:<\/p>\n<ul>\n<li>Ehitustehnika: Ekskavaatorites on need h\u00e4davajalikud kaevamiseks, laadimiseks ja pinnase v\u00f5i prahi teisaldamiseks. Ekskavaatorites aitavad kopasilindrid nii kaevamisel kui ka t\u00f5stmisel. <\/li>\n<li>P\u00f5llumajandusmasinad: Kasutatakse esilaadurites mulla, heina ja muude materjalide k\u00fchveldamiseks, t\u00f5stmiseks ja transportimiseks. <\/li>\n<li>Ekskavaatorid: Kopasilindrid v\u00f5imaldavad kopal tungida maasse kaevamistoimingute tegemiseks. <\/li>\n<li>Laadurid: Esilaadurites aitavad need lasti t\u00f5husalt t\u00f5sta ja maha laadida.<\/li>\n<\/ul>\n<p>Iga rakendust selgitatakse allpool:<\/p>\n<h3>Ehitustehnika<\/h3>\n<p>Kopasilindrid m\u00e4ngivad ekskavaatorites olulist rolli, kuna need aitavad kaevata, laadida ja liigutada maad v\u00f5i prahti. Ekskavaatoritel ei aita kopasilindrid mitte ainult kaevamisel, vaid ka kopa t\u00f5stmisel. Neid masinaid kasutatakse laialdaselt ehitusplatsidel, teet\u00f6\u00f6del ja kaevandust\u00f6\u00f6del. Kopasilindrid on nende masinate n\u00f5uetekohaseks toimimiseks h\u00e4davajalikud ning tagavad t\u00f6\u00f6 t\u00f5husa ja tulemusliku tegemise.<\/p>\n<h3>P\u00f5llumajandustehnika<\/h3>\n<p>Kopasilindrid on m\u00f5eldud esilaadurites mulla, heina ja muude materjalide kopeerimiseks, t\u00f5stmiseks ja transportimiseks. Neid masinaid kasutatakse laialdaselt p\u00f5llumajanduses, metsanduses ja haljastuses. Kopasilindrid on nende masinate n\u00f5uetekohaseks toimimiseks h\u00e4davajalikud ning tagavad t\u00f6\u00f6 t\u00f5husa ja tulemusliku tegemise.<\/p>\n<h3>Ekskavaatorid<\/h3>\n<p>Kopasilindrid v\u00f5imaldavad kopal tungida pinnasesse kaevamistoimingute tegemiseks. Neid masinaid kasutatakse laialdaselt ehitusplatsidel, teet\u00f6\u00f6del ja kaevandust\u00f6\u00f6del. Kopasilindrid on nende masinate n\u00f5uetekohaseks toimimiseks h\u00e4davajalikud ning tagavad t\u00f6\u00f6 t\u00f5husa ja tulemusliku tegemise.<\/p>\n<h3>Laadurid<\/h3>\n<p>Frontaallaadurites aitavad kopasilindrid lasti t\u00f5husalt t\u00f5sta ja t\u00fchjendada. Neid masinaid kasutatakse laialdaselt ehitusplatsidel, teet\u00f6\u00f6del ja kaevandust\u00f6\u00f6del. Kopasilindrid on nende masinate n\u00f5uetekohaseks toimimiseks h\u00e4davajalikud ning tagavad t\u00f6\u00f6 t\u00f5husa ja tulemusliku tegemise.<\/p>\n<p><img decoding=\"async\" src=\"https:\/\/www.hydraulic-cylinders.net\/wp-content\/uploads\/2025\/01\/songte-bushings-with-all-kinds-of-excavator-models.webp\"><\/p>\n<h2>Projekteerimiskaalutlused ja valikukriteeriumid<\/h2>\n<p>Silindri valimisel tuleks arvestada mitmete disaini- ja valikukriteeriumidega:<\/p>\n<ul>\n<li>\n<h3>Kandev\u00f5ime<\/h3>\n<p>Kopa silinder peab suutma kanda koormust, millele see allutatakse.<\/p>\n<\/li>\n<li>\n<h3>Tihendus<\/h3>\n<p>Silinder peab olema h\u00e4sti tihendatud, et v\u00e4ltida h\u00fcdraulika\u00f5li lekkimist, mis v\u00f5ib p\u00f5hjustada silindri talitlush\u00e4ireid v\u00f5i kahjustusi.<\/p>\n<\/li>\n<li>\n<h3>Vastupidavus<\/h3>\n<p>Silinder peab olema piisavalt vastupidav, et taluda etten\u00e4htud kasutuse karme tingimusi.<\/p>\n<\/li>\n<li>\n<h3>Ohutus<\/h3>\n<p>Ballooni konstruktsioon peab olema ohutust silmas pidades ja vastama k\u00f5igile asjakohastele ohutusstandarditele.<\/p>\n<\/li>\n<li>\n<h3>Hooldatavus<\/h3>\n<p>Silinder peab olema konstrueeritud nii, et seda oleks lihtne hooldada, et sellel oleksid vahetatavad osad ja lihtsad remondiprotseduurid.<\/p>\n<\/li>\n<\/ul>\n<p><img decoding=\"async\" src=\"https:\/\/www.hydraulic-cylinders.net\/wp-content\/uploads\/2025\/01\/songte-oil-pipes-and-spare-parts.webp\"><\/p>\n<h2>Tihendus ja m\u00e4\u00e4rimine<\/h2>\n<p>Kopasilindrites kasutatakse h\u00fcdraulika\u00f5li lekke v\u00e4ltimiseks mitmesuguseid tihenduskomponente, n\u00e4iteks kolvitihendeid, vardatihendeid ja klaasipuhastajaid. Need tihendid on valmistatud kulumiskindlatest materjalidest, nagu pol\u00fcuretaan ja nitriilkummi. Silindri korpus ja keermeotsa pind on l\u00e4binud hoolika t\u00f6\u00f6tlemise, et parandada nende kulumiskindlust ja v\u00e4hendada vahetuste sagedust. Kopasilindrite efektiivsuse ja j\u00f5udluse s\u00e4ilitamiseks on vajalik regulaarne m\u00e4\u00e4rimine h\u00fcdraulika\u00f5liga.<\/p>\n<h2>Kontroll ja ennetav hooldus<\/h2>\n<p>Kopasilindrite regulaarne kontroll ja ennetav hooldus on olulised, et tagada nende n\u00f5uetekohane toimimine ja maksimeerida nende kasutusiga. Need \u00fclesanded h\u00f5lmavad j\u00e4rgmist:<\/p>\n<ul>\n<li>\n<h3>Regulaarne kontroll<\/h3>\n<p>Silindri ja selle komponentide regulaarne kontroll kulumise, kahjustuste v\u00f5i muude probleemide suhtes, mis v\u00f5ivad selle j\u00f5udlust m\u00f5jutada.<\/p>\n<\/li>\n<li>\n<h3>M\u00e4\u00e4rimine<\/h3>\n<p>Regulaarne m\u00e4\u00e4rimine h\u00fcdraulika\u00f5liga, et tagada silindri sujuv ja t\u00f5hus t\u00f6\u00f6.<\/p>\n<\/li>\n<li>\n<h3>Tihendi vahetamine<\/h3>\n<p>Regular replacement of seals and other wear parts to prevent hydraulic oil leakage and ensure the cylinder&#8217;s proper functioning.<\/p>\n<\/li>\n<li>\n<h3>Kalibreerimiskontroll<\/h3>\n<p>Regulaarne kalibreerimiskontroll, et tagada silindri t\u00f6\u00f6tamine n\u00f5utavate parameetrite piires.<\/p>\n<\/li>\n<\/ul>\n<p>\u00d5ige paigaldamine on kopasilindrite n\u00f5uetekohaseks toimimiseks \u00fclioluline. Soovitatav on \u00f5ige joondamine ja sobivate paigaldusklambrite kasutamine. Probleemide ilmnemisel aitab t\u00e4pne diagnoosimine ja kiire parandamine v\u00e4ltida edasisi kahjustusi ja pikendada silindri eluiga.<\/p>\n<p><img decoding=\"async\" src=\"https:\/\/www.hydraulic-cylinders.net\/wp-content\/uploads\/2025\/01\/songte-chushion-collar.webp\"><\/p>\n<h2>Ohutuskaalutlused ja keskkonnategurid<\/h2>\n<p>Kopasilindri ohutus ja keskkonnakaalutlused on masina n\u00f5uetekohaseks toimimiseks \u00fcliolulised. Ohutusmeetmed, nagu n\u00f5uetekohane paigaldamine ja regulaarne kontroll, aitavad \u00f5nnetusi \u00e4ra hoida. H\u00fcdraulika\u00f5li ja muude j\u00e4\u00e4tmete n\u00f5uetekohane k\u00f5rvaldamine aitab v\u00e4ltida keskkonna saastumist.<\/p>\n<h2>Veaotsing ja levinud probleemid<\/h2>\n<p>Kopasilindrite levinud probleemide hulka kuuluvad \u00f5lileke, kolvivarda painutamine, tihendi kahjustused ja ebapiisav r\u00f5hk. Kiire diagnoosimine ja probleemide lahendamine on edasiste kahjustuste v\u00e4ltimiseks ja silindri n\u00f5uetekohase toimimise tagamiseks v\u00f5tmet\u00e4htsusega. Regulaarne kontroll ja ennetav hooldus aitavad neid probleeme v\u00e4ltida.<\/p>\n<p><img decoding=\"async\" src=\"https:\/\/hzpt.com\/wp-content\/uploads\/2024\/11\/songte-company-1.webp\"><\/p>\n<h2>Meist<\/h2>\n<p>Oleme h\u00fcdrosilindrite tootja, mis on spetsialiseerunud h\u00fcdrosilindrite asendamisele. Pakume laia tootevalikut ja oleme saanud \u00fcheks juhtivaks h\u00fcdrosilindrite tootjaks ja hulgim\u00fc\u00fcjaks nii sise- kui ka rahvusvahelisel turul. Oleme p\u00fchendunud suurep\u00e4rase kvaliteedi pakkumisele, tuginedes t\u00f6\u00f6stusliku tootmise juhtimise strateegiatele peenelt l\u00e4bim\u00f5eldud tootmist\u00f6\u00f6kodades. T\u00e4iustame pidevalt oma tootmisplatvorme tehnoloogiliste talentide, digitaalsete tipptasemel tootmisseadmete ja professionaalsete testimiss\u00fcsteemide abil ning meil on tugev loovus, et rahuldada klientide mitmekesiseid vajadusi suure t\u00f5hususega, suure t\u00e4psuse ja k\u00f5rgete kvaliteedip\u00f5him\u00f5tetega.<\/p>\n<h3>Ekspertiis<\/h3>\n<p>Meil on ulatuslikud teadmised h\u00fcdrauliliste silindrite tootmise valdkonnas, keskendudes kvaliteedile ja j\u00f5udluse optimeerimisele.<\/p>\n<h3>Rahvusvaheline sertifitseerimine<\/h3>\n<p>Oleme saanud rahvusvahelised kvaliteedisertifikaadid nagu ISO9001, CE ja SGS, mis n\u00e4itavad meie p\u00fchendumust kvaliteedile ja tipptasemele.<\/p>\n<h3>Kohandamise teenused<\/h3>\n<p>Pakume kohandamisteenuseid, mis vastavad klientide konkreetsetele n\u00f5uetele, tagades \u00fchilduvuse ja optimeeritud j\u00f5udluse.<\/p>\n<h3>Tootmisseadmed<\/h3>\n<p>Toote kvaliteedi ja efektiivsuse tagamiseks kasutame t\u00e4iustatud tootmisseadmeid, nagu CNC-masinad ja automatiseeritud testimiss\u00fcsteemid.<\/p>\n<h3>M\u00fc\u00fcgij\u00e4rgne teenindus<\/h3>\n<p>Oleme p\u00fchendunud pakkuma suurep\u00e4rast m\u00fc\u00fcgij\u00e4rgset teenindust ja tuge, sealhulgas hooldus-, remondi- ja asendusteenuseid.<\/p>\n<p><img decoding=\"async\" src=\"https:\/\/www.hydraulic-cylinders.net\/wp-content\/uploads\/2025\/01\/songte-company-3.webp\"><\/p>\n<p>Autor: lyl<\/p>","protected":false},"excerpt":{"rendered":"<p>Bucket Cylinder For Carter CT330-8C Introduction The Bucket Cylinder for Carter CT330-8C is a type of specialized hydraulic cylinder designed specifically to control the movement of the bucket in heavy machinery, such as excavators, backhoes, and front loaders. Its primary function is to enable the bucket to be lifted, lowered, and tilted, thereby facilitating various [&hellip;]<\/p>","protected":false},"featured_media":14773,"comment_status":"open","ping_status":"closed","template":"","meta":{"_et_pb_use_builder":"","_et_pb_old_content":"","_et_gb_content_width":""},"product_brand":[],"product_cat":[1494],"product_tag":[1495,1496],"class_list":{"0":"post-15801","1":"product","2":"type-product","3":"status-publish","4":"has-post-thumbnail","6":"product_cat-bucket-cylinders","7":"product_tag-bucket-cylinders","8":"product_tag-hydraulic-cylinders","10":"first","11":"instock","12":"shipping-taxable","13":"product-type-simple"},"amp_enabled":true,"_links":{"self":[{"href":"https:\/\/www.hydraulic-cylinders.net\/et\/wp-json\/wp\/v2\/product\/15801","targetHints":{"allow":["GET"]}}],"collection":[{"href":"https:\/\/www.hydraulic-cylinders.net\/et\/wp-json\/wp\/v2\/product"}],"about":[{"href":"https:\/\/www.hydraulic-cylinders.net\/et\/wp-json\/wp\/v2\/types\/product"}],"replies":[{"embeddable":true,"href":"https:\/\/www.hydraulic-cylinders.net\/et\/wp-json\/wp\/v2\/comments?post=15801"}],"wp:featuredmedia":[{"embeddable":true,"href":"https:\/\/www.hydraulic-cylinders.net\/et\/wp-json\/wp\/v2\/media\/14773"}],"wp:attachment":[{"href":"https:\/\/www.hydraulic-cylinders.net\/et\/wp-json\/wp\/v2\/media?parent=15801"}],"wp:term":[{"taxonomy":"product_brand","embeddable":true,"href":"https:\/\/www.hydraulic-cylinders.net\/et\/wp-json\/wp\/v2\/product_brand?post=15801"},{"taxonomy":"product_cat","embeddable":true,"href":"https:\/\/www.hydraulic-cylinders.net\/et\/wp-json\/wp\/v2\/product_cat?post=15801"},{"taxonomy":"product_tag","embeddable":true,"href":"https:\/\/www.hydraulic-cylinders.net\/et\/wp-json\/wp\/v2\/product_tag?post=15801"}],"curies":[{"name":"wp","href":"https:\/\/api.w.org\/{rel}","templated":true}]}}