{"id":15814,"date":"2025-01-19T15:01:22","date_gmt":"2025-01-19T15:01:22","guid":{"rendered":"https:\/\/www.hydraulic-cylinders.net\/product\/bucket-cylinder-for-pengpu-sw240e\/"},"modified":"2025-01-19T15:01:24","modified_gmt":"2025-01-19T15:01:24","slug":"bucket-cylinder-for-pengpu-sw240e","status":"publish","type":"product","link":"https:\/\/www.hydraulic-cylinders.net\/et\/toode\/bucket-cylinder-for-pengpu-sw240e\/","title":{"rendered":"Kopa silinder Pengpu SW240E jaoks"},"content":{"rendered":"<h1>Kopa silinder Pengpu SW240E jaoks<\/h1>\n<h2>Sissejuhatus<\/h2>\n<p>Kopa silinder on spetsiaalselt konstrueeritud h\u00fcdrauliline silinder, mida kasutatakse kopa liikumise juhtimiseks rasketes masinates, n\u00e4iteks ekskavaatorites, laadur-ekskavaatorites ja esilaadurites. Selle peamine \u00fclesanne on v\u00f5imaldada kopa t\u00f5stmist, langetamist ja kallutamist, muutes mitmesuguste materjalik\u00e4itlust\u00f6\u00f6de tegemise lihtsamaks. H\u00fcdraulilises s\u00fcsteemis saavutab kopa silinder kopa t\u00e4pse juhtimise h\u00fcdraulika\u00f5li r\u00f5hu muutmise abil, v\u00f5imaldades operaatoritel t\u00f5husalt k\u00e4sitseda raskeid koormaid ning kohaneda keerukate t\u00f6\u00f6keskkondade ja mitmekesiste t\u00f6\u00f6n\u00f5uetega.<\/p>\n<p><img decoding=\"async\" src=\"https:\/\/www.hydraulic-cylinders.net\/wp-content\/uploads\/2025\/01\/songte-company-2.webp\" alt=\"\u00c4mbri silindri pilt\"><\/p>\n<h2>Omadused<\/h2>\n<ul>\n<li>Suur tugevus ja vastupidavus: Tavaliselt valmistatud \u00fclitugevast terasest v\u00f5i alumiiniumist, talub k\u00f5rget r\u00f5hku ja suuri koormusi, kohandub karmide t\u00f6\u00f6keskkondadega. Projekteeritud kulumiskindlust ja korrosioonikindlust silmas pidades, pikendades selle kasutusiga.<\/li>\n<li>T\u00f5hus h\u00fcdrauliline t\u00f6\u00f6: Kasutab h\u00fcdraulika\u00f5li r\u00f5hku sujuva pikenduse ja tagasit\u00f5mbamise saavutamiseks, v\u00f5imaldades kiiret reageerimist juhtimisk\u00e4sklustele ning pakkudes v\u00f5imsaid t\u00f5uke- ja t\u00f5mbej\u00f5ude, mis sobivad raskete koormate ja keerukate \u00fclesannete k\u00e4sitsemiseks.<\/li>\n<li>Erinevad t\u00fc\u00fcbid: Saab valida \u00fchetoimeliste (h\u00fcdrauliline r\u00f5hk ainult \u00fches suunas) v\u00f5i kahetoimeliste (h\u00fcdrauliline r\u00f5hk m\u00f5lemas suunas) silindritena vastavalt n\u00f5uetele, mis vastavad erinevatele t\u00f6\u00f6vajadustele. M\u00f5ned mudelid on teleskoopilised, v\u00f5imaldades suuremat pikendamist ilma v\u00e4lism\u00f5\u00f5tmeid suurendamata, sobides piiratud ruumiga rakenduste jaoks.<\/li>\n<li>T\u00e4iuslik asendus: Meie tooted suudavad neid h\u00fcdrosilindreid ideaalselt asendada, pakkudes usaldusv\u00e4\u00e4rset j\u00f5udlust ja t\u00e4pset \u00fchilduvust.<\/li>\n<\/ul>\n<p><img decoding=\"async\" src=\"https:\/\/www.hydraulic-cylinders.net\/wp-content\/uploads\/2025\/01\/songte-cylinder-head-with-all-kinds-excavator-models.webp\" alt=\"Kopa silindri vahetamine\"><\/p>\n<h2>Rakendused<\/h2>\n<p>Kopasilindrit kasutatakse erinevates seadmetes:<\/p>\n<ul>\n<li>Ehitusmasinad: Ekskavaatorites on oluline kaevamiseks, laadimiseks ja pinnase v\u00f5i prahi teisaldamiseks. Ekskavaatorlaadurites aitab kopa silinder nii kaevamisel kui ka t\u00f5stmisel.<\/li>\n<li>P\u00f5llumajandusmasinad: Kasutatakse esilaadurites mulla, heina ja muude materjalide k\u00fchveldamiseks, t\u00f5stmiseks ja transportimiseks.<\/li>\n<li>Ekskavaatorid: Kopa silinder v\u00f5imaldab kaevamist, lastes kopal pinnasesse tungida.<\/li>\n<li>Eeslaadurid: Eeslaadurites aitavad need kaupu t\u00f5husalt t\u00f5sta ja kallutada.<\/li>\n<\/ul>\n<h2>Projekteerimiskaalutlused ja valikukriteeriumid<\/h2>\n<p>Silindrikorgi projekteerimisel tuleb arvestada mitmete teguritega:<\/p>\n<ul>\n<li>Kandev\u00f5ime: tagatakse, et silinder talub eeldatavaid koormusi ja r\u00f5hku.<\/li>\n<li>Tihendus: Kasutatakse mitmesuguseid tihenduskomponente, n\u00e4iteks kolvitihendeid ja varrastihendeid, mis on valmistatud kulumiskindlatest materjalidest, n\u00e4iteks pol\u00fcuretaanist ja nitriilkummist. Silindri korpus ja keermestatud otsapinnad l\u00e4bivad peene t\u00f6\u00f6tluse kulumiskindluse suurendamiseks.<\/li>\n<li>Vastupidavus: Projekteeritud pikaajalise j\u00f5udluse ning kulumis- ja korrosioonikindluse tagamiseks.<\/li>\n<li>Ohutus: Ohutusfunktsioonide olemasolu \u00f5nnetuste v\u00e4ltimiseks ja operaatori kaitse tagamiseks.<\/li>\n<li>Hooldatavus: projekteerimine hoolduse ja remondi lihtsust silmas pidades.<\/li>\n<\/ul>\n<p><img decoding=\"async\" src=\"https:\/\/www.hydraulic-cylinders.net\/wp-content\/uploads\/2025\/01\/songte-oil-pipes-and-spare-parts.webp\" alt=\"H\u00fcdraulilise silindri disain\"><\/p>\n<h2>Tihendus ja m\u00e4\u00e4rimine<\/h2>\n<p>Kopasilindris kasutatakse mitmesuguseid tihendeid, n\u00e4iteks kolvitihendeid ja vardatihendeid, mis on valmistatud kulumiskindlatest materjalidest, nagu pol\u00fcuretaan ja nitriilkummi. Silindri korpus ja keermestatud otsapinnad on kulumiskindluse parandamiseks peenelt t\u00f6\u00f6deldud. Sujuva t\u00f6\u00f6 tagamiseks ja silindri eluea pikendamiseks on vaja regulaarset m\u00e4\u00e4rimist sobiva koguse h\u00fcdraulika\u00f5liga.<\/p>\n<h2>Regulaarne kontroll ja ennetav hooldus<\/h2>\n<p>Kopasilindri optimaalse j\u00f5udluse ja pikaealisuse tagamiseks on regulaarsed kontrollid ja ennetav hooldus h\u00e4davajalikud. Peamised hooldust\u00f6\u00f6d h\u00f5lmavad j\u00e4rgmist:<\/p>\n<ul>\n<li>Regulaarsed kontrollid lekete, kahjustuste v\u00f5i ebanormaalse kulumise suhtes.<\/li>\n<li>K\u00f5igi liikuvate osade n\u00f5uetekohane m\u00e4\u00e4rimine.<\/li>\n<li>Vajadusel tihendi vahetamine.<\/li>\n<li>Kalibreerimiskontrollid ja -reguleerimised t\u00e4pse t\u00f6\u00f6 tagamiseks.<\/li>\n<\/ul>\n<p><img decoding=\"async\" src=\"https:\/\/www.hydraulic-cylinders.net\/wp-content\/uploads\/2025\/01\/songte-chushion-collar.webp\" alt=\"Kopa silindri hooldus\"><\/p>\n<h2>Ohutuskaalutlused ja keskkonnategurid<\/h2>\n<p>Kopasilindrite kasutamisel on ohutusmeetmed \u00e4\u00e4rmiselt olulised. Operaatorid peaksid olema koolitatud \u00f5nnetuste v\u00e4ltimiseks n\u00f5uetekohase k\u00e4sitsemise ja ohutusabin\u00f5ude osas. Lisaks on keskkonnam\u00f5ju minimeerimiseks \u00fclioluline arvestada keskkonnateguritega, nagu lekete v\u00e4ltimine ja h\u00fcdraulikavedelike n\u00f5uetekohane k\u00f5rvaldamine.<\/p>\n<h2>Rikete diagnoosimine ja t\u00f5rkeotsing<\/h2>\n<p>Rikete korral on oluline need optimaalse j\u00f5udluse tagamiseks kiiresti diagnoosida ja k\u00f5rvaldada. Kopasilindrite levinud probleemide hulka v\u00f5ivad kuuluda lekked, aeglane t\u00f6\u00f6 v\u00f5i vale joondus. Lugejatel tuleks pakkuda t\u00f5rkeotsingu n\u00e4pun\u00e4iteid ja lahendusi, mis aitavad probleeme t\u00f5husalt diagnoosida ja lahendada. Samuti tuleks soovitada ennetavaid meetmeid v\u00f5imalike probleemide minimeerimiseks.<\/p>\n<p><img decoding=\"async\" src=\"https:\/\/www.hydraulic-cylinders.net\/wp-content\/uploads\/2025\/01\/songte-bushings-with-all-kinds-of-excavator-models.webp\" alt=\"\u00c4mbri silindri t\u00f5rkeotsing\"><\/p>\n<h2>Meie ettev\u00f5ttest<\/h2>\n<p>Oleme juhtiv asendush\u00fcdrauliliste silindrite tootja ja hulgim\u00fc\u00fcja nii sise- kui ka rahvusvahelisel turul. Laia tootevalikuga j\u00e4rgime tipptaseme p\u00f5him\u00f5tteid, kasutades t\u00e4iustatud tootmisrajatisi ja palgates oskuslikke tehnikuid, et tagada k\u00f5rge efektiivsus, t\u00e4psus ja kvaliteet. Pakume professionaalset asjatundlikkust, rahvusvahelisi sertifikaate, kohandatud teenuseid, tipptasemel tootmisseadmeid ja usaldusv\u00e4\u00e4rset m\u00fc\u00fcgij\u00e4rgset tuge.<\/p>\n<p><img decoding=\"async\" src=\"https:\/\/www.hydraulic-cylinders.net\/wp-content\/uploads\/2025\/01\/songte-company-3.webp\" alt=\"Ettev\u00f5tte kuvand\"><\/p>\n<p>Autor: lyl<\/p>","protected":false},"excerpt":{"rendered":"<p>Bucket Cylinder For Pengpu SW240E Introduction The bucket cylinder is a specially designed hydraulic cylinder used to control the movement of the bucket in heavy machinery such as excavators, backhoe loaders, and front loaders. Its main function is to enable the bucket to lift, lower, and tilt, making it easier to handle various material handling [&hellip;]<\/p>","protected":false},"featured_media":14778,"comment_status":"open","ping_status":"closed","template":"","meta":{"_et_pb_use_builder":"","_et_pb_old_content":"","_et_gb_content_width":""},"product_brand":[],"product_cat":[1494],"product_tag":[1495,1496],"class_list":{"0":"post-15814","1":"product","2":"type-product","3":"status-publish","4":"has-post-thumbnail","6":"product_cat-bucket-cylinders","7":"product_tag-bucket-cylinders","8":"product_tag-hydraulic-cylinders","10":"first","11":"instock","12":"shipping-taxable","13":"product-type-simple"},"amp_enabled":true,"_links":{"self":[{"href":"https:\/\/www.hydraulic-cylinders.net\/et\/wp-json\/wp\/v2\/product\/15814","targetHints":{"allow":["GET"]}}],"collection":[{"href":"https:\/\/www.hydraulic-cylinders.net\/et\/wp-json\/wp\/v2\/product"}],"about":[{"href":"https:\/\/www.hydraulic-cylinders.net\/et\/wp-json\/wp\/v2\/types\/product"}],"replies":[{"embeddable":true,"href":"https:\/\/www.hydraulic-cylinders.net\/et\/wp-json\/wp\/v2\/comments?post=15814"}],"wp:featuredmedia":[{"embeddable":true,"href":"https:\/\/www.hydraulic-cylinders.net\/et\/wp-json\/wp\/v2\/media\/14778"}],"wp:attachment":[{"href":"https:\/\/www.hydraulic-cylinders.net\/et\/wp-json\/wp\/v2\/media?parent=15814"}],"wp:term":[{"taxonomy":"product_brand","embeddable":true,"href":"https:\/\/www.hydraulic-cylinders.net\/et\/wp-json\/wp\/v2\/product_brand?post=15814"},{"taxonomy":"product_cat","embeddable":true,"href":"https:\/\/www.hydraulic-cylinders.net\/et\/wp-json\/wp\/v2\/product_cat?post=15814"},{"taxonomy":"product_tag","embeddable":true,"href":"https:\/\/www.hydraulic-cylinders.net\/et\/wp-json\/wp\/v2\/product_tag?post=15814"}],"curies":[{"name":"wp","href":"https:\/\/api.w.org\/{rel}","templated":true}]}}