{"id":15817,"date":"2025-01-19T15:01:36","date_gmt":"2025-01-19T15:01:36","guid":{"rendered":"https:\/\/www.hydraulic-cylinders.net\/product\/bucket-cylinder-for-pushhm-pz35-7\/"},"modified":"2025-01-19T15:01:38","modified_gmt":"2025-01-19T15:01:38","slug":"bucket-cylinder-for-pushhm-pz35-7","status":"publish","type":"product","link":"https:\/\/www.hydraulic-cylinders.net\/et\/toode\/bucket-cylinder-for-pushhm-pz35-7\/","title":{"rendered":"Kopa silinder Pushhm PZ35-7 jaoks"},"content":{"rendered":"<p><!--h2-->Kopa silinder Pushhm PZ35-7 jaoks<!--\/h2--><\/p>\n<p><!--p-->Selles artiklis uurime Pushhm PZ35-7 kopasilindri definitsiooni ja selgitust.<!--\/p--><\/p>\n<p><!--h3-->Definitsioon<!--\/h3--><br \/>\n<!--ul--><br \/>\n<!--li-->Kopa silinder on spetsiaalselt konstrueeritud h\u00fcdrauliline silinder, mida kasutatakse kopa liikumise juhtimiseks rasketes masinates, n\u00e4iteks ekskavaatorites, ekskavaatorlaadurites ja rataslaadurites.<!--\/li--><br \/>\n<!--li-->Selle peamine \u00fclesanne on v\u00f5imaldada kopa t\u00f5stmist, langetamist ja kallutamist, muutes mitmesuguste materjalik\u00e4itlust\u00f6\u00f6de tegemise lihtsamaks.<!--\/li--><br \/>\n<!--li-->H\u00fcdraulikas\u00fcsteemis saavutab kopa silinder kopa t\u00e4pse juhtimise, kasutades \u00e4ra h\u00fcdraulika\u00f5li r\u00f5humuutust, v\u00f5imaldades operaatoritel t\u00f5husalt k\u00e4sitseda raskeid koormaid ning kohaneda keerukate t\u00f6\u00f6keskkondade ja mitmekesiste t\u00f6\u00f6n\u00f5uetega.<!--\/li--><br \/>\n<!--\/ul--><\/p>\n<p><!--img-->https:\/\/www.hydraulic-cylinders.net\/wp-content\/uploads\/2025\/01\/songte-company-2.webp<\/p>\n<p><!--h3-->Omadused<!--\/h3--><br \/>\n<!--ul--><br \/>\n<!--li-->Suur tugevus ja vastupidavus: Tavaliselt on see valmistatud \u00fclitugevast terasest v\u00f5i alumiiniumist, talub see k\u00f5rget r\u00f5hku ja suuri koormusi, kohandudes karmide t\u00f6\u00f6keskkondadega. Projekteerimisel on arvestatud kulumiskindluse ja korrosioonikindlusega, et pikendada selle kasutusiga.<!--\/li--><br \/>\n<!--li-->T\u00f5hus h\u00fcdrauliline t\u00f6\u00f6: H\u00fcdraulika\u00f5li r\u00f5hu abil saavutab see sujuva pikendus- ja tagasit\u00f5mbamisliigutuse, pakkudes v\u00f5imsaid t\u00f5uke- ja t\u00f5mbej\u00f5ude, muutes selle sobivaks raskete koormate ja keerukate t\u00f6\u00f6de k\u00e4sitsemiseks.<!--\/li--><br \/>\n<!--li-->Erinevad t\u00fc\u00fcbid: Vajadusel saab valida \u00fchetoimelise (h\u00fcdrauliline ainult \u00fches suunas) v\u00f5i kahetoimelise (h\u00fcdrauliline m\u00f5lemas suunas) silindri, et see vastaks erinevatele t\u00f6\u00f6tingimustele. M\u00f5ned mudelid on teleskoopilised, v\u00f5imaldades suuremat pikendamist ilma v\u00e4lism\u00f5\u00f5tmeid suurendamata, mis sobib piiratud ruumiga rakenduste jaoks.<!--\/li--><br \/>\n<!--li-->T\u00e4iuslik asendus: Meie tooted suudavad neid h\u00fcdrosilindreid ideaalselt asendada.<!--\/li--><br \/>\n<!--\/ul--><\/p>\n<p><!--img-->https:\/\/www.hydraulic-cylinders.net\/wp-content\/uploads\/2025\/01\/songte-cylinder-head-with-all-kinds-excavator-models.webp<\/p>\n<p><!--h3-->Rakendused<!--\/h3--><br \/>\n<!--ul--><br \/>\n<!--li-->Ehitusseadmed: Neid leidub ekskavaatorites ning need on olulised kaevamisel, laadimisel ja pinnase v\u00f5i prahi teisaldamisel. Ekskavaator-laadurites abistab kopa silinder nii kaevamisel kui ka t\u00f5stmisel.<!--\/li--><br \/>\n<!--li-->P\u00f5llumajandusmasinad: Kasutatakse esilaadurites mulla, heina ja muude materjalide k\u00fchveldamiseks, t\u00f5stmiseks ja transportimiseks.<!--\/li--><br \/>\n<!--li-->Ekskavaatorid: Kopa silinder v\u00f5imaldab kaevamist, lastes kopal pinnasesse tungida.<!--\/li--><br \/>\n<!--li-->Rataslaadurid: Rataslaadurites aitavad need kaupu t\u00f5husalt t\u00f5sta ja maha laadida.<!--\/li--><br \/>\n<!--\/ul--><\/p>\n<p><!--h3-->Projekteerimiskaalutlused ja valikukriteeriumid<!--\/h3--><br \/>\n<!--ul--><br \/>\n<!--li-->Kandev\u00f5ime: Arutage kandev\u00f5imet ja selle olulisust projekteerimisel.<!--\/li--><br \/>\n<!--li-->Tihendus, vastupidavus ja ohutus: uurige erinevate tihendite, n\u00e4iteks kolvi- ja varrastihendite kasutamist, mis on valmistatud kulumiskindlatest materjalidest, n\u00e4iteks pol\u00fcuretaanist ja nitriilkummist. Arutage peenelt t\u00f6\u00f6deldud silindri korpuse ja keermestatud otspindade olulisust kulumiskindluse suurendamisel.<!--\/li--><br \/>\n<!--\/ul--><\/p>\n<p><!--img-->https:\/\/www.hydraulic-cylinders.net\/wp-content\/uploads\/2025\/01\/songte-oil-pipes-and-spare-parts.webp<\/p>\n<p><!--h3-->Tihendus ja m\u00e4\u00e4rimine<!--\/h3--><br \/>\n<!--p-->Kasutatakse mitmesuguseid tihendeid, n\u00e4iteks kolvitihendeid ja varrastihendeid, mis on valmistatud kulumiskindlatest materjalidest nagu pol\u00fcuretaan ja nitriilkummi. Silindri korpus ja keermestatud otsapinnad on kulumiskindluse parandamiseks peenelt t\u00f6\u00f6deldud. Korrektse toimimise tagamiseks on vajalik regulaarne m\u00e4\u00e4rimine sobiva koguse h\u00fcdraulika\u00f5liga.<!--\/p--><\/p>\n<p><!--h3-->Regulaarne kontroll ja ennetav hooldus<!--\/h3--><br \/>\n<!--ul--><br \/>\n<!--li-->Kontrollige silindrit regulaarselt kulumise, lekke v\u00f5i kahjustuste suhtes.<!--\/li--><br \/>\n<!--li-->Vajadusel n\u00f5uetekohane m\u00e4\u00e4rimine ja tihendite vahetamine.<!--\/li--><br \/>\n<!--\/ul--><\/p>\n<p><!--h3-->Toote paigaldusjuhend<!--\/h3--><br \/>\n<!--p-->Kopasilindri optimaalse j\u00f5udluse tagamiseks on \u00fclioluline \u00f5ige paigaldus. \u00d5ige paigaldamise tagamiseks j\u00e4rgige neid juhiseid:<!--\/p--><br \/>\n<!--ul--><br \/>\n<!--li-->Paigaldamise ajal joondage silinder \u00f5igesti.<!--\/li--><br \/>\n<!--li-->Kasutage silindri kinnitamiseks sobivaid kinnitusklambreid.<!--\/li--><br \/>\n<!--li-->Soovitatavad kontrolli-, remondi- ja asendusprotseduurid.<!--\/li--><br \/>\n<!--li-->Andke n\u00e4pun\u00e4iteid \u00e4mbrisilindri eluea pikendamiseks.<!--\/li--><br \/>\n<!--\/ul--><\/p>\n<p><!--img-->https:\/\/www.hydraulic-cylinders.net\/wp-content\/uploads\/2025\/01\/songte-chushion-collar.webp<\/p>\n<p><!--h3-->Ohutuskaalutlused ja keskkonnategurid<!--\/h3--><br \/>\n<!--p-->R\u00f5hutage ohutusmeetmete olulisust \u00e4mbrisilindri k\u00e4sitsemisel, arvestades m\u00e4rks\u00f5nade kasutamist.<!--\/p--><\/p>\n<p><!--h3-->Vea diagnoosimine ja levinud probleemid<!--\/h3--><br \/>\n<!--p-->Arutage kopasilindriga seotud levinud rikkeid ja v\u00f5imalikke probleeme ning seej\u00e4rel t\u00f5rkeotsingu n\u00e4pun\u00e4iteid ja lahendusi. Pakkuge ennetavaid meetmeid v\u00f5imalike probleemide minimeerimiseks.<!--\/p--><\/p>\n<p><!--img-->https:\/\/www.hydraulic-cylinders.net\/wp-content\/uploads\/2025\/01\/songte-bushings-with-all-kinds-of-excavator-models.webp<\/p>\n<p><!--p-->Pea meeles, et artikkel tuleks loogiliselt \u00fcles ehitada, navigeerimise h\u00f5lbustamiseks kasutada alapealkirju ning arusaadavuse parandamiseks lisada asjakohaseid pilte v\u00f5i diagramme. Veendu, et sisu on selge, kokkuv\u00f5tlik ja sobib erineva tehniliste teadmiste tasemega lugejatele.<!--\/p--><\/p>\n<p><!--h2-->Meie ettev\u00f5ttest<!--\/h2--><br \/>\n<!--p-->Oleme asendush\u00fcdrauliliste silindrite tootja, pakkudes laia tootevalikut. Oleme saanud \u00fcheks juhtivaks h\u00fcdrosilindrite tootjaks ja hulgim\u00fc\u00fcjaks nii sise- kui ka rahvusvahelisel turul. Keskendudes suurep\u00e4rasele kvaliteedile ja keerukatel tootmist\u00f6\u00f6kodadel p\u00f5hinevatele industrialiseeritud tootmisjuhtimise strateegiatele, t\u00e4iustab meie ettev\u00f5te pidevalt tootmisplatvormi, t\u00e4iustab tootmiskvaliteedi teed ja omab tugevaid loomingulisi v\u00f5imeid. J\u00e4rgides k\u00f5rge efektiivsuse, suure t\u00e4psuse ja k\u00f5rge kvaliteedi p\u00f5him\u00f5tteid, rahuldame oma klientide mitmekesiseid vajadusi.<!--\/p--><\/p>\n<p><!--img-->https:\/\/www.hydraulic-cylinders.net\/wp-content\/uploads\/2025\/01\/songte-company-3.webp<\/p>\n<p><!--p-->Laiendage ettev\u00f5tte tutvustust professionaalsuse, rahvusvaheliste sertifikaatide, eritellimusteenuste, tootmisseadmete ja m\u00fc\u00fcgij\u00e4rgse teeninduse osas.<!--\/p--><\/p>\n<p><!--img-->https:\/\/hzpt.com\/wp-content\/uploads\/2024\/11\/songte-company-1.webp<\/p>\n<p><!--p-->Autor: LYL<!--\/p--><\/p>","protected":false},"excerpt":{"rendered":"<p>Bucket Cylinder For Pushhm PZ35-7 In this article, we will explore the definition and explanation of the Bucket Cylinder For Pushhm PZ35-7. Definition The bucket cylinder is a specially designed hydraulic cylinder used to control the movement of the bucket in heavy machinery such as excavators, backhoe loaders, and wheel loaders. Its main function is [&hellip;]<\/p>","protected":false},"featured_media":14771,"comment_status":"open","ping_status":"closed","template":"","meta":{"_et_pb_use_builder":"","_et_pb_old_content":"","_et_gb_content_width":""},"product_brand":[],"product_cat":[1494],"product_tag":[1495,1496],"class_list":{"0":"post-15817","1":"product","2":"type-product","3":"status-publish","4":"has-post-thumbnail","6":"product_cat-bucket-cylinders","7":"product_tag-bucket-cylinders","8":"product_tag-hydraulic-cylinders","10":"first","11":"instock","12":"shipping-taxable","13":"product-type-simple"},"amp_enabled":true,"_links":{"self":[{"href":"https:\/\/www.hydraulic-cylinders.net\/et\/wp-json\/wp\/v2\/product\/15817","targetHints":{"allow":["GET"]}}],"collection":[{"href":"https:\/\/www.hydraulic-cylinders.net\/et\/wp-json\/wp\/v2\/product"}],"about":[{"href":"https:\/\/www.hydraulic-cylinders.net\/et\/wp-json\/wp\/v2\/types\/product"}],"replies":[{"embeddable":true,"href":"https:\/\/www.hydraulic-cylinders.net\/et\/wp-json\/wp\/v2\/comments?post=15817"}],"wp:featuredmedia":[{"embeddable":true,"href":"https:\/\/www.hydraulic-cylinders.net\/et\/wp-json\/wp\/v2\/media\/14771"}],"wp:attachment":[{"href":"https:\/\/www.hydraulic-cylinders.net\/et\/wp-json\/wp\/v2\/media?parent=15817"}],"wp:term":[{"taxonomy":"product_brand","embeddable":true,"href":"https:\/\/www.hydraulic-cylinders.net\/et\/wp-json\/wp\/v2\/product_brand?post=15817"},{"taxonomy":"product_cat","embeddable":true,"href":"https:\/\/www.hydraulic-cylinders.net\/et\/wp-json\/wp\/v2\/product_cat?post=15817"},{"taxonomy":"product_tag","embeddable":true,"href":"https:\/\/www.hydraulic-cylinders.net\/et\/wp-json\/wp\/v2\/product_tag?post=15817"}],"curies":[{"name":"wp","href":"https:\/\/api.w.org\/{rel}","templated":true}]}}