{"id":15826,"date":"2025-01-19T15:02:19","date_gmt":"2025-01-19T15:02:19","guid":{"rendered":"https:\/\/www.hydraulic-cylinders.net\/product\/bucket-cylinder-for-nante-nt20\/"},"modified":"2025-01-19T15:02:21","modified_gmt":"2025-01-19T15:02:21","slug":"bucket-cylinder-for-nante-nt20","status":"publish","type":"product","link":"https:\/\/www.hydraulic-cylinders.net\/et\/toode\/bucket-cylinder-for-nante-nt20\/","title":{"rendered":"Nante NT20 kopa silinder"},"content":{"rendered":"<h1>Nante NT20 kopa silinder<\/h1>\n<h2>Sissejuhatus<\/h2>\n<p>Nante NT20 kopa silinder on spetsiaalselt loodud h\u00fcdrauliline silinder, mida kasutatakse peamiselt kopa liikumise juhtimiseks rasketes masinates, n\u00e4iteks ekskavaatorites, laadur-ekskavaatorites ja esilaadurites. Selle peamine \u00fclesanne on v\u00f5imaldada kopa t\u00f5stmist, langetamist ja kallutamist, muutes mitmesuguste materjalik\u00e4itlust\u00f6\u00f6de tegemise lihtsamaks. H\u00fcdraulilises s\u00fcsteemis juhib kopa silinder kopa t\u00e4pset liikumist h\u00fcdraulika\u00f5li r\u00f5hu muutuste kaudu, v\u00f5imaldades operaatoritel t\u00f5husalt k\u00e4sitseda raskeid esemeid ning kohaneda keerukate t\u00f6\u00f6keskkondade ja mitmekesiste t\u00f6\u00f6n\u00f5uetega.<\/p>\n<p><img decoding=\"async\" src=\"https:\/\/www.hydraulic-cylinders.net\/wp-content\/uploads\/2025\/01\/songte-company-2.webp\" alt=\"Nante NT20 kopa silinder\"><\/p>\n<h2>Omadused<\/h2>\n<ul>\n<li>\n<h3>Suur tugevus ja vastupidavus:<\/h3>\n<p> Tavaliselt \u00fclitugevast terasest v\u00f5i alumiiniumist valmistatud toode talub k\u00f5rget r\u00f5hku ja suuri koormusi, kohandudes karmide t\u00f6\u00f6keskkondadega. Projekteerimisel on arvestatud kulumiskindluse ja korrosioonikindlusega, pikendades kasutusiga.<\/li>\n<li>\n<h3>T\u00f5hus h\u00fcdrauliline t\u00f6\u00f6:<\/h3>\n<p> Kasutades sujuva pikenduse ja tagasit\u00f5mbamise saavutamiseks h\u00fcdraulilise \u00f5li r\u00f5hku, reageerib see juhtimisk\u00e4sklustele kiiresti, pakkudes v\u00f5imsat t\u00f5uke- ja t\u00f5mbej\u00f5udu, mis sobib raskete esemete ja keerukate \u00fclesannete k\u00e4sitsemiseks.<\/li>\n<li>\n<h3>Erinevad t\u00fc\u00fcbid:<\/h3>\n<p> Erinevate t\u00f6\u00f6vajaduste j\u00e4rgi saab valida \u00fchetoimelisi (h\u00fcdraulikat kasutades ainult \u00fches suunas) v\u00f5i kahetoimelisi (h\u00fcdraulikat kasutades m\u00f5lemas suunas) silindreid. M\u00f5ned mudelid on teleskoopilised, v\u00f5imaldades suuremat pikendust ilma v\u00e4lism\u00f5\u00f5tmeid suurendamata, sobides ruumipiirangutega rakenduste jaoks.<\/li>\n<li>\n<h3>T\u00e4iuslik asendus:<\/h3>\n<p> Meie toode saab neid h\u00fcdrosilindreid ideaalselt asendada.<\/li>\n<\/ul>\n<p><img decoding=\"async\" src=\"https:\/\/www.hydraulic-cylinders.net\/wp-content\/uploads\/2025\/01\/songte-cylinder-head-with-all-kinds-excavator-models.webp\" alt=\"Nante NT20 kopa silinder\"><\/p>\n<h2>Rakendused<\/h2>\n<p>Kopasilindrit kasutatakse laialdaselt erinevates rasketehnika masinates, sealhulgas, kuid mitte ainult:<\/p>\n<ul>\n<li>\n<h3>Ehitustehnika:<\/h3>\n<p> Ekskavaatorites on need olulised kaevamiseks, laadimiseks ja pinnase v\u00f5i prahi teisaldamiseks. Ekskavaatoritel aitab kopa silinder nii kaevamisel kui ka t\u00f5stmisel. <\/li>\n<li>\n<h3>P\u00f5llumajandusmasinad:<\/h3>\n<p> Esilaadurites mulla, heina ja muude materjalide kaevamiseks, t\u00f5stmiseks ja transportimiseks kasutatav kopa silinder saavutab kaevamisfunktsiooni, v\u00f5imaldades kopal pinnasesse tungida. <\/li>\n<li>\n<h3>Laadur:<\/h3>\n<p> Frontaallaadurites aitavad need lasti t\u00f5husalt t\u00f5sta ja maha laadida.<\/li>\n<\/ul>\n<h2>Projekteerimiskaalutlused ja valikukriteeriumid<\/h2>\n<p>Kopa silinder on konstrueeritud arvestama j\u00e4rgmiste teguritega:<\/p>\n<ul>\n<li>\n<h3>Kandev\u00f5ime:<\/h3>\n<p> Oluline on tagada, et silinder oleks piisavalt tugev, et kanda koormust, mida see liigutamiseks vajab.<\/li>\n<li>\n<h3>Tihendus:<\/h3>\n<p> \u00d5li lekke v\u00e4ltimiseks ja stabiilsuse s\u00e4ilitamiseks kasutatakse mitmesuguseid tihenduskomponente, nagu kolvitihendid, varrastihendid jne. <\/li>\n<li>\n<h3>Vastupidavus:<\/h3>\n<p> Silinder peab olema piisavalt vastupidav, et taluda raskeid ja karme keskkonna- ja ilmastikutingimusi. <\/li>\n<li>\n<h3>Ohutus:<\/h3>\n<p> Kopasilindri kasutamine peab olema ohutu ja projekteerimisel tuleks arvesse v\u00f5tta k\u00f5iki ohutusmeetmeid. <\/li>\n<li>\n<h3>Hoolduse lihtsus:<\/h3>\n<p> Pikaajalise kasutamise korral on regulaarne hooldus h\u00e4davajalik ning kopasilindri konstruktsioonil tuleks arvestada hoolduse lihtsusega.<\/li>\n<\/ul>\n<p><img decoding=\"async\" src=\"https:\/\/www.hydraulic-cylinders.net\/wp-content\/uploads\/2025\/01\/songte-oil-pipes-and-spare-parts.webp\" alt=\"Nante NT20 kopa silinder\"><\/p>\n<h2>Tihendus ja m\u00e4\u00e4rimine<\/h2>\n<p>Kopasilindris kasutatakse \u00f5lilekke v\u00e4ltimiseks ja stabiilsuse s\u00e4ilitamiseks mitmesuguseid tihenduskomponente. Need komponendid koosnevad kolvitihenditest, vardatihenditest jne. Need tihenduskomponendid on valmistatud kulumiskindlatest materjalidest, nagu pol\u00fcuretaan, nitriilkummi jne. Silindri korpus ja keermeotsad on peenelt t\u00f6\u00f6deldud, et parandada kulumiskindlust. H\u00fcdrauliline silinder vajab sujuva t\u00f6\u00f6 tagamiseks regulaarset m\u00e4\u00e4rimist sobiva h\u00fcdraulika\u00f5liga.<\/p>\n<h2>Kontrolli ja ennetava hoolduse meetmed<\/h2>\n<ul>\n<li>\n<h3>Kontroll:<\/h3>\n<p> Regulaarne kontroll on oluline, et tuvastada kulumine, kahjustused v\u00f5i lekked, mis vajavad kohest remonti v\u00f5i v\u00e4ljavahetamist. <\/li>\n<li>\n<h3>M\u00e4\u00e4rimine:<\/h3>\n<p> Silindri n\u00f5uetekohane m\u00e4\u00e4rimine \u00f5ige h\u00fcdraulika\u00f5liga on vajalik sujuva t\u00f6\u00f6 tagamiseks.<\/li>\n<li>\n<h3>Tihendi vahetamine ja kalibreerimise kontroll:<\/h3>\n<p> Tihenduskomponendid tuleb teatud aja m\u00f6\u00f6dudes v\u00e4lja vahetada ja stabiilsuse tagamiseks tuleks teha kalibreerimiskontroll.<\/li>\n<\/ul>\n<p>\u00d5ige paigaldamine on kopasilindri efektiivse kasutamise v\u00f5ti ja silindri \u00f5ige joondamine on h\u00e4davajalik. Silindri kinnitamiseks tuleks kasutada soovitatud paigaldusklambreid. Silindri eluea pikendamiseks on soovitatav regulaarne kontroll, remont ja vahetus.<\/p>\n<p><img decoding=\"async\" src=\"https:\/\/www.hydraulic-cylinders.net\/wp-content\/uploads\/2025\/01\/songte-chushion-collar.webp\" alt=\"Nante NT20 kopa silinder\"><\/p>\n<h2>Ohutuskaalutlused ja keskkonnategurid<\/h2>\n<p>Kopasilindri k\u00e4sitsemisel on oluline arvestada ohutusmeetmetega, n\u00e4iteks kaitsevarustuse kandmine, n\u00f5uetekohase paigaldamise tagamine ja \u00fclekoormuse v\u00e4ltimine. Kopasilindrid tuleks keskkonnareostuse v\u00e4ltimiseks n\u00f5uetekohaselt utiliseerida.<\/p>\n<h2>Levinumad probleemid ja t\u00f5rkeotsing<\/h2>\n<ul>\n<li>\n<h3>\u00d5lileke:<\/h3>\n<p> Kontrollige tihenduskomponente ja vajadusel vahetage need v\u00e4lja. <\/li>\n<li>\n<h3>T\u00f5mblev liikumine:<\/h3>\n<p> Veenduge, et silindril v\u00f5i tihenduskomponentidel oleks kahjustusi. <\/li>\n<li>\n<h3>Aeglane t\u00f6\u00f6:<\/h3>\n<p> Kontrollige h\u00fcdraulika\u00f5li r\u00f5hku ja veenduge, et h\u00fcdraulikas\u00fcsteem t\u00f6\u00f6tab korralikult.<\/li>\n<\/ul>\n<p>Ennetavad meetmed, nagu regulaarne kontroll ja hooldus, aitavad neid probleeme v\u00e4ltida.<\/p>\n<p><img decoding=\"async\" src=\"https:\/\/www.hydraulic-cylinders.net\/wp-content\/uploads\/2025\/01\/songte-bushings-with-all-kinds-of-excavator-models.webp\" alt=\"Nante NT20 kopa silinder\"><\/p>\n<h2>Meie ettev\u00f5ttest<\/h2>\n<p>Oleme h\u00fcdrauliliste silindrite tootja ning juhtiv h\u00fcdrauliliste silindrite tootja ja hulgim\u00fc\u00fcja nii sise- kui ka rahvusvahelisel turul. J\u00e4rgime suurep\u00e4rase kvaliteedi strateegiat, tuginedes peentootmist\u00f6\u00f6kodade industrialiseeritud tootmisjuhtimisele. Meie ettev\u00f5te t\u00e4iustab pidevalt t\u00f6\u00f6kodade tootmisplatvormi tehnoloogiliste oskuste, tipptasemel digitaalsete tootmisseadmete ja professionaalsete testimiss\u00fcsteemide rakendamise abil, t\u00e4iustades tootekvaliteedi tootmisliini ning omades tugevaid loomingulisi v\u00f5imeid. Pakume klientidele mitmesuguseid n\u00f5udmisi, j\u00e4rgides k\u00f5rget efektiivsust, t\u00e4psust ja k\u00f5rgeid kvaliteedip\u00f5him\u00f5tteid.<\/p>\n<p><img decoding=\"async\" src=\"https:\/\/hzpt.com\/wp-content\/uploads\/2024\/11\/songte-company-1.webp\" alt=\"Nante NT20 kopa silinder\"><\/p>\n<h3>Professionaalsus:<\/h3>\n<p>Meie ettev\u00f5ttel on professionaalsed tehnilised v\u00f5imalused ja keskendume klientidele parimate lahenduste pakkumisele.<\/p>\n<h3>Rahvusvaheline sertifitseerimine:<\/h3>\n<p>Meie tooted on saanud rahvusvahelised sertifikaadid, mis tagavad suurep\u00e4rase kvaliteedi ja t\u00f6\u00f6kindluse.<\/p>\n<h3>Kohandatud teenus:<\/h3>\n<p>Pakume kliendi vajadustele vastavaid kohandatud teenuseid, tagades klientide rahulolu.<\/p>\n<h3>Tootmisseadmed:<\/h3>\n<p>Meie ettev\u00f5te kasutab kaasaegseid seadmeid ja tehnoloogiat, mis tagab suurep\u00e4rase kvaliteedi ja t\u00f6\u00f6kindluse.<\/p>\n<h3>M\u00fc\u00fcgij\u00e4rgne teenindus:<\/h3>\n<p>Pakume m\u00fc\u00fcgij\u00e4rgset teenindust, sh asendus- ja taastamisteenuseid, tagades toote pikaajalise kasutuse ja klientide rahulolu. <\/p>\n<p>Autor: lyl.<\/p>","protected":false},"excerpt":{"rendered":"<p>Bucket Cylinder For Nante NT20 Introduction The bucket cylinder for Nante NT20 is a specially designed hydraulic cylinder primarily used for controlling the movement of the bucket in heavy machinery such as excavators, backhoe excavators, and front loaders. Its main function is to allow the bucket to lift, lower, and tilt, making it easier to [&hellip;]<\/p>","protected":false},"featured_media":14784,"comment_status":"open","ping_status":"closed","template":"","meta":{"_et_pb_use_builder":"","_et_pb_old_content":"","_et_gb_content_width":""},"product_brand":[],"product_cat":[1494],"product_tag":[1495,1496],"class_list":{"0":"post-15826","1":"product","2":"type-product","3":"status-publish","4":"has-post-thumbnail","6":"product_cat-bucket-cylinders","7":"product_tag-bucket-cylinders","8":"product_tag-hydraulic-cylinders","10":"first","11":"instock","12":"shipping-taxable","13":"product-type-simple"},"amp_enabled":true,"_links":{"self":[{"href":"https:\/\/www.hydraulic-cylinders.net\/et\/wp-json\/wp\/v2\/product\/15826","targetHints":{"allow":["GET"]}}],"collection":[{"href":"https:\/\/www.hydraulic-cylinders.net\/et\/wp-json\/wp\/v2\/product"}],"about":[{"href":"https:\/\/www.hydraulic-cylinders.net\/et\/wp-json\/wp\/v2\/types\/product"}],"replies":[{"embeddable":true,"href":"https:\/\/www.hydraulic-cylinders.net\/et\/wp-json\/wp\/v2\/comments?post=15826"}],"wp:featuredmedia":[{"embeddable":true,"href":"https:\/\/www.hydraulic-cylinders.net\/et\/wp-json\/wp\/v2\/media\/14784"}],"wp:attachment":[{"href":"https:\/\/www.hydraulic-cylinders.net\/et\/wp-json\/wp\/v2\/media?parent=15826"}],"wp:term":[{"taxonomy":"product_brand","embeddable":true,"href":"https:\/\/www.hydraulic-cylinders.net\/et\/wp-json\/wp\/v2\/product_brand?post=15826"},{"taxonomy":"product_cat","embeddable":true,"href":"https:\/\/www.hydraulic-cylinders.net\/et\/wp-json\/wp\/v2\/product_cat?post=15826"},{"taxonomy":"product_tag","embeddable":true,"href":"https:\/\/www.hydraulic-cylinders.net\/et\/wp-json\/wp\/v2\/product_tag?post=15826"}],"curies":[{"name":"wp","href":"https:\/\/api.w.org\/{rel}","templated":true}]}}