{"id":1583,"date":"2023-10-07T06:13:12","date_gmt":"2023-10-07T06:13:12","guid":{"rendered":"https:\/\/hydraulic-cylinders.net\/?post_type=product&#038;p=1583"},"modified":"2025-04-11T03:39:26","modified_gmt":"2025-04-11T03:39:26","slug":"rotary-drilling-mast-cylinder","status":"publish","type":"product","link":"https:\/\/www.hydraulic-cylinders.net\/et\/toode\/rotary-drilling-mast-cylinder\/","title":{"rendered":"P\u00f6\u00f6rleva puurmasti silinder"},"content":{"rendered":"<h1 style=\"text-align: center;\"><strong>P\u00f6\u00f6rleva puurmasti silinder<\/strong><\/h1>\n<p><img loading=\"lazy\" decoding=\"async\" class=\"wp-image-1584 aligncenter\" src=\"https:\/\/hydraulic-cylinders.net\/wp-content\/uploads\/2023\/10\/mast-cylinder-1-300x300.webp\" alt=\"\" width=\"400\" height=\"400\" \/><\/p>\n<p>P\u00f6\u00f6rleva puurmasti silinder on p\u00f6\u00f6rleva puurseadme kriitiline komponent, mis on loodud puurimist\u00f6\u00f6de j\u00f5udluse ja t\u00e4psuse optimeerimiseks. See h\u00fcdrauliline silinder m\u00e4ngib olulist rolli puurmasti vertikaalse liikumise juhtimisel, tagades t\u00e4pse positsioneerimise ja t\u00f5husa puurimise.<\/p>\n<p>P\u00f6\u00f6rleva puurmasti silinder on asendamatu komponent puurimise efektiivsuse suurendamiseks. Oma vastupidava konstruktsiooni, h\u00fcdraulilise j\u00f5u ja juhtimise, reguleeritava k\u00e4igupikkuse ja sujuvate liikumistega h\u00f5lbustab see h\u00fcdrauliline silinder puurmasti t\u00e4pset positsioneerimist ja parandab \u00fcldist puurimistulemust. N\u00f5uetekohaste kasutusmeetodite ja soovitatud hooldustavade j\u00e4rgimine aitab operaatoritel maksimeerida p\u00f6\u00f6rleva puurmasti silindri eluiga ja t\u00f6\u00f6kindlust, mis tagab ohutu ja t\u00f5husa puurimise. Valige see usaldusv\u00e4\u00e4rne h\u00fcdrauliline komponent, et optimeerida oma puurimisseadmeid ja saavutada suurep\u00e4raseid tulemusi.<\/p>\n<p>P\u00f6\u00f6rleva puurmasti silindri peamised omadused:<\/p>\n<ol>\n<li>Tugev konstruktsioon ja vastupidavus:<\/li>\n<\/ol>\n<ul>\n<li>P\u00f6\u00f6rleva puurimise silindri valmistamisel on kasutatud kvaliteetseid materjale, mis tagavad erakordse tugevuse ja vastupidavuse.<\/li>\n<li>See talub puurimist\u00f6\u00f6del esinevaid n\u00f5udlikke tingimusi, sealhulgas suuri koormusi, vibratsiooni ja karmi keskkonda.<\/li>\n<\/ul>\n<ol start=\"2\">\n<li>H\u00fcdrauliline v\u00f5imsus ja juhtimine:<\/li>\n<\/ol>\n<ul>\n<li>See silinder t\u00f6\u00f6tab h\u00fcdraulilise juhtimiss\u00fcsteemi kaudu, kasutades h\u00fcdraulilist j\u00f5udu kallutusmehhanismi juhtimiseks.<\/li>\n<li>H\u00fcdrauliline juhtimine tagab puurmasti v\u00f5i -poomi t\u00e4pse ja tundliku liikumise, v\u00f5imaldades t\u00e4pset positsioneerimist ja juhtimist.<\/li>\n<\/ul>\n<ol start=\"3\">\n<li>Reguleeritav kallutusvahemik:<\/li>\n<\/ol>\n<ul>\n<li>P\u00f6\u00f6rleva puurimissilindri reguleerimisulatus v\u00f5imaldab operaatoritel puurimisseadmeid soovitud nurga v\u00f5i k\u00f5rguse alla paigutada.<\/li>\n<li>See paindlikkus v\u00f5imaldab mitmek\u00fclgseid puurimist\u00f6id, mis sobivad erinevate pinnasetingimuste ja n\u00f5uetega.<\/li>\n<\/ul>\n<ol start=\"4\">\n<li>Sujuvad ja kontrollitud liigutused:<\/li>\n<\/ol>\n<ul>\n<li>The cylinder&#8217;s design and hydraulic control system ensure smooth and controlled movements during luffing operations.<\/li>\n<li>See t\u00e4pne juhtimine v\u00f5imaldab operaatoritel s\u00e4ilitada stabiilsust ja t\u00e4psust puurmasti v\u00f5i -poomi positsioneerimisel.<\/li>\n<\/ul>\n<h2><strong>P\u00f6\u00f6rleva puurmasti silindri parameeter:<\/strong><\/h2>\n<table border=\"1\" cellspacing=\"0\" cellpadding=\"0\">\n<tbody>\n<tr>\n<td>Toote nimi<\/td>\n<td>P\u00f6\u00f6rleva puurmasti silinder<\/td>\n<\/tr>\n<tr>\n<td>Omadused:<\/td>\n<td>Kontrolli masti, reguleeri masti ja maapinna nurka<\/td>\n<\/tr>\n<tr>\n<td>Ava l\u00e4bim\u00f5\u00f5t:<\/td>\n<td>140 mm\uff5e350 mm<\/td>\n<\/tr>\n<tr>\n<td>Varda l\u00e4bim\u00f5\u00f5t:<\/td>\n<td>90 mm\uff5e230 mm<br \/>\nL\u00f6\u00f6k \u22645550 mm<\/td>\n<\/tr>\n<tr>\n<td>R\u00f5hk:<\/td>\n<td>kuni 32 MPa<\/td>\n<\/tr>\n<tr>\n<td>Masti silindri rakendused:<\/td>\n<td>P\u00f6\u00f6rdpuurimine<\/td>\n<\/tr>\n<\/tbody>\n<\/table>\n<h2><strong>P\u00f6\u00f6rdpuurimismasti silindri identifitseerimisskeem:<\/strong><\/h2>\n<p><img loading=\"lazy\" decoding=\"async\" class=\"alignnone wp-image-1586 size-full\" src=\"https:\/\/hydraulic-cylinders.net\/wp-content\/uploads\/2023\/10\/mast-cylinder-2.webp\" alt=\"\" width=\"1418\" height=\"946\" srcset=\"https:\/\/hydraulic-cylinders.net\/wp-content\/uploads\/2023\/10\/mast-cylinder-2.webp 1418w, https:\/\/hydraulic-cylinders.net\/wp-content\/uploads\/2023\/10\/mast-cylinder-2-1280x854.webp 1280w, https:\/\/hydraulic-cylinders.net\/wp-content\/uploads\/2023\/10\/mast-cylinder-2-980x654.webp 980w, https:\/\/hydraulic-cylinders.net\/wp-content\/uploads\/2023\/10\/mast-cylinder-2-480x320.webp 480w\" sizes=\"(min-width: 0px) and (max-width: 480px) 480px, (min-width: 481px) and (max-width: 980px) 980px, (min-width: 981px) and (max-width: 1280px) 1280px, (min-width: 1281px) 1418px, 100vw\" \/><\/p>\n<h2><strong>P\u00f6\u00f6rleva puurmasti silindri kasutusmeetod<\/strong><strong>:<\/strong><\/h2>\n<ol>\n<li><strong>Tutvuge juhtnuppude ja ohutusjuhistega:<\/strong><\/li>\n<\/ol>\n<ul>\n<li>Enne p\u00f6\u00f6rleva puurseadme kasutamist peaksid operaatorid p\u00f5hjalikult tutvuma seadme tootja poolt pakutavate juhtseadmete ja ohutusjuhistega.<\/li>\n<li>Ohutu ja t\u00f5husa puurimise tagamiseks j\u00e4rgige k\u00f5iki ohutusn\u00f5udeid ja ettevaatusabin\u00f5usid.<\/li>\n<\/ul>\n<ol start=\"2\">\n<li><strong>K\u00f5rguse reguleerimine:<\/strong><\/li>\n<\/ol>\n<ul>\n<li>P\u00f6\u00f6rleva puurimissilindri aktiveerimiseks kasutage juhtimismehhanismi, n\u00e4iteks juhtkangi v\u00f5i juhtpaneeli.<\/li>\n<li>Rakendage puurmasti soovitud k\u00f5rgusele t\u00f5stmiseks v\u00f5i langetamiseks sobivat juhtimissisendit.<\/li>\n<li>Silinder teisendab h\u00fcdraulilise j\u00f5u vajalikuks j\u00f5uks puurmasti t\u00e4pseks positsioneerimiseks.<\/li>\n<\/ul>\n<ol start=\"3\">\n<li><strong>Positsioneerimine ja stabiilsus:<\/strong><\/li>\n<\/ol>\n<ul>\n<li>Reguleerige p\u00f6\u00f6rleva puursilindri k\u00e4igupikkust vastavalt konkreetsetele puurimisn\u00f5uetele ja pinnasetingimustele.<\/li>\n<li>Veenduge, et puurmast oleks puurimise ajal stabiilne, et s\u00e4ilitada t\u00e4psus ja ohutus.<\/li>\n<li>J\u00e4lgige regulaarselt masti asendit ja tehke vajalikke kohandusi, et s\u00e4ilitada soovitud puurimisk\u00f5rgus.<\/li>\n<\/ul>\n<h2><strong>Kuidas traktori h\u00fcdros\u00fcsteemist vett v\u00e4lja saada?<\/strong><\/h2>\n<p>Getting water out of a tractor hydraulic system is crucial to maintain the system&#8217;s performance and prevent potential damage. Here&#8217;s a step-by-step guide on how to remove water from a tractor hydraulic system:<\/p>\n<ol>\n<li><strong>Vee saastumise tuvastamine:<\/strong>\n<ul>\n<li>Otsige h\u00fcdraulikas\u00fcsteemist vee saastumise m\u00e4rke, n\u00e4iteks h\u00fcdraulikavedeliku piimjat v\u00f5i h\u00e4gust v\u00e4limust.<\/li>\n<li>Vesi v\u00f5ib s\u00fcsteemi sattuda kondenseerumise, eba\u00f5ige tihendamise v\u00f5i v\u00e4liste allikate kaudu.<\/li>\n<\/ul>\n<\/li>\n<li><strong>H\u00fcdraulikavedeliku t\u00fchjendamine:<\/strong>\n<ul>\n<li>Parkige traktor ohutult tasasele pinnale ja rakendage k\u00f5iki ohutusmeetmeid.<\/li>\n<li>Leidke h\u00fcdraulikapaagil olev t\u00fchjenduskork v\u00f5i ventiil ja asetage sobiv anum vedeliku kogumiseks.<\/li>\n<\/ul>\n<\/li>\n<li><strong>Avage \u00e4ravoolukork v\u00f5i ventiil:<\/strong>\n<ul>\n<li>Kasutades sobivaid t\u00f6\u00f6riistu, avage ettevaatlikult t\u00fchjenduskork v\u00f5i ventiil, et h\u00fcdraulikavedelik saaks v\u00e4lja voolata.<\/li>\n<li>Veenduge, et anum oleks vedeliku kogumiseks \u00f5igesti paigutatud.<\/li>\n<\/ul>\n<\/li>\n<li><strong>S\u00fcsteemi loputamine:<\/strong>\n<ul>\n<li>Kui suurem osa h\u00fcdraulikavedelikust on t\u00fchjenenud, t\u00e4itke s\u00fcsteem uue h\u00fcdraulikavedelikuga.<\/li>\n<li>Run the tractor&#8217;s hydraulic system without any load or attachment for a short period to circulate the fresh fluid.<\/li>\n<\/ul>\n<\/li>\n<li><strong>Korda vedeliku v\u00e4ljalaske protsessi:<\/strong>\n<ul>\n<li>P\u00e4rast s\u00fcsteemi k\u00e4ivitamist korrake vedeliku t\u00fchjendamise protsessi.<\/li>\n<li>See samm aitab v\u00e4lja loputada k\u00f5ik j\u00e4relej\u00e4\u00e4nud vee ja saasteained, mis v\u00f5isid ringluse ajal tekkida.<\/li>\n<\/ul>\n<\/li>\n<li><strong>Kontrollige vedelikku:<\/strong>\n<ul>\n<li>J\u00e4lgige t\u00fchjendatud h\u00fcdraulikavedelikku veesaaste tunnuste suhtes.<\/li>\n<li>Kui vett on endiselt, korrake t\u00e4itmist, s\u00fcsteemi k\u00e4ivitamist ja t\u00fchjendamist, kuni vedelik on puhas ja veevaba.<\/li>\n<\/ul>\n<\/li>\n<li><strong>Filtrite vahetamine:<\/strong>\n<ul>\n<li>Water contamination may also affect the hydraulic filters. Therefore, it&#8217;s important to replace the filters after removing water from the system.<\/li>\n<li>Check the manufacturer&#8217;s guidelines for the recommended filter replacement intervals and follow their instructions.<\/li>\n<\/ul>\n<\/li>\n<li><strong>T\u00e4itke puhta h\u00fcdraulikavedelikuga:<\/strong>\n<ul>\n<li>Kui vesi on s\u00fcsteemist t\u00f5husalt eemaldatud, t\u00e4itke h\u00fcdraulikapaak v\u00e4rske ja puhta h\u00fcdraulikavedelikuga.<\/li>\n<li>Kasutage traktori tootja poolt soovitatud t\u00fc\u00fcpi ja klassi vedelikku.<\/li>\n<\/ul>\n<\/li>\n<li><strong>Testige s\u00fcsteemi:<\/strong>\n<ul>\n<li>P\u00e4rast h\u00fcdraulika\u00f5li lisamist k\u00e4ivitage traktor ja kasutage h\u00fcdraulikas\u00fcsteemi, et veenduda selle n\u00f5uetekohases toimimises.<\/li>\n<li>Kontrollige ebanormaalseid helisid, vedelikulekkeid v\u00f5i muid probleeme, mis vajavad t\u00e4iendavat t\u00e4helepanu.<\/li>\n<\/ul>\n<\/li>\n<\/ol>\n<h2><strong>Tehase v\u00f5imekus ja suutlikkus:<\/strong><\/h2>\n<h3>(1) Kokkupanek<\/h3>\n<p>Meil on esmaklassiline s\u00f5ltumatu teadus- ja arendustegevuse montaa\u017eiplatvorm. H\u00fcdrosilindrite tootmist\u00f6\u00f6kojas on neli poolautomaatset t\u00f5stesilindrite koosteliini ja \u00fcks automaatne kallutussilindrite koosteliin, mille kavandatud aastane tootmisv\u00f5imsus on 1 miljon t\u00fckki. Spetsiaalsete silindrite t\u00f6\u00f6koda on varustatud erinevate spetsifikatsioonidega poolautomaatse puhastusmontaa\u017eis\u00fcsteemiga, mille kavandatud aastane tootmisv\u00f5imsus on 200 000 ja mis on varustatud kuulsate CNC-t\u00f6\u00f6tlemisseadmete, mehaanilise t\u00f6\u00f6tlemise keskuse, suure t\u00e4psusega silindrite t\u00f6\u00f6tlemise eriseadmete, robotkeevitusmasina, automaatse puhastusmasina, automaatse silindri kokkupanemise masina ja automaatse v\u00e4rvimise tootmisliiniga. Olemasolevad kriitilised seadmed rohkem kui 300 komplekti (komplekti). Seadmete ressursside optimaalne jaotamine ja t\u00f5hus kasutamine tagavad toodete t\u00e4psusn\u00f5uded ja vastavad toodete kvaliteedin\u00f5uetele.<\/p>\n<p><img loading=\"lazy\" decoding=\"async\" class=\"alignnone wp-image-626\" src=\"https:\/\/hydraulic-cylinders.net\/wp-content\/uploads\/2023\/08\/hydraulic-cylinder-product-1-300x158.webp\" alt=\"\" width=\"495\" height=\"260\" srcset=\"https:\/\/hydraulic-cylinders.net\/wp-content\/uploads\/2023\/08\/hydraulic-cylinder-product-1-300x158.webp 495w, https:\/\/hydraulic-cylinders.net\/wp-content\/uploads\/2023\/08\/hydraulic-cylinder-product-1-480x252.webp 480w\" sizes=\"(min-width: 0px) and (max-width: 480px) 480px, (min-width: 481px) 495px, 100vw\" \/> <img loading=\"lazy\" decoding=\"async\" class=\"alignnone wp-image-627\" src=\"https:\/\/hydraulic-cylinders.net\/wp-content\/uploads\/2023\/08\/hydraulic-cylinder-product-2-300x189.webp\" alt=\"\" width=\"413\" height=\"260\" \/><\/p>\n<h3>(2) T\u00f6\u00f6tlemine<\/h3>\n<p>T\u00f6\u00f6deldav t\u00f6\u00f6koda on varustatud kohandatud kallutatud r\u00f6\u00f6pse treipingi keskuse, mehaanilise keskuse, kiire lihvimismasina, keevitusroboti ja muude seotud seadmetega, mis suudavad t\u00f6\u00f6delda silindritorusid, mille maksimaalne sisel\u00e4bim\u00f5\u00f5t on 400 mm ja maksimaalne pikkus on 6 meetrit.<\/p>\n<p><img loading=\"lazy\" decoding=\"async\" class=\"alignnone wp-image-628 size-large\" src=\"https:\/\/hydraulic-cylinders.net\/wp-content\/uploads\/2023\/08\/hydraulic-cylinder-product-3-1024x391.webp\" alt=\"\" width=\"1024\" height=\"391\" srcset=\"https:\/\/hydraulic-cylinders.net\/wp-content\/uploads\/2023\/08\/hydraulic-cylinder-product-3-980x374.webp 980w, https:\/\/hydraulic-cylinders.net\/wp-content\/uploads\/2023\/08\/hydraulic-cylinder-product-3-480x183.webp 480w\" sizes=\"(min-width: 0px) and (max-width: 480px) 480px, (min-width: 481px) and (max-width: 980px) 980px, (min-width: 981px) 1024px, 100vw\" \/><\/p>\n<h3>(3) Keevitamine<\/h3>\n<p><img loading=\"lazy\" decoding=\"async\" class=\"alignnone wp-image-629 size-large\" src=\"https:\/\/hydraulic-cylinders.net\/wp-content\/uploads\/2023\/08\/hydraulic-cylinder-product-4-1024x510.webp\" alt=\"\" width=\"1024\" height=\"510\" srcset=\"https:\/\/hydraulic-cylinders.net\/wp-content\/uploads\/2023\/08\/hydraulic-cylinder-product-4-980x488.webp 980w, https:\/\/hydraulic-cylinders.net\/wp-content\/uploads\/2023\/08\/hydraulic-cylinder-product-4-480x239.webp 480w\" sizes=\"(min-width: 0px) and (max-width: 480px) 480px, (min-width: 481px) and (max-width: 980px) 980px, (min-width: 981px) 1024px, 100vw\" \/><\/p>\n<h3>(4) V\u00e4rvimine ja katmine<\/h3>\n<p>V\u00e4ikese ja keskmise suurusega silindri automaatse veep\u00f5hise v\u00e4rvipinnakattega liinide abil, et saavutada automaatne robotlaadimine ja mahalaadimine ning automaatne pihustamine, projekteerimisv\u00f5imsus 4000 t\u00fckki vahetuse kohta;<br \/>\nMeil on ka poolautomaatne suurte balloonide v\u00e4rvimise tootmisliin, mis t\u00f6\u00f6tab j\u00f5ukettaga ja mille projekteerimisv\u00f5imsus on 60 kasti \u00fche vahetuse kohta.<\/p>\n<p><img loading=\"lazy\" decoding=\"async\" class=\"alignnone wp-image-630\" src=\"https:\/\/hydraulic-cylinders.net\/wp-content\/uploads\/2023\/08\/hydraulic-cylinder-product-5-300x213.webp\" alt=\"\" width=\"366\" height=\"260\" \/> <img loading=\"lazy\" decoding=\"async\" class=\"alignnone wp-image-631\" src=\"https:\/\/hydraulic-cylinders.net\/wp-content\/uploads\/2023\/08\/hydraulic-cylinder-product-6-300x225.webp\" alt=\"\" width=\"347\" height=\"260\" \/><\/p>\n<h3>(5) Testimine<\/h3>\n<p>Meil on esmaklassilised kontrolliseadmed ja katsestendid, et tagada silindri j\u00f5udlus vastavus n\u00f5uetele.<\/p>\n<p><img loading=\"lazy\" decoding=\"async\" class=\"alignnone wp-image-632\" src=\"https:\/\/hydraulic-cylinders.net\/wp-content\/uploads\/2023\/08\/hydraulic-cylinder-product-8-300x200.webp\" alt=\"\" width=\"389\" height=\"260\" \/><\/p>\n<p>&nbsp;<\/p>\n<p>&nbsp;<\/p>\n<p>Oleme \u00fcks parimaid h\u00fcdrosilindrite tootjaid. Pakume laia valikut h\u00fcdrosilindreid. Pakume ka vastavaid... <a href=\"https:\/\/hzpt.com\/agricultural-pto-gearbox\/\" target=\"_blank\" rel=\"noopener\">p\u00f5llumajanduslikud k\u00e4igukastid<\/a>. Oleme eksportinud oma tooteid klientidele \u00fcle maailma ja teeninud hea maine t\u00e4nu meie suurep\u00e4rasele tootekvaliteedile ja m\u00fc\u00fcgij\u00e4rgsele teenindusele. Me tervitame kliente kodus ja v\u00e4lismaal, et v\u00f5tta meiega \u00fchendust, et pidada l\u00e4bir\u00e4\u00e4kimisi \u00e4ri, vahetada teavet ja <a href=\"https:\/\/www.hydraulic-cylinders.net\/et\/contact-us\/\">teha meiega koost\u00f6\u00f6d<\/a>!<\/p>","protected":false},"excerpt":{"rendered":"<p>Rotary Drilling Mast Cylinder The rotary drilling mast cylinder is a critical component in rotary drilling equipment designed to optimize the performance and precision of drilling operations. This hydraulic cylinder plays a crucial role in controlling the vertical movement of the drilling mast, ensuring accurate positioning and efficient drilling. The rotary drilling mast cylinder is [&hellip;]<\/p>","protected":false},"featured_media":1585,"comment_status":"open","ping_status":"closed","template":"","meta":{"_et_pb_use_builder":"","_et_pb_old_content":"","_et_gb_content_width":""},"product_brand":[],"product_cat":[1550,1518,1376],"product_tag":[1380],"class_list":{"0":"post-1583","1":"product","2":"type-product","3":"status-publish","4":"has-post-thumbnail","6":"product_cat-double-acting-hydraulic-cylinder","7":"product_cat-rotary-drilling-rig-hydraulic-cylinders","8":"product_cat-hydraulic-cylinder","9":"product_tag-hydraulic-cylinder","11":"first","12":"instock","13":"shipping-taxable","14":"product-type-simple"},"amp_enabled":true,"_links":{"self":[{"href":"https:\/\/www.hydraulic-cylinders.net\/et\/wp-json\/wp\/v2\/product\/1583","targetHints":{"allow":["GET"]}}],"collection":[{"href":"https:\/\/www.hydraulic-cylinders.net\/et\/wp-json\/wp\/v2\/product"}],"about":[{"href":"https:\/\/www.hydraulic-cylinders.net\/et\/wp-json\/wp\/v2\/types\/product"}],"replies":[{"embeddable":true,"href":"https:\/\/www.hydraulic-cylinders.net\/et\/wp-json\/wp\/v2\/comments?post=1583"}],"wp:featuredmedia":[{"embeddable":true,"href":"https:\/\/www.hydraulic-cylinders.net\/et\/wp-json\/wp\/v2\/media\/1585"}],"wp:attachment":[{"href":"https:\/\/www.hydraulic-cylinders.net\/et\/wp-json\/wp\/v2\/media?parent=1583"}],"wp:term":[{"taxonomy":"product_brand","embeddable":true,"href":"https:\/\/www.hydraulic-cylinders.net\/et\/wp-json\/wp\/v2\/product_brand?post=1583"},{"taxonomy":"product_cat","embeddable":true,"href":"https:\/\/www.hydraulic-cylinders.net\/et\/wp-json\/wp\/v2\/product_cat?post=1583"},{"taxonomy":"product_tag","embeddable":true,"href":"https:\/\/www.hydraulic-cylinders.net\/et\/wp-json\/wp\/v2\/product_tag?post=1583"}],"curies":[{"name":"wp","href":"https:\/\/api.w.org\/{rel}","templated":true}]}}