{"id":15832,"date":"2025-01-19T15:02:45","date_gmt":"2025-01-19T15:02:45","guid":{"rendered":"https:\/\/www.hydraulic-cylinders.net\/product\/bucket-cylinder-for-yanmar-sv08-1a\/"},"modified":"2025-01-19T15:02:47","modified_gmt":"2025-01-19T15:02:47","slug":"bucket-cylinder-for-yanmar-sv08-1a","status":"publish","type":"product","link":"https:\/\/www.hydraulic-cylinders.net\/et\/toode\/bucket-cylinder-for-yanmar-sv08-1a\/","title":{"rendered":"Kopa silinder Yanmar SV08-1A jaoks"},"content":{"rendered":"<h1>Kopa silinder Yanmar SV08-1A jaoks<\/h1>\n<h2>Sissejuhatus<\/h2>\n<p>Yanmar SV08-1A kopa silinder on spetsiaalselt loodud h\u00fcdrauliline silinder, mida kasutatakse peamiselt kopa liikumise juhtimiseks rasketes masinates, n\u00e4iteks ekskavaatorites, laadur-ekskavaatorites ja esilaadurites. Selle peamine \u00fclesanne on v\u00f5imaldada kopa t\u00f5stmist, langetamist ja kallutamist, muutes mitmesuguste raskete materjalide k\u00e4sitsemise lihtsamaks. H\u00fcdraulilises s\u00fcsteemis saavutab kopa silinder kopa t\u00e4pse juhtimise h\u00fcdraulika\u00f5li r\u00f5hu muutuste abil, v\u00f5imaldades operaatoritel t\u00f5husalt k\u00e4sitseda raskeid esemeid ning kohaneda keerukate t\u00f6\u00f6keskkondade ja mitmekesiste t\u00f6\u00f6n\u00f5uetega.<\/p>\n<p><img decoding=\"async\" src=\"https:\/\/www.hydraulic-cylinders.net\/wp-content\/uploads\/2025\/01\/songte-company-2.webp\"\/><\/p>\n<h2>Omadused<\/h2>\n<ul>\n<li>\n<h3>Suur tugevus ja vastupidavus<\/h3>\n<p>Kopasilindrid on tavaliselt valmistatud \u00fclitugevast terasest v\u00f5i alumiiniumist, mis taluvad k\u00f5rget r\u00f5hku ja suuri koormusi ning on konstrueeritud kulumiskindlust ja korrosioonikindlust silmas pidades, pikendades nende kasutusiga.<\/p>\n<\/li>\n<li>\n<h3>T\u00f5hus h\u00fcdrauliline t\u00f6\u00f6<\/h3>\n<p>Kopasilindrid kasutavad sujuva pikenemise ja tagasit\u00f5mbamise saavutamiseks h\u00fcdraulilist \u00f5lir\u00f5hku, reageerivad kiiresti juhtimisk\u00e4sklustele, pakuvad v\u00f5imsaid t\u00f5uke- ja t\u00f5mbej\u00f5ude ning sobivad raskete esemete k\u00e4sitsemiseks ja keerukate t\u00f6\u00f6\u00fclesannete t\u00e4itmiseks.<\/p>\n<\/li>\n<li>\n<h3>Erinevad t\u00fc\u00fcbid<\/h3>\n<p>Kopasilindrid v\u00f5ivad olla \u00fche- v\u00f5i kahetoimelised (kasutades h\u00fcdraulikat \u00fches v\u00f5i m\u00f5lemas suunas), olenevalt t\u00f6\u00f6vajadustest. M\u00f5ned mudelid on teleskoopilised, mis v\u00f5imaldab suuremat pikendamist ilma v\u00e4lism\u00f5\u00f5tmeid suurendamata, sobides ruumipiirangutega rakenduste jaoks.<\/p>\n<\/li>\n<li>\n<h3>T\u00e4iuslik asendus<\/h3>\n<p>Meie tooted suudavad neid h\u00fcdrosilindreid ideaalselt asendada.<\/p>\n<p>      <img decoding=\"async\" src=\"https:\/\/www.hydraulic-cylinders.net\/wp-content\/uploads\/2025\/01\/songte-cylinder-head-with-all-kinds-excavator-models.webp\"\/>\n  <\/li>\n<\/ul>\n<h2>Rakendused<\/h2>\n<p>Kopasilindrit kasutatakse erinevates valdkondades, n\u00e4iteks:<\/p>\n<ul>\n<li>\n<h3>Ehitustehnika<\/h3>\n<p>Ekskavaatorites on need h\u00e4davajalikud kaevamiseks, laadimiseks ja pinnase v\u00f5i prahi teisaldamiseks. Ekskavaator-laadurites aitavad kopasilindrid nii kaevamisel kui ka t\u00f5stmisel. <\/p>\n<p>Esilaadurites aitavad need kaupu t\u00f5husalt t\u00f5sta ja t\u00fchjendada.<\/p>\n<\/li>\n<li>\n<h3>P\u00f5llumajandustehnika<\/h3>\n<p>Kasutatakse esilaadurites pinnase, heina ja muude materjalide kaevamiseks, t\u00f5stmiseks ja transportimiseks. Ekskavaatorites v\u00f5imaldavad kopasilindrid kaevamist, lastes kopal pinnasesse tungida. <\/p>\n<\/li>\n<\/ul>\n<h2>Projekteerimis- ja valikustandardid<\/h2>\n<p>Kopasilindrite projekteerimisel on arvestatud selliste kaalutlustega nagu:<\/p>\n<ul>\n<li>\n<h3>Kandev\u00f5ime<\/h3>\n<p>Kopa silinder peab suutma kanda koorma raskust ja h\u00fcdraulilist r\u00f5hku.<\/p>\n<\/li>\n<li>\n<h3>Tihendus<\/h3>\n<p>Kopa silinder peab olema tihendatud, et v\u00e4ltida h\u00fcdraulika\u00f5li lekkeid ja keskkonna saastumist. <\/p>\n<\/li>\n<li>\n<h3>Vastupidavus<\/h3>\n<p>Kopa silinder peab olema piisavalt vastupidav, et taluda karmi keskkonda, milles see t\u00f6\u00f6tab, ja aja jooksul kulumist.<\/p>\n<\/li>\n<li>\n<h3>Ohutus<\/h3>\n<p>Kopa silinder peab olema konstrueeritud nii, et see v\u00e4ldiks \u00f5nnetusi ja tagaks operaatori ohutuse kasutamise ajal.<\/p>\n<\/li>\n<li>\n<h3>Hooldatavus<\/h3>\n<p>Kopa silinder peab olema konstrueeritud nii, et seda oleks lihtne hooldada ja parandada, varuosad peavad olema kergesti k\u00e4ttesaadavad ja toote eluea pikendamiseks tuleb pakkuda taastamisteenuseid.<\/p>\n<p>      <img decoding=\"async\" src=\"https:\/\/www.hydraulic-cylinders.net\/wp-content\/uploads\/2025\/01\/songte-oil-pipes-and-spare-parts.webp\"\/>\n  <\/li>\n<\/ul>\n<h2>Tihendus ja m\u00e4\u00e4rimine<\/h2>\n<p>Kopasilindrites kasutatakse erinevat t\u00fc\u00fcpi tihendeid, n\u00e4iteks kolvitihendeid ja vardatihendeid, mis on valmistatud kulumiskindlatest materjalidest, n\u00e4iteks pol\u00fcuretaanist ja nitriilkummist. Silindri korpus ja keermestatud otsapind on peenelt t\u00f6\u00f6deldud, et parandada kulumiskindlust. N\u00f5uetekohase t\u00f6\u00f6 tagamiseks on vajalik ka regulaarne m\u00e4\u00e4rimine sobiva h\u00fcdraulika\u00f5liga.<\/p>\n<h2>Hooldus ja remont<\/h2>\n<p>Kopasilindrite regulaarsete hooldust\u00f6\u00f6de hulka kuuluvad kontrollimine, m\u00e4\u00e4rimine, tihendite vahetamine ja kalibreerimine. Optimaalse j\u00f5udluse tagamiseks on oluline \u00f5ige paigaldamine, m\u00e4\u00e4rimine ja reguleerimine. Silindri kinnitamiseks on soovitatav kasutada sobivaid paigaldusklambreid ja j\u00e4rgida soovitatud kontrolli-, remondi- ja vahetusprotseduure, et pikendada toote eluiga.<\/p>\n<p><img decoding=\"async\" src=\"https:\/\/www.hydraulic-cylinders.net\/wp-content\/uploads\/2025\/01\/songte-chushion-collar.webp\"\/><\/p>\n<h2>Ohutuskaalutlused ja keskkonnategurid<\/h2>\n<p>\u00c4mbriballoonide kasutamisel tuleb \u00f5nnetuste ja vigastuste v\u00e4ltimiseks rakendada n\u00f5uetekohaseid ohutusmeetmeid. Keskkonnategurid, nagu temperatuur, niiskus ja tolm, v\u00f5ivad samuti m\u00f5jutada ballooni j\u00f5udlust ja eluiga.<\/p>\n<p><img decoding=\"async\" src=\"https:\/\/hzpt.com\/wp-content\/uploads\/2024\/11\/songte-company-1.webp\"\/><\/p>\n<h2>Ettev\u00f5tte tutvustus<\/h2>\n<p>Oleme h\u00fcdrosilindrite tootja, pakkudes t\u00e4ielikku tootevalikut ning olles \u00fcks juhtivaid h\u00fcdrosilindrite tootjaid ja hulgim\u00fc\u00fcjaid nii sise- kui ka rahvusvahelistel turgudel. J\u00e4rgime suurep\u00e4rase kvaliteedi p\u00f5him\u00f5tteid ja tugineme peentootmist\u00f6\u00f6kodade t\u00f6\u00f6stusliku tootmise juhtimise strateegiale, t\u00e4iustame pidevalt oma tootmisplatvormi, t\u00e4iustame tootekvaliteediga tootmisliine ja omame tugevaid loomingulisi v\u00f5imeid. Rahuldame klientide mitmekesiseid vajadusi k\u00f5rge efektiivsuse, suure t\u00e4psuse ja k\u00f5rgete kvaliteedip\u00f5him\u00f5tetega.<\/p>\n<p>Meie ettev\u00f5te on p\u00fchendunud professionaalsete, rahvusvaheliselt sertifitseeritud ja kohandatud teenuste pakkumisele ning kasutame oma toodete kvaliteedi parandamiseks t\u00e4iustatud tootmisseadmeid ja professionaalseid kontrolls\u00fcsteeme. Pakume ka m\u00fc\u00fcgij\u00e4rgset teenindust, et tagada klientide rahulolu ja pikendada toodete eluiga.<\/p>\n<p><img decoding=\"async\" src=\"https:\/\/www.hydraulic-cylinders.net\/wp-content\/uploads\/2025\/01\/songte-company-3.webp\"\/><\/p>\n<p>Autor: lyl<\/p>","protected":false},"excerpt":{"rendered":"<p>Bucket Cylinder For Yanmar SV08-1A Introduction The bucket cylinder for Yanmar SV08-1A is a specially designed hydraulic cylinder used primarily to control the movement of the bucket in heavy machinery such as excavators, backhoe loaders, and front-end loaders. Its main function is to enable the bucket to lift, lower, and tilt, making it easier to [&hellip;]<\/p>","protected":false},"featured_media":14771,"comment_status":"open","ping_status":"closed","template":"","meta":{"_et_pb_use_builder":"","_et_pb_old_content":"","_et_gb_content_width":""},"product_brand":[],"product_cat":[1494],"product_tag":[1495,1496],"class_list":{"0":"post-15832","1":"product","2":"type-product","3":"status-publish","4":"has-post-thumbnail","6":"product_cat-bucket-cylinders","7":"product_tag-bucket-cylinders","8":"product_tag-hydraulic-cylinders","10":"first","11":"instock","12":"shipping-taxable","13":"product-type-simple"},"amp_enabled":true,"_links":{"self":[{"href":"https:\/\/www.hydraulic-cylinders.net\/et\/wp-json\/wp\/v2\/product\/15832","targetHints":{"allow":["GET"]}}],"collection":[{"href":"https:\/\/www.hydraulic-cylinders.net\/et\/wp-json\/wp\/v2\/product"}],"about":[{"href":"https:\/\/www.hydraulic-cylinders.net\/et\/wp-json\/wp\/v2\/types\/product"}],"replies":[{"embeddable":true,"href":"https:\/\/www.hydraulic-cylinders.net\/et\/wp-json\/wp\/v2\/comments?post=15832"}],"wp:featuredmedia":[{"embeddable":true,"href":"https:\/\/www.hydraulic-cylinders.net\/et\/wp-json\/wp\/v2\/media\/14771"}],"wp:attachment":[{"href":"https:\/\/www.hydraulic-cylinders.net\/et\/wp-json\/wp\/v2\/media?parent=15832"}],"wp:term":[{"taxonomy":"product_brand","embeddable":true,"href":"https:\/\/www.hydraulic-cylinders.net\/et\/wp-json\/wp\/v2\/product_brand?post=15832"},{"taxonomy":"product_cat","embeddable":true,"href":"https:\/\/www.hydraulic-cylinders.net\/et\/wp-json\/wp\/v2\/product_cat?post=15832"},{"taxonomy":"product_tag","embeddable":true,"href":"https:\/\/www.hydraulic-cylinders.net\/et\/wp-json\/wp\/v2\/product_tag?post=15832"}],"curies":[{"name":"wp","href":"https:\/\/api.w.org\/{rel}","templated":true}]}}