{"id":15833,"date":"2025-01-19T15:02:51","date_gmt":"2025-01-19T15:02:51","guid":{"rendered":"https:\/\/www.hydraulic-cylinders.net\/product\/bucket-cylinder-for-yanmar-vi030-6b\/"},"modified":"2025-01-19T15:02:57","modified_gmt":"2025-01-19T15:02:57","slug":"bucket-cylinder-for-yanmar-vi030-6b","status":"publish","type":"product","link":"https:\/\/www.hydraulic-cylinders.net\/et\/toode\/bucket-cylinder-for-yanmar-vi030-6b\/","title":{"rendered":"Kopa silinder Yanmar VI030-6B jaoks"},"content":{"rendered":"<h1>Kopa silinder Yanmar VI030-6B jaoks<\/h1>\n<h2>Sissejuhatus<\/h2>\n<p>Kopa silinder on spetsiaalselt loodud h\u00fcdrauliline silinder, mida kasutatakse peamiselt kopa liikumise juhtimiseks rasketes masinates, n\u00e4iteks ekskavaatorites, laadur-ekskavaatorites ja esilaadurites. Selle peamine \u00fclesanne on v\u00f5imaldada kopa t\u00f5stmist, langetamist ja kallutamist, h\u00f5lbustades mitmesuguseid materjali k\u00e4itlemise \u00fclesandeid. H\u00fcdraulilises s\u00fcsteemis juhib kopa silinder kopa t\u00e4pset liikumist h\u00fcdraulika\u00f5li r\u00f5hu muutuste kaudu, v\u00f5imaldades operaatoritel t\u00f5husalt k\u00e4sitseda raskeid esemeid ning kohaneda keerukate t\u00f6\u00f6keskkondade ja mitmekesiste t\u00f6\u00f6n\u00f5uetega.<\/p>\n<p><img decoding=\"async\" src=\"https:\/\/www.hydraulic-cylinders.net\/wp-content\/uploads\/2025\/01\/songte-company-2.webp\" \/><\/p>\n<h2>Omadused<\/h2>\n<ul>\n<li>Suur tugevus ja vastupidavus: Tavaliselt valmistatud \u00fclitugevast terasest v\u00f5i alumiiniumist, see talub k\u00f5rget r\u00f5hku ja suuri koormusi, kohaneb karmide t\u00f6\u00f6keskkondadega ning on konstrueeritud kulumiskindlaks ja korrosioonikindlaks pikema kasutusea tagamiseks.<\/li>\n<li>T\u00f5hus h\u00fcdrauliline t\u00f6\u00f6: H\u00fcdraulilise \u00f5li r\u00f5hu abil saavutatakse sujuvad pikendus- ja tagasit\u00f5mbeliigutused, kiire reageerimine t\u00f6\u00f6k\u00e4skudele ning v\u00f5imsad t\u00f5uke- ja t\u00f5mbej\u00f5ud, mis sobivad raskete koormate ja keerukate t\u00f6\u00f6\u00fclesannete k\u00e4sitlemiseks.<\/li>\n<li>Erinevad t\u00fc\u00fcbid: vastavalt t\u00f6\u00f6vajadustele saab valida \u00fchetoimelisi (h\u00fcdrauliliselt ainult \u00fches suunas) v\u00f5i kahetoimelisi (h\u00fcdrauliliselt m\u00f5lemas suunas) silindreid. M\u00f5ned mudelid on teleskoopilised, mis v\u00f5imaldavad suuremat pikendamist ilma v\u00e4lism\u00f5\u00f5tmeid suurendamata, sobides piiratud ruumiga rakenduste jaoks.<\/li>\n<li>Otsene asendamine: Meie tooted suudavad neid h\u00fcdrosilindreid ideaalselt asendada.<\/li>\n<\/ul>\n<p><img decoding=\"async\" src=\"https:\/\/www.hydraulic-cylinders.net\/wp-content\/uploads\/2025\/01\/songte-cylinder-head-with-all-kinds-excavator-models.webp\" \/><\/p>\n<h2>Rakendused<\/h2>\n<p>Kopasilindrit kasutatakse tavaliselt erinevates rasketehnika masinates, sealhulgas:<\/p>\n<h3>Ehitustehnika<\/h3>\n<ul>\n<li>Ekskavaatorid: Kopasilindrid saavutavad kaevamistoimingu, v\u00f5imaldades kopal pinnasesse tungida.<\/li>\n<li>Ekskavaator-ekskavaatorid: Kopa silinder on kasulik nii kaevamiseks kui ka t\u00f5stmiseks.<\/li>\n<li>Laadur: Esilaadurites aitavad need lasti t\u00f5husalt t\u00f5sta ja maha laadida.<\/li>\n<\/ul>\n<h3>P\u00f5llumajandustehnika<\/h3>\n<ul>\n<li>Esilaadurid: Kasutatakse mulla, heina ja muude materjalide k\u00fchveldamiseks, t\u00f5stmiseks ja transportimiseks.<\/li>\n<\/ul>\n<p>Iga rakendust kirjeldatakse allpool \u00fcksikasjalikumalt:<\/p>\n<h3>Ehitustehnika<\/h3>\n<p><strong>Ekskavaatorid:<\/strong> Kopasilindrid v\u00f5imaldavad ekskavaatoritel kaevata ja liigutada pinnast v\u00f5i prahti. Kopa silinder on tavaliselt paigaldatud noolele ja juhib kopa liikumist.<\/p>\n<p><strong>Ekskavaator-ekskavaatorid:<\/strong> Kopa silinder aitab kaevamis- ja t\u00f5stet\u00f6\u00f6del. See on kinnitatud poomi k\u00fclge ja juhib kopa liikumist.<\/p>\n<p><strong>Laadur:<\/strong> Esilaadurites aitavad kopasilindrid lasti t\u00f5husalt t\u00f5sta ja t\u00fchjendada. Silindrid on paigaldatud laaduri poomile ja juhivad kopa liikumist.<\/p>\n<h3>P\u00f5llumajandustehnika<\/h3>\n<p><strong>Esilaadurid:<\/strong> Kopa silindreid kasutatakse mulla, heina ja muude materjalide k\u00fchveldamiseks, t\u00f5stmiseks ja transportimiseks. Need on paigaldatud laaduri k\u00e4ele ja juhivad kopa liikumist.<\/p>\n<h2>Projekteerimiskaalutlused ja valikustandardid<\/h2>\n<p>Kopasilindri projekteerimisel on peamised kaalutlused j\u00e4rgmised:<\/p>\n<ul>\n<li>Kandev\u00f5ime<\/li>\n<li>Tihendusv\u00f5ime<\/li>\n<li>Vastupidavus<\/li>\n<li>Ohutus<\/li>\n<li>Hooldatavus<\/li>\n<\/ul>\n<p><img decoding=\"async\" src=\"https:\/\/www.hydraulic-cylinders.net\/wp-content\/uploads\/2025\/01\/songte-oil-pipes-and-spare-parts.webp\" \/><\/p>\n<p>Valiku standardid on j\u00e4rgmised:<\/p>\n<ul>\n<li>Ava l\u00e4bim\u00f5\u00f5t<\/li>\n<li>L\u00f6\u00f6gi pikkus<\/li>\n<li>T\u00f6\u00f6r\u00f5hk<\/li>\n<li>Kinnitusviis<\/li>\n<li>Pehmendus<\/li>\n<\/ul>\n<p>Silindri kandev\u00f5ime viitab maksimaalsele j\u00f5ule, mida see talub ilma deformatsiooni v\u00f5i kahjustusteta. Tihendusv\u00f5ime on kriitilise t\u00e4htsusega. Silinder peab s\u00e4ilitama stabiilse h\u00fcdraulilise r\u00f5hu, v\u00f5imaldades samal ajal sujuvat ja kiiret liikumist.<\/p>\n<p>Balloon peab olema vastupidav, suutma taluda pinget, korrosiooni, kulumist ja v\u00e4simust pikema aja jooksul. Ohutus on oluline kaalutlus, tagades, et balloon ei muutuks ohtlikuks ega kahjustaks operaatorit ega \u00fcmbritsevat keskkonda. L\u00f5puks on oluline hooldatavus, mis tagab, et ballooni saab h\u00f5lpsalt ja kiiresti lahti v\u00f5tta, parandada ja hooldada.<\/p>\n<h2>Tihendamine ja m\u00e4\u00e4rimine<\/h2>\n<p>Kopasilindris kasutatakse mitmesuguseid tihenduskomponente, n\u00e4iteks kolvitihendeid ja vardatihendeid, mis on valmistatud kulumiskindlatest materjalidest, n\u00e4iteks pol\u00fcuretaanist ja nitriilkummist. Silindri korpus ja keermestatud otsapinnad on peenelt t\u00f6\u00f6deldud, et parandada kulumiskindlust. N\u00f5uetekohase m\u00e4\u00e4rimise s\u00e4ilitamiseks on vaja regulaarselt lisada sobivat kogust h\u00fcdraulika\u00f5li.<\/p>\n<h2>Hooldus ja remont<\/h2>\n<p>Regulaarne hooldus ja remont on kopasilindri n\u00f5uetekohase toimimise tagamiseks \u00fcliolulised. Levinud hooldust\u00f6\u00f6de hulka kuuluvad regulaarne kontroll, asjakohane m\u00e4\u00e4rimine, tihendite vahetamine ja kalibreerimise kontrollimine. Silindri pikaealisuse tagamiseks on oluline \u00f5ige paigaldamine, m\u00e4\u00e4rimine ja reguleerimine. Paigaldamise ajal tuleks tagada \u00f5ige joondamine ja sobivate kinnitusklambrite kasutamine. Silindri eluea pikendamiseks on olulised soovituslikud kontrolli-, remondi- ja asendusprotseduurid, samuti osade vahetamise ja taastamise teenused.<\/p>\n<p><img decoding=\"async\" src=\"https:\/\/www.hydraulic-cylinders.net\/wp-content\/uploads\/2025\/01\/songte-chushion-collar.webp\" \/><\/p>\n<h2>Ohutus- ja keskkonnakaalutlused<\/h2>\n<p>Kopasilindri kasutamisel tuleb v\u00f5tta ohutusmeetmeid, et tagada seadmete ohutu ja t\u00f5hus kasutamine. Silindrit tohib kasutada ainult selle etten\u00e4htud mahutavuse piires ja j\u00e4rgida k\u00f5iki ohutusjuhiseid. H\u00fcdraulikavedeliku ja muude materjalide n\u00f5uetekohane k\u00f5rvaldamine on keskkonna kaitsmiseks oluline. Lekkeid ja mahavalgumist tuleks v\u00e4ltida ning j\u00e4rgida n\u00f5uetekohaseid puhastusprotseduure.<\/p>\n<h2>Veaotsing ja levinud probleemid<\/h2>\n<p>Kopasilindrite levinud probleemide hulka kuuluvad tihendi purunemine, leke ja silindri kahjustused. Veaotsingu n\u00e4pun\u00e4ited ja lahendused on olulised, et aidata lugejatel probleeme t\u00f5husalt diagnoosida ja lahendada. V\u00f5imalike probleemide minimeerimiseks tuleks rakendada ennetavaid meetmeid.<\/p>\n<p><img decoding=\"async\" src=\"https:\/\/www.hydraulic-cylinders.net\/wp-content\/uploads\/2025\/01\/songte-bushings-with-all-kinds-of-excavator-models.webp\" \/><\/p>\n<h2>Meie ettev\u00f5ttest<\/h2>\n<p>Oleme asendush\u00fcdrauliliste silindrite tootja, pakkudes t\u00e4ielikku tootevalikut ning olles \u00fcks juhtivaid h\u00fcdrauliliste silindrite tootjaid ja hulgim\u00fc\u00fcjaid nii sise- kui ka rahvusvahelistel turgudel. J\u00e4rgime tipptaseme p\u00f5him\u00f5tteid ja tugineme peentootmist\u00f6\u00f6kodades industrialiseeritud tootmise juhtimise strateegiale. Ettev\u00f5te t\u00e4iustab pidevalt t\u00f6\u00f6koja tootmisplatvormi, t\u00e4iustab tootekvaliteedi tootmisprotsessi ning omab tugevat tootmisv\u00f5imet, et rahuldada klientide mitmekesiseid vajadusi suure efektiivsuse, suure t\u00e4psuse ja k\u00f5rgete kvaliteedip\u00f5him\u00f5tetega.<\/p>\n<p>Pakume k\u00f5rget professionaalsust, rahvusvahelist sertifitseerimist, kohandatud teenuseid, tootmisseadmeid ja m\u00fc\u00fcgij\u00e4rgset teenindust. Meie ettev\u00f5ttel on ka p\u00f5hjalik kvaliteedikontrolli s\u00fcsteem, professionaalne tehniline meeskond, digitaalsed tipptasemel tootmisseadmed ja spetsiaalne kontrollis\u00fcsteem.<\/p>\n<p><img decoding=\"async\" src=\"https:\/\/hzpt.com\/wp-content\/uploads\/2024\/11\/songte-company-1.webp\" \/><\/p>\n<p>Autor: lyl<\/p>","protected":false},"excerpt":{"rendered":"<p>Bucket Cylinder For Yanmar VI030-6B Introduction The bucket cylinder is a specially designed hydraulic cylinder used primarily to control the movement of the bucket in heavy machinery such as excavators, backhoe excavators, and front-end loaders. Its main function is to enable the bucket to lift, lower, and tilt, facilitating various material handling tasks. In the [&hellip;]<\/p>","protected":false},"featured_media":14769,"comment_status":"open","ping_status":"closed","template":"","meta":{"_et_pb_use_builder":"","_et_pb_old_content":"","_et_gb_content_width":""},"product_brand":[],"product_cat":[1494],"product_tag":[1495,1496],"class_list":{"0":"post-15833","1":"product","2":"type-product","3":"status-publish","4":"has-post-thumbnail","6":"product_cat-bucket-cylinders","7":"product_tag-bucket-cylinders","8":"product_tag-hydraulic-cylinders","10":"first","11":"instock","12":"shipping-taxable","13":"product-type-simple"},"amp_enabled":true,"_links":{"self":[{"href":"https:\/\/www.hydraulic-cylinders.net\/et\/wp-json\/wp\/v2\/product\/15833","targetHints":{"allow":["GET"]}}],"collection":[{"href":"https:\/\/www.hydraulic-cylinders.net\/et\/wp-json\/wp\/v2\/product"}],"about":[{"href":"https:\/\/www.hydraulic-cylinders.net\/et\/wp-json\/wp\/v2\/types\/product"}],"replies":[{"embeddable":true,"href":"https:\/\/www.hydraulic-cylinders.net\/et\/wp-json\/wp\/v2\/comments?post=15833"}],"wp:featuredmedia":[{"embeddable":true,"href":"https:\/\/www.hydraulic-cylinders.net\/et\/wp-json\/wp\/v2\/media\/14769"}],"wp:attachment":[{"href":"https:\/\/www.hydraulic-cylinders.net\/et\/wp-json\/wp\/v2\/media?parent=15833"}],"wp:term":[{"taxonomy":"product_brand","embeddable":true,"href":"https:\/\/www.hydraulic-cylinders.net\/et\/wp-json\/wp\/v2\/product_brand?post=15833"},{"taxonomy":"product_cat","embeddable":true,"href":"https:\/\/www.hydraulic-cylinders.net\/et\/wp-json\/wp\/v2\/product_cat?post=15833"},{"taxonomy":"product_tag","embeddable":true,"href":"https:\/\/www.hydraulic-cylinders.net\/et\/wp-json\/wp\/v2\/product_tag?post=15833"}],"curies":[{"name":"wp","href":"https:\/\/api.w.org\/{rel}","templated":true}]}}