{"id":15834,"date":"2025-01-19T15:02:59","date_gmt":"2025-01-19T15:02:59","guid":{"rendered":"https:\/\/www.hydraulic-cylinders.net\/product\/bucket-cylinder-for-yanmar-vi35-6b\/"},"modified":"2025-01-19T15:03:01","modified_gmt":"2025-01-19T15:03:01","slug":"bucket-cylinder-for-yanmar-vi35-6b","status":"publish","type":"product","link":"https:\/\/www.hydraulic-cylinders.net\/et\/toode\/bucket-cylinder-for-yanmar-vi35-6b\/","title":{"rendered":"Kopa silinder Yanmar VI35-6B jaoks"},"content":{"rendered":"<h1>Kopa silinder Yanmar VI35-6B jaoks<\/h1>\n<h2>Sissejuhatus<\/h2>\n<p>Yanmar VI35-6B kopa silinder on spetsiaalne h\u00fcdrauliline silinder, mida kasutatakse peamiselt kopa liikumise juhtimiseks rasketes masinates, n\u00e4iteks ekskavaatorites, laadur-ekskavaatorites ja esilaadurites. Selle peamine \u00fclesanne on v\u00f5imaldada kopa t\u00f5stmist, langetamist ja kallutamist, muutes mitmesuguste materjalik\u00e4itlust\u00f6\u00f6de tegemise lihtsamaks. H\u00fcdraulikas\u00fcsteemis saavutab kopa silinder kopa liikumise t\u00e4pse juhtimise h\u00fcdraulika\u00f5li r\u00f5hu muutuste abil, v\u00f5imaldades operaatoritel raskeid esemeid t\u00f5husalt k\u00e4sitseda, kohandudes keerukate t\u00f6\u00f6keskkondade ja mitmekesiste t\u00f6\u00f6vajadustega.<\/p>\n<p><img decoding=\"async\" src=\"https:\/\/www.hydraulic-cylinders.net\/wp-content\/uploads\/2025\/01\/songte-company-2.webp\" alt=\"\u00c4mbri silinder\"><\/p>\n<h2>Omadused<\/h2>\n<ul>\n<li>\n<h3>Suur tugevus ja vastupidavus<\/h3>\n<p>Tavaliselt valmistatud \u00fclitugevast terasest v\u00f5i alumiiniumist, see talub k\u00f5rget r\u00f5hku ja suuri koormusi, kohaneb karmide t\u00f6\u00f6keskkondadega ning on loodud kulumiskindlust ja korrosioonikindlust silmas pidades, pikendades kasutusiga.<\/p>\n<\/li>\n<li>\n<h3>T\u00f5hus h\u00fcdrauliline t\u00f6\u00f6<\/h3>\n<p>Kasutades h\u00fcdraulika\u00f5li r\u00f5hku sujuva pikenemise ja kokkut\u00f5mbumise saavutamiseks, reageerib see kiiresti t\u00f6\u00f6k\u00e4skudele, pakkudes v\u00f5imsaid t\u00f5uke- ja t\u00f5mbej\u00f5ude, mis sobivad raskete esemete k\u00e4sitsemiseks ja keerukate t\u00f6\u00f6\u00fclesannete t\u00e4itmiseks.<\/p>\n<\/li>\n<li>\n<h3>Erinevad t\u00fc\u00fcbid<\/h3>\n<p>\u00dchetoimelisi (h\u00fcdraulilist juhtimist kasutatakse ainult \u00fches suunas) v\u00f5i kahetoimelisi (h\u00fcdraulilist juhtimist kasutatakse kahes suunas) silindreid saab valida vastavalt t\u00f6\u00f6vajadustele. M\u00f5ned mudelid on teleskoopilised, v\u00f5imaldades suuremat pikendamist ilma v\u00e4lism\u00f5\u00f5tmeid suurendamata, sobides piiratud ruumides kasutamiseks.<\/p>\n<\/li>\n<li>\n<h3>T\u00e4iuslik asendus<\/h3>\n<p>Meie toode on nende h\u00fcdrosilindrite ideaalne asendus ja me suudame neid t\u00f5husalt toota.<\/p>\n<\/li>\n<li>\n<h3>Taotlus<\/h3>\n<p>Kopasilindrit kasutatakse laialdaselt erinevates masinates, n\u00e4iteks ehitustehnikas, p\u00f5llumajandustehnikas, ekskavaatorites ja laadurites. <\/p>\n<\/li>\n<\/ul>\n<h2>Rakendused<\/h2>\n<h3>Ehitustehnika<\/h3>\n<p>Ekskavaatorites on kopa silinder oluline kaevamiseks, laadimiseks ja pinnase v\u00f5i prahi teisaldamiseks. Ekskavaatoritel aitab kopa silinder kaevamisel ja t\u00f5stmisel. Esilaaduritel aitab see kaupu t\u00f5husalt t\u00f5sta ja kallutada.<\/p>\n<h3>P\u00f5llumajandustehnika<\/h3>\n<p>Kopasilindrit kasutatakse esilaadurite jaoks, kopasilindrit kasutatakse mulla, heina ja muude materjalide k\u00fchveldamiseks, t\u00f5stmiseks ja transportimiseks.<\/p>\n<h3>Ekskavaatorid<\/h3>\n<p>Kopa silinder v\u00f5imaldab kopal pinnasesse tungida ja kaevet\u00f6id teha.<\/p>\n<h3>Laadurid<\/h3>\n<p>Esilaaduritel aitab kopa silinder kaupu t\u00f5husalt t\u00f5sta ja kallutada.<\/p>\n<h2>Projekteerimiskaalutlused ja valikukriteeriumid<\/h2>\n<ul>\n<li>\n<h3>Kandev\u00f5ime<\/h3>\n<p>Kopa silinder peaks taluma k\u00f5rget r\u00f5hku ja suuri koormusi, tagades selle sujuva ja ohutu t\u00f6\u00f6.<\/p>\n<\/li>\n<li>\n<h3>Tihendusomadused<\/h3>\n<p>Kopasilindril peavad olema suurep\u00e4rased tihendusomadused, et v\u00e4ltida \u00f5lilekkeid ja tagada selle n\u00f5uetekohane t\u00f6\u00f6.<\/p>\n<\/li>\n<li>\n<h3>Vastupidavus<\/h3>\n<p>Kopa silinder peaks olema vastupidav ning kulumis- ja korrosioonikindel, tagades selle pika kasutusea.<\/p>\n<\/li>\n<li>\n<h3>Turvaelemendid<\/h3>\n<p>Kopa silinder peaks olema varustatud ohutusfunktsioonidega, et tagada operaatori ja seadme ohutus.<\/p>\n<\/li>\n<li>\n<h3>Hooldus<\/h3>\n<p>Kopasilindrit peaks olema lihtne hooldada, lihtsate lahtiv\u00f5tmise ja kokkupaneku protseduuridega ning h\u00f5lpsa juurdep\u00e4\u00e4suga remondiosadele.<\/p>\n<\/li>\n<\/ul>\n<p><img decoding=\"async\" src=\"https:\/\/www.hydraulic-cylinders.net\/wp-content\/uploads\/2025\/01\/songte-oil-pipes-and-spare-parts.webp\" alt=\"Kopa silindri varuosad\"><\/p>\n<h2>Tihendus ja m\u00e4\u00e4rimine<\/h2>\n<p>Kopasilindris kasutatakse mitmesuguseid tihenduskomponente, n\u00e4iteks kolvitihendeid ja vardatihendeid, mis on valmistatud kulumiskindlatest materjalidest, n\u00e4iteks pol\u00fcuretaanist ja nitriilkummist. Silindri korpus ja keermestatud otsapinnad on peenelt t\u00f6\u00f6deldud, et parandada kulumiskindlust. Silindri n\u00f5uetekohase t\u00f6\u00f6 tagamiseks on vaja ka regulaarset m\u00e4\u00e4rimist.<\/p>\n<h2>Hooldus ja remont<\/h2>\n<p>Kopa silinder vajab regulaarset kontrolli ja ennetavat hooldust, mis h\u00f5lmab j\u00e4rgmist:<\/p>\n<ul>\n<li>Silindri korpuse v\u00f5i kolvivarda regulaarsed lekke v\u00f5i kahjustuste kontrollid<\/li>\n<li>K\u00f5igi liikuvate osade n\u00f5uetekohane m\u00e4\u00e4rimine<\/li>\n<li>Kulunud v\u00f5i kahjustatud tihendite vahetamine<\/li>\n<li>Kalibreerimiskontrollid n\u00f5uetekohase t\u00f6\u00f6 tagamiseks<\/li>\n<\/ul>\n<p><img decoding=\"async\" src=\"https:\/\/www.hydraulic-cylinders.net\/wp-content\/uploads\/2025\/01\/songte-chushion-collar.webp\" alt=\"Kopa silindri osad\"><\/p>\n<h2>Ohutuskaalutlused ja keskkonnategurid<\/h2>\n<p>Kopasilindri kasutamisel on oluline j\u00e4rgida k\u00f5iki ohutusn\u00f5udeid, et tagada operaatori ja seadmete ohutus. Keskkonnareostuse v\u00e4ltimiseks on vajalik ka h\u00fcdraulika\u00f5li n\u00f5uetekohane utiliseerimine.<\/p>\n<h2>Levinumad probleemid ja t\u00f5rkeotsing<\/h2>\n<p>Kopasilindri levinud probleemide hulka kuuluvad \u00f5lileke, ebapiisav j\u00f5ud ja ebanormaalsed helid. Veaotsing h\u00f5lmab probleemi allika tuvastamist ja sobivate remondi- v\u00f5i asendusprotseduuride m\u00e4\u00e4ramist.<\/p>\n<h2>Meie ettev\u00f5ttest<\/h2>\n<p>Oleme asendush\u00fcdrauliliste silindrite tootja, pakkudes t\u00e4ielikku tootevalikut, ning oleme saanud \u00fcheks juhtivaks h\u00fcdrosilindrite tootjaks ja hulgim\u00fc\u00fcjaks nii sise- kui ka rahvusvahelistel turgudel. J\u00e4rgime suurep\u00e4rase kvaliteedi p\u00f5him\u00f5tet ja tugineme peentootmist\u00f6\u00f6kodade industrialiseeritud tootmisjuhtimise strateegiale. T\u00e4iustame pidevalt t\u00f6\u00f6koja tootmisplatvormi, t\u00e4iustame tootekvaliteedi tootmisteed ning omame tugevat loomingulist v\u00f5imekust, et rahuldada klientide mitmekesiseid vajadusi suure efektiivsuse, suure t\u00e4psuse ja k\u00f5rgete kvaliteedip\u00f5him\u00f5tetega.<\/p>\n<h3>Meie tugevused<\/h3>\n<ul>\n<li>\n<h4>Professionaalsus<\/h4>\n<p>Meil on meeskond spetsialiste, kellel on kogemusi h\u00fcdrauliliste silindrite tootmise ja m\u00fc\u00fcgiga.<\/p>\n<\/li>\n<li>\n<h4>Rahvusvaheline sertifitseerimine<\/h4>\n<p>Meie tooted on l\u00e4binud rahvusvahelised sertifikaadid nagu ISO9001, CE ja ROHS.<\/p>\n<\/li>\n<li>\n<h4>Kohandamise teenused<\/h4>\n<p>Pakume kohandatud teenuseid, et rahuldada oma klientide erivajadusi.<\/p>\n<\/li>\n<li>\n<h4>Tootmisseadmed<\/h4>\n<p>Kasutame t\u00e4iustatud tootmisseadmeid, et tagada meie toodete k\u00f5rge kvaliteet.<\/p>\n<\/li>\n<li>\n<h4>M\u00fc\u00fcgij\u00e4rgne teenindus<\/h4>\n<p>Pakume igak\u00fclgset m\u00fc\u00fcgij\u00e4rgset teenindust, sealhulgas toodete hooldust, remonti ja vahetust.<\/p>\n<\/li>\n<\/ul>\n<p><img decoding=\"async\" src=\"https:\/\/hzpt.com\/wp-content\/uploads\/2024\/11\/songte-company-1.webp\" alt=\"Ettev\u00f5te\"><\/p>\n<p>Autor: lyl<\/p>","protected":false},"excerpt":{"rendered":"<p>Bucket Cylinder For Yanmar VI35-6B Introduction The bucket cylinder for Yanmar VI35-6B is a specialized hydraulic cylinder primarily used to control the movement of the bucket in heavy machinery such as excavators, backhoe excavators, and front-end loaders. Its main function is to enable the bucket to lift, lower, and tilt, making it easier to handle [&hellip;]<\/p>","protected":false},"featured_media":14765,"comment_status":"open","ping_status":"closed","template":"","meta":{"_et_pb_use_builder":"","_et_pb_old_content":"","_et_gb_content_width":""},"product_brand":[],"product_cat":[1494],"product_tag":[1495,1496],"class_list":{"0":"post-15834","1":"product","2":"type-product","3":"status-publish","4":"has-post-thumbnail","6":"product_cat-bucket-cylinders","7":"product_tag-bucket-cylinders","8":"product_tag-hydraulic-cylinders","10":"first","11":"instock","12":"shipping-taxable","13":"product-type-simple"},"amp_enabled":true,"_links":{"self":[{"href":"https:\/\/www.hydraulic-cylinders.net\/et\/wp-json\/wp\/v2\/product\/15834","targetHints":{"allow":["GET"]}}],"collection":[{"href":"https:\/\/www.hydraulic-cylinders.net\/et\/wp-json\/wp\/v2\/product"}],"about":[{"href":"https:\/\/www.hydraulic-cylinders.net\/et\/wp-json\/wp\/v2\/types\/product"}],"replies":[{"embeddable":true,"href":"https:\/\/www.hydraulic-cylinders.net\/et\/wp-json\/wp\/v2\/comments?post=15834"}],"wp:featuredmedia":[{"embeddable":true,"href":"https:\/\/www.hydraulic-cylinders.net\/et\/wp-json\/wp\/v2\/media\/14765"}],"wp:attachment":[{"href":"https:\/\/www.hydraulic-cylinders.net\/et\/wp-json\/wp\/v2\/media?parent=15834"}],"wp:term":[{"taxonomy":"product_brand","embeddable":true,"href":"https:\/\/www.hydraulic-cylinders.net\/et\/wp-json\/wp\/v2\/product_brand?post=15834"},{"taxonomy":"product_cat","embeddable":true,"href":"https:\/\/www.hydraulic-cylinders.net\/et\/wp-json\/wp\/v2\/product_cat?post=15834"},{"taxonomy":"product_tag","embeddable":true,"href":"https:\/\/www.hydraulic-cylinders.net\/et\/wp-json\/wp\/v2\/product_tag?post=15834"}],"curies":[{"name":"wp","href":"https:\/\/api.w.org\/{rel}","templated":true}]}}