{"id":15854,"date":"2025-01-19T15:04:45","date_gmt":"2025-01-19T15:04:45","guid":{"rendered":"https:\/\/www.hydraulic-cylinders.net\/product\/bucket-cylinder-for-yuchai-yc35-8\/"},"modified":"2025-01-19T15:04:47","modified_gmt":"2025-01-19T15:04:47","slug":"bucket-cylinder-for-yuchai-yc35-8","status":"publish","type":"product","link":"https:\/\/www.hydraulic-cylinders.net\/et\/toode\/bucket-cylinder-for-yuchai-yc35-8\/","title":{"rendered":"Kopa silinder Yuchai YC35-8 jaoks"},"content":{"rendered":"<p><!DOCTYPE html><br \/>\n<html><br \/>\n<head><br \/>\n<title>Kopa silinder Yuchai YC35-8 jaoks<\/title><br \/>\n<\/head><br \/>\n<body><\/p>\n<h1>Kopa silinder Yuchai YC35-8 jaoks<\/h1>\n<h2>Sissejuhatus<\/h2>\n<p>Yuchai YC35-8 kopa silinder on spetsiaalselt loodud h\u00fcdrauliline silinder, mida kasutatakse kopa liikumise juhtimiseks rasketes masinates, n\u00e4iteks ekskavaatorites, laadur-ekskavaatorites ja esilaadurites. Selle peamine \u00fclesanne on v\u00f5imaldada kopa t\u00f5stmist, langetamist ja kallutamist, h\u00f5lbustades mitmesuguseid materjali k\u00e4itlemise \u00fclesandeid. H\u00fcdraulilises s\u00fcsteemis saavutab kopa silinder kopa t\u00e4pse juhtimise h\u00fcdraulika\u00f5li r\u00f5humuutuste abil, v\u00f5imaldades operaatoritel t\u00f5husalt k\u00e4sitseda raskeid koormaid ning kohaneda keerukate t\u00f6\u00f6keskkondade ja mitmekesiste t\u00f6\u00f6n\u00f5uetega.<\/p>\n<p><img decoding=\"async\" src=\"https:\/\/www.hydraulic-cylinders.net\/wp-content\/uploads\/2025\/01\/songte-company-2.webp\" alt=\"\u00c4mbri silindri pilt\"><\/p>\n<h2>Omadused<\/h2>\n<ul>\n<li><strong>Suur tugevus ja vastupidavus:<\/strong> Tavaliselt valmistatud \u00fclitugevast terasest v\u00f5i alumiiniumist, talub see k\u00f5rget r\u00f5hku ja suuri koormusi, kohandudes karmide t\u00f6\u00f6keskkondadega. Projekteerimisel on arvestatud kulumiskindluse ja korrosioonikindlusega, pikendades kasutusiga.<\/li>\n<li><strong>T\u00f5hus h\u00fcdrauliline t\u00f6\u00f6:<\/strong> Kasutades h\u00fcdraulika\u00f5li r\u00f5hku sujuvate pikendus- ja tagasit\u00f5mbamisliigutuste saavutamiseks, reageerib see kiiresti juhtimisk\u00e4sklustele, pakkudes v\u00f5imsaid t\u00f5uke- ja t\u00f5mbej\u00f5ude raskete koormate ja keerukate \u00fclesannete k\u00e4sitsemiseks.<\/li>\n<li><strong>Erinevad t\u00fc\u00fcbid:<\/strong> Saadaval \u00fchetoimeliste (h\u00fcdrauliline r\u00f5hk \u00fches suunas) v\u00f5i kahetoimeliste (h\u00fcdrauliline r\u00f5hk m\u00f5lemas suunas) silindritega, et rahuldada erinevaid t\u00f6\u00f6vajadusi. M\u00f5ned mudelid on teleskoopilised, v\u00f5imaldades suuremat pikendust ilma v\u00e4lism\u00f5\u00f5tmeid suurendamata, sobides piiratud ruumiga rakenduste jaoks.<\/li>\n<li><strong>T\u00e4iuslik asendus:<\/strong> Meie tooted suudavad neid h\u00fcdrosilindreid ideaalselt asendada.<\/li>\n<\/ul>\n<p><img decoding=\"async\" src=\"https:\/\/www.hydraulic-cylinders.net\/wp-content\/uploads\/2025\/01\/songte-cylinder-head-with-all-kinds-excavator-models.webp\" alt=\"Asendussilindri pilt\"><\/p>\n<h2>Rakendused<\/h2>\n<p>Yuchai YC35-8 kopasilindrit saab kasutada erinevates seadmetes:<\/p>\n<ul>\n<li><strong>Ehitustehnika:<\/strong> Ekskavaatorites leiduvad silindrid on olulised kaevamisel, laadimisel ja pinnase v\u00f5i prahi teisaldamisel. Ekskavaator-laadurites abistab kopa silinder nii kaevamisel kui ka t\u00f5stmisel.<\/li>\n<li><strong>P\u00f5llumajandusmasinad:<\/strong> Kasutatakse esilaadurites mulla, heina ja muude materjalide kopeerimiseks, t\u00f5stmiseks ja transportimiseks.<\/li>\n<li><strong>Ekskavaatorid:<\/strong> Kopa silinder v\u00f5imaldab kaevamist, lastes kopal pinnasesse tungida.<\/li>\n<li><strong>Laadurid:<\/strong> Esilaadurites aitavad need lasti t\u00f5husalt t\u00f5sta ja kallutada.<\/li>\n<\/ul>\n<h2>Projekteerimiskaalutlused ja valikukriteeriumid<\/h2>\n<p>Silindriploki disaini ja valikukriteeriumide osas tuleks arvesse v\u00f5tta mitmeid tegureid:<\/p>\n<ul>\n<li><strong>Kandev\u00f5ime:<\/strong> Silinder peab suutma vastu pidada eeldatavatele koormustele ja r\u00f5hkudele.<\/li>\n<li><strong>Tihendus:<\/strong> N\u00f5uetekohane tihendamine on lekete v\u00e4ltimiseks ja optimaalse j\u00f5udluse s\u00e4ilitamiseks \u00fclioluline. Kasutatakse mitmesuguseid tihenduskomponente, n\u00e4iteks kolvitihendeid ja varrastihendeid, mis on valmistatud kulumiskindlatest materjalidest, n\u00e4iteks pol\u00fcuretaanist ja nitriilkummist.<\/li>\n<li><strong>Vastupidavus:<\/strong> Silindri konstruktsioon peaks olema vastupidav, et taluda n\u00f5udlikke t\u00f6\u00f6tingimusi ja tagada pikk kasutusiga.<\/li>\n<li><strong>Ohutus:<\/strong> \u00d5nnetuste v\u00e4ltimiseks ning operaatorite ja \u00fcmbritseva personali heaolu tagamiseks tuleks lisada ohutusfunktsioonid.<\/li>\n<li><strong>Hooldatavus:<\/strong> Seisakuaja minimeerimiseks ja silindri optimaalses t\u00f6\u00f6korras hoidmiseks on oluline hoolduse ja remondi jaoks lihtne juurdep\u00e4\u00e4s.<\/li>\n<\/ul>\n<p><img decoding=\"async\" src=\"https:\/\/www.hydraulic-cylinders.net\/wp-content\/uploads\/2025\/01\/songte-oil-pipes-and-spare-parts.webp\" alt=\"H\u00fcdraulilise silindri osade pilt\"><\/p>\n<h2>Tihendus ja m\u00e4\u00e4rimine<\/h2>\n<p>Kopasilindris kasutatakse mitmesuguseid tihenduskomponente, n\u00e4iteks kolvitihendeid ja vardatihendeid, mis on valmistatud kulumiskindlatest materjalidest, n\u00e4iteks pol\u00fcuretaanist ja nitriilkummist. Silindri korpus ja keermestatud otsapinnad on peenelt t\u00f6\u00f6deldud, et suurendada kulumiskindlust. Sujuva t\u00f6\u00f6 tagamiseks on vajalik regulaarne m\u00e4\u00e4rimine sobiva h\u00fcdraulika\u00f5liga.<\/p>\n<h2>Regulaarne kontroll ja ennetav hooldus<\/h2>\n<p>Kopasilindri optimaalse j\u00f5udluse ja pikaealisuse tagamiseks tuleks regulaarselt teha kontrolli ja ennetavat hooldust:<\/p>\n<ul>\n<li>Kontrollige kulumise, kahjustuste v\u00f5i lekete m\u00e4rke.<\/li>\n<li>M\u00e4\u00e4rige k\u00f5iki liikuvaid osi korralikult.<\/li>\n<li>Vajadusel vahetage tihendid v\u00e4lja.<\/li>\n<li>T\u00e4pse t\u00f6\u00f6 tagamiseks tehke kalibreerimiskontroll.<\/li>\n<\/ul>\n<p><img decoding=\"async\" src=\"https:\/\/www.hydraulic-cylinders.net\/wp-content\/uploads\/2025\/01\/songte-chushion-collar.webp\" alt=\"Padjakrae pilt\"><\/p>\n<h2>Ohutuskaalutlused ja keskkonnategurid<\/h2>\n<p>Kopasilindri kasutamisel on oluline j\u00e4rgida ohutusmeetmeid, et v\u00e4ltida \u00f5nnetusi ja tagada turvaline t\u00f6\u00f6keskkond. Ballooni kasutamisel tuleks rakendada ohutusmeetmeid.<\/p>\n<h2>Rikete diagnoosimine ja levinud probleemid<\/h2>\n<p>Mis tahes rikete korral on oluline need viivitamatult diagnoosida ja k\u00f5rvaldada. M\u00f5ned levinumad probleemid, mis v\u00f5ivad kopasilindriga esineda, on j\u00e4rgmised:<\/p>\n<ul>\n<li>H\u00fcdraulika\u00f5li leke<\/li>\n<li>Voolukatkestus v\u00f5i aeglane t\u00f6\u00f6<\/li>\n<li>Ebanormaalne m\u00fcra v\u00f5i vibratsioon<\/li>\n<\/ul>\n<p><img decoding=\"async\" src=\"https:\/\/www.hydraulic-cylinders.net\/wp-content\/uploads\/2025\/01\/songte-bushings-with-all-kinds-of-excavator-models.webp\" alt=\"Pukside pilt\"><\/p>\n<h2>Veaotsingu ja hoolduse n\u00e4pun\u00e4ited<\/h2>\n<p>T\u00f5husaks t\u00f5rkeotsinguks ja probleemide lahendamiseks v\u00f5ivad abiks olla j\u00e4rgmised n\u00e4pun\u00e4ited:<\/p>\n<ul>\n<li>Paigaldamise ajal juhised silindri \u00f5igeks joondamiseks.<\/li>\n<li>Silindri kinnitamiseks on soovitatav kasutada sobivaid kinnitusklambreid.<\/li>\n<li>N\u00f5ustage soovitatavate kontrolli-, remondi- ja asendusprotseduuride osas.<\/li>\n<li>Andke n\u00e4pun\u00e4iteid \u00e4mbrisilindri eluea pikendamiseks.<\/li>\n<\/ul>\n<h2>Meie ettev\u00f5te<\/h2>\n<p>Oleme asendush\u00fcdrauliliste silindrite tootja ning \u00fcks juhtivaid tootjaid ja hulgim\u00fc\u00fcjaid nii sise- kui ka rahvusvahelisel turul. Meie keerukates tootmist\u00f6\u00f6kodades j\u00e4rgime suurep\u00e4rase kvaliteedi p\u00f5him\u00f5tteid ja tugineme t\u00f6\u00f6stusliku tootmise juhtimise strateegiatele. Oma tehniliste annete, t\u00e4iustatud digitaalsete tootmisseadmete ja professionaalsete testimiss\u00fcsteemide abil t\u00e4iustame pidevalt oma tootmisplatvormi ja t\u00e4iustame tootekvaliteedi tootmisprotsessi. Meil \u200b\u200bon tugev loominguline v\u00f5imekus ja p\u00fc\u00fcame rahuldada klientide mitmekesiseid vajadusi suure t\u00f5hususega, t\u00e4psuse ja kvaliteediga.<\/p>\n<p><img decoding=\"async\" src=\"https:\/\/www.hydraulic-cylinders.net\/wp-content\/uploads\/2025\/01\/songte-company-3.webp\" alt=\"Ettev\u00f5tte kuvand\"><\/p>\n<p>Meie ettev\u00f5te on tuntud j\u00e4rgmiste omaduste poolest:<\/p>\n<ul>\n<li>Professionaalsus<\/li>\n<li>Rahvusvahelised sertifikaadid<\/li>\n<li>Kohandamise teenused<\/li>\n<li>T\u00e4iustatud tootmisseadmed<\/li>\n<li>M\u00fc\u00fcgij\u00e4rgne teenindus<\/li>\n<\/ul>\n<p>Autor: lyl<\/p>\n<p><\/body><br \/>\n<\/html><\/p>","protected":false},"excerpt":{"rendered":"<p>Bucket Cylinder For Yuchai YC35-8 Bucket Cylinder For Yuchai YC35-8 Introduction The bucket cylinder for Yuchai YC35-8 is a specially designed hydraulic cylinder used to control the movement of the bucket in heavy machinery such as excavators, backhoe loaders, and front-end loaders. Its main function is to enable the bucket to lift, lower, and tilt, [&hellip;]<\/p>","protected":false},"featured_media":14787,"comment_status":"open","ping_status":"closed","template":"","meta":{"_et_pb_use_builder":"","_et_pb_old_content":"","_et_gb_content_width":""},"product_brand":[],"product_cat":[1494],"product_tag":[1495,1496],"class_list":{"0":"post-15854","1":"product","2":"type-product","3":"status-publish","4":"has-post-thumbnail","6":"product_cat-bucket-cylinders","7":"product_tag-bucket-cylinders","8":"product_tag-hydraulic-cylinders","10":"first","11":"instock","12":"shipping-taxable","13":"product-type-simple"},"amp_enabled":true,"_links":{"self":[{"href":"https:\/\/www.hydraulic-cylinders.net\/et\/wp-json\/wp\/v2\/product\/15854","targetHints":{"allow":["GET"]}}],"collection":[{"href":"https:\/\/www.hydraulic-cylinders.net\/et\/wp-json\/wp\/v2\/product"}],"about":[{"href":"https:\/\/www.hydraulic-cylinders.net\/et\/wp-json\/wp\/v2\/types\/product"}],"replies":[{"embeddable":true,"href":"https:\/\/www.hydraulic-cylinders.net\/et\/wp-json\/wp\/v2\/comments?post=15854"}],"wp:featuredmedia":[{"embeddable":true,"href":"https:\/\/www.hydraulic-cylinders.net\/et\/wp-json\/wp\/v2\/media\/14787"}],"wp:attachment":[{"href":"https:\/\/www.hydraulic-cylinders.net\/et\/wp-json\/wp\/v2\/media?parent=15854"}],"wp:term":[{"taxonomy":"product_brand","embeddable":true,"href":"https:\/\/www.hydraulic-cylinders.net\/et\/wp-json\/wp\/v2\/product_brand?post=15854"},{"taxonomy":"product_cat","embeddable":true,"href":"https:\/\/www.hydraulic-cylinders.net\/et\/wp-json\/wp\/v2\/product_cat?post=15854"},{"taxonomy":"product_tag","embeddable":true,"href":"https:\/\/www.hydraulic-cylinders.net\/et\/wp-json\/wp\/v2\/product_tag?post=15854"}],"curies":[{"name":"wp","href":"https:\/\/api.w.org\/{rel}","templated":true}]}}