{"id":15859,"date":"2025-01-19T15:05:13","date_gmt":"2025-01-19T15:05:13","guid":{"rendered":"https:\/\/www.hydraulic-cylinders.net\/product\/bucket-cylinder-for-yuchai-yc13-8\/"},"modified":"2025-01-19T15:05:15","modified_gmt":"2025-01-19T15:05:15","slug":"bucket-cylinder-for-yuchai-yc13-8","status":"publish","type":"product","link":"https:\/\/www.hydraulic-cylinders.net\/et\/toode\/bucket-cylinder-for-yuchai-yc13-8\/","title":{"rendered":"Kopa silinder Yuchai YC13-8 jaoks"},"content":{"rendered":"<p><!DOCTYPE html><br \/>\n<html><\/p>\n<p><head><br \/>\n  <title>Kopa silinder Yuchai YC13-8 jaoks<\/title><br \/>\n<\/head><\/p>\n<p><body><\/p>\n<h1>Kopa silinder Yuchai YC13-8 jaoks<\/h1>\n<h2>Sissejuhatus<\/h2>\n<p>Kopa silinder on spetsiaalselt konstrueeritud h\u00fcdrauliline silinder, mida kasutatakse kopa liikumise juhtimiseks rasketes masinates, n\u00e4iteks ekskavaatorites, laadur-ekskavaatorites ja esilaadurites. Selle peamine \u00fclesanne on v\u00f5imaldada kopa t\u00f5stmist, langetamist ja kallutamist, muutes selle lihtsamaks mitmesuguste materjalik\u00e4itlust\u00f6\u00f6de jaoks. H\u00fcdraulilises s\u00fcsteemis saavutab kopa silinder kopa t\u00e4pse juhtimise, kasutades h\u00fcdraulika\u00f5li r\u00f5humuutusi, v\u00f5imaldades operaatoritel t\u00f5husalt k\u00e4sitseda raskeid koormaid ning kohaneda keerukate t\u00f6\u00f6keskkondade ja mitmekesiste t\u00f6\u00f6n\u00f5uetega.<\/p>\n<p>  <img decoding=\"async\" src=\"https:\/\/www.hydraulic-cylinders.net\/wp-content\/uploads\/2025\/01\/songte-company-2.webp\"><\/p>\n<h2>Omadused<\/h2>\n<ul>\n<li>Suur tugevus ja vastupidavus: Tavaliselt valmistatud \u00fclitugevast terasest v\u00f5i alumiiniumist, mis talub k\u00f5rget r\u00f5hku ja suuri koormusi ning kohandub karmide t\u00f6\u00f6keskkondadega. Projekteerimisel on arvesse v\u00f5etud kulumiskindlust ja korrosioonikindlust, pikendades kasutusiga.<\/li>\n<li>T\u00f5hus h\u00fcdrauliline t\u00f6\u00f6: H\u00fcdraulika\u00f5li r\u00f5hu kasutamine sujuva pikenemise ja kokkut\u00f5mbumise saavutamiseks, kiire reageerimine juhtimisk\u00e4sklustele, pakkudes v\u00f5imsaid t\u00f5uke- ja t\u00f5mbej\u00f5ude, mis sobivad raskete koormate ja keerukate t\u00f6\u00f6\u00fclesannete k\u00e4sitlemiseks.<\/li>\n<li>Erinevad t\u00fc\u00fcbid: Valida saab \u00fchetoimeliste (h\u00fcdrauliline \u00fches suunas) v\u00f5i kahetoimeliste (h\u00fcdrauliline m\u00f5lemas suunas) silindrite vahel vastavalt vajadusele, mis vastavad erinevatele t\u00f6\u00f6vajadustele. M\u00f5ned mudelid on teleskoopilised, v\u00f5imaldades suuremat pikendamist ilma v\u00e4lism\u00f5\u00f5tmeid suurendamata, sobides piiratud ruumiga rakenduste jaoks.<\/li>\n<\/ul>\n<p>  <img decoding=\"async\" src=\"https:\/\/www.hydraulic-cylinders.net\/wp-content\/uploads\/2025\/01\/songte-cylinder-head-with-all-kinds-excavator-models.webp\"><\/p>\n<h2>Rakendused<\/h2>\n<ul>\n<li>Ehitusmasinad: neid leidub ekskavaatorites ning need on olulised kaevamiseks, laadimiseks ja pinnase v\u00f5i prahi teisaldamiseks. Ekskavaatorlaadurites aitab kopa silinder nii kaevamisel kui ka t\u00f5stmisel.<\/li>\n<li>P\u00f5llumajandusmasinad: Kasutatakse esilaadurites mulla, heina ja muude materjalide k\u00fchveldamiseks, t\u00f5stmiseks ja transportimiseks.<\/li>\n<li>Ekskavaatorid: Kopa silinder v\u00f5imaldab kaevamist, lastes kopal pinnasesse tungida.<\/li>\n<li>Laadurid: Esilaadurites aitavad need lasti t\u00f5husalt t\u00f5sta ja kallutada.<\/li>\n<\/ul>\n<h2>Projekteerimiskaalutlused ja valikukriteeriumid<\/h2>\n<ul>\n<li>Kandev\u00f5ime: Arutage silindri v\u00f5imet taluda ja toetada kindlaksm\u00e4\u00e4ratud koormust.<\/li>\n<li>Tihendus: Uurige erinevate tihenduskomponentide, n\u00e4iteks kolvi- ja varrastihendite kasutamist, mis on valmistatud vastupidavatest materjalidest nagu pol\u00fcuretaan ja nitriilkummi. T\u00f5stke esile peenelt t\u00f6\u00f6deldud silindri korpuse ja keermestatud otspindade olulisust kulumiskindluse parandamiseks.<\/li>\n<li>Vastupidavus: Arutage ballooni pikaealisuse ja t\u00f6\u00f6kindluse tagamiseks projekteerimisel v\u00f5etud meetmeid.<\/li>\n<li>Ohutus: k\u00e4sitlege ohutuskaalutlusi, mida on arvesse v\u00f5etud projekteerimis- ja tootmisprotsessis.<\/li>\n<li>Hooldatavus: Arutage silindri hoolduse ja remondi lihtsust.<\/li>\n<\/ul>\n<p>  <img decoding=\"async\" src=\"https:\/\/www.hydraulic-cylinders.net\/wp-content\/uploads\/2025\/01\/songte-oil-pipes-and-spare-parts.webp\"><\/p>\n<h2>Tihendus ja m\u00e4\u00e4rimine<\/h2>\n<p>Kopasilindris kasutatakse mitmesuguseid tihendeid, n\u00e4iteks kolvitihendeid ja vardatihendeid, mis on valmistatud kulumiskindlatest materjalidest, nagu pol\u00fcuretaan ja nitriilkummi. Silindri korpus ja keermestatud otsapinnad on peenelt t\u00f6\u00f6deldud, et suurendada kulumiskindlust. Sujuva t\u00f6\u00f6 tagamiseks on vajalik regulaarne m\u00e4\u00e4rimine sobiva koguse h\u00fcdraulika\u00f5liga.<\/p>\n<h2>Ennetav hooldus ja kontroll<\/h2>\n<ul>\n<li>Regulaarne kontroll: R\u00f5hutage regulaarsete kontrollide olulisust v\u00f5imalike probleemide v\u00f5i kulumise tuvastamiseks.<\/li>\n<li>\u00d5ige m\u00e4\u00e4rimine: R\u00f5hutage \u00f5ige m\u00e4\u00e4rimise olulisust optimaalse j\u00f5udluse tagamiseks ja silindri eluea pikendamiseks.<\/li>\n<li>Seal Replacement: Provide guidance on when and how to replace seals to maintain the cylinder&#8217;s sealing effectiveness.<\/li>\n<li>Kalibreerimiskontroll: Arutage perioodiliste kalibreerimiskontrollide vajadust t\u00e4pse t\u00f6\u00f6 tagamiseks.<\/li>\n<\/ul>\n<p>  <img decoding=\"async\" src=\"https:\/\/www.hydraulic-cylinders.net\/wp-content\/uploads\/2025\/01\/songte-chushion-collar.webp\"><\/p>\n<h2>Ohutuskaalutlused ja keskkonnategurid<\/h2>\n<p>R\u00e4\u00e4gi ohutusmeetmete rakendamise olulisusest kopasilindri kasutamisel ja arvesta selle t\u00f6\u00f6 keskkonnam\u00f5juga.<\/p>\n<h2>Veaotsing ja levinud probleemid<\/h2>\n<p>Arutage levinud probleeme, mis v\u00f5ivad kopasilindri kasutamisel tekkida, ning pakkuge t\u00f5rkeotsingu n\u00e4pun\u00e4iteid ja lahendusi, mis aitavad lugejatel neid probleeme t\u00f5husalt diagnoosida ja lahendada. Samuti pakkuge v\u00e4lja ennetavaid meetmeid v\u00f5imalike probleemide minimeerimiseks.<\/p>\n<p>  <img decoding=\"async\" src=\"https:\/\/www.hydraulic-cylinders.net\/wp-content\/uploads\/2025\/01\/songte-bushings-with-all-kinds-of-excavator-models.webp\"><\/p>\n<h2>Meie ettev\u00f5ttest<\/h2>\n<p>Oleme asendush\u00fcdrauliliste silindrite tootja, pakkudes laia tootevalikut. Oleme saanud \u00fcheks juhtivaks h\u00fcdrosilindrite tootjaks ja hulgim\u00fc\u00fcjaks nii sise- kui ka rahvusvahelistel turgudel. Meie ettev\u00f5te j\u00e4rgib suurep\u00e4rase kvaliteedi ja t\u00f6\u00f6stusliku tootmise juhtimise p\u00f5him\u00f5tteid, tuginedes keerukale tootmist\u00f6\u00f6kojale, tehnilistele annetele, t\u00e4iustatud digitaalsetele tootmisseadmetele ja professionaalsetele testimiss\u00fcsteemidele. T\u00e4iustame pidevalt oma tootmisplatvormi ja tootekvaliteedi tootmisprotsessi ning omame tugevat innovatsiooniv\u00f5imekust. P\u00fc\u00fcame rahuldada klientide mitmekesiseid vajadusi suure efektiivsuse, t\u00e4psuse ja kvaliteediga.<\/p>\n<p>  <img decoding=\"async\" src=\"https:\/\/www.hydraulic-cylinders.net\/wp-content\/uploads\/2025\/01\/songte-company-3.webp\"><\/p>\n<p>Meie ettev\u00f5te paistab silma professionaalsuse, rahvusvaheliste sertifikaatide, eritellimusteenuste, tootmisseadmete ja m\u00fc\u00fcgij\u00e4rgse teeninduse poolest.<\/p>\n<h3>Professionaalsus<\/h3>\n<p>Meie meeskond koosneb spetsialistidest, kellel on ulatuslikud kogemused ja oskusteave h\u00fcdrauliliste silindrite tootmises. Oleme p\u00fchendunud kvaliteetsete toodete pakkumisele.<\/p>\n<h3>Rahvusvahelised sertifikaadid<\/h3>\n<p>Oleme omandanud mitmesuguseid rahvusvahelisi sertifikaate, mis tagavad meie toodete vastavuse k\u00f5rgeimatele kvaliteedi- ja ohutusstandarditele.<\/p>\n<h3>Kohandatud teenused<\/h3>\n<p>Pakume kliendi erivajadustele vastavaid lahendusi ja personaalset teenust vastavalt kliendi vajadustele.<\/p>\n<h3>Tootmisseadmed<\/h3>\n<p>Oleme investeerinud t\u00e4iustatud digitaalsetesse tootmisseadmetesse, mis v\u00f5imaldavad meil saavutada tootmises suurt efektiivsust ja t\u00e4psust.<\/p>\n<h3>M\u00fc\u00fcgij\u00e4rgne teenindus<\/h3>\n<p>Pakume oma toodete pikaealisuse tagamiseks igak\u00fclgset m\u00fc\u00fcgij\u00e4rgset teenindust, sealhulgas varuosi ja remonditeenuseid.<\/p>\n<p>Autor: lyl<\/p>\n<p><\/body><\/p>\n<p><\/html><\/p>","protected":false},"excerpt":{"rendered":"<p>Bucket Cylinder For Yuchai YC13-8 Bucket Cylinder For Yuchai YC13-8 Introduction The bucket cylinder is a specially designed hydraulic cylinder used to control the movement of the bucket in heavy machinery such as excavators, backhoe loaders, and front-end loaders. Its main function is to enable the lifting, lowering, and tilting of the bucket, making it [&hellip;]<\/p>","protected":false},"featured_media":14778,"comment_status":"open","ping_status":"closed","template":"","meta":{"_et_pb_use_builder":"","_et_pb_old_content":"","_et_gb_content_width":""},"product_brand":[],"product_cat":[1494],"product_tag":[1495,1496],"class_list":{"0":"post-15859","1":"product","2":"type-product","3":"status-publish","4":"has-post-thumbnail","6":"product_cat-bucket-cylinders","7":"product_tag-bucket-cylinders","8":"product_tag-hydraulic-cylinders","10":"first","11":"instock","12":"shipping-taxable","13":"product-type-simple"},"amp_enabled":true,"_links":{"self":[{"href":"https:\/\/www.hydraulic-cylinders.net\/et\/wp-json\/wp\/v2\/product\/15859","targetHints":{"allow":["GET"]}}],"collection":[{"href":"https:\/\/www.hydraulic-cylinders.net\/et\/wp-json\/wp\/v2\/product"}],"about":[{"href":"https:\/\/www.hydraulic-cylinders.net\/et\/wp-json\/wp\/v2\/types\/product"}],"replies":[{"embeddable":true,"href":"https:\/\/www.hydraulic-cylinders.net\/et\/wp-json\/wp\/v2\/comments?post=15859"}],"wp:featuredmedia":[{"embeddable":true,"href":"https:\/\/www.hydraulic-cylinders.net\/et\/wp-json\/wp\/v2\/media\/14778"}],"wp:attachment":[{"href":"https:\/\/www.hydraulic-cylinders.net\/et\/wp-json\/wp\/v2\/media?parent=15859"}],"wp:term":[{"taxonomy":"product_brand","embeddable":true,"href":"https:\/\/www.hydraulic-cylinders.net\/et\/wp-json\/wp\/v2\/product_brand?post=15859"},{"taxonomy":"product_cat","embeddable":true,"href":"https:\/\/www.hydraulic-cylinders.net\/et\/wp-json\/wp\/v2\/product_cat?post=15859"},{"taxonomy":"product_tag","embeddable":true,"href":"https:\/\/www.hydraulic-cylinders.net\/et\/wp-json\/wp\/v2\/product_tag?post=15859"}],"curies":[{"name":"wp","href":"https:\/\/api.w.org\/{rel}","templated":true}]}}