{"id":15875,"date":"2025-01-19T15:06:26","date_gmt":"2025-01-19T15:06:26","guid":{"rendered":"https:\/\/www.hydraulic-cylinders.net\/product\/bucket-cylinder-for-xinyuan-wheel-excavator-xy75w-8-9\/"},"modified":"2025-01-19T15:06:29","modified_gmt":"2025-01-19T15:06:29","slug":"bucket-cylinder-for-xinyuan-wheel-excavator-xy75w-8-9","status":"publish","type":"product","link":"https:\/\/www.hydraulic-cylinders.net\/et\/toode\/bucket-cylinder-for-xinyuan-wheel-excavator-xy75w-8-9\/","title":{"rendered":"Xinyuani ratasekskavaatori XY75W-8-9 kopa silinder"},"content":{"rendered":"<h1>Xinyuani ratasekskavaatori XY75W-8-9 kopa silinder<\/h1>\n<h2>Sissejuhatus<\/h2>\n<p>Kopa silinder on spetsiaalselt konstrueeritud h\u00fcdrauliline silinder, mida kasutatakse kopa liikumise juhtimiseks rasketes masinates, n\u00e4iteks ekskavaatorites, laadur-ekskavaatorites ja esilaadurites. Selle peamine \u00fclesanne on v\u00f5imaldada kopa t\u00f5stmist, langetamist ja kallutamist, et h\u00f5lbustada erinevate materjalide k\u00e4sitsemist. H\u00fcdraulilises s\u00fcsteemis saavutab kopa silinder kopa t\u00e4pse juhtimise h\u00fcdraulika\u00f5li r\u00f5hu muutmise abil, v\u00f5imaldades operaatoritel t\u00f5husalt k\u00e4sitseda raskeid koormaid ning kohaneda keerukate t\u00f6\u00f6keskkondade ja mitmekesiste t\u00f6\u00f6n\u00f5uetega.<\/p>\n<p><img decoding=\"async\" src=\"https:\/\/www.hydraulic-cylinders.net\/wp-content\/uploads\/2025\/01\/songte-company-2.webp\" alt=\"\u00c4mbri silinder\"><\/p>\n<h2>Omadused<\/h2>\n<ul>\n<li>Suur tugevus ja vastupidavus: Tavaliselt valmistatud \u00fclitugevast terasest v\u00f5i alumiiniumist, see talub k\u00f5rget r\u00f5hku ja suuri koormusi, kohaneb karmide t\u00f6\u00f6keskkondadega ning selle disain arvestab kulumiskindluse ja korrosioonikindlusega, et pikendada selle kasutusiga.<\/li>\n<li>T\u00f5hus h\u00fcdrauliline t\u00f6\u00f6: Sujuv pikendamine ja tagasit\u00f5mbamine saavutatakse h\u00fcdraulika\u00f5li r\u00f5hu abil, mis tagab v\u00f5imsa t\u00f5uke- ja t\u00f5mbej\u00f5u ning sobib raskete koormate ja keerukate t\u00f6\u00f6\u00fclesannete k\u00e4sitsemiseks.<\/li>\n<li>Mitu t\u00fc\u00fcpi: vastavalt t\u00f6\u00f6vajadustele saab valida \u00fchetoimelisi (h\u00fcdrauliliselt ainult \u00fches suunas) v\u00f5i kahetoimelisi (h\u00fcdrauliliselt m\u00f5lemas suunas) silindreid. M\u00f5ned mudelid on teleskoopilised, v\u00f5imaldades suuremat pikendust ilma v\u00e4lism\u00f5\u00f5tmeid suurendamata, sobides piiratud ruumiga rakenduste jaoks. <\/li>\n<li>T\u00e4iuslik asendus: Meie tooted suudavad neid h\u00fcdrosilindreid ideaalselt asendada. <\/li>\n<\/ul>\n<p><img decoding=\"async\" src=\"https:\/\/www.hydraulic-cylinders.net\/wp-content\/uploads\/2025\/01\/songte-cylinder-head-with-all-kinds-excavator-models.webp\" alt=\"Toode\"><\/p>\n<h2>Rakendused<\/h2>\n<p>Kopa silinder on oluline pinnase v\u00f5i prahi kaevamiseks, laadimiseks ja teisaldamiseks ehitusmasinates. Ekskavaatoritel aitavad kopa silindrid kaevamisel ja t\u00f5stmisel. P\u00f5llumajandusmasinates kasutatakse neid esilaaduritel pinnase, heina ja muude materjalide kaevamiseks, t\u00f5stmiseks ja transportimiseks. Ekskavaatorites saavutavad kopa silindrid kaevamistoimingud, v\u00f5imaldades kopal pinnasesse tungida. Esilaadurites aitavad need kaupu t\u00f5husalt t\u00f5sta ja t\u00fchjendada.<\/p>\n<h2>Projekteerimiskaalutlused ja valikukriteeriumid<\/h2>\n<ul>\n<li>Kandev\u00f5ime: Sobiva silindri valimisel tuleks arvestada silindri kandev\u00f5imega.<\/li>\n<li>Tihendus: Kasutada tuleks mitmesuguseid tihenduskomponente, n\u00e4iteks kolvitihendeid ja varrastihendeid. Tihenduskomponendid peaksid olema valmistatud kulumiskindlatest materjalidest, n\u00e4iteks pol\u00fcuretaanist ja nitriilkummist. Silindri korpused ja keermestatud otsapinnad tuleks kulumiskindluse parandamiseks peenelt t\u00f6\u00f6delda ning m\u00e4\u00e4rimiseks tuleks regulaarselt lisada h\u00fcdraulika\u00f5li.<\/li>\n<li>Vastupidavus: Silindri vastupidavuse tagamiseks tuleks selle konstruktsioonile p\u00f6\u00f6rata t\u00e4helepanu. See peaks olema valmistatud \u00fclitugevatest ja vastupidavatest materjalidest, et see oleks vastupidav kulumisele, korrosioonile ja muudele keskkonnateguritele.<\/li>\n<li>Ohutus: Ohutus peaks olema projekteerimisel ja valikul p\u00f5hiline kaalutlus. Ballooni tuleks projekteerida ja valida ohutuks kasutamiseks ning arvesse tuleks v\u00f5tta asjakohaseid ohutusmeetmeid.<\/li>\n<li>Hooldus: Balloonide projekteerimisel ja valikul tuleks arvestada hooldusega. Balloonid peaksid olema konstrueeritud nii, et neid oleks lihtne hooldada ja parandada, ning ballooni kasutusea pikendamiseks tuleks teha plaanip\u00e4rast hooldust.<\/li>\n<\/ul>\n<p><img decoding=\"async\" src=\"https:\/\/www.hydraulic-cylinders.net\/wp-content\/uploads\/2025\/01\/songte-oil-pipes-and-spare-parts.webp\" alt=\"Toode\"><\/p>\n<h2>Hooldus ja paigaldus<\/h2>\n<p>J\u00e4rgnevalt on toodud kolm tavalist hooldus\u00fclesannet:<\/p>\n<ol>\n<li>Regulaarne kontroll<\/li>\n<li>\u00d5ige m\u00e4\u00e4rimine<\/li>\n<li>Tihendi vahetamine ja kalibreerimise kontroll<\/li>\n<\/ol>\n<p>Kopasilindri pikaealisuse tagamiseks on oluline \u00f5ige paigaldamine, m\u00e4\u00e4rimine ja reguleerimine. Paigaldamise ajal tuleks j\u00e4lgida silindri \u00f5iget joondamist ja silindri kinnitamiseks tuleks kasutada sobivaid paigaldusklambreid. Toote kasutusea pikendamiseks tuleks j\u00e4rgida soovitatud kontrolli-, remondi- ja asendusprotseduure ning pakkuda taastamisteenuseid.<\/p>\n<p><img decoding=\"async\" src=\"https:\/\/www.hydraulic-cylinders.net\/wp-content\/uploads\/2025\/01\/songte-chushion-collar.webp\" alt=\"Toode\"><\/p>\n<h2>Ohutus- ja keskkonnakaalutlused<\/h2>\n<p>Kopasilindri k\u00e4itamisel tuleks \u00f5nnetuste v\u00e4ltimiseks ja ohutute t\u00f6\u00f6meetodite tagamiseks v\u00f5tta n\u00f5uetekohaseid ohutusmeetmeid. Ballooni valimisel ja k\u00e4itamisel tuleks negatiivse keskkonnam\u00f5ju minimeerimiseks arvestada ka keskkonnateguritega.<\/p>\n<h2>Diagnoos ja t\u00f5rkeotsing<\/h2>\n<p>J\u00e4rgnevalt on toodud m\u00f5ned levinud probleemid, mis v\u00f5ivad kopasilindri kasutamisel tekkida:<\/p>\n<ul>\n<li>Tihendi rike<\/li>\n<li>Liigne leke<\/li>\n<li>V\u00e4henenud t\u00f6\u00f6 efektiivsus<\/li>\n<\/ul>\n<p>Probleemide t\u00f5husaks diagnoosimiseks ja lahendamiseks tuleks pakkuda t\u00f5rkeotsingu n\u00e4pun\u00e4iteid ja lahendusi ning v\u00f5imalike probleemide minimeerimiseks tuleks v\u00f5tta ennetavaid meetmeid.<\/p>\n<p><img decoding=\"async\" src=\"https:\/\/www.hydraulic-cylinders.net\/wp-content\/uploads\/2025\/01\/songte-bushings-with-all-kinds-of-excavator-models.webp\" alt=\"Toode\"><\/p>\n<h2>Meie ettev\u00f5ttest<\/h2>\n<p>Oleme olemasolevaid silindreid asendavate h\u00fcdrauliliste silindrite tootja. Meie ettev\u00f5te pakub t\u00e4ielikku tootevalikut ning on saanud \u00fcheks juhtivaks h\u00fcdrauliliste silindrite tootjaks ja hulgim\u00fc\u00fcjaks nii sise- kui ka v\u00e4listurul. Keskendume suurep\u00e4rasele kvaliteedile, tugineme keeruka tootmist\u00f6\u00f6koja industrialiseeritud tootmisjuhtimise strateegiale, t\u00e4iustame pidevalt t\u00f6\u00f6koja tootmisplatvormi, t\u00e4iustame oma toodete kvaliteetset tootmisprotsessi ning oleme v\u00e4ga loovad. P\u00fc\u00fcame rahuldada oma klientide mitmekesiseid vajadusi, j\u00e4rgides k\u00f5rge efektiivsuse, suure t\u00e4psuse ja k\u00f5rge kvaliteedi p\u00f5him\u00f5tteid.<\/p>\n<p><img decoding=\"async\" src=\"https:\/\/hzpt.com\/wp-content\/uploads\/2024\/11\/songte-company-1.webp\" alt=\"Ettev\u00f5te\"><\/p>\n<h3>Professionaalsus<\/h3>\n<p>Oleme professionaalide meeskond, kes on p\u00fchendunud pakkuma oma klientidele suurep\u00e4raseid tooteid ja teenuseid. Meie meeskonda kuuluvad insenerid, tehnikud ja teised oskuslikud spetsialistid, kes t\u00f6\u00f6tavad k\u00f5vasti selle nimel, et meie tooted vastaksid k\u00f5rgeimatele kvaliteedi- ja t\u00f6\u00f6kindluse standarditele.<\/p>\n<h3>Rahvusvahelised sertifikaadid<\/h3>\n<p>Meie ettev\u00f5te on omandanud mitmesuguseid rahvusvahelisi sertifikaate, sealhulgas ISO9001, CE ja teised, et tagada meie toodete vastavus k\u00f5rgeimatele rahvusvahelistele standarditele.<\/p>\n<h3>Kohandamise teenused<\/h3>\n<p>Pakume klientide ainulaadsete vajaduste rahuldamiseks kohandamisteenuseid. Teeme klientidega koost\u00f6\u00f6d, et kavandada ja toota h\u00fcdraulilisi silindreid, mis vastavad nende konkreetsetele n\u00f5uetele ja vajadustele.<\/p>\n<h3>Tootmisseadmed<\/h3>\n<p>Meie ettev\u00f5te on investeerinud suuresti t\u00e4iustatud tootmisseadmetesse, et tagada kvaliteetsete h\u00fcdrosilindrite kiire ja t\u00f5hus tootmine.<\/p>\n<h3>M\u00fc\u00fcgij\u00e4rgne teenindus<\/h3>\n<p>Pakume suurep\u00e4rast m\u00fc\u00fcgij\u00e4rgset teenindust, et tagada meie klientide rahulolu meie toodetega. Pakume tehnilist tuge, hooldust, remonti ja taastamisteenuseid, et aidata oma klientidel meie toodetest maksimumi v\u00f5tta.<\/p>\n<p>Autor: lyl.<\/p>","protected":false},"excerpt":{"rendered":"<p>Bucket Cylinder For Xinyuan Wheel Excavator XY75W-8-9 Introduction A bucket cylinder is a specially designed hydraulic cylinder used to control the movement of a bucket in heavy machinery such as excavators, backhoe excavators, and front-end loaders. Its main function is to enable the bucket to lift, lower, and tilt for easy handling of various materials. [&hellip;]<\/p>","protected":false},"featured_media":14776,"comment_status":"open","ping_status":"closed","template":"","meta":{"_et_pb_use_builder":"","_et_pb_old_content":"","_et_gb_content_width":""},"product_brand":[],"product_cat":[1494],"product_tag":[1495,1496],"class_list":{"0":"post-15875","1":"product","2":"type-product","3":"status-publish","4":"has-post-thumbnail","6":"product_cat-bucket-cylinders","7":"product_tag-bucket-cylinders","8":"product_tag-hydraulic-cylinders","10":"first","11":"instock","12":"shipping-taxable","13":"product-type-simple"},"amp_enabled":true,"_links":{"self":[{"href":"https:\/\/www.hydraulic-cylinders.net\/et\/wp-json\/wp\/v2\/product\/15875","targetHints":{"allow":["GET"]}}],"collection":[{"href":"https:\/\/www.hydraulic-cylinders.net\/et\/wp-json\/wp\/v2\/product"}],"about":[{"href":"https:\/\/www.hydraulic-cylinders.net\/et\/wp-json\/wp\/v2\/types\/product"}],"replies":[{"embeddable":true,"href":"https:\/\/www.hydraulic-cylinders.net\/et\/wp-json\/wp\/v2\/comments?post=15875"}],"wp:featuredmedia":[{"embeddable":true,"href":"https:\/\/www.hydraulic-cylinders.net\/et\/wp-json\/wp\/v2\/media\/14776"}],"wp:attachment":[{"href":"https:\/\/www.hydraulic-cylinders.net\/et\/wp-json\/wp\/v2\/media?parent=15875"}],"wp:term":[{"taxonomy":"product_brand","embeddable":true,"href":"https:\/\/www.hydraulic-cylinders.net\/et\/wp-json\/wp\/v2\/product_brand?post=15875"},{"taxonomy":"product_cat","embeddable":true,"href":"https:\/\/www.hydraulic-cylinders.net\/et\/wp-json\/wp\/v2\/product_cat?post=15875"},{"taxonomy":"product_tag","embeddable":true,"href":"https:\/\/www.hydraulic-cylinders.net\/et\/wp-json\/wp\/v2\/product_tag?post=15875"}],"curies":[{"name":"wp","href":"https:\/\/api.w.org\/{rel}","templated":true}]}}