{"id":15878,"date":"2025-01-19T15:06:38","date_gmt":"2025-01-19T15:06:38","guid":{"rendered":"https:\/\/www.hydraulic-cylinders.net\/product\/bucket-cylinder-for-volwa-small-excavator-dls160-8b-9\/"},"modified":"2025-01-19T15:06:40","modified_gmt":"2025-01-19T15:06:40","slug":"bucket-cylinder-for-volwa-small-excavator-dls160-8b-9","status":"publish","type":"product","link":"https:\/\/www.hydraulic-cylinders.net\/et\/toode\/bucket-cylinder-for-volwa-small-excavator-dls160-8b-9\/","title":{"rendered":"Kopa silinder Volwa v\u00e4ikeekskavaatorile DLS160-8B-9"},"content":{"rendered":"<h1>Kopa silinder Volwa v\u00e4ikeekskavaatorile DLS160-8B-9<\/h1>\n<h2>Sissejuhatus<\/h2>\n<p>Volvo v\u00e4ikeekskavaatori DLS160-8B-9 kopa silinder on spetsiaalselt loodud h\u00fcdrauliline silinder, mida kasutatakse peamiselt kopa liikumise juhtimiseks rasketes masinates, n\u00e4iteks ekskavaatorites, laadur-ekskavaatorites ja esilaadurites. Selle peamine \u00fclesanne on v\u00f5imaldada kopa t\u00f5stmist, langetamist ja kallutamist, muutes mitmesuguste materjalik\u00e4itlust\u00f6\u00f6de tegemise lihtsamaks. H\u00fcdraulikas\u00fcsteemis saavutab kopa silinder kopa t\u00e4pse juhtimise h\u00fcdraulika\u00f5li r\u00f5hu muutmise abil, v\u00f5imaldades operaatoritel t\u00f5husalt k\u00e4sitseda raskeid koormaid ning kohaneda keerukate t\u00f6\u00f6keskkondade ja mitmekesiste t\u00f6\u00f6n\u00f5uetega.<\/p>\n<p><img decoding=\"async\" src=\"https:\/\/www.hydraulic-cylinders.net\/wp-content\/uploads\/2025\/01\/songte-company-2.webp\" alt=\"\u00c4mbri silindri pilt\"><\/p>\n<h2>Omadused<\/h2>\n<ul>\n<li>Suur tugevus ja vastupidavus: tavaliselt valmistatud \u00fclitugevast terasest v\u00f5i alumiiniumist, talub k\u00f5rget r\u00f5hku ja suuri koormusi, sobib karmidesse t\u00f6\u00f6keskkondadesse, on konstrueeritud kulumiskindlust ja korrosioonikindlust silmas pidades ning pikendatud kasutusiga.<\/li>\n<li>T\u00f5hus h\u00fcdrauliline t\u00f6\u00f6: kasutab sujuvate pikendus- ja tagasit\u00f5mbamisliigutuste saavutamiseks h\u00fcdraulika\u00f5li r\u00f5hku, reageerib kiiresti juhtimisk\u00e4sklustele, pakub v\u00f5imsaid t\u00f5uke- ja t\u00f5mbej\u00f5ude ning sobib raskete koormate ja keerukate t\u00f6\u00f6\u00fclesannete k\u00e4sitsemiseks.<\/li>\n<li>Erinevad t\u00fc\u00fcbid: vastavalt vajadusele saab valida \u00fchetoimeliste (h\u00fcdrauliline ainult \u00fches suunas) v\u00f5i kahetoimeliste (h\u00fcdrauliline m\u00f5lemas suunas) silindrite vahel ning m\u00f5ned mudelid on teleskoopilised, v\u00f5imaldades suuremat pikendamist ilma v\u00e4lism\u00f5\u00f5tmeid suurendamata, sobides piiratud ruumiga rakenduste jaoks.<\/li>\n<li>Otsene asendamine: meie toode saab neid h\u00fcdrosilindreid ideaalselt asendada.<\/li>\n<\/ul>\n<p><img decoding=\"async\" src=\"https:\/\/www.hydraulic-cylinders.net\/wp-content\/uploads\/2025\/01\/songte-cylinder-head-with-all-kinds-excavator-models.webp\" alt=\"Otsene asenduspilt\"><\/p>\n<h2>Rakendused<\/h2>\n<p>Volvo v\u00e4ikeekskavaatori DLS160-8B-9 kopasilindril on lai valik rakendusi, sealhulgas, kuid mitte ainult:<\/p>\n<ul>\n<li>Ehitusmasinad: ekskavaatorites on need kriitilise t\u00e4htsusega pinnase v\u00f5i prahi kaevamisel, laadimisel ja teisaldamisel. Ekskavaator-laadurites aitavad kopasilindrid nii kaevamis- kui ka t\u00f5stet\u00f6\u00f6del.<\/li>\n<li>P\u00f5llumajandusmasinad: kasutatakse esilaadurites pinnase, heina ja muude materjalide kaevamiseks, t\u00f5stmiseks ja transportimiseks. Ekskavaatorites v\u00f5imaldavad kopasilindrid kaevamist, lastes kopal pinnasesse tungida.<\/li>\n<li>Laadur: esilaadurites aitavad need kaupu t\u00f5husalt t\u00f5sta ja kallutada.<\/li>\n<\/ul>\n<h2>Projekteerimiskaalutlused ja valikukriteeriumid<\/h2>\n<p>Volvo v\u00e4ikeekskavaatori DLS160-8B-9 kopa silinder on konstrueeritud mitmeid kaalutlusi silmas pidades, sealhulgas:<\/p>\n<ul>\n<li>Kandev\u00f5ime: silinder peab suutma taluda k\u00f5rget r\u00f5hku ja suuri koormusi.<\/li>\n<li>Tihendus: \u00f5lilekke v\u00e4ltimiseks ja r\u00f5hu s\u00e4ilitamiseks kasutatakse mitmesuguseid tihenduskomponente, n\u00e4iteks kolvitihendeid ja varrastihendeid.<\/li>\n<li>Vastupidavus: balloon peab olema konstrueeritud taluma karme t\u00f6\u00f6tingimusi, sealhulgas kulumis- ja korrosioonikindlust.<\/li>\n<li>Ohutus: silindri konstruktsiooni on lisatud ohutusfunktsioonid \u00f5nnetuste v\u00e4ltimiseks ja operaatorite kaitsmiseks.<\/li>\n<li>Hooldatavus: silindrit peaks olema lihtne hooldada ja parandada, sealhulgas komponentide lihtne lahtiv\u00f5tmine ja vahetamine.<\/li>\n<\/ul>\n<p><img decoding=\"async\" src=\"https:\/\/www.hydraulic-cylinders.net\/wp-content\/uploads\/2025\/01\/songte-oil-pipes-and-spare-parts.webp\" alt=\"Kujunduskaalutluste pilt\"><\/p>\n<h2>Tihendus ja m\u00e4\u00e4rimine<\/h2>\n<p>Volvo v\u00e4ikeekskavaatori DLS160-8B-9 kopa silinder on varustatud erinevate tihenduskomponentidega, et v\u00e4ltida \u00f5lilekkeid ja s\u00e4ilitada r\u00f5hku. Kolvitihend ja vardatihend on valmistatud kulumiskindlatest materjalidest, nagu pol\u00fcuretaan ja nitriilkummi. Silindri korpus ja keermestatud otsapind on peenelt t\u00f6\u00f6deldud, et parandada kulumiskindlust. M\u00e4\u00e4rimise tagamiseks on vaja regulaarselt lisada sobivat h\u00fcdraulika\u00f5li.<\/p>\n<h2>Hooldus ja remont<\/h2>\n<p>Kopasilindri n\u00f5uetekohase toimimise tagamiseks ja kasutusea pikendamiseks on vaja regulaarset kontrolli ja ennetavaid hooldusmeetmeid. J\u00e4rgmisi \u00fclesandeid tuleks regulaarselt teha:<\/p>\n<ul>\n<li>Regulaarne kontroll: kontrollige regulaarselt lekete, kulumise ja korrosiooni suhtes.<\/li>\n<li>N\u00f5uetekohane m\u00e4\u00e4rimine: veenduge, et silinder oleks h\u00e4sti m\u00e4\u00e4ritud, et v\u00e4ltida kulumist.<\/li>\n<li>Tihendi vahetamine: lekete v\u00e4ltimiseks vahetage kulunud v\u00f5i kahjustatud tihendid v\u00e4lja.<\/li>\n<li>Kalibreerimise kontroll: kontrollige regulaarselt silindri kalibreerimist, et tagada \u00f5ige r\u00f5hk ja j\u00f5ud.<\/li>\n<\/ul>\n<p>Kopasilindri korrektseks toimimiseks on oluline \u00f5ige paigaldus. Soovitatav on silinder \u00f5igesti joondada ja kinnitamiseks kasutada sobivaid kinnitusklambreid. \u00d5ige paigaldus, m\u00e4\u00e4rimine ja reguleerimine on silindri eluea pikendamiseks \u00fcliolulised. Silindri pikaealisuse suurendamiseks on saadaval ka osade vahetamine ja taastamisteenused.<\/p>\n<p><img decoding=\"async\" src=\"https:\/\/www.hydraulic-cylinders.net\/wp-content\/uploads\/2025\/01\/songte-chushion-collar.webp\" alt=\"Hooldus- ja remondipilt\"><\/p>\n<h2>Ohutuskaalutlused ja keskkonnategurid<\/h2>\n<p>Kopasilindri kasutamisel on \u00fcliolulised ohutusmeetmed, sealhulgas n\u00f5uetekohane paigaldamine, hooldus ja kasutamine. \u00d5nnetuste v\u00e4ltimiseks ja operaatori ohutuse tagamiseks on vaja j\u00e4rgida ohutusjuhiseid ja -eeskirju. Keskkonnategurid, nagu temperatuur ja niiskus, m\u00f5jutavad silindri j\u00f5udlust ning neid tuleks silindri valimisel ja kasutamisel arvesse v\u00f5tta.<\/p>\n<h2>Veaotsing ja levinud probleemid<\/h2>\n<p>Kopasilindril v\u00f5ib esineda probleeme, n\u00e4iteks lekkeid, kulumist v\u00f5i talitlush\u00e4ireid. Regulaarne kontroll ja ennetav hooldus aitavad potentsiaalseid probleeme v\u00e4hendada. Veaotsingul on enne parandusmeetmete v\u00f5tmist oluline kindlaks teha probleemi algp\u00f5hjus.<\/p>\n<p><img decoding=\"async\" src=\"https:\/\/www.hydraulic-cylinders.net\/wp-content\/uploads\/2025\/01\/songte-bushings-with-all-kinds-of-excavator-models.webp\" alt=\"Pildi t\u00f5rkeotsing\"><\/p>\n<h2>Meist<\/h2>\n<p>Oleme otsevahetusega h\u00fcdrauliliste silindrite tootja, pakkudes t\u00e4ielikku tootevalikut ning olles \u00fcks juhtivaid h\u00fcdrauliliste silindrite tootjaid ja hulgim\u00fc\u00fcjaid nii sise- kui ka rahvusvahelistel turgudel. J\u00e4rgime suurep\u00e4rase kvaliteedi p\u00f5him\u00f5tteid ja tugineme peenelt l\u00e4bim\u00f5eldud tootmist\u00f6\u00f6kodades industrialiseeritud tootmisjuhtimise strateegiatele. T\u00e4iustame pidevalt oma t\u00f6\u00f6koja tootmisplatvormi, parandame tootmiskvaliteedi teed ja omame tugevaid tootmisv\u00f5imalusi, rahuldades klientide mitmekesiseid vajadusi suure efektiivsuse, suure t\u00e4psuse ja k\u00f5rge kvaliteediga.<\/p>\n<p><img decoding=\"async\" src=\"https:\/\/hzpt.com\/wp-content\/uploads\/2024\/11\/songte-company-1.webp\" alt=\"Meist Pilt\"><\/p>\n<h3>Professionaalsus<\/h3>\n<p>Oleme p\u00fchendunud professionaalsete teenuste pakkumisele ja kvaliteetsete toodete tarnimisele oma klientidele.<\/p>\n<h3>Rahvusvahelised sertifikaadid<\/h3>\n<p>Oleme omandanud mitmesuguseid rahvusvahelisi sertifikaate, n\u00e4iteks ISO 9001:2015, CE ja SGS, et tagada toodete kvaliteet ja ohutus.<\/p>\n<h3>Kohandamise teenus<\/h3>\n<p>Pakume kliendi erivajaduste rahuldamiseks kohandamisteenuseid.<\/p>\n<h3>Tootmisseadmed<\/h3>\n<p>Toote kvaliteedi tagamiseks kasutame t\u00e4iustatud tootmisseadmeid, nagu CNC-masinad ja testimisseadmed.<\/p>\n<h3>M\u00fc\u00fcgij\u00e4rgne teenindus<\/h3>\n<p>Pakume professionaalset ja igak\u00fclgset m\u00fc\u00fcgij\u00e4rgset teenindust, sh tehnilist tuge ja varuosade tarnimist.<\/p>\n<footer>Autor: lyl<\/footer>","protected":false},"excerpt":{"rendered":"<p>Bucket Cylinder For Volwa Small Excavator DLS160-8B-9 Introduction The bucket cylinder for Volvo small excavator DLS160-8B-9 is a specially designed hydraulic cylinder primarily used to control the movement of the bucket in heavy machinery such as excavators, backhoe loaders, and front-end loaders. Its main function is to enable the bucket to lift, lower, and tilt, [&hellip;]<\/p>","protected":false},"featured_media":14769,"comment_status":"open","ping_status":"closed","template":"","meta":{"_et_pb_use_builder":"","_et_pb_old_content":"","_et_gb_content_width":""},"product_brand":[],"product_cat":[1494],"product_tag":[1495,1496],"class_list":{"0":"post-15878","1":"product","2":"type-product","3":"status-publish","4":"has-post-thumbnail","6":"product_cat-bucket-cylinders","7":"product_tag-bucket-cylinders","8":"product_tag-hydraulic-cylinders","10":"first","11":"instock","12":"shipping-taxable","13":"product-type-simple"},"amp_enabled":true,"_links":{"self":[{"href":"https:\/\/www.hydraulic-cylinders.net\/et\/wp-json\/wp\/v2\/product\/15878","targetHints":{"allow":["GET"]}}],"collection":[{"href":"https:\/\/www.hydraulic-cylinders.net\/et\/wp-json\/wp\/v2\/product"}],"about":[{"href":"https:\/\/www.hydraulic-cylinders.net\/et\/wp-json\/wp\/v2\/types\/product"}],"replies":[{"embeddable":true,"href":"https:\/\/www.hydraulic-cylinders.net\/et\/wp-json\/wp\/v2\/comments?post=15878"}],"wp:featuredmedia":[{"embeddable":true,"href":"https:\/\/www.hydraulic-cylinders.net\/et\/wp-json\/wp\/v2\/media\/14769"}],"wp:attachment":[{"href":"https:\/\/www.hydraulic-cylinders.net\/et\/wp-json\/wp\/v2\/media?parent=15878"}],"wp:term":[{"taxonomy":"product_brand","embeddable":true,"href":"https:\/\/www.hydraulic-cylinders.net\/et\/wp-json\/wp\/v2\/product_brand?post=15878"},{"taxonomy":"product_cat","embeddable":true,"href":"https:\/\/www.hydraulic-cylinders.net\/et\/wp-json\/wp\/v2\/product_cat?post=15878"},{"taxonomy":"product_tag","embeddable":true,"href":"https:\/\/www.hydraulic-cylinders.net\/et\/wp-json\/wp\/v2\/product_tag?post=15878"}],"curies":[{"name":"wp","href":"https:\/\/api.w.org\/{rel}","templated":true}]}}