{"id":15882,"date":"2025-01-19T15:06:59","date_gmt":"2025-01-19T15:06:59","guid":{"rendered":"https:\/\/www.hydraulic-cylinders.net\/product\/bucket-cylinder-for-volwa-small-excavator-dls130-9\/"},"modified":"2025-01-19T15:07:05","modified_gmt":"2025-01-19T15:07:05","slug":"bucket-cylinder-for-volwa-small-excavator-dls130-9","status":"publish","type":"product","link":"https:\/\/www.hydraulic-cylinders.net\/et\/toode\/bucket-cylinder-for-volwa-small-excavator-dls130-9\/","title":{"rendered":"Kopa silinder Volwa v\u00e4ikeekskavaatorile DLS130-9"},"content":{"rendered":"<h1>Kopa silinder Volwa v\u00e4ikeekskavaatorile DLS130-9<\/h1>\n<h2>Sissejuhatus<\/h2>\n<p>Kopa silinder on spetsiaalselt loodud h\u00fcdrauliline silinder, mida kasutatakse peamiselt kopa liikumise juhtimiseks rasketes masinates, n\u00e4iteks ekskavaatorites, laadur-ekskavaatorites ja esilaadurites. Selle peamine \u00fclesanne on v\u00f5imaldada kopa t\u00f5stmist, langetamist ja kallutamist, muutes mitmesuguste materjalik\u00e4itlust\u00f6\u00f6de tegemise lihtsamaks. H\u00fcdraulilises s\u00fcsteemis juhivad kopa silindrid kopa t\u00e4pseid liikumisi h\u00fcdraulika\u00f5li r\u00f5humuutuste abil, v\u00f5imaldades operaatoritel raskeid koormaid t\u00f5husalt k\u00e4sitseda, kohaneda keerukate t\u00f6\u00f6keskkondade ja mitmekesiste t\u00f6\u00f6n\u00f5uetega.<\/p>\n<p><img decoding=\"async\" src=\"https:\/\/www.hydraulic-cylinders.net\/wp-content\/uploads\/2025\/01\/songte-company-2.webp\"><\/p>\n<h2>Omadused<\/h2>\n<ul>\n<li>Suur tugevus ja vastupidavus: Tavaliselt valmistatud \u00fclitugevast terasest v\u00f5i alumiiniumist, see talub k\u00f5rget r\u00f5hku ja suuri koormusi ning on loodud kulumiskindluse ja korrosioonikindluse tagamiseks, pikendades selle kasutusiga.<\/li>\n<li>T\u00f5hus h\u00fcdrauliline t\u00f6\u00f6: Kasutades h\u00fcdraulika\u00f5li r\u00f5hku sujuva paisumise ja kokkut\u00f5mbumise saavutamiseks, reageerib see kiiresti t\u00f6\u00f6k\u00e4skudele, pakub v\u00f5imsaid t\u00f5uke- ja t\u00f5mbej\u00f5ude ning sobib raskete koormate ja keerukate t\u00f6\u00f6\u00fclesannete k\u00e4sitsemiseks.<\/li>\n<li>Erinevad t\u00fc\u00fcbid: vastavalt t\u00f6\u00f6vajadustele saab valida \u00fchetoimelisi (h\u00fcdraulilist s\u00fcsteemi kasutatakse ainult \u00fches suunas) v\u00f5i kahetoimelisi (h\u00fcdraulilist s\u00fcsteemi kasutatakse m\u00f5lemas suunas) silindreid. M\u00f5ned mudelid on teleskoopilised, v\u00f5imaldades suuremat pikendamist ilma v\u00e4lism\u00f5\u00f5tmeid suurendamata, sobides piiratud ruumides kasutamiseks.<\/li>\n<li>Kohandatav: me saame seda toodet toota ja meie toode saab neid h\u00fcdraulilisi silindreid ideaalselt asendada.<\/li>\n<\/ul>\n<p><img decoding=\"async\" src=\"https:\/\/www.hydraulic-cylinders.net\/wp-content\/uploads\/2025\/01\/songte-cylinder-head-with-all-kinds-excavator-models.webp\"><\/p>\n<h2>Rakendused<\/h2>\n<p>Kopp-silindreid kasutatakse laialdaselt erinevates rasketehnika seadmetes, sealhulgas:<\/p>\n<ul>\n<li>Ehitusseadmed: Ekskavaatorites on need h\u00e4davajalikud kaevamiseks, laadimiseks ja pinnase v\u00f5i prahi teisaldamiseks. Ekskavaatoritel aitavad kopasilindrid kaevamisel ja t\u00f5stmisel. <\/li>\n<li>P\u00f5llumajandusmasinad: Kasutatakse esilaadurites mulla, heina ja muude materjalide korjamiseks, t\u00f5stmiseks ja transportimiseks.<\/li>\n<li>Ekskavaatorid: Kopasilindrid v\u00f5imaldavad kaevamist, lastes kopal pinnasesse tungida.<\/li>\n<li>Laadurid: Esilaadurites aitavad need lasti t\u00f5husalt t\u00f5sta ja maha laadida.<\/li>\n<\/ul>\n<p>Iga rakendust saab laiendada ja \u00fcksikasjalikumalt kirjeldada, m\u00e4rks\u00f5nakirjeldusega, mis on v\u00e4hemalt 200 s\u00f5na.<\/p>\n<h2>Kujunduskaalutlused<\/h2>\n<p>Silindrite projekteerimisel tuleks arvestada j\u00e4rgmiste punktidega:<\/p>\n<ul>\n<li>Kandev\u00f5ime: Kas silinder talub eeldatavat koormust?<\/li>\n<li>Tihendus: N\u00f5uetekohased tihendid h\u00fcdrauliliste vedelike lekete ja saastumise v\u00e4ltimiseks.<\/li>\n<li>Vastupidavus: Ballooni konstruktsioon peaks olema kulumiskindel ja korrosioonikindel.<\/li>\n<li>Ohutus: Operaatorite ja seadmete kaitsmiseks tuleb v\u00f5tta n\u00f5uetekohaseid ohutusmeetmeid.<\/li>\n<li>Hooldatavus: silindrit peaks olema lihtne hooldada ja parandada.<\/li>\n<\/ul>\n<p><img decoding=\"async\" src=\"https:\/\/www.hydraulic-cylinders.net\/wp-content\/uploads\/2025\/01\/songte-oil-pipes-and-spare-parts.webp\"><\/p>\n<h2>Tihendus ja m\u00e4\u00e4rimine<\/h2>\n<p>Kopasilindrites kasutatakse mitmesuguseid tihendeid, n\u00e4iteks kolvitihendeid, vardatihendeid jne. Tihendid on valmistatud kulumiskindlatest materjalidest, nagu pol\u00fcuretaan ja nitriilkummi, ning silindri korpus ja keermestatud otsapinnad on kulumiskindluse parandamiseks viimistletud. Silindri sujuva t\u00f6\u00f6 tagamiseks on vajalik regulaarne m\u00e4\u00e4rimine h\u00fcdraulika\u00f5liga.<\/p>\n<h2>Kontroll ja hooldus<\/h2>\n<p>Kopasilindrite pikaealisuse tagamiseks tuleks regulaarselt kontrollida ja ennetavaid hooldusmeetmeid rakendada. Hooldus\u00fclesanded h\u00f5lmavad j\u00e4rgmist:<\/p>\n<ul>\n<li>Regulaarne kontroll<\/li>\n<li>\u00d5ige m\u00e4\u00e4rimine<\/li>\n<li>Tihendi vahetamine<\/li>\n<li>Kalibreerimiskontroll<\/li>\n<\/ul>\n<p>Paigaldamise ajal tuleks r\u00f5hutada n\u00f5uetekohase paigaldamise, m\u00e4\u00e4rimise ja reguleerimise olulisust. Soovitatav on silindri kinnitamiseks kasutada \u00f5igeid joondamisjuhiseid ja sobivaid paigaldusklambreid. Esitada tuleks soovitatavad kontrolli-, remondi- ja vahetusprotseduurid ning n\u00e4pun\u00e4ited kopasilindrite pikaealisuse pikendamiseks.<\/p>\n<p><img decoding=\"async\" src=\"https:\/\/www.hydraulic-cylinders.net\/wp-content\/uploads\/2025\/01\/songte-chushion-collar.webp\"><\/p>\n<h2>Ohutus- ja keskkonnakaalutlused<\/h2>\n<p>Kopasilindrite kasutamisel tuleks v\u00f5tta ohutusmeetmeid ja arvestada keskkonnateguritega. T\u00f6\u00f6 ajal tuleks kanda sobivat kaitsevarustust, n\u00e4iteks kaitseriietust ja kiivrit. J\u00e4\u00e4tmed tuleb utiliseerida n\u00f5uetekohaselt ja vastavalt keskkonnan\u00f5uetele.<\/p>\n<h2>Levinumad probleemid ja t\u00f5rkeotsing<\/h2>\n<p>Kopasilindritega esineda v\u00f5ivad levinud probleemid on leke, v\u00e4henenud j\u00f5udlus ja kahjustatud tihendid. Nende probleemide lahendamiseks tuleks v\u00f5tta asjakohaseid t\u00f5rkeotsingu meetmeid, sealhulgas kontrollida lekkeid, veenduda \u00f5iges m\u00e4\u00e4rimises ja kontrollida tihendeid. Ennetavad meetmed, n\u00e4iteks \u00f5ige m\u00e4\u00e4rimine ja tihendite vahetamine, aitavad potentsiaalseid probleeme minimeerida.<\/p>\n<p><img decoding=\"async\" src=\"https:\/\/www.hydraulic-cylinders.net\/wp-content\/uploads\/2025\/01\/songte-bushings-with-all-kinds-of-excavator-models.webp\"><\/p>\n<h2>Meie ettev\u00f5ttest<\/h2>\n<p>Oleme h\u00fcdrauliliste silindrite tootja ning juhtiv h\u00fcdrauliliste silindrite tootja ja hulgim\u00fc\u00fcja nii sise- kui ka v\u00e4listurul. J\u00e4rgime suurep\u00e4rase kvaliteedi p\u00f5him\u00f5tet ja toetume keeruka tootmist\u00f6\u00f6koja industrialiseeritud tootmisjuhtimise strateegiale. T\u00e4iustame pidevalt t\u00f6\u00f6koja tootmisplatvormi, parandame toote kvaliteetset tootmisprotsessi ning omame tugevat loomingulist v\u00f5imekust. Vastame klientide mitmekesistele vajadustele, j\u00e4rgides k\u00f5rge efektiivsuse, suure t\u00e4psuse ja k\u00f5rge kvaliteedi p\u00f5him\u00f5tteid.<\/p>\n<p>Pakume professionaalseid, rahvusvaheliselt sertifitseeritud ja kohandatud teenuseid ning meie tootmisseadmed on tipptasemel. Pakume m\u00fc\u00fcgij\u00e4rgset teenindust ning varuosi ja remonditeenuseid, et pikendada meie toodete eluiga.<\/p>\n<p><img decoding=\"async\" src=\"https:\/\/hzpt.com\/wp-content\/uploads\/2024\/11\/songte-company-1.webp\"><\/p>\n<p>Autor lyl<\/p>","protected":false},"excerpt":{"rendered":"<p>Bucket Cylinder For Volwa Small Excavator DLS130-9 Introduction A bucket cylinder is a specifically designed hydraulic cylinder primarily used to control the movement of the bucket in heavy machinery such as excavators, backhoe excavators, and front-end loaders. Its main function is to enable the bucket to lift, lower and tilt, making it easier to handle [&hellip;]<\/p>","protected":false},"featured_media":14789,"comment_status":"open","ping_status":"closed","template":"","meta":{"_et_pb_use_builder":"","_et_pb_old_content":"","_et_gb_content_width":""},"product_brand":[],"product_cat":[1494],"product_tag":[1495,1496],"class_list":{"0":"post-15882","1":"product","2":"type-product","3":"status-publish","4":"has-post-thumbnail","6":"product_cat-bucket-cylinders","7":"product_tag-bucket-cylinders","8":"product_tag-hydraulic-cylinders","10":"first","11":"instock","12":"shipping-taxable","13":"product-type-simple"},"amp_enabled":true,"_links":{"self":[{"href":"https:\/\/www.hydraulic-cylinders.net\/et\/wp-json\/wp\/v2\/product\/15882","targetHints":{"allow":["GET"]}}],"collection":[{"href":"https:\/\/www.hydraulic-cylinders.net\/et\/wp-json\/wp\/v2\/product"}],"about":[{"href":"https:\/\/www.hydraulic-cylinders.net\/et\/wp-json\/wp\/v2\/types\/product"}],"replies":[{"embeddable":true,"href":"https:\/\/www.hydraulic-cylinders.net\/et\/wp-json\/wp\/v2\/comments?post=15882"}],"wp:featuredmedia":[{"embeddable":true,"href":"https:\/\/www.hydraulic-cylinders.net\/et\/wp-json\/wp\/v2\/media\/14789"}],"wp:attachment":[{"href":"https:\/\/www.hydraulic-cylinders.net\/et\/wp-json\/wp\/v2\/media?parent=15882"}],"wp:term":[{"taxonomy":"product_brand","embeddable":true,"href":"https:\/\/www.hydraulic-cylinders.net\/et\/wp-json\/wp\/v2\/product_brand?post=15882"},{"taxonomy":"product_cat","embeddable":true,"href":"https:\/\/www.hydraulic-cylinders.net\/et\/wp-json\/wp\/v2\/product_cat?post=15882"},{"taxonomy":"product_tag","embeddable":true,"href":"https:\/\/www.hydraulic-cylinders.net\/et\/wp-json\/wp\/v2\/product_tag?post=15882"}],"curies":[{"name":"wp","href":"https:\/\/api.w.org\/{rel}","templated":true}]}}