{"id":15883,"date":"2025-01-19T15:07:07","date_gmt":"2025-01-19T15:07:07","guid":{"rendered":"https:\/\/www.hydraulic-cylinders.net\/product\/bucket-cylinder-for-volwa-small-excavator-dls815-9\/"},"modified":"2025-01-19T15:07:09","modified_gmt":"2025-01-19T15:07:09","slug":"bucket-cylinder-for-volwa-small-excavator-dls815-9","status":"publish","type":"product","link":"https:\/\/www.hydraulic-cylinders.net\/et\/toode\/bucket-cylinder-for-volwa-small-excavator-dls815-9\/","title":{"rendered":"Kopa silinder Volwa v\u00e4ikese ekskavaatori DLS815-9 jaoks"},"content":{"rendered":"<h1>Kopa silinder Volwa v\u00e4ikese ekskavaatori DLS815-9 jaoks<\/h1>\n<h2>Sissejuhatus<\/h2>\n<h3>Kopasilindri m\u00e4\u00e4ratlus<\/h3>\n<p>Kopa silinder on spetsiaalselt konstrueeritud h\u00fcdrauliline silinder, mida kasutatakse kopa liikumise juhtimiseks rasketes masinates, n\u00e4iteks ekskavaatorites, laadur-ekskavaatorites ja esilaadurites. Selle peamine \u00fclesanne on v\u00f5imaldada kopa t\u00f5stmist, langetamist ja kallutamist, muutes mitmesuguste materjalik\u00e4itlust\u00f6\u00f6de tegemise lihtsamaks. H\u00fcdraulilises s\u00fcsteemis saavutab kopa silinder kopa t\u00e4pse juhtimise h\u00fcdraulika\u00f5li r\u00f5hu muutmise abil, v\u00f5imaldades operaatoril raskeid koormaid t\u00f5husalt k\u00e4sitseda, kohaneda keerukate t\u00f6\u00f6keskkondade ja mitmekesiste t\u00f6\u00f6n\u00f5uetega.<\/p>\n<p><img decoding=\"async\" src=\"https:\/\/www.hydraulic-cylinders.net\/wp-content\/uploads\/2025\/01\/songte-company-2.webp\"\/><\/p>\n<h3>Omadused<\/h3>\n<ul>\n<li><strong>Suur tugevus ja vastupidavus:<\/strong> Tavaliselt valmistatud \u00fclitugevast terasest v\u00f5i alumiiniumist, see talub k\u00f5rget r\u00f5hku ja suuri koormusi, kohaneb karmide t\u00f6\u00f6keskkondadega ning on konstrueeritud kulumiskindlust ja korrosioonikindlust silmas pidades, et pikendada selle kasutusiga.<\/li>\n<li><strong>T\u00f5hus h\u00fcdrauliline t\u00f6\u00f6:<\/strong> Kasutades h\u00fcdraulika\u00f5li r\u00f5hku sujuva pikenemise ja tagasit\u00f5mbamise saavutamiseks, reageerib see kiiresti k\u00e4itusk\u00e4sklustele, pakub tugevaid t\u00f5uke- ja t\u00f5mbej\u00f5ude ning sobib raskete koormate ja keerukate t\u00f6\u00f6\u00fclesannete k\u00e4sitsemiseks.<\/li>\n<li><strong>Erinevad t\u00fc\u00fcbid:<\/strong> \u00dchetoimelisi (h\u00fcdraulilist juhtimist kasutatakse ainult \u00fches suunas) v\u00f5i kahetoimelisi (h\u00fcdraulilist juhtimist kasutatakse m\u00f5lemas suunas) silindreid saab valida vastavalt vajadustele, et rahuldada erinevaid t\u00f6\u00f6tingimusi. M\u00f5ned mudelid on teleskoopilised, v\u00f5imaldades suuremat pikendamist ilma v\u00e4lism\u00f5\u00f5tmeid suurendamata ja sobivad piiratud ruumiga rakenduste jaoks.<\/li>\n<li><strong>T\u00e4iuslik asendus:<\/strong> Meie tooted suudavad neid h\u00fcdrosilindreid ideaalselt asendada.<\/li>\n<\/ul>\n<p><img decoding=\"async\" src=\"https:\/\/www.hydraulic-cylinders.net\/wp-content\/uploads\/2025\/01\/songte-cylinder-head-with-all-kinds-excavator-models.webp\"\/><\/p>\n<h2>Rakendused<\/h2>\n<p>Kopasilindrid on laialdaselt kasutusel erinevates masinates, sealhulgas:<\/p>\n<ul>\n<li><strong>Ehitustehnika:<\/strong> Ekskavaatorites on need kriitilise t\u00e4htsusega kaevamisel, laadimisel ja pinnase v\u00f5i prahi teisaldamisel. Ekskavaator-laadurites aitavad kopasilindrid nii kaevamisel kui ka t\u00f5stmisel. <\/li>\n<li><strong>P\u00f5llumajandusmasinad:<\/strong> Ekskavaatorite kopasilindrid, mida kasutatakse esilaadurites mulla, heina ja muude materjalide kaevamiseks, t\u00f5stmiseks ja transportimiseks, v\u00f5imaldavad kaevamist, lastes kopal pinnasesse tungida. <\/li>\n<li><strong>Laadurid:<\/strong> Esilaadurites aitavad need kaupu t\u00f5husalt t\u00f5sta ja t\u00fchjendada.<\/li>\n<\/ul>\n<h2>Projekteerimiskaalutlused ja valikukriteeriumid<\/h2>\n<h3>Peamised disainikaalutlused<\/h3>\n<ul>\n<li><strong>Kandev\u00f5ime:<\/strong> Silinder peab suutma vastu pidada rakenduses eeldatavatele koormustele. <\/li>\n<li><strong>Tihendus:<\/strong> Silinder peab suutma s\u00e4ilitada r\u00f5hku ja v\u00e4ltida lekkeid. <\/li>\n<li><strong>Vastupidavus:<\/strong> Balloonil peab olema v\u00f5ime vastu pidada eeldatavale ts\u00fckli elueale ja keskkonnatingimustele. <\/li>\n<li><strong>Ohutus:<\/strong> Balloon peab olema konstrueeritud ohutusfunktsioonidega, mis hoiavad \u00e4ra \u00f5nnetusi. <\/li>\n<li><strong>Hooldatavus:<\/strong> Silinder peab olema konstrueeritud nii, et seda oleks lihtne hooldada ja parandada.<\/li>\n<\/ul>\n<p><img decoding=\"async\" src=\"https:\/\/www.hydraulic-cylinders.net\/wp-content\/uploads\/2025\/01\/songte-oil-pipes-and-spare-parts.webp\"\/><\/p>\n<h3>Tihendus ja m\u00e4\u00e4rimine<\/h3>\n<p>Kopasilindrites kasutatakse mitmesuguseid tihenduskomponente, n\u00e4iteks kolvitihendeid ja vardatihendeid. Need tihendid on valmistatud kulumiskindlatest materjalidest, nagu pol\u00fcuretaan ja nitriilkummi, ning silindri korpus ja keermestatud otsapinnad on kulumiskindluse parandamiseks peenelt t\u00f6\u00f6deldud. Samuti on vaja regulaarselt lisada m\u00e4\u00e4rimiseks sobivas koguses h\u00fcdraulika\u00f5li.<\/p>\n<h3>Ennetavad hooldusmeetmed<\/h3>\n<ul>\n<li><strong>Regulaarne kontroll:<\/strong> Kontrollige silindrit ja h\u00fcdros\u00fcsteemi regulaarselt kulumise v\u00f5i kahjustuste suhtes. <\/li>\n<li><strong>\u00d5ige m\u00e4\u00e4rimine:<\/strong> Veenduge, et silinder ja selle komponendid on korralikult m\u00e4\u00e4ritud. <\/li>\n<li><strong>Tihendi vahetamine:<\/strong> Lekete v\u00e4ltimiseks vahetage kulunud v\u00f5i kahjustatud tihendid viivitamatult v\u00e4lja. <\/li>\n<li><strong>Kalibreerimiskontroll:<\/strong> Check the cylinder&#8217;s calibration to ensure proper operation. <\/li>\n<\/ul>\n<p><img decoding=\"async\" src=\"https:\/\/www.hydraulic-cylinders.net\/wp-content\/uploads\/2025\/01\/songte-chushion-collar.webp\"\/><\/p>\n<h2>Ohutuskaalutlused ja keskkonnategurid<\/h2>\n<p>Kopasilindrite kasutamisel tuleb \u00f5nnetuste v\u00e4ltimiseks j\u00e4rgida n\u00f5uetekohaseid ohutusmeetmeid. Lisaks tuleks arvestada keskkonnateguritega ja v\u00f5tta asjakohaseid meetmeid keskkonnam\u00f5ju minimeerimiseks.<\/p>\n<h2>Veaotsing ja levinud probleemid<\/h2>\n<ul>\n<li><strong>Lekkimine:<\/strong> Kontrollige tihendeid ja vajadusel vahetage need v\u00e4lja.<\/li>\n<li><strong>Aeglane t\u00f6\u00f6:<\/strong> Kontrollige h\u00fcdraulikavedeliku taset ja veenduge, et s\u00fcsteem on korralikult m\u00e4\u00e4ritud.<\/li>\n<li><strong>Ebanormaalne m\u00fcra:<\/strong> Kontrollige lahtiste v\u00f5i kahjustatud komponentide olemasolu.<\/li>\n<\/ul>\n<p>Regulaarne hooldus ja kontroll aitavad neid probleeme v\u00e4ltida.<\/p>\n<p><img decoding=\"async\" src=\"https:\/\/www.hydraulic-cylinders.net\/wp-content\/uploads\/2025\/01\/songte-bushings-with-all-kinds-of-excavator-models.webp\"\/><\/p>\n<h2>Meist<\/h2>\n<p>Oleme h\u00fcdrauliliste silindrite tootja, mis suudavad asendada originaalsilindreid. Meie ettev\u00f5te pakub t\u00e4ielikku tootevalikut ja on saanud \u00fcheks juhtivaks h\u00fcdrauliliste silindrite tootjaks ja hulgim\u00fc\u00fcjaks nii sise- kui ka rahvusvahelisel turul. J\u00e4rgime suurep\u00e4rase kvaliteedi p\u00f5him\u00f5tet, tugineme peentootmist\u00f6\u00f6kodade t\u00f6\u00f6stusliku tootmise juhtimise strateegiale, t\u00e4iustame pidevalt t\u00f6\u00f6koja tootmisplatvormi, t\u00e4iustame toodete kvaliteetset tootmisliini ning omame tugevat loomingulist v\u00f5imekust. P\u00fc\u00fcame oma parima, et rahuldada klientide mitmekesiseid vajadusi, j\u00e4rgides k\u00f5rge efektiivsuse, suure t\u00e4psuse ja k\u00f5rge kvaliteedi p\u00f5him\u00f5tteid.<\/p>\n<ul>\n<li><strong>Professionaalsus:<\/strong> Meil on meeskond spetsialiste, kellel on rikkalik kogemus ja teadmised h\u00fcdrauliliste silindrite valdkonnas. <\/li>\n<li><strong>Rahvusvaheline sertifitseerimine:<\/strong> Meie tooted on l\u00e4binud rahvusvahelise sertifikaadi, n\u00e4iteks ISO9001 ja CE. <\/li>\n<li><strong>Kohandamise teenus:<\/strong> Saame pakkuda kohandatud teenuseid, et rahuldada klientide erivajadusi. <\/li>\n<li><strong>Tootmisseadmed:<\/strong> Meil on t\u00e4iustatud tootmisseadmed, et tagada meie toodete kvaliteet. <\/li>\n<li><strong>M\u00fc\u00fcgij\u00e4rgne teenindus:<\/strong> Pakume suurep\u00e4rast m\u00fc\u00fcgij\u00e4rgset teenindust, et tagada klientide rahulolu.<\/li>\n<\/ul>\n<p><img decoding=\"async\" src=\"https:\/\/hzpt.com\/wp-content\/uploads\/2024\/11\/songte-company-1.webp\"\/><\/p>\n<p><em>Autor: lyl<\/em><\/p>","protected":false},"excerpt":{"rendered":"<p>Bucket Cylinder For Volwa Small Excavator DLS815-9 Introduction Definition of Bucket Cylinder A bucket cylinder is a specially designed hydraulic cylinder used to control the movement of the bucket in heavy machinery such as excavators, backhoe loaders, and front loaders. Its main function is to enable the bucket to lift, lower and tilt, making it [&hellip;]<\/p>","protected":false},"featured_media":14788,"comment_status":"open","ping_status":"closed","template":"","meta":{"_et_pb_use_builder":"","_et_pb_old_content":"","_et_gb_content_width":""},"product_brand":[],"product_cat":[1494],"product_tag":[1495,1496],"class_list":{"0":"post-15883","1":"product","2":"type-product","3":"status-publish","4":"has-post-thumbnail","6":"product_cat-bucket-cylinders","7":"product_tag-bucket-cylinders","8":"product_tag-hydraulic-cylinders","10":"first","11":"instock","12":"shipping-taxable","13":"product-type-simple"},"amp_enabled":true,"_links":{"self":[{"href":"https:\/\/www.hydraulic-cylinders.net\/et\/wp-json\/wp\/v2\/product\/15883","targetHints":{"allow":["GET"]}}],"collection":[{"href":"https:\/\/www.hydraulic-cylinders.net\/et\/wp-json\/wp\/v2\/product"}],"about":[{"href":"https:\/\/www.hydraulic-cylinders.net\/et\/wp-json\/wp\/v2\/types\/product"}],"replies":[{"embeddable":true,"href":"https:\/\/www.hydraulic-cylinders.net\/et\/wp-json\/wp\/v2\/comments?post=15883"}],"wp:featuredmedia":[{"embeddable":true,"href":"https:\/\/www.hydraulic-cylinders.net\/et\/wp-json\/wp\/v2\/media\/14788"}],"wp:attachment":[{"href":"https:\/\/www.hydraulic-cylinders.net\/et\/wp-json\/wp\/v2\/media?parent=15883"}],"wp:term":[{"taxonomy":"product_brand","embeddable":true,"href":"https:\/\/www.hydraulic-cylinders.net\/et\/wp-json\/wp\/v2\/product_brand?post=15883"},{"taxonomy":"product_cat","embeddable":true,"href":"https:\/\/www.hydraulic-cylinders.net\/et\/wp-json\/wp\/v2\/product_cat?post=15883"},{"taxonomy":"product_tag","embeddable":true,"href":"https:\/\/www.hydraulic-cylinders.net\/et\/wp-json\/wp\/v2\/product_tag?post=15883"}],"curies":[{"name":"wp","href":"https:\/\/api.w.org\/{rel}","templated":true}]}}