{"id":15885,"date":"2025-01-19T15:07:16","date_gmt":"2025-01-19T15:07:16","guid":{"rendered":"https:\/\/www.hydraulic-cylinders.net\/product\/bucket-cylinder-for-volwa-small-excavator-dls880-9b\/"},"modified":"2025-01-19T15:07:18","modified_gmt":"2025-01-19T15:07:18","slug":"bucket-cylinder-for-volwa-small-excavator-dls880-9b","status":"publish","type":"product","link":"https:\/\/www.hydraulic-cylinders.net\/et\/toode\/bucket-cylinder-for-volwa-small-excavator-dls880-9b\/","title":{"rendered":"Kopa silinder Volwa v\u00e4ikeekskavaatorile DLS880-9B"},"content":{"rendered":"<h1>Kopa silinder Volwa v\u00e4ikeekskavaatorile DLS880-9B<\/h1>\n<h2>Sissejuhatus<\/h2>\n<h3>Toote m\u00e4\u00e4ratlemine<\/h3>\n<p>Kopa silinder on spetsiaalselt konstrueeritud h\u00fcdrauliline silinder, mida kasutatakse kopa liikumise juhtimiseks rasketes masinates, n\u00e4iteks ekskavaatorites, laadur-ekskavaatorites ja esilaadurites. Selle peamine \u00fclesanne on v\u00f5imaldada kopa t\u00f5stmist, langetamist ja kallutamist, muutes mitmesuguste materjalik\u00e4itlust\u00f6\u00f6de tegemise lihtsamaks. H\u00fcdraulilises s\u00fcsteemis saavutab kopa silinder kopa t\u00e4pse juhtimise h\u00fcdraulika\u00f5li r\u00f5humuutuse abil, v\u00f5imaldades operaatoritel t\u00f5husalt k\u00e4sitseda raskeid koormaid ning kohaneda keerukate t\u00f6\u00f6keskkondade ja mitmekesiste t\u00f6\u00f6n\u00f5uetega.<\/p>\n<p><img decoding=\"async\" src=\"https:\/\/www.hydraulic-cylinders.net\/wp-content\/uploads\/2025\/01\/songte-company-2.webp\" alt=\"\u00c4mbri silindri pilt\"><\/p>\n<h3>Omadused<\/h3>\n<ul>\n<li>Suur tugevus ja vastupidavus: Tavaliselt valmistatud \u00fclitugevast terasest v\u00f5i alumiiniumist, talub k\u00f5rget r\u00f5hku ja suuri koormusi, on kohandatav karmide t\u00f6\u00f6keskkondadega, on konstrueeritud kulumiskindlust ja korrosioonikindlust silmas pidades, pikendades kasutusiga.<\/li>\n<li>T\u00f5hus h\u00fcdrauliline t\u00f6\u00f6: H\u00fcdraulilise \u00f5li r\u00f5hu abil saavutatakse sujuv pikendamine ja tagasit\u00f5mbamine, reageeritakse kiiresti juhtimisk\u00e4sklustele, pakutakse v\u00f5imast t\u00f5uke- ja t\u00f5mbej\u00f5udu, mis sobib raskete koormate ja keerukate t\u00f6\u00f6\u00fclesannete k\u00e4sitsemiseks.<\/li>\n<li>Erinevad t\u00fc\u00fcbid: \u00dchetoimelisi (h\u00fcdrauliliselt ainult \u00fches suunas) v\u00f5i kahetoimelisi (h\u00fcdrauliliselt m\u00f5lemas suunas) silindreid saab valida vastavalt vajadustele, et need vastaksid erinevatele t\u00f6\u00f6tingimustele. M\u00f5ned mudelid on teleskoopilised, v\u00f5imaldades suuremat pikendamist ilma v\u00e4lism\u00f5\u00f5tmeid suurendamata, sobides piiratud ruumides kasutamiseks.<\/li>\n<li>Suur kohanemisv\u00f5ime: meie toode saab neid h\u00fcdrosilindreid ideaalselt asendada.<\/li>\n<\/ul>\n<p><img decoding=\"async\" src=\"https:\/\/www.hydraulic-cylinders.net\/wp-content\/uploads\/2025\/01\/songte-cylinder-head-with-all-kinds-excavator-models.webp\" alt=\"\u00c4mbri silindri pilt\"><\/p>\n<h2>Taotlus<\/h2>\n<p>Kopasilindrid on laialdaselt kasutusel erinevates ehitus- ja p\u00f5llumajandusmasinates t\u00f6\u00f6 efektiivsuse parandamiseks ja t\u00f6\u00f6j\u00f5umahukuse v\u00e4hendamiseks. J\u00e4rgnevalt on toodud m\u00f5ned t\u00fc\u00fcpilised rakendused:<\/p>\n<h3>Ehitustehnika<\/h3>\n<p>Ekskavaatorites on need olulised kaevamiseks, laadimiseks ja pinnase v\u00f5i prahi teisaldamiseks. Ekskavaator-laadurites aitab kopa silinder nii kaevamisel kui ka t\u00f5stmisel. Esilaadurites aitavad need lasti t\u00f5husalt t\u00f5sta ja t\u00fchjendada.<\/p>\n<h3>P\u00f5llumajandustehnika<\/h3>\n<p>Kasutatakse esilaadurite jaoks mulla, heina ja muude materjalide \u00fclesv\u00f5tmiseks, t\u00f5stmiseks ja transportimiseks.<\/p>\n<h3>Ekskavaatorid<\/h3>\n<p>Kopa silinder saavutab kaevamise, v\u00f5imaldades kopal pinnasesse tungida.<\/p>\n<h3>Laaduri seadmed<\/h3>\n<p>Esilaadurites aitavad need lasti t\u00f5husalt t\u00f5sta ja kallutada.<\/p>\n<p><img decoding=\"async\" src=\"https:\/\/www.hydraulic-cylinders.net\/wp-content\/uploads\/2025\/01\/songte-bushings-with-all-kinds-of-excavator-models.webp\" alt=\"\u00c4mbri silindri pilt\"><\/p>\n<h2>Projekteerimiskaalutlused ja valikukriteeriumid<\/h2>\n<h3>Kujunduskaalutlused<\/h3>\n<ul>\n<li>Kandev\u00f5ime: Talub k\u00f5rget r\u00f5hku ja suuri koormusi, kohandub karmide t\u00f6\u00f6keskkondadega.<\/li>\n<li>Tihendusv\u00f5ime: Kasutades erinevaid tihenduskomponente, nagu kolvitihendid, vardatihendid jne, valides kulumiskindlaid materjale, nagu pol\u00fcuretaan, nitriilkummi jne, t\u00f6\u00f6deldakse silindri korpuseid ja keermestatud otsapindu peenelt, et parandada kulumiskindlust.<\/li>\n<li>Vastupidavus: Kulumiskindlust ja korrosioonikindlust silmas pidades loodud, pikendades kasutusiga.<\/li>\n<li>Ohutus: Toote t\u00f6\u00f6kindluse tagamine t\u00f6\u00f6tamise ajal ning operaatori ohutus ja kaitse.<\/li>\n<li>Hooldatavus: Toodet peaks olema lihtne hooldada ja parandada ning hooldusts\u00fckkel ja ettevaatusabin\u00f5ud peaksid olema selgelt m\u00e4rgitud.<\/li>\n<\/ul>\n<p><img decoding=\"async\" src=\"https:\/\/www.hydraulic-cylinders.net\/wp-content\/uploads\/2025\/01\/songte-oil-pipes-and-spare-parts.webp\" alt=\"\u00c4mbri silindri pilt\"><\/p>\n<h3>Tihendamine ja m\u00e4\u00e4rimine<\/h3>\n<ul>\n<li>Kasutades erinevaid tihenduskomponente, n\u00e4iteks kolvitihendeid, vardatihendeid jne.<\/li>\n<li>Kulumiskindlate materjalide, n\u00e4iteks pol\u00fcuretaani, nitriilkummi jne valimine.<\/li>\n<li>Silindrite korpuste ja keermestatud otspindade peent\u00f6\u00f6tlus kulumiskindluse parandamiseks.<\/li>\n<li>Lisage regulaarselt m\u00e4\u00e4rimiseks sobivat h\u00fcdraulika\u00f5li.<\/li>\n<\/ul>\n<h3>Hooldus ja remont<\/h3>\n<ul>\n<li>Regulaarsed kontrollid kulumise, kahjustuste ja lekete avastamiseks.<\/li>\n<li>Silindri korrektse t\u00f6\u00f6 tagamiseks tuleb regulaarselt m\u00e4\u00e4rida.<\/li>\n<li>Tihendite ja muude kulunud osade regulaarne vahetamine.<\/li>\n<li>Silindri kinnitamiseks kasutage sobivaid kinnitusklambreid.<\/li>\n<li>Soovitatavad kontrolli-, remondi- ja asendusprotseduurid.<\/li>\n<li>Varuosade pakkumine ja remonditeenused.<\/li>\n<\/ul>\n<h2>Ohutuskaalutlused ja keskkonnategurid<\/h2>\n<p>Kopasilindri kasutamisel on oluline j\u00e4rgida ohutusn\u00f5udeid, et v\u00e4ltida \u00f5nnetusi ja vigastusi. Samuti on oluline arvestada keskkonnateguritega, nagu m\u00fcra, vibratsioon ja reostus.<\/p>\n<h2>Veaotsing ja levinud probleemid<\/h2>\n<p>Kopasilindrite levinud probleemide hulka kuuluvad kulumine, kahjustused, lekked ja talitlush\u00e4ired. Nende probleemide diagnoosimiseks ja lahendamiseks on oluline j\u00e4rgida \u00f5igeid protseduure ja juhiseid.<\/p>\n<h2>Ettev\u00f5tte tutvustus<\/h2>\n<p>Meie ettev\u00f5te on asendush\u00fcdrauliliste silindrite tootja, pakkudes laia tootevalikut, olles \u00fcks juhtivaid h\u00fcdrauliliste silindrite tootjaid ja hulgim\u00fc\u00fcjaid nii sise- kui ka rahvusvahelistel turgudel. Meie strateegiaks on t\u00f6\u00f6stusliku tootmise juhtimine, mis tugineb suurep\u00e4rasele kvaliteedile, tuginedes tehnoloogilisele talendile, tipptasemel digitaalsetele tootmisseadmetele ja professionaalsetele testimiss\u00fcsteemidele, et pidevalt t\u00e4iustada t\u00f6\u00f6koja tootmisplatvormi, parandada toote kvaliteeti tootmisliinil ning omada tugevat loomingulist v\u00f5imekust. Vastame klientide mitmekesistele vajadustele, j\u00e4rgides k\u00f5rge efektiivsuse, suure t\u00e4psuse ja k\u00f5rge kvaliteedi p\u00f5him\u00f5tteid.<\/p>\n<p>Professionaalsuse, rahvusvahelise sertifitseerimise, kohandatud teenuste, tootmisseadmete ja m\u00fc\u00fcgij\u00e4rgse teeninduse osas on meie ettev\u00f5te pidevalt t\u00e4iustunud ja arenenud.<\/p>\n<p><img decoding=\"async\" src=\"https:\/\/hzpt.com\/wp-content\/uploads\/2024\/11\/songte-company-1.webp\" alt=\"\u00c4mbri silindri pilt\"><\/p>\n<p>Autor: lyl<\/p>","protected":false},"excerpt":{"rendered":"<p>Bucket Cylinder For Volwa Small Excavator DLS880-9B Introduction Defining the product A bucket cylinder is a specially designed hydraulic cylinder used to control the movement of the bucket in heavy machinery such as excavators, backhoe loaders, and front-end loaders. Its main function is to allow the bucket to be lifted, lowered, and tilted, making it [&hellip;]<\/p>","protected":false},"featured_media":14785,"comment_status":"open","ping_status":"closed","template":"","meta":{"_et_pb_use_builder":"","_et_pb_old_content":"","_et_gb_content_width":""},"product_brand":[],"product_cat":[1494],"product_tag":[1495,1496],"class_list":{"0":"post-15885","1":"product","2":"type-product","3":"status-publish","4":"has-post-thumbnail","6":"product_cat-bucket-cylinders","7":"product_tag-bucket-cylinders","8":"product_tag-hydraulic-cylinders","10":"first","11":"instock","12":"shipping-taxable","13":"product-type-simple"},"amp_enabled":true,"_links":{"self":[{"href":"https:\/\/www.hydraulic-cylinders.net\/et\/wp-json\/wp\/v2\/product\/15885","targetHints":{"allow":["GET"]}}],"collection":[{"href":"https:\/\/www.hydraulic-cylinders.net\/et\/wp-json\/wp\/v2\/product"}],"about":[{"href":"https:\/\/www.hydraulic-cylinders.net\/et\/wp-json\/wp\/v2\/types\/product"}],"replies":[{"embeddable":true,"href":"https:\/\/www.hydraulic-cylinders.net\/et\/wp-json\/wp\/v2\/comments?post=15885"}],"wp:featuredmedia":[{"embeddable":true,"href":"https:\/\/www.hydraulic-cylinders.net\/et\/wp-json\/wp\/v2\/media\/14785"}],"wp:attachment":[{"href":"https:\/\/www.hydraulic-cylinders.net\/et\/wp-json\/wp\/v2\/media?parent=15885"}],"wp:term":[{"taxonomy":"product_brand","embeddable":true,"href":"https:\/\/www.hydraulic-cylinders.net\/et\/wp-json\/wp\/v2\/product_brand?post=15885"},{"taxonomy":"product_cat","embeddable":true,"href":"https:\/\/www.hydraulic-cylinders.net\/et\/wp-json\/wp\/v2\/product_cat?post=15885"},{"taxonomy":"product_tag","embeddable":true,"href":"https:\/\/www.hydraulic-cylinders.net\/et\/wp-json\/wp\/v2\/product_tag?post=15885"}],"curies":[{"name":"wp","href":"https:\/\/api.w.org\/{rel}","templated":true}]}}