{"id":15887,"date":"2025-01-19T15:07:24","date_gmt":"2025-01-19T15:07:24","guid":{"rendered":"https:\/\/www.hydraulic-cylinders.net\/product\/bucket-cylinder-for-volwa-middle-excavator-dls220-8b\/"},"modified":"2025-01-19T15:07:26","modified_gmt":"2025-01-19T15:07:26","slug":"bucket-cylinder-for-volwa-middle-excavator-dls220-8b","status":"publish","type":"product","link":"https:\/\/www.hydraulic-cylinders.net\/et\/toode\/bucket-cylinder-for-volwa-middle-excavator-dls220-8b\/","title":{"rendered":"Kopa silinder Volwa keskmise ekskavaatori DLS220-8B jaoks"},"content":{"rendered":"<h1>Kopa silinder Volwa keskmise ekskavaatori DLS220-8B jaoks<\/h1>\n<h2>Sissejuhatus<\/h2>\n<p>Volwa keskmise ekskavaatori DLS220-8B kopa silinder on spetsiaalne h\u00fcdrauliline silinder, mis on loodud kopa liikumise juhtimiseks rasketes masinates, n\u00e4iteks ekskavaatorites, laadur-ekskavaatorites ja rataslaadurites. Selle peamine \u00fclesanne on v\u00f5imaldada kopa t\u00f5stmist, langetamist ja kallutamist, muutes mitmesuguste materjalik\u00e4itlust\u00f6\u00f6de tegemise lihtsamaks. H\u00fcdraulikas\u00fcsteemis saavutab kopa silinder kopa t\u00e4pse juhtimise, kasutades \u00e4ra h\u00fcdraulika\u00f5li r\u00f5humuutusi, v\u00f5imaldades operaatoritel t\u00f5husalt k\u00e4sitseda raskeid koormaid ning kohaneda keerukate t\u00f6\u00f6keskkondade ja mitmekesiste t\u00f6\u00f6n\u00f5uetega.<\/p>\n<p><img decoding=\"async\" src=\"https:\/\/www.hydraulic-cylinders.net\/wp-content\/uploads\/2025\/01\/songte-company-2.webp\" alt=\"\u00c4mbri silindri pilt\"><\/p>\n<h2>Omadused<\/h2>\n<ul>\n<li>Suur tugevus ja vastupidavus: Tavaliselt valmistatud \u00fclitugevast terasest v\u00f5i alumiiniumist, talub k\u00f5rget r\u00f5hku ja suuri koormusi, on kohandatav karmidele t\u00f6\u00f6keskkondadele ning on konstrueeritud kulumiskindlust ja korrosioonikindlust silmas pidades, et pikendada eluiga.<\/li>\n<li>T\u00f5hus h\u00fcdrauliline t\u00f6\u00f6: Kasutab h\u00fcdraulika\u00f5li r\u00f5hku sujuvate pikendus- ja tagasit\u00f5mbamisliigutuste saavutamiseks, reageerib kiiresti juhtimisk\u00e4sklustele, pakub v\u00f5imsaid t\u00f5uke- ja t\u00f5mbej\u00f5ude, sobib raskete koormate ja keerukate t\u00f6\u00f6\u00fclesannete k\u00e4sitsemiseks.<\/li>\n<li>Erinevad t\u00fc\u00fcbid: Vajadusel saab valida \u00fchetoimeliste (h\u00fcdraulilist r\u00f5hku kasutatakse ainult \u00fches suunas) v\u00f5i kahetoimeliste (h\u00fcdraulilist r\u00f5hku kasutatakse m\u00f5lemas suunas) silindritena; teatud mudelid on teleskoopilised, mis v\u00f5imaldab suuremat pikendamist ilma v\u00e4lism\u00f5\u00f5tmeid suurendamata, sobides piiratud ruumiga rakenduste jaoks.<\/li>\n<\/ul>\n<p><img decoding=\"async\" src=\"https:\/\/www.hydraulic-cylinders.net\/wp-content\/uploads\/2025\/01\/songte-cylinder-head-with-all-kinds-excavator-models.webp\" alt=\"Toote pilt\"><\/p>\n<h2>Rakendused<\/h2>\n<ul>\n<li>Ehitusmasinad: Neid leidub ekskavaatorites, kus need on olulised kaevamiseks, laadimiseks ja materjalide teisaldamiseks. Ekskavaatorlaadurites aitab kopa silinder nii kaevamisel kui ka t\u00f5stmisel.<\/li>\n<li>P\u00f5llumajandusmasinad: Kasutatakse esilaadurites mulla, heina ja muude materjalide k\u00fchveldamiseks, t\u00f5stmiseks ja transportimiseks.<\/li>\n<li>Ekskavaatorid: Kopa silinder v\u00f5imaldab kaevamist, lastes kopal pinnasesse tungida.<\/li>\n<li>Rataslaadurid: Esilaadurites aitavad need kaupu t\u00f5husalt t\u00f5sta ja maha laadida.<\/li>\n<\/ul>\n<h2>Projekteerimiskaalutlused ja valikukriteeriumid<\/h2>\n<ul>\n<li>Bearing Capacity: Discuss the cylinder&#8217;s ability to withstand heavy loads without failure.<\/li>\n<li>Tihendus: Kirjeldage t\u00f5husa tihenduse olulisust lekete v\u00e4ltimiseks ja n\u00f5uetekohase toimivuse tagamiseks.<\/li>\n<li>Vastupidavus: R\u00f5hutage vajadust vastupidava konstruktsiooni j\u00e4rele, mis talub karme t\u00f6\u00f6tingimusi ja tagab pikaajalise t\u00f6\u00f6kindluse.<\/li>\n<li>Ohutus: Arutage disaini sisse ehitatud ohutusfunktsioone ja -kaalutlusi.<\/li>\n<li>Hooldatavus: Selgitage hoolduse ja remondi lihtsust, r\u00f5hutades regulaarsete kontrollide ja ennetusmeetmete olulisust.<\/li>\n<\/ul>\n<p><img decoding=\"async\" src=\"https:\/\/www.hydraulic-cylinders.net\/wp-content\/uploads\/2025\/01\/songte-oil-pipes-and-spare-parts.webp\" alt=\"Toote pilt\"><\/p>\n<h2>Tihendus ja m\u00e4\u00e4rimine<\/h2>\n<p>Kopasilindris kasutatakse mitmesuguseid tihenduskomponente, n\u00e4iteks kolvitihendeid, vardatihendeid jne. Need tihendid on valmistatud kulumiskindlatest materjalidest, nagu pol\u00fcuretaan ja nitriilkummi. Silindri korpus ja keermestatud otsapinnad on kulumiskindluse parandamiseks peenelt t\u00f6\u00f6deldud. Sujuva t\u00f6\u00f6 tagamiseks ja pikaealisuse suurendamiseks on vaja regulaarselt m\u00e4\u00e4rida sobiva koguse h\u00fcdraulika\u00f5liga.<\/p>\n<h2>Regulaarne kontroll ja ennetav hooldus<\/h2>\n<p>Kopasilindri optimaalse j\u00f5udluse tagamiseks ja eluea pikendamiseks on oluline teha regulaarseid kontrolle ja rakendada ennetavaid hooldusmeetmeid. Need meetmed v\u00f5ivad h\u00f5lmata j\u00e4rgmist:<\/p>\n<ul>\n<li>Regulaarsed kontrollid lekete, kahjustuste ja kulumise suhtes.<\/li>\n<li>Liikuvate osade n\u00f5uetekohane m\u00e4\u00e4rimine.<\/li>\n<li>Kulunud tihendite vahetamine.<\/li>\n<li>Kalibreerimiskontrollid t\u00e4pse t\u00f6\u00f6 tagamiseks.<\/li>\n<\/ul>\n<p><img decoding=\"async\" src=\"https:\/\/www.hydraulic-cylinders.net\/wp-content\/uploads\/2025\/01\/songte-chushion-collar.webp\" alt=\"Toote pilt\"><\/p>\n<h2>Ohutuskaalutlused ja keskkonnategurid<\/h2>\n<p>Kopasilindri kasutamisel on oluline seada esikohale ohutusmeetmed, et v\u00e4ltida \u00f5nnetusi ja tagada operaatorite ning l\u00e4heduses olevate t\u00f6\u00f6tajate heaolu. Tuleb rakendada ohutusabin\u00f5usid, n\u00e4iteks j\u00e4rgida n\u00f5uetekohast t\u00f6\u00f6korda, kasutada sobivaid isikukaitsevahendeid ning j\u00e4rgida asjakohaseid ohutusjuhiseid ja -eeskirju.<\/p>\n<h2>Veaotsing ja levinud probleemid<\/h2>\n<p>Kopasilindri rikete v\u00f5i probleemide ilmnemisel on oluline probleem t\u00e4pselt ja t\u00f5husalt diagnoosida. Siin on m\u00f5ned n\u00e4pun\u00e4ited ja lahendused t\u00f5rkeotsinguks:<\/p>\n<ul>\n<li>Andke juhiseid levinud probleemide diagnoosimiseks ja lahendamiseks.<\/li>\n<li>Pakkuge ennetavaid meetmeid v\u00f5imalike probleemide minimeerimiseks.<\/li>\n<\/ul>\n<p><img decoding=\"async\" src=\"https:\/\/www.hydraulic-cylinders.net\/wp-content\/uploads\/2025\/01\/songte-bushings-with-all-kinds-of-excavator-models.webp\" alt=\"Toote pilt\"><\/p>\n<p>Pea meeles, et artikkel tuleb loogiliselt \u00fcles ehitada, navigeerimise h\u00f5lbustamiseks kasutada alapealkirju, arusaadavuse parandamiseks lisada asjakohaseid pilte v\u00f5i diagramme ning tagada selge ja kokkuv\u00f5tlik sisu, mis sobib erineva tehniliste teadmiste tasemega lugejatele.<\/p>\n<h2>Meie ettev\u00f5te<\/h2>\n<p>Oleme asendush\u00fcdrauliliste silindrite tootja, pakkudes laia tootevalikut. Oleme saanud \u00fcheks juhtivaks h\u00fcdrosilindrite tootjaks ja hulgim\u00fc\u00fcjaks nii sise- kui ka rahvusvahelisel turul. Meie ettev\u00f5te j\u00e4rgib suurep\u00e4rase kvaliteedi ja t\u00f6\u00f6stusliku tootmise juhtimise strateegia p\u00f5him\u00f5tteid, tuginedes tehnilistele annetele, t\u00e4iustatud tootmisseadmetele ja professionaalsetele testimiss\u00fcsteemidele. T\u00e4iustame pidevalt oma tootmisplatvormi, et t\u00e4iustada tootmiskvaliteedi teed, mis v\u00f5imaldab meil rahuldada klientide mitmekesiseid vajadusi suure efektiivsuse, t\u00e4psuse ja kvaliteediga.<\/p>\n<p><img decoding=\"async\" src=\"https:\/\/www.hydraulic-cylinders.net\/wp-content\/uploads\/2025\/01\/songte-company-3.webp\" alt=\"Ettev\u00f5tte kuvand\"><\/p>\n<h3>Professionaalsus<\/h3>\n<p>Highlight the company&#8217;s professionalism, expertise, and experience.<\/p>\n<h3>Rahvusvahelised sertifikaadid<\/h3>\n<p>Arutage asjakohaseid rahvusvahelisi sertifikaate ja standardeid, millest meie ettev\u00f5te kinni peab.<\/p>\n<h3>Kohandamise teenused<\/h3>\n<p>Emphasize the company&#8217;s ability to provide customized solutions to meet specific customer requirements.<\/p>\n<h3>Tootmisseadmed<\/h3>\n<p>Andke \u00fclevaade meie ettev\u00f5ttes kasutatavatest t\u00e4iustatud tootmisseadmetest ja -tehnoloogiatest.<\/p>\n<h3>M\u00fc\u00fcgij\u00e4rgne teenindus<\/h3>\n<p>Kirjeldage \u00fcksikasjalikult pakutavaid m\u00fc\u00fcgij\u00e4rgseid teenuseid, sh varuosade vahetust ja taastamisteenuseid, et pikendada meie toodete eluiga.<\/p>\n<p><img decoding=\"async\" src=\"https:\/\/hzpt.com\/wp-content\/uploads\/2024\/11\/songte-company-1.webp\" alt=\"Ettev\u00f5tte kuvand\"><\/p>\n<p>Autor: lyl<\/p>","protected":false},"excerpt":{"rendered":"<p>Bucket Cylinder For Volwa Middle Excavator DLS220-8B Introduction The Bucket Cylinder for Volwa Middle Excavator DLS220-8B is a specialized hydraulic cylinder designed to control the movement of the bucket in heavy machinery such as excavators, backhoe loaders, and wheel loaders. Its primary function is to enable the lifting, lowering, and tilting of the bucket, making [&hellip;]<\/p>","protected":false},"featured_media":14782,"comment_status":"open","ping_status":"closed","template":"","meta":{"_et_pb_use_builder":"","_et_pb_old_content":"","_et_gb_content_width":""},"product_brand":[],"product_cat":[1494],"product_tag":[1495,1496],"class_list":{"0":"post-15887","1":"product","2":"type-product","3":"status-publish","4":"has-post-thumbnail","6":"product_cat-bucket-cylinders","7":"product_tag-bucket-cylinders","8":"product_tag-hydraulic-cylinders","10":"first","11":"instock","12":"shipping-taxable","13":"product-type-simple"},"amp_enabled":true,"_links":{"self":[{"href":"https:\/\/www.hydraulic-cylinders.net\/et\/wp-json\/wp\/v2\/product\/15887","targetHints":{"allow":["GET"]}}],"collection":[{"href":"https:\/\/www.hydraulic-cylinders.net\/et\/wp-json\/wp\/v2\/product"}],"about":[{"href":"https:\/\/www.hydraulic-cylinders.net\/et\/wp-json\/wp\/v2\/types\/product"}],"replies":[{"embeddable":true,"href":"https:\/\/www.hydraulic-cylinders.net\/et\/wp-json\/wp\/v2\/comments?post=15887"}],"wp:featuredmedia":[{"embeddable":true,"href":"https:\/\/www.hydraulic-cylinders.net\/et\/wp-json\/wp\/v2\/media\/14782"}],"wp:attachment":[{"href":"https:\/\/www.hydraulic-cylinders.net\/et\/wp-json\/wp\/v2\/media?parent=15887"}],"wp:term":[{"taxonomy":"product_brand","embeddable":true,"href":"https:\/\/www.hydraulic-cylinders.net\/et\/wp-json\/wp\/v2\/product_brand?post=15887"},{"taxonomy":"product_cat","embeddable":true,"href":"https:\/\/www.hydraulic-cylinders.net\/et\/wp-json\/wp\/v2\/product_cat?post=15887"},{"taxonomy":"product_tag","embeddable":true,"href":"https:\/\/www.hydraulic-cylinders.net\/et\/wp-json\/wp\/v2\/product_tag?post=15887"}],"curies":[{"name":"wp","href":"https:\/\/api.w.org\/{rel}","templated":true}]}}