{"id":15888,"date":"2025-01-19T15:07:28","date_gmt":"2025-01-19T15:07:28","guid":{"rendered":"https:\/\/www.hydraulic-cylinders.net\/product\/bucket-cylinder-for-volwa-middle-excavator-dls260\/"},"modified":"2025-01-19T15:07:30","modified_gmt":"2025-01-19T15:07:30","slug":"bucket-cylinder-for-volwa-middle-excavator-dls260","status":"publish","type":"product","link":"https:\/\/www.hydraulic-cylinders.net\/et\/toode\/bucket-cylinder-for-volwa-middle-excavator-dls260\/","title":{"rendered":"Kopa silinder Volvo keskmise ekskavaatori DLS260 jaoks"},"content":{"rendered":"<h1>Kopa silinder Volvo keskmise ekskavaatori DLS260 jaoks<\/h1>\n<h2>Sissejuhatus<\/h2>\n<p>Kopa silinder, tuntud ka kui ekskavaatori silinder, on spetsiaalselt loodud h\u00fcdrauliline silinder, mida kasutatakse peamiselt kopa liikumise juhtimiseks rasketes masinates, nagu ekskavaatorid, laadur-ekskavaatorid ja esilaadurid. Selle peamine \u00fclesanne on v\u00f5imaldada kopa t\u00f5stmist, langetamist ja kallutamist, muutes mitmesuguste materjalik\u00e4itlust\u00f6\u00f6de tegemise lihtsamaks. H\u00fcdraulilises s\u00fcsteemis saavutab kopa silinder kopa liikumise t\u00e4pse juhtimise h\u00fcdraulika\u00f5li r\u00f5hu muutmise abil, v\u00f5imaldades operaatoritel t\u00f5husalt k\u00e4sitseda raskeid koormaid keerulistes t\u00f6\u00f6keskkondades ja mitmekesiste t\u00f6\u00f6n\u00f5uete korral.<\/p>\n<p><img decoding=\"async\" src=\"https:\/\/www.hydraulic-cylinders.net\/wp-content\/uploads\/2025\/01\/songte-company-2.webp\"><\/p>\n<h2>Omadused<\/h2>\n<ul>\n<li>Suur tugevus ja vastupidavus: Tavaliselt \u00fclitugevast terasest v\u00f5i alumiiniumist valmistatud kopasilindrid taluvad k\u00f5rget r\u00f5hku ja suuri koormusi, kohanevad karmide t\u00f6\u00f6keskkondadega ning on konstrueeritud kulumiskindluse ja korrosioonikindluse kaalutlustega, pikendades seel\u00e4bi selle kasutusiga.<\/li>\n<li>T\u00f5hus h\u00fcdrauliline t\u00f6\u00f6: Kasutades h\u00fcdraulika\u00f5li r\u00f5hku sujuva paisumise ja kokkut\u00f5mbumise saavutamiseks, reageerib see kiiresti juhtimisk\u00e4sklustele, pakub v\u00f5imsaid t\u00f5uke- ja t\u00f5mbej\u00f5ude ning sobib raskete koormate ja keerukate t\u00f6\u00f6\u00fclesannete k\u00e4sitsemiseks.<\/li>\n<li>Erinevad t\u00fc\u00fcbid: vastavalt t\u00f6\u00f6vajadustele saab valida \u00fchetoimelisi (h\u00fcdrauliliselt ainult \u00fches suunas) v\u00f5i kahetoimelisi (h\u00fcdrauliliselt m\u00f5lemas suunas) silindreid. M\u00f5ned mudelid on teleskoopilised, mis v\u00f5imaldab suuremat pikendust ilma v\u00e4lism\u00f5\u00f5tmeid suurendamata, mist\u00f5ttu sobivad need ruumipiirangutega rakenduste jaoks.<\/li>\n<li>Lihtne paigaldada ja hooldada: Meie tooted sobivad ideaalselt nende silindrite asendamiseks ning pakume varuosi ja taastamisteenuseid teie seadmete eluea pikendamiseks.<\/li>\n<\/ul>\n<p><img decoding=\"async\" src=\"https:\/\/www.hydraulic-cylinders.net\/wp-content\/uploads\/2025\/01\/songte-cylinder-head-with-all-kinds-excavator-models.webp\"><\/p>\n<h2>Rakendused<\/h2>\n<p>Kopasilindril on lai valik rakendusi, sealhulgas:<\/p>\n<ul>\n<li>Ehitusseadmed: Ekskavaatorites on need h\u00e4davajalikud kaevamiseks, laadimiseks ja pinnase v\u00f5i prahi teisaldamiseks. Ekskavaator-laadurites aitab kopa silinder nii kaevamisel kui ka t\u00f5stmisel. <\/li>\n<li>P\u00f5llumajandusmasinad: Kasutatakse esilaadurite jaoks pinnase, heina ja muude materjalide \u00fclesv\u00f5tmiseks, t\u00f5stmiseks ja transportimiseks. Ekskavaatorites v\u00f5imaldab kopa silinder kopal pinnasesse tungida, et saavutada kaevamisfunktsioon. <\/li>\n<li>Laadur: Esilaadurites aitavad need t\u00f5sta ja kallutada, muutes need t\u00f5husaks lasti mahalaadimiseks. <\/li>\n<\/ul>\n<h2>Projekteerimiskaalutlused ja valikukriteeriumid<\/h2>\n<ul>\n<li>Kandev\u00f5ime: Kopasilindrid on konstrueeritud taluma suuri koormusi ja k\u00f5rget r\u00f5hku, seega on nende kandev\u00f5ime nende j\u00f5udluse jaoks oluline. <\/li>\n<li>Tihendusv\u00f5ime: H\u00fcdraulikavedeliku lekke v\u00e4ltimiseks ja sujuva h\u00fcdraulilise t\u00f6\u00f6 tagamiseks kasutatakse silindris mitmesuguseid tihenduskomponente, n\u00e4iteks kolvitihendeid, vardatihendeid ja klaasipuhastajaid. <\/li>\n<li>Vastupidavus: Kopasilindrid puutuvad kokku karmide keskkondade ja abrasiivsete materjalidega, seega peavad need olema valmistatud vastupidavatest ja korrosioonikindlatest materjalidest. <\/li>\n<li>Ohutus: Kopasilindrite ohutu t\u00f6\u00f6 tagamiseks on oluline arvestada ohutusn\u00f5uetega. \u00d5nnetuste v\u00e4ltimiseks peaksid need olema varustatud kaitseventiilide ja muude ohutusseadmetega. <\/li>\n<li>Hooldus: Kopasilindrite pikaealisuse tagamiseks on oluline regulaarne hooldus. Hooldusn\u00f5uete hulka kuuluvad regulaarsed kontrollid, asjakohane m\u00e4\u00e4rimine ja kulunud v\u00f5i kahjustatud osade v\u00e4ljavahetamine.<\/li>\n<\/ul>\n<p><img decoding=\"async\" src=\"https:\/\/www.hydraulic-cylinders.net\/wp-content\/uploads\/2025\/01\/songte-oil-pipes-and-spare-parts.webp\"><\/p>\n<h2>Tihendus ja m\u00e4\u00e4rimine<\/h2>\n<p>Kopasilindrites kasutatakse h\u00fcdraulilise vedeliku lekke v\u00e4ltimiseks mitmesuguseid tihenduskomponente, n\u00e4iteks kolvitihendeid ja vardatihendeid. Tihendid on valmistatud kulumiskindlatest materjalidest, nagu pol\u00fcuretaan ja nitriilkummi. Silindri korpus ja keermestatud otsapind on peenelt t\u00f6\u00f6deldud, et parandada kulumiskindlust. Sujuva h\u00fcdraulilise t\u00f6\u00f6 tagamiseks ja silindri kasutusea pikendamiseks on vaja regulaarset m\u00e4\u00e4rimist sobiva h\u00fcdraulika\u00f5liga.<\/p>\n<h2>Hooldus ja remont<\/h2>\n<p>Kopasilindrite pikaealisuse tagamiseks on oluline regulaarne hooldus ja remont. Levinud hooldust\u00f6\u00f6de hulka kuuluvad regulaarne kontroll, asjakohane m\u00e4\u00e4rimine ja kulunud v\u00f5i kahjustatud osade v\u00e4ljavahetamine. Paigaldamise ajal on oluline silindrit \u00f5igesti joondada, silindri kinnitamiseks kasutada sobivaid paigaldusklambreid ning j\u00e4rgida soovitatud kontrolli-, remondi- ja vahetusprotseduure.<\/p>\n<p><img decoding=\"async\" src=\"https:\/\/www.hydraulic-cylinders.net\/wp-content\/uploads\/2025\/01\/songte-chushion-collar.webp\"><\/p>\n<h2>Ohutus- ja keskkonnakaalutlused<\/h2>\n<p>\u00c4mbrisilindrid tuleks projekteerida ja paigaldada ohutusn\u00f5udeid silmas pidades. \u00d5nnetuste v\u00e4ltimiseks tuleks paigaldada kaitseklapid. Kasutatud osade n\u00f5uetekohane utiliseerimine on keskkonnakahjustuste v\u00e4ltimiseks oluline.<\/p>\n<h2>Levinumad probleemid ja t\u00f5rkeotsing<\/h2>\n<p>Kopasilindrite levinud probleemide hulka kuuluvad lekked, tihendite kahjustused ja joondusvead. Veaotsinguks saab silindri tihendeid kontrollida, nende \u00f5iget joondust kontrollida ja tagada korralik m\u00e4\u00e4rimine. Regulaarne hooldus ja kulunud v\u00f5i kahjustatud osade vahetamine aitavad potentsiaalseid probleeme v\u00e4ltida.<\/p>\n<p><img decoding=\"async\" src=\"https:\/\/www.hydraulic-cylinders.net\/wp-content\/uploads\/2025\/01\/songte-bushings-with-all-kinds-of-excavator-models.webp\"><\/p>\n<h2>Meie ettev\u00f5ttest<\/h2>\n<p>Oleme h\u00fcdrosilindrite tootja, mis pakub t\u00e4ielikku tootevalikut, mis teeb meist \u00fche juhtiva h\u00fcdrosilindrite tootja ja hulgim\u00fc\u00fcja nii sise- kui ka rahvusvahelistel turgudel. J\u00e4rgime suurep\u00e4rase kvaliteedi p\u00f5him\u00f5tet ja tugineme peentootmist\u00f6\u00f6kodade t\u00f6\u00f6stusliku tootmise juhtimise strateegiale. T\u00e4iustame pidevalt oma tootmisplatvormi, parandame oma tootekvaliteedi tootmisliini ning meil on tugev loominguline v\u00f5imekus rahuldada oma klientide mitmekesiseid vajadusi. Pakume ka professionaalseid kohandamisteenuseid ning meie tootmisseadmed ja testimiss\u00fcsteemid vastavad rahvusvahelistele sertifitseerimisstandarditele. Meil \u200b\u200bon tugev m\u00fc\u00fcgij\u00e4rgse teeninduse meeskond, mis pakub meie klientidele \u00f5igeaegset ja t\u00f5husat tehnilist tuge.<\/p>\n<p><img decoding=\"async\" src=\"https:\/\/hzpt.com\/wp-content\/uploads\/2024\/11\/songte-company-1.webp\"><\/p>\n<p>Autor: lyl<\/p>","protected":false},"excerpt":{"rendered":"<p>Bucket Cylinder For Volwa Middle Excavator DLS260 Introduction The bucket cylinder, also known as the digger cylinder, is a specially designed hydraulic cylinder primarily used to control the movement of the bucket in heavy machinery such as excavators, backhoe loaders, and front-end loaders. Its main function is to enable the bucket to lift, lower, and [&hellip;]<\/p>","protected":false},"featured_media":14780,"comment_status":"open","ping_status":"closed","template":"","meta":{"_et_pb_use_builder":"","_et_pb_old_content":"","_et_gb_content_width":""},"product_brand":[],"product_cat":[1494],"product_tag":[1495,1496],"class_list":{"0":"post-15888","1":"product","2":"type-product","3":"status-publish","4":"has-post-thumbnail","6":"product_cat-bucket-cylinders","7":"product_tag-bucket-cylinders","8":"product_tag-hydraulic-cylinders","10":"first","11":"instock","12":"shipping-taxable","13":"product-type-simple"},"amp_enabled":true,"_links":{"self":[{"href":"https:\/\/www.hydraulic-cylinders.net\/et\/wp-json\/wp\/v2\/product\/15888","targetHints":{"allow":["GET"]}}],"collection":[{"href":"https:\/\/www.hydraulic-cylinders.net\/et\/wp-json\/wp\/v2\/product"}],"about":[{"href":"https:\/\/www.hydraulic-cylinders.net\/et\/wp-json\/wp\/v2\/types\/product"}],"replies":[{"embeddable":true,"href":"https:\/\/www.hydraulic-cylinders.net\/et\/wp-json\/wp\/v2\/comments?post=15888"}],"wp:featuredmedia":[{"embeddable":true,"href":"https:\/\/www.hydraulic-cylinders.net\/et\/wp-json\/wp\/v2\/media\/14780"}],"wp:attachment":[{"href":"https:\/\/www.hydraulic-cylinders.net\/et\/wp-json\/wp\/v2\/media?parent=15888"}],"wp:term":[{"taxonomy":"product_brand","embeddable":true,"href":"https:\/\/www.hydraulic-cylinders.net\/et\/wp-json\/wp\/v2\/product_brand?post=15888"},{"taxonomy":"product_cat","embeddable":true,"href":"https:\/\/www.hydraulic-cylinders.net\/et\/wp-json\/wp\/v2\/product_cat?post=15888"},{"taxonomy":"product_tag","embeddable":true,"href":"https:\/\/www.hydraulic-cylinders.net\/et\/wp-json\/wp\/v2\/product_tag?post=15888"}],"curies":[{"name":"wp","href":"https:\/\/api.w.org\/{rel}","templated":true}]}}