{"id":15893,"date":"2025-01-19T15:07:50","date_gmt":"2025-01-19T15:07:50","guid":{"rendered":"https:\/\/www.hydraulic-cylinders.net\/product\/bucket-cylinder-for-volwa-large-excavator-dls360-8b\/"},"modified":"2025-01-19T15:07:52","modified_gmt":"2025-01-19T15:07:52","slug":"bucket-cylinder-for-volwa-large-excavator-dls360-8b","status":"publish","type":"product","link":"https:\/\/www.hydraulic-cylinders.net\/et\/toode\/bucket-cylinder-for-volwa-large-excavator-dls360-8b\/","title":{"rendered":"Kopa silinder Volvo suurele ekskavaatorile DLS360-8B"},"content":{"rendered":"<h1>Kopa silinder Volvo suurele ekskavaatorile DLS360-8B<\/h1>\n<h2>Sissejuhatus<\/h2>\n<p>Volwa suure ekskavaatori DLS360-8B kopa silinder on spetsiaalselt loodud h\u00fcdrauliline silinder, mida kasutatakse kopa liikumise juhtimiseks rasketes masinates, n\u00e4iteks ekskavaatorites, laadur-ekskavaatorites ja esilaadurites. Selle peamine \u00fclesanne on v\u00f5imaldada kopa t\u00f5stmist, langetamist ja kallutamist, muutes selle lihtsamaks mitmesuguste materjalide k\u00e4itlemise \u00fclesannete t\u00e4itmiseks. H\u00fcdraulikas\u00fcsteemis saavutab kopa silinder kopa t\u00e4pse juhtimise, kasutades \u00e4ra h\u00fcdraulika\u00f5li r\u00f5humuutusi, v\u00f5imaldades operaatoritel raskeid koormaid t\u00f5husalt k\u00e4sitseda ning kohaneda keerukate t\u00f6\u00f6keskkondade ja mitmekesiste t\u00f6\u00f6n\u00f5uetega.<\/p>\n<p><img decoding=\"async\" src=\"https:\/\/www.hydraulic-cylinders.net\/wp-content\/uploads\/2025\/01\/songte-company-2.webp\" alt=\"\u00c4mbri silindri pilt\"><\/p>\n<h2>Omadused<\/h2>\n<ul>\n<li>Suur tugevus ja vastupidavus: Tavaliselt valmistatud \u00fclitugevast terasest v\u00f5i alumiiniumist, mis talub k\u00f5rget r\u00f5hku ja suuri koormusi, kohandub karmide t\u00f6\u00f6keskkondadega ning on konstrueeritud kulumiskindlust ja korrosioonikindlust silmas pidades, et pikendada kasutusiga.<\/li>\n<li>T\u00f5hus h\u00fcdrauliline t\u00f6\u00f6: Kasutades h\u00fcdraulika\u00f5li r\u00f5hku sujuvate pikendus- ja tagasit\u00f5mbamisliigutuste saavutamiseks, reageerib kopa silinder kiiresti juhtimisk\u00e4sklustele, pakkudes v\u00f5imsaid t\u00f5uke- ja t\u00f5mbej\u00f5ude, mis sobivad raskete koormate ja keerukate \u00fclesannete k\u00e4sitsemiseks.<\/li>\n<li>Erinevad t\u00fc\u00fcbid: Saadaval \u00fchetoimeliste (h\u00fcdraulilist r\u00f5hku kasutatakse ainult \u00fches suunas) v\u00f5i kahetoimeliste (h\u00fcdraulilist r\u00f5hku kasutatakse m\u00f5lemas suunas) silindritega, et rahuldada erinevaid t\u00f6\u00f6vajadusi. M\u00f5ned mudelid on teleskoopilised, v\u00f5imaldades suuremat pikendust ilma v\u00e4lism\u00f5\u00f5tmeid suurendamata, sobides piiratud ruumiga rakenduste jaoks.<\/li>\n<li>T\u00e4iuslik asendus: Meie tooted suudavad neid h\u00fcdrosilindreid ideaalselt asendada. <\/li>\n<\/ul>\n<p><img decoding=\"async\" src=\"https:\/\/www.hydraulic-cylinders.net\/wp-content\/uploads\/2025\/01\/songte-cylinder-head-with-all-kinds-excavator-models.webp\" alt=\"H\u00fcdraulilise silindri pilt\"><\/p>\n<h2>Rakendused<\/h2>\n<h3>Ehitustehnika:<\/h3>\n<p>Ekskavaatorites on need olulised kaevamiseks, laadimiseks ja pinnase v\u00f5i prahi teisaldamiseks. Ekskavaator-laadurites abistab kopa silinder nii kaevamisel kui ka t\u00f5stmisel. <\/p>\n<h3>P\u00f5llumajandusmasinad:<\/h3>\n<p>Kasutatakse esilaadurites mulla, heina ja muude materjalide kopeerimiseks, t\u00f5stmiseks ja transportimiseks.<\/p>\n<h3>Ekskavaatorid:<\/h3>\n<p>Kopa silinder v\u00f5imaldab kaevamist, lastes kopal pinnasesse tungida.<\/p>\n<h3>Laadurid:<\/h3>\n<p>Frontaallaadurites aitavad need lasti t\u00f5husalt t\u00f5sta ja maha laadida.<\/p>\n<h2>Projekteerimiskaalutlused ja valikukriteeriumid<\/h2>\n<ul>\n<li>Kandev\u00f5ime: Arutage kopasilindri v\u00f5imet taluda suuri koormusi ja tagada stabiilsus.<\/li>\n<li>Tihendus: uurige erinevate tihenduskomponentide, n\u00e4iteks kolvi- ja varrastihendite kasutamist kulumiskindlatest materjalidest (nt pol\u00fcuretaan ja nitriilkummi), samuti peenelt t\u00f6\u00f6deldud silindri korpuse ja keermestatud otspindade olulisust kulumiskindluse suurendamiseks ning regulaarse h\u00fcdraulika\u00f5liga m\u00e4\u00e4rimise vajadust.<\/li>\n<li>Vastupidavus: Arutage pikaealisuse ning kulumis- ja korrosioonikindluse projekteerimisel arvesse v\u00f5etavaid kaalutlusi.<\/li>\n<li>Ohutus: K\u00e4sitlege ohutuskaalutlusi ja ohutusmeetmete j\u00e4rgimise olulisust kopasilindri kasutamisel.<\/li>\n<li>Hooldus: Kirjeldage regulaarseid kontrolli- ja ennetushooldusmeetmeid, et tagada kopasilindri optimaalne j\u00f5udlus ja pikendada selle eluiga.<\/li>\n<\/ul>\n<p><img decoding=\"async\" src=\"https:\/\/www.hydraulic-cylinders.net\/wp-content\/uploads\/2025\/01\/songte-oil-pipes-and-spare-parts.webp\" alt=\"H\u00fcdraulilise silindri komponentide pilt\"><\/p>\n<h2>Ohutus- ja keskkonnakaalutlused<\/h2>\n<p>Kopasilindri kasutamisel on \u00f5nnetuste v\u00e4ltimiseks ja ohutu t\u00f6\u00f6keskkonna tagamiseks oluline j\u00e4rgida ohutusmeetmeid. See h\u00f5lmab n\u00f5uetekohast v\u00e4lja\u00f5pet, t\u00f6\u00f6juhiste j\u00e4rgimist ja sobivate kaitsevahendite kasutamist.<\/p>\n<h2>Veaotsing ja levinud probleemid<\/h2>\n<p>Arutage v\u00f5imalikke rikkeid ja levinud probleeme, millega kasutajad v\u00f5ivad kopasilindriga kokku puutuda. Pakkuge n\u00e4pun\u00e4iteid ja lahendusi nende probleemide diagnoosimiseks ja lahendamiseks, samuti ennetavaid meetmeid v\u00f5imalike probleemide minimeerimiseks.<\/p>\n<p><img decoding=\"async\" src=\"https:\/\/www.hydraulic-cylinders.net\/wp-content\/uploads\/2025\/01\/songte-bushings-with-all-kinds-of-excavator-models.webp\" alt=\"H\u00fcdrauliliste silindrite pukside pilt\"><\/p>\n<h2>Hooldus\u00fclesanded<\/h2>\n<p>T\u00f5stke esile kolm levinud hooldus\u00fclesannet: regulaarne kontroll, n\u00f5uetekohane m\u00e4\u00e4rimine ning tihendite vahetamine ja kalibreerimise kontrollimine. R\u00f5hutage \u00f5ige paigaldamise, m\u00e4\u00e4rimise ja reguleerimise olulisust kopasilindri pikaealisuse pikendamisel. Andke juhiseid silindri \u00f5igeks joondamiseks paigaldamise ajal ja soovitage sobivate paigaldusklambrite kasutamist silindri kinnitamiseks. Soovitage kontrolli-, remondi- ja vahetusprotseduure ning andke n\u00e4pun\u00e4iteid kopasilindri eluea pikendamiseks.<\/p>\n<p><img decoding=\"async\" src=\"https:\/\/www.hydraulic-cylinders.net\/wp-content\/uploads\/2025\/01\/songte-chushion-collar.webp\" alt=\"H\u00fcdraulilise silindri paigalduspilt\"><\/p>\n<h2>Meie ettev\u00f5ttest<\/h2>\n<p>Oleme tootja, mis on spetsialiseerunud asendush\u00fcdrauliliste silindrite tootmisele. Laia tootevalikuga oleme saanud \u00fcheks juhtivaks h\u00fcdrosilindrite tootjaks ja hulgim\u00fc\u00fcjaks nii sise- kui ka rahvusvahelistel turgudel. J\u00e4rgime suurep\u00e4rase kvaliteedi p\u00f5him\u00f5tet ja tugineme peentootmist\u00f6\u00f6kodade t\u00f6\u00f6stusliku tootmise juhtimise strateegiale. Tehniliste annete, digiteeritud tipptasemel tootmisseadmete ja professionaalsete testimiss\u00fcsteemide rakendamisega t\u00e4iustame pidevalt oma t\u00f6\u00f6kodade tootmisplatvormi, t\u00e4iustame tootekvaliteedi tootmisteed ning omame tugevat loomingulist v\u00f5imet rahuldada klientide mitmekesiseid vajadusi suure efektiivsuse, suure t\u00e4psuse ja k\u00f5rgete kvaliteedip\u00f5him\u00f5tetega.<\/p>\n<p>Lisaks pakume professionaalsust, rahvusvahelisi sertifikaate, kohandatud teenuseid, t\u00e4iustatud tootmisseadmeid ja m\u00fc\u00fcgij\u00e4rgset teenindust. <\/p>\n<p><img decoding=\"async\" src=\"https:\/\/www.hydraulic-cylinders.net\/wp-content\/uploads\/2025\/01\/songte-company-3.webp\" alt=\"Ettev\u00f5tte kuvand\"><\/p>\n<p>Autor: lyl<\/p>","protected":false},"excerpt":{"rendered":"<p>Bucket Cylinder For Volwa Large Excavator DLS360-8B Introduction The bucket cylinder for Volwa large excavator DLS360-8B is a specially designed hydraulic cylinder used to control the movement of the bucket in heavy machinery such as excavators, backhoe loaders, and front loaders. Its main function is to enable the bucket to lift, lower, and tilt, making [&hellip;]<\/p>","protected":false},"featured_media":14769,"comment_status":"open","ping_status":"closed","template":"","meta":{"_et_pb_use_builder":"","_et_pb_old_content":"","_et_gb_content_width":""},"product_brand":[],"product_cat":[1494],"product_tag":[1495,1496],"class_list":{"0":"post-15893","1":"product","2":"type-product","3":"status-publish","4":"has-post-thumbnail","6":"product_cat-bucket-cylinders","7":"product_tag-bucket-cylinders","8":"product_tag-hydraulic-cylinders","10":"first","11":"instock","12":"shipping-taxable","13":"product-type-simple"},"amp_enabled":true,"_links":{"self":[{"href":"https:\/\/www.hydraulic-cylinders.net\/et\/wp-json\/wp\/v2\/product\/15893","targetHints":{"allow":["GET"]}}],"collection":[{"href":"https:\/\/www.hydraulic-cylinders.net\/et\/wp-json\/wp\/v2\/product"}],"about":[{"href":"https:\/\/www.hydraulic-cylinders.net\/et\/wp-json\/wp\/v2\/types\/product"}],"replies":[{"embeddable":true,"href":"https:\/\/www.hydraulic-cylinders.net\/et\/wp-json\/wp\/v2\/comments?post=15893"}],"wp:featuredmedia":[{"embeddable":true,"href":"https:\/\/www.hydraulic-cylinders.net\/et\/wp-json\/wp\/v2\/media\/14769"}],"wp:attachment":[{"href":"https:\/\/www.hydraulic-cylinders.net\/et\/wp-json\/wp\/v2\/media?parent=15893"}],"wp:term":[{"taxonomy":"product_brand","embeddable":true,"href":"https:\/\/www.hydraulic-cylinders.net\/et\/wp-json\/wp\/v2\/product_brand?post=15893"},{"taxonomy":"product_cat","embeddable":true,"href":"https:\/\/www.hydraulic-cylinders.net\/et\/wp-json\/wp\/v2\/product_cat?post=15893"},{"taxonomy":"product_tag","embeddable":true,"href":"https:\/\/www.hydraulic-cylinders.net\/et\/wp-json\/wp\/v2\/product_tag?post=15893"}],"curies":[{"name":"wp","href":"https:\/\/api.w.org\/{rel}","templated":true}]}}