{"id":15898,"date":"2025-01-19T15:08:16","date_gmt":"2025-01-19T15:08:16","guid":{"rendered":"https:\/\/www.hydraulic-cylinders.net\/product\/bucket-cylinder-for-volwa-cane-unloader-dls100-9a\/"},"modified":"2025-01-19T15:08:18","modified_gmt":"2025-01-19T15:08:18","slug":"bucket-cylinder-for-volwa-cane-unloader-dls100-9a","status":"publish","type":"product","link":"https:\/\/www.hydraulic-cylinders.net\/et\/toode\/bucket-cylinder-for-volwa-cane-unloader-dls100-9a\/","title":{"rendered":"Kopa silinder Volwa suhkruroo mahalaadijale DLS100-9A"},"content":{"rendered":"<h1>Kopa silinder Volwa suhkruroo mahalaadijale DLS100-9A<\/h1>\n<h2>Sissejuhatus<\/h2>\n<p>Kopa silinder on spetsiaalselt konstrueeritud h\u00fcdrauliline silinder, mida kasutatakse kopa liikumise juhtimiseks rasketes masinates, n\u00e4iteks ekskavaatorites, laadur-ekskavaatorites ja esilaadurites. Selle peamine \u00fclesanne on v\u00f5imaldada kopa t\u00f5stmist, langetamist ja kallutamist erinevate materjalik\u00e4itlust\u00f6\u00f6de jaoks. H\u00fcdraulilises s\u00fcsteemis saavutab kopa silinder kopa t\u00e4pse juhtimise, kasutades \u00e4ra h\u00fcdraulika\u00f5li r\u00f5hu muutusi, v\u00f5imaldades operaatoritel t\u00f5husalt k\u00e4sitseda raskeid koormaid ning kohaneda keerukate t\u00f6\u00f6keskkondade ja mitmekesiste t\u00f6\u00f6n\u00f5uetega.<\/p>\n<p><img decoding=\"async\" src=\"https:\/\/www.hydraulic-cylinders.net\/wp-content\/uploads\/2025\/01\/songte-company-2.webp\" alt=\"\u00c4mbri silindri pilt\"><\/p>\n<h2>Omadused<\/h2>\n<ul>\n<li>Suur tugevus ja vastupidavus: Tavaliselt \u00fclitugevast terasest v\u00f5i alumiiniumist valmistatud kopasilindrid taluvad k\u00f5rget r\u00f5hku ja suuri koormusi, kohandudes karmide t\u00f6\u00f6keskkondadega. Nende konstruktsioonis on arvestatud kulumiskindluse ja korrosioonikindlusega, pikendades nende eluiga.<\/li>\n<li>T\u00f5hus h\u00fcdrauliline t\u00f6\u00f6: H\u00fcdraulilise \u00f5li r\u00f5hu abil saavutab kopa silinder sujuva pikenduse ja tagasit\u00f5mbamise, v\u00f5imaldades kiiret reageerimist juhtimisk\u00e4sklustele ja pakkudes v\u00f5imsaid t\u00f5uke- ja t\u00f5mbej\u00f5ude, mis sobivad raskete koormate ja keerukate \u00fclesannete k\u00e4sitsemiseks.<\/li>\n<li>Erinevad t\u00fc\u00fcbid: Kopasilindrid saab valida \u00fchetoimelisteks (h\u00fcdrauliliselt ainult \u00fches suunas) v\u00f5i kahetoimelisteks (h\u00fcdrauliliselt m\u00f5lemas suunas), et rahuldada erinevaid t\u00f6\u00f6vajadusi. M\u00f5ned mudelid on teleskoopilised, mis v\u00f5imaldab suuremat pikendust ilma v\u00e4lism\u00f5\u00f5tmeid suurendamata, mist\u00f5ttu need sobivad piiratud ruumiga rakenduste jaoks.<\/li>\n<li>T\u00e4iuslik asendus: Meie tooted suudavad ideaalselt asendada olemasolevaid h\u00fcdrosilindreid, pakkudes usaldusv\u00e4\u00e4rset lahendust mitmesugusteks rakendusteks.<\/li>\n<\/ul>\n<p><img decoding=\"async\" src=\"https:\/\/www.hydraulic-cylinders.net\/wp-content\/uploads\/2025\/01\/songte-cylinder-head-with-all-kinds-excavator-models.webp\" alt=\"Asendussilindri pilt\"><\/p>\n<h2>Rakendused<\/h2>\n<p>Kopp-silindreid kasutatakse tavaliselt j\u00e4rgmistes seadmetes:<\/p>\n<h3>Ehitustehnika:<\/h3>\n<p>Ekskavaatorites on need olulised kaevamiseks, laadimiseks ja materjalide teisaldamiseks. Ekskavaator-laadurites aitavad kopasilindrid nii kaevamisel kui ka t\u00f5stmisel.<\/p>\n<h3>P\u00f5llumajandusmasinad:<\/h3>\n<p>Esilaadurites kasutatavad seadmed tegelevad mulla, heina ja muude materjalide k\u00fchveldamise, t\u00f5stmise ja transportimisega.<\/p>\n<h3>Ekskavaatorid:<\/h3>\n<p>Kopasilindrid v\u00f5imaldavad kaevamistoiminguid, lastes kopal pinnasesse tungida.<\/p>\n<h3>Laadurid:<\/h3>\n<p>Frontaallaadurites aitavad need kaupu t\u00f5husalt t\u00f5sta ja maha laadida.<\/p>\n<p><img decoding=\"async\" src=\"https:\/\/www.hydraulic-cylinders.net\/wp-content\/uploads\/2025\/01\/songte-bushings-with-all-kinds-of-excavator-models.webp\" alt=\"Silindri kujutise rakendused\"><\/p>\n<h2>Projekteerimiskaalutlused ja valikukriteeriumid<\/h2>\n<p>Silindrikorgi projekteerimisel tuleb arvestada mitmete teguritega:<\/p>\n<ul>\n<li>Kandev\u00f5ime: Silinder peaks olema konstrueeritud nii, et see taluks kavandatud koormust ilma purunemata.<\/li>\n<li>Tihendus: N\u00f5uetekohase tihenduse tagamiseks ja \u00f5lilekke v\u00e4ltimiseks tuleks kasutada mitmesuguseid tihenduskomponente, n\u00e4iteks kolvitihendeid ja varrastihendeid.<\/li>\n<li>Vastupidavus: Silinder peaks olema vastupidav ja kulumiskindel, tagades pika kasutusea.<\/li>\n<li>Ohutus: \u00d5nnetuste v\u00e4ltimiseks ja operaatori kaitse tagamiseks tuleks ballooni konstruktsiooni lisada ohutusfunktsioonid.<\/li>\n<li>Hooldatavus: Silinder peaks olema konstrueeritud h\u00f5lpsaks hooldamiseks, v\u00f5imaldades komponentide mugavat kontrollimist, parandamist ja vahetamist.<\/li>\n<\/ul>\n<p><img decoding=\"async\" src=\"https:\/\/www.hydraulic-cylinders.net\/wp-content\/uploads\/2025\/01\/songte-oil-pipes-and-spare-parts.webp\" alt=\"Kujunduskaalutluste pilt\"><\/p>\n<h2>Tihendus ja m\u00e4\u00e4rimine<\/h2>\n<p>Kopasilindris kasutatakse mitmesuguseid tihenduskomponente, sealhulgas kolvitihendeid ja vardatihendeid. Need tihendid on valmistatud kulumiskindlatest materjalidest, nagu pol\u00fcuretaan ja nitriilkummi. Silindri korpus ja keermestatud otsad on peenelt t\u00f6\u00f6deldud, et suurendada kulumiskindlust. Sujuva t\u00f6\u00f6 tagamiseks ja silindri eluea pikendamiseks on vaja regulaarset m\u00e4\u00e4rimist sobiva koguse h\u00fcdraulika\u00f5liga.<\/p>\n<h2>Regulaarne kontroll ja ennetav hooldus<\/h2>\n<p>Optimaalse j\u00f5udluse s\u00e4ilitamiseks on oluline regulaarne kontroll ja ennetav hooldus. Siin on m\u00f5ned soovitatavad meetmed:<\/p>\n<ul>\n<li>Kontrollige silindrit kahjustuste v\u00f5i kulumise m\u00e4rkide suhtes.<\/li>\n<li>Tagage k\u00f5igi liikuvate osade n\u00f5uetekohane m\u00e4\u00e4rimine.<\/li>\n<li>\u00d5li lekke v\u00e4ltimiseks vahetage kulunud v\u00f5i kahjustatud tihendid v\u00e4lja.<\/li>\n<li>T\u00e4pse t\u00f6\u00f6 tagamiseks tehke kalibreerimiskontroll.<\/li>\n<\/ul>\n<p><img decoding=\"async\" src=\"https:\/\/www.hydraulic-cylinders.net\/wp-content\/uploads\/2025\/01\/songte-chushion-collar.webp\" alt=\"Hooldusnippide pilt\"><\/p>\n<h2>Ohutuskaalutlused ja keskkonnategurid<\/h2>\n<p>Kopasilindrite kasutamisel on oluline seada esikohale ohutusmeetmed, et v\u00e4ltida \u00f5nnetusi ja tagada operaatori heaolu. Ohutusprotokollide ja -juhiste j\u00e4rgimine on ohutu t\u00f6\u00f6keskkonna s\u00e4ilitamiseks \u00fclioluline. Lisaks on j\u00e4tkusuutliku tegevuse jaoks oluline arvestada keskkonnateguritega, nagu h\u00fcdraulikavedelike n\u00f5uetekohane k\u00f5rvaldamine ja keskkonnan\u00f5uete j\u00e4rgimine.<\/p>\n<h2>Veaotsing ja levinud probleemid<\/h2>\n<p>\u00c4mbrisilindrite kasutajatel v\u00f5ib esineda mitmesuguseid probleeme. Siin on m\u00f5ned t\u00f5rkeotsingu n\u00e4pun\u00e4ited ja lahendused:<\/p>\n<ul>\n<li>Kui silinder ei ulatu v\u00e4lja ega t\u00f5mbu sisse, kontrollige h\u00fcdraulika\u00f5li lekkeid ja veenduge, et \u00f5litase on \u00f5ige.<\/li>\n<li>Kui silinder t\u00f6\u00f6tab aeglaselt, kontrollige h\u00fcdraulikas\u00fcsteemi takistusi ja veenduge, et \u00f5li temperatuur oleks \u00f5ige.<\/li>\n<li>Kui t\u00f6\u00f6tamise ajal on liigset m\u00fcra, kontrollige, kas osi on lahti v\u00f5i kulunud, ning vajadusel pingutage v\u00f5i vahetage v\u00e4lja.<\/li>\n<\/ul>\n<p><img decoding=\"async\" src=\"https:\/\/www.hydraulic-cylinders.net\/wp-content\/uploads\/2025\/01\/songte-company-1.webp\" alt=\"Veaotsingu n\u00e4pun\u00e4idete pilt\"><\/p>\n<h2>Ettev\u00f5tte \u00fclevaade<\/h2>\n<p>Oleme juhtiv h\u00fcdrosilindrite tootja ja hulgim\u00fc\u00fcja, mis on spetsialiseerunud asenduslahenduste pakkumisele. Meie lai tootevalik on teinud meist usaldusv\u00e4\u00e4rse nime nii sise- kui ka rahvusvahelistel turgudel. Keskendudes tipptasemele ja kasutades t\u00e4iustatud tootmisv\u00f5imalusi, t\u00e4iustame pidevalt oma tootmisplatvorme, tagades k\u00f5rge efektiivsuse, t\u00e4psuse ja kvaliteedi, et rahuldada klientide mitmekesiseid vajadusi.<\/p>\n<p><img decoding=\"async\" src=\"https:\/\/www.hydraulic-cylinders.net\/wp-content\/uploads\/2025\/01\/songte-company-3.webp\" alt=\"Ettev\u00f5tte kuvand\"><\/p>\n<p>Meie ettev\u00f5te paistab silma j\u00e4rgmiste omaduste poolest:<\/p>\n<ul>\n<li>Professionaalsus<\/li>\n<li>Rahvusvahelised sertifikaadid<\/li>\n<li>Kohandamise teenused<\/li>\n<li>Tipptasemel tootmisseadmed<\/li>\n<li>M\u00fc\u00fcgij\u00e4rgne teenindus<\/li>\n<\/ul>\n<p>Oleme uhked oma suurep\u00e4raste toodete ja teenuste pakkumise \u00fcle. Tehke meiega koost\u00f6\u00f6d k\u00f5igi oma h\u00fcdrauliliste silindrite vajaduste rahuldamiseks.<\/p>\n<p>Autor: lyl<\/p>","protected":false},"excerpt":{"rendered":"<p>Bucket Cylinder For Volwa Cane Unloader DLS100-9A Introduction The bucket cylinder is a specially designed hydraulic cylinder used to control the movement of the bucket in heavy machinery such as excavators, backhoe loaders, and front loaders. Its main function is to enable the lifting, lowering, and tilting of the bucket for various material handling tasks. [&hellip;]<\/p>","protected":false},"featured_media":14788,"comment_status":"open","ping_status":"closed","template":"","meta":{"_et_pb_use_builder":"","_et_pb_old_content":"","_et_gb_content_width":""},"product_brand":[],"product_cat":[1494],"product_tag":[1495,1496],"class_list":{"0":"post-15898","1":"product","2":"type-product","3":"status-publish","4":"has-post-thumbnail","6":"product_cat-bucket-cylinders","7":"product_tag-bucket-cylinders","8":"product_tag-hydraulic-cylinders","10":"first","11":"instock","12":"shipping-taxable","13":"product-type-simple"},"amp_enabled":true,"_links":{"self":[{"href":"https:\/\/www.hydraulic-cylinders.net\/et\/wp-json\/wp\/v2\/product\/15898","targetHints":{"allow":["GET"]}}],"collection":[{"href":"https:\/\/www.hydraulic-cylinders.net\/et\/wp-json\/wp\/v2\/product"}],"about":[{"href":"https:\/\/www.hydraulic-cylinders.net\/et\/wp-json\/wp\/v2\/types\/product"}],"replies":[{"embeddable":true,"href":"https:\/\/www.hydraulic-cylinders.net\/et\/wp-json\/wp\/v2\/comments?post=15898"}],"wp:featuredmedia":[{"embeddable":true,"href":"https:\/\/www.hydraulic-cylinders.net\/et\/wp-json\/wp\/v2\/media\/14788"}],"wp:attachment":[{"href":"https:\/\/www.hydraulic-cylinders.net\/et\/wp-json\/wp\/v2\/media?parent=15898"}],"wp:term":[{"taxonomy":"product_brand","embeddable":true,"href":"https:\/\/www.hydraulic-cylinders.net\/et\/wp-json\/wp\/v2\/product_brand?post=15898"},{"taxonomy":"product_cat","embeddable":true,"href":"https:\/\/www.hydraulic-cylinders.net\/et\/wp-json\/wp\/v2\/product_cat?post=15898"},{"taxonomy":"product_tag","embeddable":true,"href":"https:\/\/www.hydraulic-cylinders.net\/et\/wp-json\/wp\/v2\/product_tag?post=15898"}],"curies":[{"name":"wp","href":"https:\/\/api.w.org\/{rel}","templated":true}]}}