{"id":15902,"date":"2025-01-19T15:08:32","date_gmt":"2025-01-19T15:08:32","guid":{"rendered":"https:\/\/www.hydraulic-cylinders.net\/product\/bucket-cylinder-for-volwa-cane-unloader-dls880-9ag\/"},"modified":"2025-01-19T15:08:34","modified_gmt":"2025-01-19T15:08:34","slug":"bucket-cylinder-for-volwa-cane-unloader-dls880-9ag","status":"publish","type":"product","link":"https:\/\/www.hydraulic-cylinders.net\/et\/toode\/bucket-cylinder-for-volwa-cane-unloader-dls880-9ag\/","title":{"rendered":"Kopa silinder Volwa suhkruroo mahalaadijale DLS880-9AG"},"content":{"rendered":"<p><!DOCTYPE html><br \/>\n<html><br \/>\n<head><br \/>\n<title>Kopa silinder Volwa suhkruroo mahalaadijale DLS880-9AG<\/title><br \/>\n<\/head><br \/>\n<body><\/p>\n<h1>Kopa silinder Volwa suhkruroo mahalaadijale DLS880-9AG<\/h1>\n<h2>Sissejuhatus<\/h2>\n<p>Kopa silinder on spetsiaalne h\u00fcdrauliline silinder, mis on loodud koppade liikumise juhtimiseks rasketes masinates, n\u00e4iteks ekskavaatorites, laadur-ekskavaatorites ja esilaadurites. Selle peamine \u00fclesanne on v\u00f5imaldada kopa t\u00f5stmist, langetamist ja kallutamist, h\u00f5lbustades mitmesuguseid materjali k\u00e4itlemise \u00fclesandeid. H\u00fcdraulilises s\u00fcsteemis saavutab kopa silinder kopa t\u00e4pse juhtimise, kasutades \u00e4ra h\u00fcdraulika\u00f5li r\u00f5hu muutusi, v\u00f5imaldades operaatoritel t\u00f5husalt k\u00e4sitseda raskeid koormaid ja kohaneda mitmekesiste t\u00f6\u00f6keskkondade ja n\u00f5uetega.<\/p>\n<p><img decoding=\"async\" src=\"https:\/\/www.hydraulic-cylinders.net\/wp-content\/uploads\/2025\/01\/songte-company-2.webp\" alt=\"\u00c4mbri silindri pilt\"><\/p>\n<h2>Omadused<\/h2>\n<ul>\n<li>Suur tugevus ja vastupidavus: Tavaliselt valmistatud \u00fclitugevast terasest v\u00f5i alumiiniumist, talub k\u00f5rget r\u00f5hku ja suuri koormusi, on kohandatav karmidele t\u00f6\u00f6keskkondadele, on konstrueeritud kulumiskindlust ja korrosioonikindlust silmas pidades, pikendades seel\u00e4bi eluiga.<\/li>\n<li>T\u00f5hus h\u00fcdrauliline t\u00f6\u00f6: Kasutab h\u00fcdraulika\u00f5li r\u00f5hku sujuva pikendus- ja tagasit\u00f5mbamise saavutamiseks, reageerib kiiresti juhtimisk\u00e4sklustele, pakub v\u00f5imsaid t\u00f5uke- ja t\u00f5mbej\u00f5ude, sobib raskete koormate ja keerukate t\u00f6\u00f6\u00fclesannete k\u00e4sitsemiseks.<\/li>\n<li>Erinevad t\u00fc\u00fcbid: Valige vastavalt konkreetsetele t\u00f6\u00f6vajadustele \u00fchetoimeliste (h\u00fcdraulilist r\u00f5hku kasutatakse ainult \u00fches suunas) v\u00f5i kahetoimeliste (h\u00fcdraulilist r\u00f5hku kasutatakse m\u00f5lemas suunas) silindrite vahel. M\u00f5ned mudelid on teleskoopilised, mis v\u00f5imaldab suuremat pikendamist ilma v\u00e4lism\u00f5\u00f5tmeid suurendamata, sobides piiratud ruumiga rakenduste jaoks.<\/li>\n<li>T\u00e4iuslik asendus: Meie tooted suudavad neid h\u00fcdrosilindreid ideaalselt asendada.<\/li>\n<\/ul>\n<p><img decoding=\"async\" src=\"https:\/\/www.hydraulic-cylinders.net\/wp-content\/uploads\/2025\/01\/songte-cylinder-head-with-all-kinds-excavator-models.webp\" alt=\"Toote asenduspilt\"><\/p>\n<h2>Rakendused<\/h2>\n<p>Kopasilindrid leiavad rakendust erinevates seadmetes, n\u00e4iteks:<\/p>\n<ul>\n<li>Ehitusmasinad: Neid leidub ekskavaatorites ning need on olulised kaevamiseks, laadimiseks ja pinnase v\u00f5i prahi teisaldamiseks. Ekskavaatorlaadurites aitavad kopasilindrid nii kaevamisel kui ka t\u00f5stmisel.<\/li>\n<li>P\u00f5llumajandusmasinad: Neid kasutatakse esilaadurites, need aitavad kaevata, t\u00f5sta ja transportida mulda, heina ja muid materjale.<\/li>\n<li>Ekskavaatorid: Kopasilindrid v\u00f5imaldavad kaevamistoiminguid, lastes kopal pinnasesse tungida.<\/li>\n<li>Laadurid: Esilaadurites aitavad need lasti t\u00f5husalt t\u00f5sta ja maha laadida.<\/li>\n<\/ul>\n<h2>Projekteerimiskaalutlused ja valikukriteeriumid<\/h2>\n<ul>\n<li>Kandev\u00f5ime: Arutage m\u00e4rks\u00f5na v\u00f5imet kanda suuri koormusi.<\/li>\n<li>Tihendus: R\u00e4\u00e4kige korraliku tihenduse olulisusest lekete v\u00e4ltimiseks ja optimaalse j\u00f5udluse tagamiseks.<\/li>\n<li>Vastupidavus: R\u00f5hutage vastupidava disaini vajadust, et taluda karme t\u00f6\u00f6tingimusi.<\/li>\n<li>Ohutus: Arutage disainimisel arvesse v\u00f5etavaid ohutuskaalutlusi, n\u00e4iteks r\u00f5hu alandamise mehhanisme ja kaitsefunktsioone.<\/li>\n<li>Hooldatavus: R\u00f5hutage h\u00f5lpsa hoolduse olulisust, sealhulgas juurdep\u00e4\u00e4su parandamisele ja komponentide vahetamisele.<\/li>\n<\/ul>\n<p><img decoding=\"async\" src=\"https:\/\/www.hydraulic-cylinders.net\/wp-content\/uploads\/2025\/01\/songte-oil-pipes-and-spare-parts.webp\" alt=\"Tihendus- ja m\u00e4\u00e4rimispilt\"><\/p>\n<h2>Tihendus ja m\u00e4\u00e4rimine<\/h2>\n<p>Kopasilindris kasutatakse mitmesuguseid tihenduselemente, n\u00e4iteks kolvitihendeid ja vardatihendeid, mis on valmistatud kulumiskindlatest materjalidest, n\u00e4iteks pol\u00fcuretaanist ja nitriilkummist. Silindri korpus ja keermestatud otsad on kulumiskindluse suurendamiseks peenelt t\u00f6\u00f6deldud. Sujuva t\u00f6\u00f6 tagamiseks ja silindri eluea pikendamiseks on vaja regulaarset m\u00e4\u00e4rimist sobiva h\u00fcdraulika\u00f5liga.<\/p>\n<h2>Regulaarne kontroll ja ennetav hooldus<\/h2>\n<ul>\n<li>Kontrollige silindrit regulaarselt kulumise, kahjustuste v\u00f5i lekete suhtes.<\/li>\n<li>Tagage k\u00f5igi liikuvate osade n\u00f5uetekohane m\u00e4\u00e4rimine.<\/li>\n<li>Vajadusel vahetage kulunud v\u00f5i kahjustatud tihendid v\u00e4lja.<\/li>\n<li>Optimaalse j\u00f5udluse s\u00e4ilitamiseks tehke kalibreerimiskontrolle.<\/li>\n<\/ul>\n<h2>\u00d5iged paigaldusjuhised<\/h2>\n<p>Kopasilindri optimaalseks toimimiseks on \u00fclioluline \u00f5ige paigaldus. J\u00e4rgige neid juhiseid:<\/p>\n<ul>\n<li>Veenduge silindri \u00f5iges joonduses.<\/li>\n<li>Kasutage silindri kinnitamiseks sobivaid kinnitusklambreid.<\/li>\n<\/ul>\n<p><img decoding=\"async\" src=\"https:\/\/www.hydraulic-cylinders.net\/wp-content\/uploads\/2025\/01\/songte-chushion-collar.webp\" alt=\"\u00d5ige paigalduspilt\"><\/p>\n<h2>Hooldus\u00fclesanded<\/h2>\n<p>Kopasilindri tavaliste hooldust\u00f6\u00f6de hulka kuuluvad:<\/p>\n<ul>\n<li>Regulaarsed kontrollid<\/li>\n<li>\u00d5ige m\u00e4\u00e4rimine<\/li>\n<li>Tihendi vahetamine<\/li>\n<li>Kalibreerimiskontrollid<\/li>\n<\/ul>\n<p>R\u00f5hutage \u00f5ige paigaldamise, m\u00e4\u00e4rimise ja reguleerimise olulisust. Andke juhiseid silindri \u00f5igeks joondamiseks paigaldamise ajal ja soovitage silindri kinnitamiseks sobivate paigaldusklambrite kasutamist. Soovitage kontrolli-, remondi- ja vahetusprotseduure ning n\u00e4pun\u00e4iteid m\u00e4rks\u00f5na eluea pikendamiseks.<\/p>\n<p><img decoding=\"async\" src=\"https:\/\/www.hydraulic-cylinders.net\/wp-content\/uploads\/2025\/01\/songte-bushings-with-all-kinds-of-excavator-models.webp\" alt=\"Pildi t\u00f5rkeotsing\"><\/p>\n<h2>Ohutuskaalutlused ja keskkonnategurid<\/h2>\n<p>Arutage m\u00e4rks\u00f5na kasutamisel ohutusmeetmete olulisust ja selle toimimisega seotud keskkonnakaalutlusi.<\/p>\n<h2>Veaotsing ja levinud probleemid<\/h2>\n<p>Andke n\u00e4pun\u00e4iteid ja lahendusi kopasilindri kasutamisel tekkida v\u00f5ivate levinud probleemide t\u00f5rkeotsinguks. Pakkuge ennetavaid meetmeid v\u00f5imalike probleemide minimeerimiseks.<\/p>\n<p><img decoding=\"async\" src=\"https:\/\/www.hydraulic-cylinders.net\/wp-content\/uploads\/2025\/01\/songte-company-3.webp\" alt=\"Ettev\u00f5tte kuvand\"><\/p>\n<h2>Meie ettev\u00f5ttest<\/h2>\n<p>Oleme juhtiv h\u00fcdrauliliste silindrite tootja ja hulgim\u00fc\u00fcja nii sise- kui ka rahvusvahelisel turul. Meie tootevalik on lai ja me seame esikohale tippkvaliteedi. T\u00e4nu oma t\u00e4iustatud tootmist\u00f6\u00f6kodadele, t\u00e4iustatud seadmetele ja professionaalsetele testimiss\u00fcsteemidele t\u00e4iustame pidevalt oma tootmisplatvormi, t\u00e4iustame tootmisprotsesse ja omame tugevat innovatsiooniv\u00f5imekust. Oleme p\u00fchendunud klientide mitmekesiste vajaduste rahuldamisele suure t\u00f5hususega, t\u00e4psuse ja kvaliteediga.<\/p>\n<p>T\u00e4psustage meie ettev\u00f5tte professionaalsust, rahvusvahelisi sertifikaate, eritellimusteenuseid, tootmisseadmeid ja m\u00fc\u00fcgij\u00e4rgset teenindust.<\/p>\n<footer>Autor: lyl<\/footer>\n<p><\/body><br \/>\n<\/html><\/p>","protected":false},"excerpt":{"rendered":"<p>Bucket Cylinder For Volwa Cane Unloader DLS880-9AG Bucket Cylinder For Volwa Cane Unloader DLS880-9AG Introduction The bucket cylinder is a specialized hydraulic cylinder designed for controlling the movement of buckets in heavy machinery such as excavators, backhoe loaders, and front-end loaders. Its main function is to enable the lifting, lowering, and tilting of the bucket, [&hellip;]<\/p>","protected":false},"featured_media":14782,"comment_status":"open","ping_status":"closed","template":"","meta":{"_et_pb_use_builder":"","_et_pb_old_content":"","_et_gb_content_width":""},"product_brand":[],"product_cat":[1494],"product_tag":[1495,1496],"class_list":{"0":"post-15902","1":"product","2":"type-product","3":"status-publish","4":"has-post-thumbnail","6":"product_cat-bucket-cylinders","7":"product_tag-bucket-cylinders","8":"product_tag-hydraulic-cylinders","10":"first","11":"instock","12":"shipping-taxable","13":"product-type-simple"},"amp_enabled":true,"_links":{"self":[{"href":"https:\/\/www.hydraulic-cylinders.net\/et\/wp-json\/wp\/v2\/product\/15902","targetHints":{"allow":["GET"]}}],"collection":[{"href":"https:\/\/www.hydraulic-cylinders.net\/et\/wp-json\/wp\/v2\/product"}],"about":[{"href":"https:\/\/www.hydraulic-cylinders.net\/et\/wp-json\/wp\/v2\/types\/product"}],"replies":[{"embeddable":true,"href":"https:\/\/www.hydraulic-cylinders.net\/et\/wp-json\/wp\/v2\/comments?post=15902"}],"wp:featuredmedia":[{"embeddable":true,"href":"https:\/\/www.hydraulic-cylinders.net\/et\/wp-json\/wp\/v2\/media\/14782"}],"wp:attachment":[{"href":"https:\/\/www.hydraulic-cylinders.net\/et\/wp-json\/wp\/v2\/media?parent=15902"}],"wp:term":[{"taxonomy":"product_brand","embeddable":true,"href":"https:\/\/www.hydraulic-cylinders.net\/et\/wp-json\/wp\/v2\/product_brand?post=15902"},{"taxonomy":"product_cat","embeddable":true,"href":"https:\/\/www.hydraulic-cylinders.net\/et\/wp-json\/wp\/v2\/product_cat?post=15902"},{"taxonomy":"product_tag","embeddable":true,"href":"https:\/\/www.hydraulic-cylinders.net\/et\/wp-json\/wp\/v2\/product_tag?post=15902"}],"curies":[{"name":"wp","href":"https:\/\/api.w.org\/{rel}","templated":true}]}}